{"id":503,"date":"2023-05-09T18:34:10","date_gmt":"2023-05-09T16:34:10","guid":{"rendered":"https:\/\/dogfamily.shop\/product\/okategoriserad\/daddy-of-a-happy-husky-t-shirt\/"},"modified":"2025-05-10T23:23:23","modified_gmt":"2025-05-10T21:23:23","slug":"daddy-of-a-happy-husky-t-shirt","status":"publish","type":"product","link":"https:\/\/dogfamily.shop\/sv\/product\/herrklader\/daddy-of-a-happy-husky-t-shirt\/","title":{"rendered":"Daddy of a Happy Husky t-shirt"},"content":{"rendered":"<p>Letar du efter en bekv\u00e4m och snygg t-shirt som l\u00e5ter dig visa din k\u00e4rlek till din p\u00e4lsv\u00e4n? Kolla in v\u00e5r Daddy of a Happy Husky classic unisex jersey kort\u00e4rmad t-shirt!<br \/>\nDen h\u00e4r t-shirten \u00e4r tillverkad i mjukt och andningsbart tyg och \u00e4r perfekt f\u00f6r vardagsbruk och kommer garanterat att bli en viktig del av din garderob.<br \/>\nMed sin i\u00f6gonfallande design med frasen &#8221;Daddy of a Happy Husky&#8221; \u00e4r den h\u00e4r t-shirten en bra samtals\u00e4mne och ett perfekt s\u00e4tt att visa din k\u00e4rlek till din husky.<br \/>\nDen h\u00e4r t-shirten finns i flera olika storlekar som passar alla kroppstyper och \u00e4r en utm\u00e4rkt present till alla husky\u00e4gare eller entusiaster.<br \/>\nMissa inte chansen att l\u00e4gga till den h\u00e4r grymma t-shirten till din samling idag!<\/p>\n<p>De h\u00e4r t-shirtarna har ribbade stickade kragar f\u00f6r att st\u00e4rka formen. Axlarna \u00e4r tejpade f\u00f6r b\u00e4ttre passform med tiden. Dubbla sidos\u00f6mmar h\u00e5ller plagget i form l\u00e4ngre.<\/p>\n<table id=\"size-guide\" style=\"min-width: 360px;\">\n<thead>\n<tr>\n<th style=\"padding: 10px;\"><\/th>\n<th style=\"color: #000000; font-weight: 500; text-align: left; font-size: 15px; padding: 10px;\">XS<\/th>\n<th style=\"color: #000000; font-weight: 500; text-align: left; font-size: 15px; padding: 10px;\">S<\/th>\n<th style=\"color: #000000; font-weight: 500; text-align: left; font-size: 15px; padding: 10px;\">M<\/th>\n<th style=\"color: #000000; font-weight: 500; text-align: left; font-size: 15px; padding: 10px;\">L<\/th>\n<th style=\"color: #000000; font-weight: 500; text-align: left; font-size: 15px; padding: 10px;\">XL<\/th>\n<th style=\"color: #000000; font-weight: 500; text-align: left; font-size: 15px; padding: 10px;\">2XL<\/th>\n<\/tr>\n<\/thead>\n<tbody>\n<tr>\n<td style=\"padding: 10px; color: #525252; font-size: 15px; border-top: 1px solid #ededed;\">Bredd, cm<\/td>\n<td style=\"padding: 10px; color: #525252; font-size: 15px; border-top: 1px solid #ededed;\">41.90<\/td>\n<td style=\"padding: 10px; color: #525252; font-size: 15px; border-top: 1px solid #ededed;\">45.70<\/td>\n<td style=\"padding: 10px; color: #525252; font-size: 15px; border-top: 1px solid #ededed;\">50.80<\/td>\n<td style=\"padding: 10px; color: #525252; font-size: 15px; border-top: 1px solid #ededed;\">55.90<\/td>\n<td style=\"padding: 10px; color: #525252; font-size: 15px; border-top: 1px solid #ededed;\">61.00<\/td>\n<td style=\"padding: 10px; color: #525252; font-size: 15px; border-top: 1px solid #ededed;\">66.00<\/td>\n<\/tr>\n<tr>\n<td style=\"padding: 10px; color: #525252; font-size: 15px; border-top: 1px solid #ededed;\">L\u00e4ngd, cm<\/td>\n<td style=\"padding: 10px; color: #525252; font-size: 15px; border-top: 1px solid #ededed;\">68.60<\/td>\n<td style=\"padding: 10px; color: #525252; font-size: 15px; border-top: 1px solid #ededed;\">71.10<\/td>\n<td style=\"padding: 10px; color: #525252; font-size: 15px; border-top: 1px solid #ededed;\">73.70<\/td>\n<td style=\"padding: 10px; color: #525252; font-size: 15px; border-top: 1px solid #ededed;\">76.20<\/td>\n<td style=\"padding: 10px; color: #525252; font-size: 15px; border-top: 1px solid #ededed;\">78.80<\/td>\n<td style=\"padding: 10px; color: #525252; font-size: 15px; border-top: 1px solid #ededed;\">81.30<\/td>\n<\/tr>\n<tr>\n<td style=\"padding: 10px; color: #525252; font-size: 15px; border-top: 1px solid #ededed;\">\u00c4rml\u00e4ngd, cm<\/td>\n<td style=\"padding: 10px; color: #525252; font-size: 15px; border-top: 1px solid #ededed;\">21.90<\/td>\n<td style=\"padding: 10px; color: #525252; font-size: 15px; border-top: 1px solid #ededed;\">22.60<\/td>\n<td style=\"padding: 10px; color: #525252; font-size: 15px; border-top: 1px solid #ededed;\">23.30<\/td>\n<td style=\"padding: 10px; color: #525252; font-size: 15px; border-top: 1px solid #ededed;\">24.00<\/td>\n<td style=\"padding: 10px; color: #525252; font-size: 15px; border-top: 1px solid #ededed;\">24.70<\/td>\n<td style=\"padding: 10px; color: #525252; font-size: 15px; border-top: 1px solid #ededed;\">25.40<\/td>\n<\/tr>\n<\/tbody>\n<\/table>\n<ul>\n<li>100 % Airlume kammad och ringspunnen bomull (fiberinneh\u00e5llet kan variera f\u00f6r olika f\u00e4rger).<\/li>\n<li>L\u00e4tt tyg (4,2 oz\/yd\u00b2 (142 g\/m\u00b2))<\/li>\n<li>Anpassning till detaljhandeln<\/li>\n<li>Riv bort etiketten<\/li>\n<li>L\u00f6pte i storlek<\/li>\n<\/ul>\n","protected":false},"excerpt":{"rendered":"<p>Letar du efter en bekv\u00e4m och snygg t-shirt som l\u00e5ter dig visa din k\u00e4rlek till din p\u00e4lsv\u00e4n? Kolla in v\u00e5r Daddy of a Happy Husky classic unisex jersey kort\u00e4rmad t-shirt!<br \/>\nDen h\u00e4r t-shirten \u00e4r tillverkad i mjukt och andningsbart tyg och \u00e4r perfekt f\u00f6r vardagsbruk och kommer garanterat att bli en viktig del av din garderob.<\/p>\n","protected":false},"featured_media":351,"comment_status":"open","ping_status":"closed","template":"","meta":{"_monsterinsights_skip_tracking":false,"_monsterinsights_sitenote_active":false,"_monsterinsights_sitenote_note":"","_monsterinsights_sitenote_category":0},"product_brand":[],"product_cat":[100,101],"product_tag":[41,40,69,67,38,44],"class_list":{"0":"post-503","1":"product","2":"type-product","3":"status-publish","4":"has-post-thumbnail","6":"product_cat-herrklader","7":"product_cat-husky","8":"product_tag-djuralskare","9":"product_tag-glad","10":"product_tag-hundagare","11":"product_tag-hundagare-gava","12":"product_tag-husky-sv","13":"product_tag-pappa-till-en-hund","15":"first","16":"instock","17":"taxable","18":"shipping-taxable","19":"purchasable","20":"product-type-variable","21":"has-default-attributes"},"yoast_head":"<!-- This site is optimized with the Yoast SEO plugin v27.4 - https:\/\/yoast.com\/product\/yoast-seo-wordpress\/ -->\n<title>Mommy of a Happy Husky, Husky Hoodie<\/title>\n<meta name=\"description\" content=\"Letar du efter en bekv\u00e4m och snygg t-shirt som l\u00e5ter dig visa din k\u00e4rlek till din p\u00e4lsv\u00e4n? Kolla in v\u00e5r klassiska t-shirt Daddy of a Happy Husky\" \/>\n<meta name=\"robots\" content=\"index, follow, max-snippet:-1, max-image-preview:large, max-video-preview:-1\" \/>\n<link rel=\"canonical\" href=\"https:\/\/dogfamily.shop\/sv\/product\/herrklader\/daddy-of-a-happy-husky-t-shirt\/\" \/>\n<meta property=\"og:locale\" content=\"sv_SE\" \/>\n<meta property=\"og:type\" content=\"article\" \/>\n<meta property=\"og:title\" content=\"Mommy of a Happy Husky, Husky Hoodie\" \/>\n<meta property=\"og:description\" content=\"Letar du efter en bekv\u00e4m och snygg t-shirt som l\u00e5ter dig visa din k\u00e4rlek till din p\u00e4lsv\u00e4n? Kolla in v\u00e5r klassiska t-shirt Daddy of a Happy Husky\" \/>\n<meta property=\"og:url\" content=\"https:\/\/dogfamily.shop\/sv\/product\/herrklader\/daddy-of-a-happy-husky-t-shirt\/\" \/>\n<meta property=\"og:site_name\" content=\"Dog Family Shop\" \/>\n<meta property=\"article:modified_time\" content=\"2025-05-10T21:23:23+00:00\" \/>\n<meta property=\"og:image\" content=\"https:\/\/dogfamily.shop\/wp-content\/uploads\/2023\/05\/18542.jpg\" \/>\n\t<meta property=\"og:image:width\" content=\"1200\" \/>\n\t<meta property=\"og:image:height\" content=\"1200\" \/>\n\t<meta property=\"og:image:type\" content=\"image\/jpeg\" \/>\n<meta name=\"twitter:card\" content=\"summary_large_image\" \/>\n<meta name=\"twitter:label1\" content=\"Ber\u00e4knad l\u00e4stid\" \/>\n\t<meta name=\"twitter:data1\" content=\"1 minut\" \/>\n<script type=\"application\/ld+json\" class=\"yoast-schema-graph\">{\"@context\":\"https:\\\/\\\/schema.org\",\"@graph\":[{\"@type\":\"WebPage\",\"@id\":\"https:\\\/\\\/dogfamily.shop\\\/sv\\\/product\\\/herrklader\\\/daddy-of-a-happy-husky-t-shirt\\\/\",\"url\":\"https:\\\/\\\/dogfamily.shop\\\/sv\\\/product\\\/herrklader\\\/daddy-of-a-happy-husky-t-shirt\\\/\",\"name\":\"Mommy of a Happy Husky, Husky Hoodie\",\"isPartOf\":{\"@id\":\"https:\\\/\\\/dogfamily.shop\\\/sv\\\/#website\"},\"primaryImageOfPage\":{\"@id\":\"https:\\\/\\\/dogfamily.shop\\\/sv\\\/product\\\/herrklader\\\/daddy-of-a-happy-husky-t-shirt\\\/#primaryimage\"},\"image\":{\"@id\":\"https:\\\/\\\/dogfamily.shop\\\/sv\\\/product\\\/herrklader\\\/daddy-of-a-happy-husky-t-shirt\\\/#primaryimage\"},\"thumbnailUrl\":\"https:\\\/\\\/dogfamily.shop\\\/wp-content\\\/uploads\\\/2023\\\/05\\\/18542.jpg\",\"datePublished\":\"2023-05-09T16:34:10+00:00\",\"dateModified\":\"2025-05-10T21:23:23+00:00\",\"description\":\"Letar du efter en bekv\u00e4m och snygg t-shirt som l\u00e5ter dig visa din k\u00e4rlek till din p\u00e4lsv\u00e4n? Kolla in v\u00e5r klassiska t-shirt Daddy of a Happy Husky\",\"breadcrumb\":{\"@id\":\"https:\\\/\\\/dogfamily.shop\\\/sv\\\/product\\\/herrklader\\\/daddy-of-a-happy-husky-t-shirt\\\/#breadcrumb\"},\"inLanguage\":\"sv-SE\",\"potentialAction\":[{\"@type\":\"ReadAction\",\"target\":[\"https:\\\/\\\/dogfamily.shop\\\/sv\\\/product\\\/herrklader\\\/daddy-of-a-happy-husky-t-shirt\\\/\"]}]},{\"@type\":\"ImageObject\",\"inLanguage\":\"sv-SE\",\"@id\":\"https:\\\/\\\/dogfamily.shop\\\/sv\\\/product\\\/herrklader\\\/daddy-of-a-happy-husky-t-shirt\\\/#primaryimage\",\"url\":\"https:\\\/\\\/dogfamily.shop\\\/wp-content\\\/uploads\\\/2023\\\/05\\\/18542.jpg\",\"contentUrl\":\"https:\\\/\\\/dogfamily.shop\\\/wp-content\\\/uploads\\\/2023\\\/05\\\/18542.jpg\",\"width\":1200,\"height\":1200},{\"@type\":\"BreadcrumbList\",\"@id\":\"https:\\\/\\\/dogfamily.shop\\\/sv\\\/product\\\/herrklader\\\/daddy-of-a-happy-husky-t-shirt\\\/#breadcrumb\",\"itemListElement\":[{\"@type\":\"ListItem\",\"position\":1,\"name\":\"Home\",\"item\":\"https:\\\/\\\/dogfamily.shop\\\/sv\\\/\"},{\"@type\":\"ListItem\",\"position\":2,\"name\":\"Butik\",\"item\":\"https:\\\/\\\/dogfamily.shop\\\/sv\\\/butik\\\/\"},{\"@type\":\"ListItem\",\"position\":3,\"name\":\"Daddy of a Happy Husky t-shirt\"}]},{\"@type\":\"WebSite\",\"@id\":\"https:\\\/\\\/dogfamily.shop\\\/sv\\\/#website\",\"url\":\"https:\\\/\\\/dogfamily.shop\\\/sv\\\/\",\"name\":\"Dog Family Shop\",\"description\":\"Everything for dog family, clothes, accessories, bed linen and more\",\"publisher\":{\"@id\":\"https:\\\/\\\/dogfamily.shop\\\/sv\\\/#organization\"},\"potentialAction\":[{\"@type\":\"SearchAction\",\"target\":{\"@type\":\"EntryPoint\",\"urlTemplate\":\"https:\\\/\\\/dogfamily.shop\\\/sv\\\/?s={search_term_string}\"},\"query-input\":{\"@type\":\"PropertyValueSpecification\",\"valueRequired\":true,\"valueName\":\"search_term_string\"}}],\"inLanguage\":\"sv-SE\"},{\"@type\":\"Organization\",\"@id\":\"https:\\\/\\\/dogfamily.shop\\\/sv\\\/#organization\",\"name\":\"Dog Family Shop\",\"url\":\"https:\\\/\\\/dogfamily.shop\\\/sv\\\/\",\"logo\":{\"@type\":\"ImageObject\",\"inLanguage\":\"sv-SE\",\"@id\":\"https:\\\/\\\/dogfamily.shop\\\/sv\\\/#\\\/schema\\\/logo\\\/image\\\/\",\"url\":\"\\\/wp-content\\\/uploads\\\/2023\\\/05\\\/Logo1.png\",\"contentUrl\":\"\\\/wp-content\\\/uploads\\\/2023\\\/05\\\/Logo1.png\",\"width\":800,\"height\":582,\"caption\":\"Dog Family Shop\"},\"image\":{\"@id\":\"https:\\\/\\\/dogfamily.shop\\\/sv\\\/#\\\/schema\\\/logo\\\/image\\\/\"}}]}<\/script>\n<!-- \/ Yoast SEO plugin. -->","yoast_head_json":{"title":"Mommy of a Happy Husky, Husky Hoodie","description":"Letar du efter en bekv\u00e4m och snygg t-shirt som l\u00e5ter dig visa din k\u00e4rlek till din p\u00e4lsv\u00e4n? Kolla in v\u00e5r klassiska t-shirt Daddy of a Happy Husky","robots":{"index":"index","follow":"follow","max-snippet":"max-snippet:-1","max-image-preview":"max-image-preview:large","max-video-preview":"max-video-preview:-1"},"canonical":"https:\/\/dogfamily.shop\/sv\/product\/herrklader\/daddy-of-a-happy-husky-t-shirt\/","og_locale":"sv_SE","og_type":"article","og_title":"Mommy of a Happy Husky, Husky Hoodie","og_description":"Letar du efter en bekv\u00e4m och snygg t-shirt som l\u00e5ter dig visa din k\u00e4rlek till din p\u00e4lsv\u00e4n? Kolla in v\u00e5r klassiska t-shirt Daddy of a Happy Husky","og_url":"https:\/\/dogfamily.shop\/sv\/product\/herrklader\/daddy-of-a-happy-husky-t-shirt\/","og_site_name":"Dog Family Shop","article_modified_time":"2025-05-10T21:23:23+00:00","og_image":[{"width":1200,"height":1200,"url":"https:\/\/dogfamily.shop\/wp-content\/uploads\/2023\/05\/18542.jpg","type":"image\/jpeg"}],"twitter_card":"summary_large_image","twitter_misc":{"Ber\u00e4knad l\u00e4stid":"1 minut"},"schema":{"@context":"https:\/\/schema.org","@graph":[{"@type":"WebPage","@id":"https:\/\/dogfamily.shop\/sv\/product\/herrklader\/daddy-of-a-happy-husky-t-shirt\/","url":"https:\/\/dogfamily.shop\/sv\/product\/herrklader\/daddy-of-a-happy-husky-t-shirt\/","name":"Mommy of a Happy Husky, Husky Hoodie","isPartOf":{"@id":"https:\/\/dogfamily.shop\/sv\/#website"},"primaryImageOfPage":{"@id":"https:\/\/dogfamily.shop\/sv\/product\/herrklader\/daddy-of-a-happy-husky-t-shirt\/#primaryimage"},"image":{"@id":"https:\/\/dogfamily.shop\/sv\/product\/herrklader\/daddy-of-a-happy-husky-t-shirt\/#primaryimage"},"thumbnailUrl":"https:\/\/dogfamily.shop\/wp-content\/uploads\/2023\/05\/18542.jpg","datePublished":"2023-05-09T16:34:10+00:00","dateModified":"2025-05-10T21:23:23+00:00","description":"Letar du efter en bekv\u00e4m och snygg t-shirt som l\u00e5ter dig visa din k\u00e4rlek till din p\u00e4lsv\u00e4n? Kolla in v\u00e5r klassiska t-shirt Daddy of a Happy Husky","breadcrumb":{"@id":"https:\/\/dogfamily.shop\/sv\/product\/herrklader\/daddy-of-a-happy-husky-t-shirt\/#breadcrumb"},"inLanguage":"sv-SE","potentialAction":[{"@type":"ReadAction","target":["https:\/\/dogfamily.shop\/sv\/product\/herrklader\/daddy-of-a-happy-husky-t-shirt\/"]}]},{"@type":"ImageObject","inLanguage":"sv-SE","@id":"https:\/\/dogfamily.shop\/sv\/product\/herrklader\/daddy-of-a-happy-husky-t-shirt\/#primaryimage","url":"https:\/\/dogfamily.shop\/wp-content\/uploads\/2023\/05\/18542.jpg","contentUrl":"https:\/\/dogfamily.shop\/wp-content\/uploads\/2023\/05\/18542.jpg","width":1200,"height":1200},{"@type":"BreadcrumbList","@id":"https:\/\/dogfamily.shop\/sv\/product\/herrklader\/daddy-of-a-happy-husky-t-shirt\/#breadcrumb","itemListElement":[{"@type":"ListItem","position":1,"name":"Home","item":"https:\/\/dogfamily.shop\/sv\/"},{"@type":"ListItem","position":2,"name":"Butik","item":"https:\/\/dogfamily.shop\/sv\/butik\/"},{"@type":"ListItem","position":3,"name":"Daddy of a Happy Husky t-shirt"}]},{"@type":"WebSite","@id":"https:\/\/dogfamily.shop\/sv\/#website","url":"https:\/\/dogfamily.shop\/sv\/","name":"Dog Family Shop","description":"Everything for dog family, clothes, accessories, bed linen and more","publisher":{"@id":"https:\/\/dogfamily.shop\/sv\/#organization"},"potentialAction":[{"@type":"SearchAction","target":{"@type":"EntryPoint","urlTemplate":"https:\/\/dogfamily.shop\/sv\/?s={search_term_string}"},"query-input":{"@type":"PropertyValueSpecification","valueRequired":true,"valueName":"search_term_string"}}],"inLanguage":"sv-SE"},{"@type":"Organization","@id":"https:\/\/dogfamily.shop\/sv\/#organization","name":"Dog Family Shop","url":"https:\/\/dogfamily.shop\/sv\/","logo":{"@type":"ImageObject","inLanguage":"sv-SE","@id":"https:\/\/dogfamily.shop\/sv\/#\/schema\/logo\/image\/","url":"\/wp-content\/uploads\/2023\/05\/Logo1.png","contentUrl":"\/wp-content\/uploads\/2023\/05\/Logo1.png","width":800,"height":582,"caption":"Dog Family Shop"},"image":{"@id":"https:\/\/dogfamily.shop\/sv\/#\/schema\/logo\/image\/"}}]}},"jetpack_sharing_enabled":true,"_links":{"self":[{"href":"https:\/\/dogfamily.shop\/sv\/wp-json\/wp\/v2\/product\/503","targetHints":{"allow":["GET"]}}],"collection":[{"href":"https:\/\/dogfamily.shop\/sv\/wp-json\/wp\/v2\/product"}],"about":[{"href":"https:\/\/dogfamily.shop\/sv\/wp-json\/wp\/v2\/types\/product"}],"replies":[{"embeddable":true,"href":"https:\/\/dogfamily.shop\/sv\/wp-json\/wp\/v2\/comments?post=503"}],"wp:featuredmedia":[{"embeddable":true,"href":"https:\/\/dogfamily.shop\/sv\/wp-json\/wp\/v2\/media\/351"}],"wp:attachment":[{"href":"https:\/\/dogfamily.shop\/sv\/wp-json\/wp\/v2\/media?parent=503"}],"wp:term":[{"taxonomy":"product_brand","embeddable":true,"href":"https:\/\/dogfamily.shop\/sv\/wp-json\/wp\/v2\/product_brand?post=503"},{"taxonomy":"product_cat","embeddable":true,"href":"https:\/\/dogfamily.shop\/sv\/wp-json\/wp\/v2\/product_cat?post=503"},{"taxonomy":"product_tag","embeddable":true,"href":"https:\/\/dogfamily.shop\/sv\/wp-json\/wp\/v2\/product_tag?post=503"}],"curies":[{"name":"wp","href":"https:\/\/api.w.org\/{rel}","templated":true}]}}