{"id":3736,"date":"2024-04-22T17:57:58","date_gmt":"2024-04-22T15:57:58","guid":{"rendered":"https:\/\/dogfamily.shop\/product\/okategoriserad\/mamma-till-en-lycklig-hovawart-hoodie\/"},"modified":"2025-01-16T11:22:31","modified_gmt":"2025-01-16T09:22:31","slug":"mamma-till-en-lycklig-hovawart-hoodie","status":"publish","type":"product","link":"https:\/\/dogfamily.shop\/sv\/product\/damklader-3\/mamma-till-en-lycklig-hovawart-hoodie\/","title":{"rendered":"Mamma till en lycklig Hovawart, Hoodie"},"content":{"rendered":"<p style=\"border: 0px solid #e3e3e3; --tw-border-spacing-x: 0; --tw-border-spacing-y: 0; --tw-translate-x: 0; --tw-translate-y: 0; --tw-rotate: 0; --tw-skew-x: 0; --tw-skew-y: 0; --tw-scale-x: 1; --tw-scale-y: 1; --tw-scroll-snap-strictness: proximity; --tw-ring-offset-width: 0px; --tw-ring-offset-color: #fff; --tw-ring-offset-shadow: 0 0 transparent; --tw-ring-shadow: 0 0 transparent; --tw-shadow: 0 0 transparent; --tw-shadow-colored: 0 0 transparent; margin: 1.25em 0px; color: #0d0d0d; hne, ui-sans-serif, system-ui, -apple-system, 'segoe ui', roboto, ubuntu, cantarell, 'noto sans', sans-serif, 'helvetica neue', arial, 'apple color emoji', 'segoe ui emoji', 'segoe ui symbol', 'noto color emoji';font-size: 16px; background-color: #ffffff;\">Vi kallar alla stolta hund\u00e4gare! Letar du efter det perfekta s\u00e4ttet att visa din k\u00e4rlek till din lurviga b\u00e4sta v\u00e4n? Titta inte l\u00e4ngre \u00e4n till v\u00e5r exklusiva huvtr\u00f6ja &#8221;Mamma till en lycklig Hovawart&#8221;. Denna huvtr\u00f6ja \u00e4r tillverkad med omsorg och utformad f\u00f6r komfort och \u00e4r mer \u00e4n bara kl\u00e4der &#8211; den \u00e4r ett uttryck f\u00f6r det speciella band du delar med din \u00e4lskade Hovawart.<\/p>\n<p style=\"border: 0px solid #e3e3e3; --tw-border-spacing-x: 0; --tw-border-spacing-y: 0; --tw-translate-x: 0; --tw-translate-y: 0; --tw-rotate: 0; --tw-skew-x: 0; --tw-skew-y: 0; --tw-scale-x: 1; --tw-scale-y: 1; --tw-scroll-snap-strictness: proximity; --tw-ring-offset-width: 0px; --tw-ring-offset-color: #fff; --tw-ring-offset-shadow: 0 0 transparent; --tw-ring-shadow: 0 0 transparent; --tw-shadow: 0 0 transparent; --tw-shadow-colored: 0 0 transparent; margin: 1.25em 0px; color: #0d0d0d; hne, ui-sans-serif, system-ui, -apple-system, 'segoe ui', roboto, ubuntu, cantarell, 'noto sans', sans-serif, 'helvetica neue', arial, 'apple color emoji', 'segoe ui emoji', 'segoe ui symbol', 'noto color emoji';font-size: 16px; background-color: #ffffff;\">F\u00f6rest\u00e4ll dig hur du myser i soffan med din trogna f\u00f6ljeslagare, b\u00e5da insvepta i v\u00e4rmen fr\u00e5n denna huvtr\u00f6ja i premiumkvalitet. Eller t\u00e4nk dig att du v\u00e4cker uppm\u00e4rksamhet n\u00e4r du spatserar genom parken med din huvtr\u00f6ja som stolt visar att du \u00e4r en h\u00e4ngiven Hovawart-f\u00f6r\u00e4lder. Med sin eleganta design och mjuka tyg \u00e4r det inte bara ett kl\u00e4desplagg &#8211; det \u00e4r en symbol f\u00f6r din orubbliga k\u00e4rlek och engagemang f\u00f6r din h\u00e5riga familjemedlem.<\/p>\n<p style=\"border: 0px solid #e3e3e3; --tw-border-spacing-x: 0; --tw-border-spacing-y: 0; --tw-translate-x: 0; --tw-translate-y: 0; --tw-rotate: 0; --tw-skew-x: 0; --tw-skew-y: 0; --tw-scale-x: 1; --tw-scale-y: 1; --tw-scroll-snap-strictness: proximity; --tw-ring-offset-width: 0px; --tw-ring-offset-color: #fff; --tw-ring-offset-shadow: 0 0 transparent; --tw-ring-shadow: 0 0 transparent; --tw-shadow: 0 0 transparent; --tw-shadow-colored: 0 0 transparent; margin: 1.25em 0px; color: #0d0d0d; hne, ui-sans-serif, system-ui, -apple-system, 'segoe ui', roboto, ubuntu, cantarell, 'noto sans', sans-serif, 'helvetica neue', arial, 'apple color emoji', 'segoe ui emoji', 'segoe ui symbol', 'noto color emoji';font-size: 16px; background-color: #ffffff;\">Men det \u00e4r inte allt &#8211; v\u00e5r huvtr\u00f6ja \u00e4r inte bara snygg. Den \u00e4r ocks\u00e5 praktisk, med en bekv\u00e4m passform som \u00e4r perfekt f\u00f6r vardagsbruk. Oavsett om du springer \u00e4renden, tr\u00e4ffar v\u00e4nner f\u00f6r kaffe eller bara slappar hemma, kommer denna huvtr\u00f6ja att h\u00e5lla dig mysig och sj\u00e4lvs\u00e4ker samtidigt som den l\u00e5ter v\u00e4rlden veta hur mycket din Hovawart betyder f\u00f6r dig.<\/p>\n<p style=\"border: 0px solid #e3e3e3; --tw-border-spacing-x: 0; --tw-border-spacing-y: 0; --tw-translate-x: 0; --tw-translate-y: 0; --tw-rotate: 0; --tw-skew-x: 0; --tw-skew-y: 0; --tw-scale-x: 1; --tw-scale-y: 1; --tw-scroll-snap-strictness: proximity; --tw-ring-offset-width: 0px; --tw-ring-offset-color: #fff; --tw-ring-offset-shadow: 0 0 transparent; --tw-ring-shadow: 0 0 transparent; --tw-shadow: 0 0 transparent; --tw-shadow-colored: 0 0 transparent; margin: 1.25em 0px; color: #0d0d0d; hne, ui-sans-serif, system-ui, -apple-system, 'segoe ui', roboto, ubuntu, cantarell, 'noto sans', sans-serif, 'helvetica neue', arial, 'apple color emoji', 'segoe ui emoji', 'segoe ui symbol', 'noto color emoji';font-size: 16px; background-color: #ffffff;\">S\u00e5 varf\u00f6r v\u00e4nta? Unna dig v\u00e5r huvtr\u00f6ja &#8221;Mom of a Happy Hovawart&#8221; idag och g\u00f6r ett uttalande som s\u00e4ger mycket om din k\u00e4rlek till din fyrbenta v\u00e4n. Att vara hundmamma \u00e4r trots allt en roll som \u00e4r v\u00e4rd att fira, och vilket b\u00e4ttre s\u00e4tt att g\u00f6ra det \u00e4n med en huvtr\u00f6ja som \u00e4r lika speciell som ditt band till din Hovawart?<\/p>\n","protected":false},"excerpt":{"rendered":"<p>Lyft din hundmammas stil med v\u00e5r huvtr\u00f6ja &#8221;Mamma till en lycklig Hovawart&#8221;! Denna huvtr\u00f6ja \u00e4r tillverkad med k\u00e4rlek och utformad f\u00f6r komfort och \u00e4r det perfekta s\u00e4ttet att visa din stolthet och k\u00e4rlek till din lurviga familjemedlem. Oavsett om du myser hemma eller \u00e4r ute och promenerar i parken kommer den h\u00e4r huvtr\u00f6jan att h\u00e5lla dig mysig och snygg samtidigt som den sprider gl\u00e4djen \u00f6ver att vara en Hovawart-f\u00f6r\u00e4lder.<\/p>\n","protected":false},"featured_media":3730,"comment_status":"open","ping_status":"closed","template":"","meta":{"_monsterinsights_skip_tracking":false,"_monsterinsights_sitenote_active":false,"_monsterinsights_sitenote_note":"","_monsterinsights_sitenote_category":0},"product_brand":[],"product_cat":[97,174],"product_tag":[175,69,67,42],"class_list":{"0":"post-3736","1":"product","2":"type-product","3":"status-publish","4":"has-post-thumbnail","6":"product_cat-damklader-3","7":"product_cat-hovawart-sv","8":"product_tag-hovawart-sv","9":"product_tag-hundagare","10":"product_tag-hundagare-gava","11":"product_tag-hundmamma","13":"first","14":"instock","15":"taxable","16":"shipping-taxable","17":"purchasable","18":"product-type-variable","19":"has-default-attributes"},"yoast_head":"<!-- This site is optimized with the Yoast SEO plugin v27.4 - https:\/\/yoast.com\/product\/yoast-seo-wordpress\/ -->\n<title>Mamma till en lycklig Hovawart, Hoodie - Dog Family Shop<\/title>\n<meta name=\"robots\" content=\"index, follow, max-snippet:-1, max-image-preview:large, max-video-preview:-1\" \/>\n<link rel=\"canonical\" href=\"https:\/\/dogfamily.shop\/sv\/product\/damklader-3\/mamma-till-en-lycklig-hovawart-hoodie\/\" \/>\n<meta property=\"og:locale\" content=\"sv_SE\" \/>\n<meta property=\"og:type\" content=\"article\" \/>\n<meta property=\"og:title\" content=\"Mamma till en lycklig Hovawart, Hoodie - Dog Family Shop\" \/>\n<meta property=\"og:description\" content=\"Lyft din hundmammas stil med v\u00e5r huvtr\u00f6ja &quot;Mamma till en lycklig Hovawart&quot;! Denna huvtr\u00f6ja \u00e4r tillverkad med k\u00e4rlek och utformad f\u00f6r komfort och \u00e4r det perfekta s\u00e4ttet att visa din stolthet och k\u00e4rlek till din lurviga familjemedlem. Oavsett om du myser hemma eller \u00e4r ute och promenerar i parken kommer den h\u00e4r huvtr\u00f6jan att h\u00e5lla dig mysig och snygg samtidigt som den sprider gl\u00e4djen \u00f6ver att vara en Hovawart-f\u00f6r\u00e4lder.\" \/>\n<meta property=\"og:url\" content=\"https:\/\/dogfamily.shop\/sv\/product\/damklader-3\/mamma-till-en-lycklig-hovawart-hoodie\/\" \/>\n<meta property=\"og:site_name\" content=\"Dog Family Shop\" \/>\n<meta property=\"article:modified_time\" content=\"2025-01-16T09:22:31+00:00\" \/>\n<meta property=\"og:image\" content=\"https:\/\/dogfamily.shop\/wp-content\/uploads\/2024\/04\/Mom-of-a-Happy-Hovawart2.png\" \/>\n\t<meta property=\"og:image:width\" content=\"1022\" \/>\n\t<meta property=\"og:image:height\" content=\"875\" \/>\n\t<meta property=\"og:image:type\" content=\"image\/png\" \/>\n<meta name=\"twitter:card\" content=\"summary_large_image\" \/>\n<meta name=\"twitter:label1\" content=\"Ber\u00e4knad l\u00e4stid\" \/>\n\t<meta name=\"twitter:data1\" content=\"2 minuter\" \/>\n<script type=\"application\/ld+json\" class=\"yoast-schema-graph\">{\"@context\":\"https:\\\/\\\/schema.org\",\"@graph\":[{\"@type\":\"WebPage\",\"@id\":\"https:\\\/\\\/dogfamily.shop\\\/sv\\\/product\\\/damklader-3\\\/mamma-till-en-lycklig-hovawart-hoodie\\\/\",\"url\":\"https:\\\/\\\/dogfamily.shop\\\/sv\\\/product\\\/damklader-3\\\/mamma-till-en-lycklig-hovawart-hoodie\\\/\",\"name\":\"Mamma till en lycklig Hovawart, Hoodie - Dog Family Shop\",\"isPartOf\":{\"@id\":\"https:\\\/\\\/dogfamily.shop\\\/sv\\\/#website\"},\"primaryImageOfPage\":{\"@id\":\"https:\\\/\\\/dogfamily.shop\\\/sv\\\/product\\\/damklader-3\\\/mamma-till-en-lycklig-hovawart-hoodie\\\/#primaryimage\"},\"image\":{\"@id\":\"https:\\\/\\\/dogfamily.shop\\\/sv\\\/product\\\/damklader-3\\\/mamma-till-en-lycklig-hovawart-hoodie\\\/#primaryimage\"},\"thumbnailUrl\":\"https:\\\/\\\/dogfamily.shop\\\/wp-content\\\/uploads\\\/2024\\\/04\\\/Mom-of-a-Happy-Hovawart2.png\",\"datePublished\":\"2024-04-22T15:57:58+00:00\",\"dateModified\":\"2025-01-16T09:22:31+00:00\",\"breadcrumb\":{\"@id\":\"https:\\\/\\\/dogfamily.shop\\\/sv\\\/product\\\/damklader-3\\\/mamma-till-en-lycklig-hovawart-hoodie\\\/#breadcrumb\"},\"inLanguage\":\"sv-SE\",\"potentialAction\":[{\"@type\":\"ReadAction\",\"target\":[\"https:\\\/\\\/dogfamily.shop\\\/sv\\\/product\\\/damklader-3\\\/mamma-till-en-lycklig-hovawart-hoodie\\\/\"]}]},{\"@type\":\"ImageObject\",\"inLanguage\":\"sv-SE\",\"@id\":\"https:\\\/\\\/dogfamily.shop\\\/sv\\\/product\\\/damklader-3\\\/mamma-till-en-lycklig-hovawart-hoodie\\\/#primaryimage\",\"url\":\"https:\\\/\\\/dogfamily.shop\\\/wp-content\\\/uploads\\\/2024\\\/04\\\/Mom-of-a-Happy-Hovawart2.png\",\"contentUrl\":\"https:\\\/\\\/dogfamily.shop\\\/wp-content\\\/uploads\\\/2024\\\/04\\\/Mom-of-a-Happy-Hovawart2.png\",\"width\":1022,\"height\":875},{\"@type\":\"BreadcrumbList\",\"@id\":\"https:\\\/\\\/dogfamily.shop\\\/sv\\\/product\\\/damklader-3\\\/mamma-till-en-lycklig-hovawart-hoodie\\\/#breadcrumb\",\"itemListElement\":[{\"@type\":\"ListItem\",\"position\":1,\"name\":\"Home\",\"item\":\"https:\\\/\\\/dogfamily.shop\\\/sv\\\/\"},{\"@type\":\"ListItem\",\"position\":2,\"name\":\"Butik\",\"item\":\"https:\\\/\\\/dogfamily.shop\\\/sv\\\/butik\\\/\"},{\"@type\":\"ListItem\",\"position\":3,\"name\":\"Mamma till en lycklig Hovawart, Hoodie\"}]},{\"@type\":\"WebSite\",\"@id\":\"https:\\\/\\\/dogfamily.shop\\\/sv\\\/#website\",\"url\":\"https:\\\/\\\/dogfamily.shop\\\/sv\\\/\",\"name\":\"Dog Family Shop\",\"description\":\"Everything for dog family, clothes, accessories, bed linen and more\",\"publisher\":{\"@id\":\"https:\\\/\\\/dogfamily.shop\\\/sv\\\/#organization\"},\"potentialAction\":[{\"@type\":\"SearchAction\",\"target\":{\"@type\":\"EntryPoint\",\"urlTemplate\":\"https:\\\/\\\/dogfamily.shop\\\/sv\\\/?s={search_term_string}\"},\"query-input\":{\"@type\":\"PropertyValueSpecification\",\"valueRequired\":true,\"valueName\":\"search_term_string\"}}],\"inLanguage\":\"sv-SE\"},{\"@type\":\"Organization\",\"@id\":\"https:\\\/\\\/dogfamily.shop\\\/sv\\\/#organization\",\"name\":\"Dog Family Shop\",\"url\":\"https:\\\/\\\/dogfamily.shop\\\/sv\\\/\",\"logo\":{\"@type\":\"ImageObject\",\"inLanguage\":\"sv-SE\",\"@id\":\"https:\\\/\\\/dogfamily.shop\\\/sv\\\/#\\\/schema\\\/logo\\\/image\\\/\",\"url\":\"\\\/wp-content\\\/uploads\\\/2023\\\/05\\\/Logo1.png\",\"contentUrl\":\"\\\/wp-content\\\/uploads\\\/2023\\\/05\\\/Logo1.png\",\"width\":800,\"height\":582,\"caption\":\"Dog Family Shop\"},\"image\":{\"@id\":\"https:\\\/\\\/dogfamily.shop\\\/sv\\\/#\\\/schema\\\/logo\\\/image\\\/\"}}]}<\/script>\n<!-- \/ Yoast SEO plugin. -->","yoast_head_json":{"title":"Mamma till en lycklig Hovawart, Hoodie - Dog Family Shop","robots":{"index":"index","follow":"follow","max-snippet":"max-snippet:-1","max-image-preview":"max-image-preview:large","max-video-preview":"max-video-preview:-1"},"canonical":"https:\/\/dogfamily.shop\/sv\/product\/damklader-3\/mamma-till-en-lycklig-hovawart-hoodie\/","og_locale":"sv_SE","og_type":"article","og_title":"Mamma till en lycklig Hovawart, Hoodie - Dog Family Shop","og_description":"Lyft din hundmammas stil med v\u00e5r huvtr\u00f6ja \"Mamma till en lycklig Hovawart\"! Denna huvtr\u00f6ja \u00e4r tillverkad med k\u00e4rlek och utformad f\u00f6r komfort och \u00e4r det perfekta s\u00e4ttet att visa din stolthet och k\u00e4rlek till din lurviga familjemedlem. Oavsett om du myser hemma eller \u00e4r ute och promenerar i parken kommer den h\u00e4r huvtr\u00f6jan att h\u00e5lla dig mysig och snygg samtidigt som den sprider gl\u00e4djen \u00f6ver att vara en Hovawart-f\u00f6r\u00e4lder.","og_url":"https:\/\/dogfamily.shop\/sv\/product\/damklader-3\/mamma-till-en-lycklig-hovawart-hoodie\/","og_site_name":"Dog Family Shop","article_modified_time":"2025-01-16T09:22:31+00:00","og_image":[{"width":1022,"height":875,"url":"https:\/\/dogfamily.shop\/wp-content\/uploads\/2024\/04\/Mom-of-a-Happy-Hovawart2.png","type":"image\/png"}],"twitter_card":"summary_large_image","twitter_misc":{"Ber\u00e4knad l\u00e4stid":"2 minuter"},"schema":{"@context":"https:\/\/schema.org","@graph":[{"@type":"WebPage","@id":"https:\/\/dogfamily.shop\/sv\/product\/damklader-3\/mamma-till-en-lycklig-hovawart-hoodie\/","url":"https:\/\/dogfamily.shop\/sv\/product\/damklader-3\/mamma-till-en-lycklig-hovawart-hoodie\/","name":"Mamma till en lycklig Hovawart, Hoodie - Dog Family Shop","isPartOf":{"@id":"https:\/\/dogfamily.shop\/sv\/#website"},"primaryImageOfPage":{"@id":"https:\/\/dogfamily.shop\/sv\/product\/damklader-3\/mamma-till-en-lycklig-hovawart-hoodie\/#primaryimage"},"image":{"@id":"https:\/\/dogfamily.shop\/sv\/product\/damklader-3\/mamma-till-en-lycklig-hovawart-hoodie\/#primaryimage"},"thumbnailUrl":"https:\/\/dogfamily.shop\/wp-content\/uploads\/2024\/04\/Mom-of-a-Happy-Hovawart2.png","datePublished":"2024-04-22T15:57:58+00:00","dateModified":"2025-01-16T09:22:31+00:00","breadcrumb":{"@id":"https:\/\/dogfamily.shop\/sv\/product\/damklader-3\/mamma-till-en-lycklig-hovawart-hoodie\/#breadcrumb"},"inLanguage":"sv-SE","potentialAction":[{"@type":"ReadAction","target":["https:\/\/dogfamily.shop\/sv\/product\/damklader-3\/mamma-till-en-lycklig-hovawart-hoodie\/"]}]},{"@type":"ImageObject","inLanguage":"sv-SE","@id":"https:\/\/dogfamily.shop\/sv\/product\/damklader-3\/mamma-till-en-lycklig-hovawart-hoodie\/#primaryimage","url":"https:\/\/dogfamily.shop\/wp-content\/uploads\/2024\/04\/Mom-of-a-Happy-Hovawart2.png","contentUrl":"https:\/\/dogfamily.shop\/wp-content\/uploads\/2024\/04\/Mom-of-a-Happy-Hovawart2.png","width":1022,"height":875},{"@type":"BreadcrumbList","@id":"https:\/\/dogfamily.shop\/sv\/product\/damklader-3\/mamma-till-en-lycklig-hovawart-hoodie\/#breadcrumb","itemListElement":[{"@type":"ListItem","position":1,"name":"Home","item":"https:\/\/dogfamily.shop\/sv\/"},{"@type":"ListItem","position":2,"name":"Butik","item":"https:\/\/dogfamily.shop\/sv\/butik\/"},{"@type":"ListItem","position":3,"name":"Mamma till en lycklig Hovawart, Hoodie"}]},{"@type":"WebSite","@id":"https:\/\/dogfamily.shop\/sv\/#website","url":"https:\/\/dogfamily.shop\/sv\/","name":"Dog Family Shop","description":"Everything for dog family, clothes, accessories, bed linen and more","publisher":{"@id":"https:\/\/dogfamily.shop\/sv\/#organization"},"potentialAction":[{"@type":"SearchAction","target":{"@type":"EntryPoint","urlTemplate":"https:\/\/dogfamily.shop\/sv\/?s={search_term_string}"},"query-input":{"@type":"PropertyValueSpecification","valueRequired":true,"valueName":"search_term_string"}}],"inLanguage":"sv-SE"},{"@type":"Organization","@id":"https:\/\/dogfamily.shop\/sv\/#organization","name":"Dog Family Shop","url":"https:\/\/dogfamily.shop\/sv\/","logo":{"@type":"ImageObject","inLanguage":"sv-SE","@id":"https:\/\/dogfamily.shop\/sv\/#\/schema\/logo\/image\/","url":"\/wp-content\/uploads\/2023\/05\/Logo1.png","contentUrl":"\/wp-content\/uploads\/2023\/05\/Logo1.png","width":800,"height":582,"caption":"Dog Family Shop"},"image":{"@id":"https:\/\/dogfamily.shop\/sv\/#\/schema\/logo\/image\/"}}]}},"jetpack_sharing_enabled":true,"_links":{"self":[{"href":"https:\/\/dogfamily.shop\/sv\/wp-json\/wp\/v2\/product\/3736","targetHints":{"allow":["GET"]}}],"collection":[{"href":"https:\/\/dogfamily.shop\/sv\/wp-json\/wp\/v2\/product"}],"about":[{"href":"https:\/\/dogfamily.shop\/sv\/wp-json\/wp\/v2\/types\/product"}],"replies":[{"embeddable":true,"href":"https:\/\/dogfamily.shop\/sv\/wp-json\/wp\/v2\/comments?post=3736"}],"wp:featuredmedia":[{"embeddable":true,"href":"https:\/\/dogfamily.shop\/sv\/wp-json\/wp\/v2\/media\/3730"}],"wp:attachment":[{"href":"https:\/\/dogfamily.shop\/sv\/wp-json\/wp\/v2\/media?parent=3736"}],"wp:term":[{"taxonomy":"product_brand","embeddable":true,"href":"https:\/\/dogfamily.shop\/sv\/wp-json\/wp\/v2\/product_brand?post=3736"},{"taxonomy":"product_cat","embeddable":true,"href":"https:\/\/dogfamily.shop\/sv\/wp-json\/wp\/v2\/product_cat?post=3736"},{"taxonomy":"product_tag","embeddable":true,"href":"https:\/\/dogfamily.shop\/sv\/wp-json\/wp\/v2\/product_tag?post=3736"}],"curies":[{"name":"wp","href":"https:\/\/api.w.org\/{rel}","templated":true}]}}