{"id":3731,"date":"2024-04-22T17:54:11","date_gmt":"2024-04-22T15:54:11","guid":{"rendered":"https:\/\/dogfamily.shop\/product\/okategoriserad\/pappa-till-en-lycklig-hovawart-hoodie\/"},"modified":"2024-04-22T18:24:24","modified_gmt":"2024-04-22T16:24:24","slug":"pappa-till-en-lycklig-hovawart-hoodie","status":"publish","type":"product","link":"https:\/\/dogfamily.shop\/sv\/product\/herrklader\/pappa-till-en-lycklig-hovawart-hoodie\/","title":{"rendered":"Pappa till en lycklig Hovawart, Hoodie"},"content":{"rendered":"<p style=\"border: 0px solid #e3e3e3; --tw-border-spacing-x: 0; --tw-border-spacing-y: 0; --tw-translate-x: 0; --tw-translate-y: 0; --tw-rotate: 0; --tw-skew-x: 0; --tw-skew-y: 0; --tw-scale-x: 1; --tw-scale-y: 1; --tw-scroll-snap-strictness: proximity; --tw-ring-offset-width: 0px; --tw-ring-offset-color: #fff; --tw-ring-offset-shadow: 0 0 transparent; --tw-ring-shadow: 0 0 transparent; --tw-shadow: 0 0 transparent; --tw-shadow-colored: 0 0 transparent; margin: 0px 0px 1.25em; color: #0d0d0d; hne, ui-sans-serif, system-ui, -apple-system, 'segoe ui', roboto, ubuntu, cantarell, 'noto sans', sans-serif, 'helvetica neue', arial, 'apple color emoji', 'segoe ui emoji', 'segoe ui symbol', 'noto color emoji';font-size: 16px; background-color: #ffffff;\">\u00c4r du en h\u00e4ngiven hundf\u00f6r\u00e4lder med djupa band till din \u00e4lskade Hovawart? I s\u00e5 fall har vi n\u00e5got alldeles speciellt f\u00f6r dig! V\u00e5r huvtr\u00f6ja &#8221;Mom of a Happy Hovawart&#8221; \u00e4r det ultimata uttrycket f\u00f6r din villkorsl\u00f6sa k\u00e4rlek och stolthet \u00f6ver din lurviga familjemedlem. Denna huvtr\u00f6ja \u00e4r tillverkad av h\u00f6gkvalitativa material och garanterar b\u00e5de stil och komfort n\u00e4r du g\u00e5r genom dagen med din trogna f\u00f6ljeslagare vid din sida.<\/p>\n<p style=\"border: 0px solid #e3e3e3; --tw-border-spacing-x: 0; --tw-border-spacing-y: 0; --tw-translate-x: 0; --tw-translate-y: 0; --tw-rotate: 0; --tw-skew-x: 0; --tw-skew-y: 0; --tw-scale-x: 1; --tw-scale-y: 1; --tw-scroll-snap-strictness: proximity; --tw-ring-offset-width: 0px; --tw-ring-offset-color: #fff; --tw-ring-offset-shadow: 0 0 transparent; --tw-ring-shadow: 0 0 transparent; --tw-shadow: 0 0 transparent; --tw-shadow-colored: 0 0 transparent; margin: 1.25em 0px; color: #0d0d0d; hne, ui-sans-serif, system-ui, -apple-system, 'segoe ui', roboto, ubuntu, cantarell, 'noto sans', sans-serif, 'helvetica neue', arial, 'apple color emoji', 'segoe ui emoji', 'segoe ui symbol', 'noto color emoji';font-size: 16px; background-color: #ffffff;\">F\u00f6rest\u00e4ll dig att du promenerar genom parken och att det mjuka tyget i din huvtr\u00f6ja h\u00e5ller dig ombonad medan din Hovawart glatt utforskar omgivningarna. Eller f\u00f6rest\u00e4ll dig att du sitter uppkrupen i soffan och njuter av lugna stunder tillsammans, med din huvtr\u00f6ja som en varm p\u00e5minnelse om det speciella band ni delar.<\/p>\n<p style=\"border: 0px solid #e3e3e3; --tw-border-spacing-x: 0; --tw-border-spacing-y: 0; --tw-translate-x: 0; --tw-translate-y: 0; --tw-rotate: 0; --tw-skew-x: 0; --tw-skew-y: 0; --tw-scale-x: 1; --tw-scale-y: 1; --tw-scroll-snap-strictness: proximity; --tw-ring-offset-width: 0px; --tw-ring-offset-color: #fff; --tw-ring-offset-shadow: 0 0 transparent; --tw-ring-shadow: 0 0 transparent; --tw-shadow: 0 0 transparent; --tw-shadow-colored: 0 0 transparent; margin: 1.25em 0px; color: #0d0d0d; hne, ui-sans-serif, system-ui, -apple-system, 'segoe ui', roboto, ubuntu, cantarell, 'noto sans', sans-serif, 'helvetica neue', arial, 'apple color emoji', 'segoe ui emoji', 'segoe ui symbol', 'noto color emoji';font-size: 16px; background-color: #ffffff;\">Men det handlar inte bara om komfort, det handlar ocks\u00e5 om att g\u00f6ra ett statement. Med sin i\u00f6gonfallande design som stolt visar att du \u00e4r en h\u00e4ngiven Hovawart-f\u00f6r\u00e4lder v\u00e4cker denna huvtr\u00f6ja beundran och skapar samtal vart du \u00e4n g\u00e5r. Oavsett om du g\u00f6r \u00e4renden, tr\u00e4ffar v\u00e4nner eller bara kopplar av hemma kommer du att k\u00e4nna dig stolt \u00f6ver att din k\u00e4rlek till din Hovawart \u00e4r fullt synlig.<\/p>\n<p style=\"border: 0px solid #e3e3e3; --tw-border-spacing-x: 0; --tw-border-spacing-y: 0; --tw-translate-x: 0; --tw-translate-y: 0; --tw-rotate: 0; --tw-skew-x: 0; --tw-skew-y: 0; --tw-scale-x: 1; --tw-scale-y: 1; --tw-scroll-snap-strictness: proximity; --tw-ring-offset-width: 0px; --tw-ring-offset-color: #fff; --tw-ring-offset-shadow: 0 0 transparent; --tw-ring-shadow: 0 0 transparent; --tw-shadow: 0 0 transparent; --tw-shadow-colored: 0 0 transparent; margin: 1.25em 0px; color: #0d0d0d; hne, ui-sans-serif, system-ui, -apple-system, 'segoe ui', roboto, ubuntu, cantarell, 'noto sans', sans-serif, 'helvetica neue', arial, 'apple color emoji', 'segoe ui emoji', 'segoe ui symbol', 'noto color emoji';font-size: 16px; background-color: #ffffff;\">Och l\u00e5t oss inte gl\u00f6mma de kyliga kv\u00e4llarna eller promenaderna tidigt p\u00e5 morgonen &#8211; v\u00e5r huvtr\u00f6ja t\u00e4cker dig, bokstavligen talat! Den \u00e5tsittande passformen och mysiga k\u00e4nslan g\u00f6r den till den perfekta f\u00f6ljeslagaren f\u00f6r alla utomhus\u00e4ventyr, s\u00e5 att du och din Hovawart h\u00e5ller er varma och snygga oavsett v\u00e4der.<\/p>\n<p style=\"border: 0px solid #e3e3e3; --tw-border-spacing-x: 0; --tw-border-spacing-y: 0; --tw-translate-x: 0; --tw-translate-y: 0; --tw-rotate: 0; --tw-skew-x: 0; --tw-skew-y: 0; --tw-scale-x: 1; --tw-scale-y: 1; --tw-scroll-snap-strictness: proximity; --tw-ring-offset-width: 0px; --tw-ring-offset-color: #fff; --tw-ring-offset-shadow: 0 0 transparent; --tw-ring-shadow: 0 0 transparent; --tw-shadow: 0 0 transparent; --tw-shadow-colored: 0 0 transparent; margin: 1.25em 0px 0px; color: #0d0d0d; hne, ui-sans-serif, system-ui, -apple-system, 'segoe ui', roboto, ubuntu, cantarell, 'noto sans', sans-serif, 'helvetica neue', arial, 'apple color emoji', 'segoe ui emoji', 'segoe ui symbol', 'noto color emoji';font-size: 16px; background-color: #ffffff;\">S\u00e5 varf\u00f6r n\u00f6ja sig med en vanlig huvtr\u00f6ja n\u00e4r du kan ha en som hyllar det extraordin\u00e4ra bandet mellan dig och din Hovawart? Unna dig v\u00e5r huvtr\u00f6ja med texten &#8221;Mamma till en glad Hovawart&#8221; och l\u00e5t v\u00e4rlden veta hur mycket din lurviga v\u00e4n betyder f\u00f6r dig. Att vara hundmamma \u00e4r trots allt en roll som \u00e4r v\u00e4rd att fira varje dag, och vilket b\u00e4ttre s\u00e4tt att g\u00f6ra det p\u00e5 \u00e4n med en huvtr\u00f6ja som s\u00e4ger mycket om din k\u00e4rlek och h\u00e4ngivenhet?<\/p>\n","protected":false},"excerpt":{"rendered":"<p>F\u00f6rh\u00f6j din hund\u00e4lskande stil med v\u00e5r huvtr\u00f6ja &#8221;Daddy of a Happy Hovawart&#8221;. Denna huvtr\u00f6ja \u00e4r tillverkad med komfort och stil i \u00e5tanke och \u00e4r det perfekta valet f\u00f6r hundpappor som vill visa sin k\u00e4rlek till sin Hovawart p\u00e5 ett moderiktigt s\u00e4tt. Best\u00e4ll nu och b\u00e4r din stolthet p\u00e5 \u00e4rmen!<\/p>\n","protected":false},"featured_media":3787,"comment_status":"open","ping_status":"closed","template":"","meta":{"_monsterinsights_skip_tracking":false,"_monsterinsights_sitenote_active":false,"_monsterinsights_sitenote_note":"","_monsterinsights_sitenote_category":0},"product_brand":[],"product_cat":[100,174],"product_tag":[],"class_list":{"0":"post-3731","1":"product","2":"type-product","3":"status-publish","4":"has-post-thumbnail","6":"product_cat-herrklader","7":"product_cat-hovawart-sv","9":"first","10":"instock","11":"taxable","12":"shipping-taxable","13":"purchasable","14":"product-type-variable","15":"has-default-attributes"},"yoast_head":"<!-- This site is optimized with the Yoast SEO plugin v27.4 - https:\/\/yoast.com\/product\/yoast-seo-wordpress\/ -->\n<title>Pappa till en lycklig Hovawart, Hoodie - Dog Family Shop<\/title>\n<meta name=\"robots\" content=\"index, follow, max-snippet:-1, max-image-preview:large, max-video-preview:-1\" \/>\n<link rel=\"canonical\" href=\"https:\/\/dogfamily.shop\/sv\/product\/herrklader\/pappa-till-en-lycklig-hovawart-hoodie\/\" \/>\n<meta property=\"og:locale\" content=\"sv_SE\" \/>\n<meta property=\"og:type\" content=\"article\" \/>\n<meta property=\"og:title\" content=\"Pappa till en lycklig Hovawart, Hoodie - Dog Family Shop\" \/>\n<meta property=\"og:description\" content=\"F\u00f6rh\u00f6j din hund\u00e4lskande stil med v\u00e5r huvtr\u00f6ja &quot;Daddy of a Happy Hovawart&quot;. Denna huvtr\u00f6ja \u00e4r tillverkad med komfort och stil i \u00e5tanke och \u00e4r det perfekta valet f\u00f6r hundpappor som vill visa sin k\u00e4rlek till sin Hovawart p\u00e5 ett moderiktigt s\u00e4tt. Best\u00e4ll nu och b\u00e4r din stolthet p\u00e5 \u00e4rmen!\" \/>\n<meta property=\"og:url\" content=\"https:\/\/dogfamily.shop\/sv\/product\/herrklader\/pappa-till-en-lycklig-hovawart-hoodie\/\" \/>\n<meta property=\"og:site_name\" content=\"Dog Family Shop\" \/>\n<meta property=\"article:modified_time\" content=\"2024-04-22T16:24:24+00:00\" \/>\n<meta property=\"og:image\" content=\"https:\/\/dogfamily.shop\/wp-content\/uploads\/2024\/04\/hovawart-man.jpg\" \/>\n\t<meta property=\"og:image:width\" content=\"1024\" \/>\n\t<meta property=\"og:image:height\" content=\"1024\" \/>\n\t<meta property=\"og:image:type\" content=\"image\/jpeg\" \/>\n<meta name=\"twitter:card\" content=\"summary_large_image\" \/>\n<meta name=\"twitter:label1\" content=\"Ber\u00e4knad l\u00e4stid\" \/>\n\t<meta name=\"twitter:data1\" content=\"2 minuter\" \/>\n<script type=\"application\/ld+json\" class=\"yoast-schema-graph\">{\"@context\":\"https:\\\/\\\/schema.org\",\"@graph\":[{\"@type\":\"WebPage\",\"@id\":\"https:\\\/\\\/dogfamily.shop\\\/sv\\\/product\\\/herrklader\\\/pappa-till-en-lycklig-hovawart-hoodie\\\/\",\"url\":\"https:\\\/\\\/dogfamily.shop\\\/sv\\\/product\\\/herrklader\\\/pappa-till-en-lycklig-hovawart-hoodie\\\/\",\"name\":\"Pappa till en lycklig Hovawart, Hoodie - Dog Family Shop\",\"isPartOf\":{\"@id\":\"https:\\\/\\\/dogfamily.shop\\\/sv\\\/#website\"},\"primaryImageOfPage\":{\"@id\":\"https:\\\/\\\/dogfamily.shop\\\/sv\\\/product\\\/herrklader\\\/pappa-till-en-lycklig-hovawart-hoodie\\\/#primaryimage\"},\"image\":{\"@id\":\"https:\\\/\\\/dogfamily.shop\\\/sv\\\/product\\\/herrklader\\\/pappa-till-en-lycklig-hovawart-hoodie\\\/#primaryimage\"},\"thumbnailUrl\":\"https:\\\/\\\/dogfamily.shop\\\/wp-content\\\/uploads\\\/2024\\\/04\\\/hovawart-man.jpg\",\"datePublished\":\"2024-04-22T15:54:11+00:00\",\"dateModified\":\"2024-04-22T16:24:24+00:00\",\"breadcrumb\":{\"@id\":\"https:\\\/\\\/dogfamily.shop\\\/sv\\\/product\\\/herrklader\\\/pappa-till-en-lycklig-hovawart-hoodie\\\/#breadcrumb\"},\"inLanguage\":\"sv-SE\",\"potentialAction\":[{\"@type\":\"ReadAction\",\"target\":[\"https:\\\/\\\/dogfamily.shop\\\/sv\\\/product\\\/herrklader\\\/pappa-till-en-lycklig-hovawart-hoodie\\\/\"]}]},{\"@type\":\"ImageObject\",\"inLanguage\":\"sv-SE\",\"@id\":\"https:\\\/\\\/dogfamily.shop\\\/sv\\\/product\\\/herrklader\\\/pappa-till-en-lycklig-hovawart-hoodie\\\/#primaryimage\",\"url\":\"https:\\\/\\\/dogfamily.shop\\\/wp-content\\\/uploads\\\/2024\\\/04\\\/hovawart-man.jpg\",\"contentUrl\":\"https:\\\/\\\/dogfamily.shop\\\/wp-content\\\/uploads\\\/2024\\\/04\\\/hovawart-man.jpg\",\"width\":1024,\"height\":1024},{\"@type\":\"BreadcrumbList\",\"@id\":\"https:\\\/\\\/dogfamily.shop\\\/sv\\\/product\\\/herrklader\\\/pappa-till-en-lycklig-hovawart-hoodie\\\/#breadcrumb\",\"itemListElement\":[{\"@type\":\"ListItem\",\"position\":1,\"name\":\"Home\",\"item\":\"https:\\\/\\\/dogfamily.shop\\\/sv\\\/\"},{\"@type\":\"ListItem\",\"position\":2,\"name\":\"Butik\",\"item\":\"https:\\\/\\\/dogfamily.shop\\\/sv\\\/butik\\\/\"},{\"@type\":\"ListItem\",\"position\":3,\"name\":\"Pappa till en lycklig Hovawart, Hoodie\"}]},{\"@type\":\"WebSite\",\"@id\":\"https:\\\/\\\/dogfamily.shop\\\/sv\\\/#website\",\"url\":\"https:\\\/\\\/dogfamily.shop\\\/sv\\\/\",\"name\":\"Dog Family Shop\",\"description\":\"Everything for dog family, clothes, accessories, bed linen and more\",\"publisher\":{\"@id\":\"https:\\\/\\\/dogfamily.shop\\\/sv\\\/#organization\"},\"potentialAction\":[{\"@type\":\"SearchAction\",\"target\":{\"@type\":\"EntryPoint\",\"urlTemplate\":\"https:\\\/\\\/dogfamily.shop\\\/sv\\\/?s={search_term_string}\"},\"query-input\":{\"@type\":\"PropertyValueSpecification\",\"valueRequired\":true,\"valueName\":\"search_term_string\"}}],\"inLanguage\":\"sv-SE\"},{\"@type\":\"Organization\",\"@id\":\"https:\\\/\\\/dogfamily.shop\\\/sv\\\/#organization\",\"name\":\"Dog Family Shop\",\"url\":\"https:\\\/\\\/dogfamily.shop\\\/sv\\\/\",\"logo\":{\"@type\":\"ImageObject\",\"inLanguage\":\"sv-SE\",\"@id\":\"https:\\\/\\\/dogfamily.shop\\\/sv\\\/#\\\/schema\\\/logo\\\/image\\\/\",\"url\":\"\\\/wp-content\\\/uploads\\\/2023\\\/05\\\/Logo1.png\",\"contentUrl\":\"\\\/wp-content\\\/uploads\\\/2023\\\/05\\\/Logo1.png\",\"width\":800,\"height\":582,\"caption\":\"Dog Family Shop\"},\"image\":{\"@id\":\"https:\\\/\\\/dogfamily.shop\\\/sv\\\/#\\\/schema\\\/logo\\\/image\\\/\"}}]}<\/script>\n<!-- \/ Yoast SEO plugin. -->","yoast_head_json":{"title":"Pappa till en lycklig Hovawart, Hoodie - Dog Family Shop","robots":{"index":"index","follow":"follow","max-snippet":"max-snippet:-1","max-image-preview":"max-image-preview:large","max-video-preview":"max-video-preview:-1"},"canonical":"https:\/\/dogfamily.shop\/sv\/product\/herrklader\/pappa-till-en-lycklig-hovawart-hoodie\/","og_locale":"sv_SE","og_type":"article","og_title":"Pappa till en lycklig Hovawart, Hoodie - Dog Family Shop","og_description":"F\u00f6rh\u00f6j din hund\u00e4lskande stil med v\u00e5r huvtr\u00f6ja \"Daddy of a Happy Hovawart\". Denna huvtr\u00f6ja \u00e4r tillverkad med komfort och stil i \u00e5tanke och \u00e4r det perfekta valet f\u00f6r hundpappor som vill visa sin k\u00e4rlek till sin Hovawart p\u00e5 ett moderiktigt s\u00e4tt. Best\u00e4ll nu och b\u00e4r din stolthet p\u00e5 \u00e4rmen!","og_url":"https:\/\/dogfamily.shop\/sv\/product\/herrklader\/pappa-till-en-lycklig-hovawart-hoodie\/","og_site_name":"Dog Family Shop","article_modified_time":"2024-04-22T16:24:24+00:00","og_image":[{"width":1024,"height":1024,"url":"https:\/\/dogfamily.shop\/wp-content\/uploads\/2024\/04\/hovawart-man.jpg","type":"image\/jpeg"}],"twitter_card":"summary_large_image","twitter_misc":{"Ber\u00e4knad l\u00e4stid":"2 minuter"},"schema":{"@context":"https:\/\/schema.org","@graph":[{"@type":"WebPage","@id":"https:\/\/dogfamily.shop\/sv\/product\/herrklader\/pappa-till-en-lycklig-hovawart-hoodie\/","url":"https:\/\/dogfamily.shop\/sv\/product\/herrklader\/pappa-till-en-lycklig-hovawart-hoodie\/","name":"Pappa till en lycklig Hovawart, Hoodie - Dog Family Shop","isPartOf":{"@id":"https:\/\/dogfamily.shop\/sv\/#website"},"primaryImageOfPage":{"@id":"https:\/\/dogfamily.shop\/sv\/product\/herrklader\/pappa-till-en-lycklig-hovawart-hoodie\/#primaryimage"},"image":{"@id":"https:\/\/dogfamily.shop\/sv\/product\/herrklader\/pappa-till-en-lycklig-hovawart-hoodie\/#primaryimage"},"thumbnailUrl":"https:\/\/dogfamily.shop\/wp-content\/uploads\/2024\/04\/hovawart-man.jpg","datePublished":"2024-04-22T15:54:11+00:00","dateModified":"2024-04-22T16:24:24+00:00","breadcrumb":{"@id":"https:\/\/dogfamily.shop\/sv\/product\/herrklader\/pappa-till-en-lycklig-hovawart-hoodie\/#breadcrumb"},"inLanguage":"sv-SE","potentialAction":[{"@type":"ReadAction","target":["https:\/\/dogfamily.shop\/sv\/product\/herrklader\/pappa-till-en-lycklig-hovawart-hoodie\/"]}]},{"@type":"ImageObject","inLanguage":"sv-SE","@id":"https:\/\/dogfamily.shop\/sv\/product\/herrklader\/pappa-till-en-lycklig-hovawart-hoodie\/#primaryimage","url":"https:\/\/dogfamily.shop\/wp-content\/uploads\/2024\/04\/hovawart-man.jpg","contentUrl":"https:\/\/dogfamily.shop\/wp-content\/uploads\/2024\/04\/hovawart-man.jpg","width":1024,"height":1024},{"@type":"BreadcrumbList","@id":"https:\/\/dogfamily.shop\/sv\/product\/herrklader\/pappa-till-en-lycklig-hovawart-hoodie\/#breadcrumb","itemListElement":[{"@type":"ListItem","position":1,"name":"Home","item":"https:\/\/dogfamily.shop\/sv\/"},{"@type":"ListItem","position":2,"name":"Butik","item":"https:\/\/dogfamily.shop\/sv\/butik\/"},{"@type":"ListItem","position":3,"name":"Pappa till en lycklig Hovawart, Hoodie"}]},{"@type":"WebSite","@id":"https:\/\/dogfamily.shop\/sv\/#website","url":"https:\/\/dogfamily.shop\/sv\/","name":"Dog Family Shop","description":"Everything for dog family, clothes, accessories, bed linen and more","publisher":{"@id":"https:\/\/dogfamily.shop\/sv\/#organization"},"potentialAction":[{"@type":"SearchAction","target":{"@type":"EntryPoint","urlTemplate":"https:\/\/dogfamily.shop\/sv\/?s={search_term_string}"},"query-input":{"@type":"PropertyValueSpecification","valueRequired":true,"valueName":"search_term_string"}}],"inLanguage":"sv-SE"},{"@type":"Organization","@id":"https:\/\/dogfamily.shop\/sv\/#organization","name":"Dog Family Shop","url":"https:\/\/dogfamily.shop\/sv\/","logo":{"@type":"ImageObject","inLanguage":"sv-SE","@id":"https:\/\/dogfamily.shop\/sv\/#\/schema\/logo\/image\/","url":"\/wp-content\/uploads\/2023\/05\/Logo1.png","contentUrl":"\/wp-content\/uploads\/2023\/05\/Logo1.png","width":800,"height":582,"caption":"Dog Family Shop"},"image":{"@id":"https:\/\/dogfamily.shop\/sv\/#\/schema\/logo\/image\/"}}]}},"jetpack_sharing_enabled":true,"_links":{"self":[{"href":"https:\/\/dogfamily.shop\/sv\/wp-json\/wp\/v2\/product\/3731","targetHints":{"allow":["GET"]}}],"collection":[{"href":"https:\/\/dogfamily.shop\/sv\/wp-json\/wp\/v2\/product"}],"about":[{"href":"https:\/\/dogfamily.shop\/sv\/wp-json\/wp\/v2\/types\/product"}],"replies":[{"embeddable":true,"href":"https:\/\/dogfamily.shop\/sv\/wp-json\/wp\/v2\/comments?post=3731"}],"wp:featuredmedia":[{"embeddable":true,"href":"https:\/\/dogfamily.shop\/sv\/wp-json\/wp\/v2\/media\/3787"}],"wp:attachment":[{"href":"https:\/\/dogfamily.shop\/sv\/wp-json\/wp\/v2\/media?parent=3731"}],"wp:term":[{"taxonomy":"product_brand","embeddable":true,"href":"https:\/\/dogfamily.shop\/sv\/wp-json\/wp\/v2\/product_brand?post=3731"},{"taxonomy":"product_cat","embeddable":true,"href":"https:\/\/dogfamily.shop\/sv\/wp-json\/wp\/v2\/product_cat?post=3731"},{"taxonomy":"product_tag","embeddable":true,"href":"https:\/\/dogfamily.shop\/sv\/wp-json\/wp\/v2\/product_tag?post=3731"}],"curies":[{"name":"wp","href":"https:\/\/api.w.org\/{rel}","templated":true}]}}