{"id":3400,"date":"2023-10-06T20:37:00","date_gmt":"2023-10-06T18:37:00","guid":{"rendered":"https:\/\/dogfamily.shop\/product\/okategoriserad\/pappa-till-en-lycklig-fransk-bulldogg-hoodie\/"},"modified":"2023-10-06T20:47:20","modified_gmt":"2023-10-06T18:47:20","slug":"pappa-till-en-lycklig-fransk-bulldog-hoodie","status":"publish","type":"product","link":"https:\/\/dogfamily.shop\/sv\/product\/herrklader\/pappa-till-en-lycklig-fransk-bulldog-hoodie\/","title":{"rendered":"Pappa till en lycklig fransk bulldogg, Hoodie"},"content":{"rendered":"<p>\u00c4r du den stolta \u00e4garen till en \u00e4lskad hundkompis, s\u00e4rskilt en glad fransk bulldogg? I s\u00e5 fall har vi precis vad du beh\u00f6ver f\u00f6r att fira ert speciella band och h\u00e5lla dig mysig under hela \u00e5ret &#8211; v\u00e5r huvtr\u00f6ja &#8221;Pappa till en lycklig fransk bulldogg&#8221;! Som hund\u00e4gare f\u00f6rst\u00e5r du den djupa gl\u00e4dje och villkorsl\u00f6sa k\u00e4rlek som din lurviga v\u00e4n ger dig i ditt liv. V\u00e5r omsorgsfullt designade huvtr\u00f6ja \u00e4r inte bara ett kl\u00e4desplagg, den \u00e4r ett uttryck f\u00f6r din k\u00e4rlek och h\u00e4ngivenhet till din franska bulldogg.<\/p>\n<p>Den h\u00e4r huvtr\u00f6jan \u00e4r tillverkad med komfort och stil i \u00e5tanke och \u00e4r perfekt f\u00f6r att visa upp din stolthet. Den h\u00e4r huvtr\u00f6jan \u00e4r tillverkad av h\u00f6gkvalitativa material och \u00e4r lika mjuk som din hunds kramar och lika varm som deras tillgivenhet. Den \u00e4r perfekt f\u00f6r kyliga morgonpromenader i parken, mysiga kv\u00e4llar med din fyrbenta v\u00e4n, eller till och med f\u00f6r avslappnade utflykter d\u00e4r du kan visa upp din stolta status som &#8221;pappa till en glad fransk bulldogg&#8221;. V\u00e5r huvtr\u00f6ja har en unik och i\u00f6gonfallande design som stolt visar din k\u00e4rlek till din franska bulldogg. Den finns i flera olika storlekar, s\u00e5 att den passar perfekt f\u00f6r alla hund\u00e4gare. De livfulla f\u00e4rgerna och detaljrikedomen g\u00f6r den till ett modernt val f\u00f6r alla tillf\u00e4llen, oavsett om du dricker kaffe p\u00e5 ett lokalt kaf\u00e9 eller har en lekdejt i hundparken. Den h\u00e4r huvtr\u00f6jan hj\u00e4lper dig inte bara att uttrycka din k\u00e4rlek till din Frenchie, den \u00e4r ocks\u00e5 otroligt bekv\u00e4m och slitstark.<\/p>\n<p>Den \u00e4r utformad f\u00f6r att t\u00e5la slitaget fr\u00e5n en aktiv hund\u00e4gares livsstil samtidigt som den h\u00e5ller dig ombonad och snygg. V\u00e5r huvtr\u00f6ja med texten &#8221;Pappa till en lycklig fransk bulldogg&#8221; \u00e4r inte bara ett modeuttryck, den \u00e4r ocks\u00e5 ett samtals\u00e4mne. Du kommer att prata med andra hundentusiaster och f\u00e5 nya v\u00e4nner som delar din passion f\u00f6r dessa bed\u00e5rande och tillgivna hundar. S\u00e5 varf\u00f6r v\u00e4nta?<\/p>\n<p>Ta dig an din roll som k\u00e4rleksfull hundpappa och b\u00e4r den med stolthet i v\u00e5r exklusiva huvtr\u00f6ja. Det \u00e4r inte bara ett kl\u00e4desplagg, det \u00e4r en hyllning till den villkorsl\u00f6sa k\u00e4rleken, lyckan och de o\u00e4ndliga \u00e4ventyren som kommer med att vara en stolt \u00e4gare av en fransk bulldogg. Best\u00e4ll din idag och upplev gl\u00e4djen i att b\u00e4ra ditt hj\u00e4rta p\u00e5 \u00e4rmen, eller ska vi s\u00e4ga, din huvtr\u00f6ja?<\/p>\n","protected":false},"excerpt":{"rendered":"<p>Lyft din stil och uttryck din k\u00e4rlek till din franska bulldogg med v\u00e5r huvtr\u00f6ja &#8221;Pappa till en lycklig fransk bulldogg&#8221;. Den h\u00e4r huvtr\u00f6jan \u00e4r tillverkad f\u00f6r komfort och h\u00e5llbarhet och har en charmig grafik som garanterat kommer att v\u00e4nda huvuden och s\u00e4tta ig\u00e5ng konversationer. Det \u00e4r den perfekta presenten till stolta franska bulldoggmammor och ett m\u00e5ste i alla hund\u00e4lskares garderob.<\/p>\n","protected":false},"featured_media":3419,"comment_status":"open","ping_status":"closed","template":"","meta":{"_monsterinsights_skip_tracking":false,"_monsterinsights_sitenote_active":false,"_monsterinsights_sitenote_note":"","_monsterinsights_sitenote_category":0},"product_brand":[],"product_cat":[168,100],"product_tag":[171,69,67,44],"class_list":{"0":"post-3400","1":"product","2":"type-product","3":"status-publish","4":"has-post-thumbnail","6":"product_cat-fransk-bulldogg","7":"product_cat-herrklader","8":"product_tag-fransk-bulldogg","9":"product_tag-hundagare","10":"product_tag-hundagare-gava","11":"product_tag-pappa-till-en-hund","13":"first","14":"instock","15":"taxable","16":"shipping-taxable","17":"purchasable","18":"product-type-variable","19":"has-default-attributes"},"yoast_head":"<!-- This site is optimized with the Yoast SEO plugin v27.4 - https:\/\/yoast.com\/product\/yoast-seo-wordpress\/ -->\n<title>Pappa till en lycklig fransk bulldogg, Hoodie - Dog Family Shop<\/title>\n<meta name=\"robots\" content=\"index, follow, max-snippet:-1, max-image-preview:large, max-video-preview:-1\" \/>\n<link rel=\"canonical\" href=\"https:\/\/dogfamily.shop\/sv\/product\/herrklader\/pappa-till-en-lycklig-fransk-bulldog-hoodie\/\" \/>\n<meta property=\"og:locale\" content=\"sv_SE\" \/>\n<meta property=\"og:type\" content=\"article\" \/>\n<meta property=\"og:title\" content=\"Pappa till en lycklig fransk bulldogg, Hoodie - Dog Family Shop\" \/>\n<meta property=\"og:description\" content=\"Lyft din stil och uttryck din k\u00e4rlek till din franska bulldogg med v\u00e5r huvtr\u00f6ja &quot;Pappa till en lycklig fransk bulldogg&quot;. Den h\u00e4r huvtr\u00f6jan \u00e4r tillverkad f\u00f6r komfort och h\u00e5llbarhet och har en charmig grafik som garanterat kommer att v\u00e4nda huvuden och s\u00e4tta ig\u00e5ng konversationer. Det \u00e4r den perfekta presenten till stolta franska bulldoggmammor och ett m\u00e5ste i alla hund\u00e4lskares garderob.\" \/>\n<meta property=\"og:url\" content=\"https:\/\/dogfamily.shop\/sv\/product\/herrklader\/pappa-till-en-lycklig-fransk-bulldog-hoodie\/\" \/>\n<meta property=\"og:site_name\" content=\"Dog Family Shop\" \/>\n<meta property=\"article:modified_time\" content=\"2023-10-06T18:47:20+00:00\" \/>\n<meta property=\"og:image\" content=\"https:\/\/dogfamily.shop\/wp-content\/uploads\/2023\/10\/32912-12.jpg\" \/>\n\t<meta property=\"og:image:width\" content=\"1200\" \/>\n\t<meta property=\"og:image:height\" content=\"1200\" \/>\n\t<meta property=\"og:image:type\" content=\"image\/jpeg\" \/>\n<meta name=\"twitter:card\" content=\"summary_large_image\" \/>\n<meta name=\"twitter:label1\" content=\"Ber\u00e4knad l\u00e4stid\" \/>\n\t<meta name=\"twitter:data1\" content=\"2 minuter\" \/>\n<script type=\"application\/ld+json\" class=\"yoast-schema-graph\">{\"@context\":\"https:\\\/\\\/schema.org\",\"@graph\":[{\"@type\":\"WebPage\",\"@id\":\"https:\\\/\\\/dogfamily.shop\\\/sv\\\/product\\\/herrklader\\\/pappa-till-en-lycklig-fransk-bulldog-hoodie\\\/\",\"url\":\"https:\\\/\\\/dogfamily.shop\\\/sv\\\/product\\\/herrklader\\\/pappa-till-en-lycklig-fransk-bulldog-hoodie\\\/\",\"name\":\"Pappa till en lycklig fransk bulldogg, Hoodie - Dog Family Shop\",\"isPartOf\":{\"@id\":\"https:\\\/\\\/dogfamily.shop\\\/sv\\\/#website\"},\"primaryImageOfPage\":{\"@id\":\"https:\\\/\\\/dogfamily.shop\\\/sv\\\/product\\\/herrklader\\\/pappa-till-en-lycklig-fransk-bulldog-hoodie\\\/#primaryimage\"},\"image\":{\"@id\":\"https:\\\/\\\/dogfamily.shop\\\/sv\\\/product\\\/herrklader\\\/pappa-till-en-lycklig-fransk-bulldog-hoodie\\\/#primaryimage\"},\"thumbnailUrl\":\"https:\\\/\\\/dogfamily.shop\\\/wp-content\\\/uploads\\\/2023\\\/10\\\/32912-12.jpg\",\"datePublished\":\"2023-10-06T18:37:00+00:00\",\"dateModified\":\"2023-10-06T18:47:20+00:00\",\"breadcrumb\":{\"@id\":\"https:\\\/\\\/dogfamily.shop\\\/sv\\\/product\\\/herrklader\\\/pappa-till-en-lycklig-fransk-bulldog-hoodie\\\/#breadcrumb\"},\"inLanguage\":\"sv-SE\",\"potentialAction\":[{\"@type\":\"ReadAction\",\"target\":[\"https:\\\/\\\/dogfamily.shop\\\/sv\\\/product\\\/herrklader\\\/pappa-till-en-lycklig-fransk-bulldog-hoodie\\\/\"]}]},{\"@type\":\"ImageObject\",\"inLanguage\":\"sv-SE\",\"@id\":\"https:\\\/\\\/dogfamily.shop\\\/sv\\\/product\\\/herrklader\\\/pappa-till-en-lycklig-fransk-bulldog-hoodie\\\/#primaryimage\",\"url\":\"https:\\\/\\\/dogfamily.shop\\\/wp-content\\\/uploads\\\/2023\\\/10\\\/32912-12.jpg\",\"contentUrl\":\"https:\\\/\\\/dogfamily.shop\\\/wp-content\\\/uploads\\\/2023\\\/10\\\/32912-12.jpg\",\"width\":1200,\"height\":1200},{\"@type\":\"BreadcrumbList\",\"@id\":\"https:\\\/\\\/dogfamily.shop\\\/sv\\\/product\\\/herrklader\\\/pappa-till-en-lycklig-fransk-bulldog-hoodie\\\/#breadcrumb\",\"itemListElement\":[{\"@type\":\"ListItem\",\"position\":1,\"name\":\"Home\",\"item\":\"https:\\\/\\\/dogfamily.shop\\\/sv\\\/\"},{\"@type\":\"ListItem\",\"position\":2,\"name\":\"Butik\",\"item\":\"https:\\\/\\\/dogfamily.shop\\\/sv\\\/butik\\\/\"},{\"@type\":\"ListItem\",\"position\":3,\"name\":\"Pappa till en lycklig fransk bulldogg, Hoodie\"}]},{\"@type\":\"WebSite\",\"@id\":\"https:\\\/\\\/dogfamily.shop\\\/sv\\\/#website\",\"url\":\"https:\\\/\\\/dogfamily.shop\\\/sv\\\/\",\"name\":\"Dog Family Shop\",\"description\":\"Everything for dog family, clothes, accessories, bed linen and more\",\"publisher\":{\"@id\":\"https:\\\/\\\/dogfamily.shop\\\/sv\\\/#organization\"},\"potentialAction\":[{\"@type\":\"SearchAction\",\"target\":{\"@type\":\"EntryPoint\",\"urlTemplate\":\"https:\\\/\\\/dogfamily.shop\\\/sv\\\/?s={search_term_string}\"},\"query-input\":{\"@type\":\"PropertyValueSpecification\",\"valueRequired\":true,\"valueName\":\"search_term_string\"}}],\"inLanguage\":\"sv-SE\"},{\"@type\":\"Organization\",\"@id\":\"https:\\\/\\\/dogfamily.shop\\\/sv\\\/#organization\",\"name\":\"Dog Family Shop\",\"url\":\"https:\\\/\\\/dogfamily.shop\\\/sv\\\/\",\"logo\":{\"@type\":\"ImageObject\",\"inLanguage\":\"sv-SE\",\"@id\":\"https:\\\/\\\/dogfamily.shop\\\/sv\\\/#\\\/schema\\\/logo\\\/image\\\/\",\"url\":\"\\\/wp-content\\\/uploads\\\/2023\\\/05\\\/Logo1.png\",\"contentUrl\":\"\\\/wp-content\\\/uploads\\\/2023\\\/05\\\/Logo1.png\",\"width\":800,\"height\":582,\"caption\":\"Dog Family Shop\"},\"image\":{\"@id\":\"https:\\\/\\\/dogfamily.shop\\\/sv\\\/#\\\/schema\\\/logo\\\/image\\\/\"}}]}<\/script>\n<!-- \/ Yoast SEO plugin. -->","yoast_head_json":{"title":"Pappa till en lycklig fransk bulldogg, Hoodie - Dog Family Shop","robots":{"index":"index","follow":"follow","max-snippet":"max-snippet:-1","max-image-preview":"max-image-preview:large","max-video-preview":"max-video-preview:-1"},"canonical":"https:\/\/dogfamily.shop\/sv\/product\/herrklader\/pappa-till-en-lycklig-fransk-bulldog-hoodie\/","og_locale":"sv_SE","og_type":"article","og_title":"Pappa till en lycklig fransk bulldogg, Hoodie - Dog Family Shop","og_description":"Lyft din stil och uttryck din k\u00e4rlek till din franska bulldogg med v\u00e5r huvtr\u00f6ja \"Pappa till en lycklig fransk bulldogg\". Den h\u00e4r huvtr\u00f6jan \u00e4r tillverkad f\u00f6r komfort och h\u00e5llbarhet och har en charmig grafik som garanterat kommer att v\u00e4nda huvuden och s\u00e4tta ig\u00e5ng konversationer. Det \u00e4r den perfekta presenten till stolta franska bulldoggmammor och ett m\u00e5ste i alla hund\u00e4lskares garderob.","og_url":"https:\/\/dogfamily.shop\/sv\/product\/herrklader\/pappa-till-en-lycklig-fransk-bulldog-hoodie\/","og_site_name":"Dog Family Shop","article_modified_time":"2023-10-06T18:47:20+00:00","og_image":[{"width":1200,"height":1200,"url":"https:\/\/dogfamily.shop\/wp-content\/uploads\/2023\/10\/32912-12.jpg","type":"image\/jpeg"}],"twitter_card":"summary_large_image","twitter_misc":{"Ber\u00e4knad l\u00e4stid":"2 minuter"},"schema":{"@context":"https:\/\/schema.org","@graph":[{"@type":"WebPage","@id":"https:\/\/dogfamily.shop\/sv\/product\/herrklader\/pappa-till-en-lycklig-fransk-bulldog-hoodie\/","url":"https:\/\/dogfamily.shop\/sv\/product\/herrklader\/pappa-till-en-lycklig-fransk-bulldog-hoodie\/","name":"Pappa till en lycklig fransk bulldogg, Hoodie - Dog Family Shop","isPartOf":{"@id":"https:\/\/dogfamily.shop\/sv\/#website"},"primaryImageOfPage":{"@id":"https:\/\/dogfamily.shop\/sv\/product\/herrklader\/pappa-till-en-lycklig-fransk-bulldog-hoodie\/#primaryimage"},"image":{"@id":"https:\/\/dogfamily.shop\/sv\/product\/herrklader\/pappa-till-en-lycklig-fransk-bulldog-hoodie\/#primaryimage"},"thumbnailUrl":"https:\/\/dogfamily.shop\/wp-content\/uploads\/2023\/10\/32912-12.jpg","datePublished":"2023-10-06T18:37:00+00:00","dateModified":"2023-10-06T18:47:20+00:00","breadcrumb":{"@id":"https:\/\/dogfamily.shop\/sv\/product\/herrklader\/pappa-till-en-lycklig-fransk-bulldog-hoodie\/#breadcrumb"},"inLanguage":"sv-SE","potentialAction":[{"@type":"ReadAction","target":["https:\/\/dogfamily.shop\/sv\/product\/herrklader\/pappa-till-en-lycklig-fransk-bulldog-hoodie\/"]}]},{"@type":"ImageObject","inLanguage":"sv-SE","@id":"https:\/\/dogfamily.shop\/sv\/product\/herrklader\/pappa-till-en-lycklig-fransk-bulldog-hoodie\/#primaryimage","url":"https:\/\/dogfamily.shop\/wp-content\/uploads\/2023\/10\/32912-12.jpg","contentUrl":"https:\/\/dogfamily.shop\/wp-content\/uploads\/2023\/10\/32912-12.jpg","width":1200,"height":1200},{"@type":"BreadcrumbList","@id":"https:\/\/dogfamily.shop\/sv\/product\/herrklader\/pappa-till-en-lycklig-fransk-bulldog-hoodie\/#breadcrumb","itemListElement":[{"@type":"ListItem","position":1,"name":"Home","item":"https:\/\/dogfamily.shop\/sv\/"},{"@type":"ListItem","position":2,"name":"Butik","item":"https:\/\/dogfamily.shop\/sv\/butik\/"},{"@type":"ListItem","position":3,"name":"Pappa till en lycklig fransk bulldogg, Hoodie"}]},{"@type":"WebSite","@id":"https:\/\/dogfamily.shop\/sv\/#website","url":"https:\/\/dogfamily.shop\/sv\/","name":"Dog Family Shop","description":"Everything for dog family, clothes, accessories, bed linen and more","publisher":{"@id":"https:\/\/dogfamily.shop\/sv\/#organization"},"potentialAction":[{"@type":"SearchAction","target":{"@type":"EntryPoint","urlTemplate":"https:\/\/dogfamily.shop\/sv\/?s={search_term_string}"},"query-input":{"@type":"PropertyValueSpecification","valueRequired":true,"valueName":"search_term_string"}}],"inLanguage":"sv-SE"},{"@type":"Organization","@id":"https:\/\/dogfamily.shop\/sv\/#organization","name":"Dog Family Shop","url":"https:\/\/dogfamily.shop\/sv\/","logo":{"@type":"ImageObject","inLanguage":"sv-SE","@id":"https:\/\/dogfamily.shop\/sv\/#\/schema\/logo\/image\/","url":"\/wp-content\/uploads\/2023\/05\/Logo1.png","contentUrl":"\/wp-content\/uploads\/2023\/05\/Logo1.png","width":800,"height":582,"caption":"Dog Family Shop"},"image":{"@id":"https:\/\/dogfamily.shop\/sv\/#\/schema\/logo\/image\/"}}]}},"jetpack_sharing_enabled":true,"_links":{"self":[{"href":"https:\/\/dogfamily.shop\/sv\/wp-json\/wp\/v2\/product\/3400","targetHints":{"allow":["GET"]}}],"collection":[{"href":"https:\/\/dogfamily.shop\/sv\/wp-json\/wp\/v2\/product"}],"about":[{"href":"https:\/\/dogfamily.shop\/sv\/wp-json\/wp\/v2\/types\/product"}],"replies":[{"embeddable":true,"href":"https:\/\/dogfamily.shop\/sv\/wp-json\/wp\/v2\/comments?post=3400"}],"wp:featuredmedia":[{"embeddable":true,"href":"https:\/\/dogfamily.shop\/sv\/wp-json\/wp\/v2\/media\/3419"}],"wp:attachment":[{"href":"https:\/\/dogfamily.shop\/sv\/wp-json\/wp\/v2\/media?parent=3400"}],"wp:term":[{"taxonomy":"product_brand","embeddable":true,"href":"https:\/\/dogfamily.shop\/sv\/wp-json\/wp\/v2\/product_brand?post=3400"},{"taxonomy":"product_cat","embeddable":true,"href":"https:\/\/dogfamily.shop\/sv\/wp-json\/wp\/v2\/product_cat?post=3400"},{"taxonomy":"product_tag","embeddable":true,"href":"https:\/\/dogfamily.shop\/sv\/wp-json\/wp\/v2\/product_tag?post=3400"}],"curies":[{"name":"wp","href":"https:\/\/api.w.org\/{rel}","templated":true}]}}