{"id":3331,"date":"2023-10-05T15:08:04","date_gmt":"2023-10-05T13:08:04","guid":{"rendered":"https:\/\/dogfamily.shop\/product\/okategoriserad\/hoodie-pappa-till-en-lycklig-rottweiler\/"},"modified":"2023-10-05T15:12:20","modified_gmt":"2023-10-05T13:12:20","slug":"pappa-till-en-lycklig-rottweiler-hoodie","status":"publish","type":"product","link":"https:\/\/dogfamily.shop\/sv\/product\/herrklader\/pappa-till-en-lycklig-rottweiler-hoodie\/","title":{"rendered":"Hoodie &#8211; Pappa till en lycklig rottweiler"},"content":{"rendered":"<p>\u00c4r du den stolta \u00e4garen till en Rottweiler? I s\u00e5 fall f\u00f6rst\u00e5r du det unika band som uppst\u00e5r mellan dig och din lurviga f\u00f6ljeslagare. Din rottweiler \u00e4r inte bara ett husdjur; den \u00e4r en familj, en lojal v\u00e4n och en k\u00e4lla till gr\u00e4nsl\u00f6s gl\u00e4dje. Nu kan du fira det bandet och visa din k\u00e4rlek till din fyrbenta familjemedlem med v\u00e5r huvtr\u00f6ja &#8221;Pappa till en lycklig rottweiler&#8221;!<\/p>\n<p>V\u00e5r huvtr\u00f6ja \u00e4r mer \u00e4n bara kl\u00e4der &#8211; den \u00e4r ett uttryck f\u00f6r din k\u00e4rlek och stolthet som Rottweiler-\u00e4gare. Den h\u00e4r huvtr\u00f6jan \u00e4r tillverkad av h\u00f6gkvalitativa, mjuka och mysiga material och \u00e4r designad f\u00f6r b\u00e5de komfort och stil. Oavsett om du ska ta en promenad i parken, springa \u00e4renden eller bara mysa i soffan med din Rottie \u00e4r den h\u00e4r huvtr\u00f6jan perfekt f\u00f6r alla tillf\u00e4llen.<\/p>\n<p>Men det som g\u00f6r v\u00e5r huvtr\u00f6ja &#8221;Dad of a Happy Rottweiler&#8221; s\u00e5 speciell \u00e4r den i\u00f6gonfallande designen. Framsidan visar stolt orden &#8221;Dad of a Happy Rottweiler&#8221; i feta, l\u00e4ttl\u00e4sta bokst\u00e4ver, med en bed\u00e5rande Rottweiler-silhuett undertill. Denna design visar inte bara din k\u00e4rlek till Rottie utan skapar ocks\u00e5 samtal och leenden vart du \u00e4n g\u00e5r.<\/p>\n<p>Det som skiljer v\u00e5r huvtr\u00f6ja fr\u00e5n resten \u00e4r v\u00e5r omsorg om detaljer och kvalitet. Vi f\u00f6rst\u00e5r att Rottweiler\u00e4gare bara vill det b\u00e4sta f\u00f6r sina lurviga v\u00e4nner, och det \u00e4r d\u00e4rf\u00f6r v\u00e5ra huvtr\u00f6jor \u00e4r gjorda f\u00f6r att h\u00e5lla l\u00e4nge. De kan tv\u00e4ttas i maskin, s\u00e5 att du kan h\u00e5lla dem snygga oavsett hur m\u00e5nga \u00e4ventyr du och din Rottie ger er ut p\u00e5 tillsammans.<\/p>\n<p>Oavsett om du letar efter den perfekta presenten till en annan Rottweiler-entusiast eller bara vill unna dig n\u00e5got, \u00e4r v\u00e5r huvtr\u00f6ja &#8221;Dad of a Happy Rottweiler&#8221; ett fantastiskt val. Den finns i flera olika storlekar f\u00f6r en bekv\u00e4m passform och du kan stolt visa din k\u00e4rlek till din rottweiler med stil.<\/p>\n<p>Sammanfattningsvis \u00e4r v\u00e5r huvtr\u00f6ja &#8221;Dad of a Happy Rottweiler&#8221; mer \u00e4n bara kl\u00e4der; den \u00e4r en symbol f\u00f6r den k\u00e4rlek och stolthet du k\u00e4nner som \u00e4gare till en rottweiler. Bekv\u00e4m, slitstark och snygg &#8211; det perfekta tillskottet till alla hund\u00e4lskares garderob. Best\u00e4ll din idag och b\u00e4r din k\u00e4rlek till Rottie med stolthet!<\/p>\n","protected":false},"excerpt":{"rendered":"<p>H\u00f6j din Rottweiler-stolthet med v\u00e5r huvtr\u00f6ja &#8221;Pappa till en lycklig Rottweiler&#8221;. Denna huvtr\u00f6ja \u00e4r tillverkad f\u00f6r komfort och stil och har en sl\u00e5ende design som visar din k\u00e4rlek till din h\u00e5riga v\u00e4n. Den \u00e4r tillverkad av h\u00f6gkvalitativa material och \u00e4r det perfekta valet f\u00f6r alla stolta Rottweiler-pappor.<\/p>\n","protected":false},"featured_media":3349,"comment_status":"open","ping_status":"closed","template":"","meta":{"_monsterinsights_skip_tracking":false,"_monsterinsights_sitenote_active":false,"_monsterinsights_sitenote_note":"","_monsterinsights_sitenote_category":0},"product_brand":[],"product_cat":[100,162],"product_tag":[69,67,44,163],"class_list":{"0":"post-3331","1":"product","2":"type-product","3":"status-publish","4":"has-post-thumbnail","6":"product_cat-herrklader","7":"product_cat-rottweiler-sv","8":"product_tag-hundagare","9":"product_tag-hundagare-gava","10":"product_tag-pappa-till-en-hund","11":"product_tag-rottweiler-sv","13":"first","14":"instock","15":"taxable","16":"shipping-taxable","17":"purchasable","18":"product-type-variable","19":"has-default-attributes"},"yoast_head":"<!-- This site is optimized with the Yoast SEO plugin v27.4 - https:\/\/yoast.com\/product\/yoast-seo-wordpress\/ -->\n<title>Hoodie - Pappa till en lycklig rottweiler - Dog Family Shop<\/title>\n<meta name=\"robots\" content=\"index, follow, max-snippet:-1, max-image-preview:large, max-video-preview:-1\" \/>\n<link rel=\"canonical\" href=\"https:\/\/dogfamily.shop\/sv\/product\/herrklader\/pappa-till-en-lycklig-rottweiler-hoodie\/\" \/>\n<meta property=\"og:locale\" content=\"sv_SE\" \/>\n<meta property=\"og:type\" content=\"article\" \/>\n<meta property=\"og:title\" content=\"Hoodie - Pappa till en lycklig rottweiler - Dog Family Shop\" \/>\n<meta property=\"og:description\" content=\"H\u00f6j din Rottweiler-stolthet med v\u00e5r huvtr\u00f6ja &quot;Pappa till en lycklig Rottweiler&quot;. Denna huvtr\u00f6ja \u00e4r tillverkad f\u00f6r komfort och stil och har en sl\u00e5ende design som visar din k\u00e4rlek till din h\u00e5riga v\u00e4n. Den \u00e4r tillverkad av h\u00f6gkvalitativa material och \u00e4r det perfekta valet f\u00f6r alla stolta Rottweiler-pappor.\" \/>\n<meta property=\"og:url\" content=\"https:\/\/dogfamily.shop\/sv\/product\/herrklader\/pappa-till-en-lycklig-rottweiler-hoodie\/\" \/>\n<meta property=\"og:site_name\" content=\"Dog Family Shop\" \/>\n<meta property=\"article:modified_time\" content=\"2023-10-05T13:12:20+00:00\" \/>\n<meta property=\"og:image\" content=\"https:\/\/dogfamily.shop\/wp-content\/uploads\/2023\/10\/32912-6.jpg\" \/>\n\t<meta property=\"og:image:width\" content=\"1200\" \/>\n\t<meta property=\"og:image:height\" content=\"1200\" \/>\n\t<meta property=\"og:image:type\" content=\"image\/jpeg\" \/>\n<meta name=\"twitter:card\" content=\"summary_large_image\" \/>\n<meta name=\"twitter:label1\" content=\"Ber\u00e4knad l\u00e4stid\" \/>\n\t<meta name=\"twitter:data1\" content=\"2 minuter\" \/>\n<script type=\"application\/ld+json\" class=\"yoast-schema-graph\">{\"@context\":\"https:\\\/\\\/schema.org\",\"@graph\":[{\"@type\":\"WebPage\",\"@id\":\"https:\\\/\\\/dogfamily.shop\\\/sv\\\/product\\\/herrklader\\\/pappa-till-en-lycklig-rottweiler-hoodie\\\/\",\"url\":\"https:\\\/\\\/dogfamily.shop\\\/sv\\\/product\\\/herrklader\\\/pappa-till-en-lycklig-rottweiler-hoodie\\\/\",\"name\":\"Hoodie - Pappa till en lycklig rottweiler - Dog Family Shop\",\"isPartOf\":{\"@id\":\"https:\\\/\\\/dogfamily.shop\\\/sv\\\/#website\"},\"primaryImageOfPage\":{\"@id\":\"https:\\\/\\\/dogfamily.shop\\\/sv\\\/product\\\/herrklader\\\/pappa-till-en-lycklig-rottweiler-hoodie\\\/#primaryimage\"},\"image\":{\"@id\":\"https:\\\/\\\/dogfamily.shop\\\/sv\\\/product\\\/herrklader\\\/pappa-till-en-lycklig-rottweiler-hoodie\\\/#primaryimage\"},\"thumbnailUrl\":\"https:\\\/\\\/dogfamily.shop\\\/wp-content\\\/uploads\\\/2023\\\/10\\\/32912-6.jpg\",\"datePublished\":\"2023-10-05T13:08:04+00:00\",\"dateModified\":\"2023-10-05T13:12:20+00:00\",\"breadcrumb\":{\"@id\":\"https:\\\/\\\/dogfamily.shop\\\/sv\\\/product\\\/herrklader\\\/pappa-till-en-lycklig-rottweiler-hoodie\\\/#breadcrumb\"},\"inLanguage\":\"sv-SE\",\"potentialAction\":[{\"@type\":\"ReadAction\",\"target\":[\"https:\\\/\\\/dogfamily.shop\\\/sv\\\/product\\\/herrklader\\\/pappa-till-en-lycklig-rottweiler-hoodie\\\/\"]}]},{\"@type\":\"ImageObject\",\"inLanguage\":\"sv-SE\",\"@id\":\"https:\\\/\\\/dogfamily.shop\\\/sv\\\/product\\\/herrklader\\\/pappa-till-en-lycklig-rottweiler-hoodie\\\/#primaryimage\",\"url\":\"https:\\\/\\\/dogfamily.shop\\\/wp-content\\\/uploads\\\/2023\\\/10\\\/32912-6.jpg\",\"contentUrl\":\"https:\\\/\\\/dogfamily.shop\\\/wp-content\\\/uploads\\\/2023\\\/10\\\/32912-6.jpg\",\"width\":1200,\"height\":1200},{\"@type\":\"BreadcrumbList\",\"@id\":\"https:\\\/\\\/dogfamily.shop\\\/sv\\\/product\\\/herrklader\\\/pappa-till-en-lycklig-rottweiler-hoodie\\\/#breadcrumb\",\"itemListElement\":[{\"@type\":\"ListItem\",\"position\":1,\"name\":\"Home\",\"item\":\"https:\\\/\\\/dogfamily.shop\\\/sv\\\/\"},{\"@type\":\"ListItem\",\"position\":2,\"name\":\"Butik\",\"item\":\"https:\\\/\\\/dogfamily.shop\\\/sv\\\/butik\\\/\"},{\"@type\":\"ListItem\",\"position\":3,\"name\":\"Hoodie &#8211; Pappa till en lycklig rottweiler\"}]},{\"@type\":\"WebSite\",\"@id\":\"https:\\\/\\\/dogfamily.shop\\\/sv\\\/#website\",\"url\":\"https:\\\/\\\/dogfamily.shop\\\/sv\\\/\",\"name\":\"Dog Family Shop\",\"description\":\"Everything for dog family, clothes, accessories, bed linen and more\",\"publisher\":{\"@id\":\"https:\\\/\\\/dogfamily.shop\\\/sv\\\/#organization\"},\"potentialAction\":[{\"@type\":\"SearchAction\",\"target\":{\"@type\":\"EntryPoint\",\"urlTemplate\":\"https:\\\/\\\/dogfamily.shop\\\/sv\\\/?s={search_term_string}\"},\"query-input\":{\"@type\":\"PropertyValueSpecification\",\"valueRequired\":true,\"valueName\":\"search_term_string\"}}],\"inLanguage\":\"sv-SE\"},{\"@type\":\"Organization\",\"@id\":\"https:\\\/\\\/dogfamily.shop\\\/sv\\\/#organization\",\"name\":\"Dog Family Shop\",\"url\":\"https:\\\/\\\/dogfamily.shop\\\/sv\\\/\",\"logo\":{\"@type\":\"ImageObject\",\"inLanguage\":\"sv-SE\",\"@id\":\"https:\\\/\\\/dogfamily.shop\\\/sv\\\/#\\\/schema\\\/logo\\\/image\\\/\",\"url\":\"\\\/wp-content\\\/uploads\\\/2023\\\/05\\\/Logo1.png\",\"contentUrl\":\"\\\/wp-content\\\/uploads\\\/2023\\\/05\\\/Logo1.png\",\"width\":800,\"height\":582,\"caption\":\"Dog Family Shop\"},\"image\":{\"@id\":\"https:\\\/\\\/dogfamily.shop\\\/sv\\\/#\\\/schema\\\/logo\\\/image\\\/\"}}]}<\/script>\n<!-- \/ Yoast SEO plugin. -->","yoast_head_json":{"title":"Hoodie - Pappa till en lycklig rottweiler - Dog Family Shop","robots":{"index":"index","follow":"follow","max-snippet":"max-snippet:-1","max-image-preview":"max-image-preview:large","max-video-preview":"max-video-preview:-1"},"canonical":"https:\/\/dogfamily.shop\/sv\/product\/herrklader\/pappa-till-en-lycklig-rottweiler-hoodie\/","og_locale":"sv_SE","og_type":"article","og_title":"Hoodie - Pappa till en lycklig rottweiler - Dog Family Shop","og_description":"H\u00f6j din Rottweiler-stolthet med v\u00e5r huvtr\u00f6ja \"Pappa till en lycklig Rottweiler\". Denna huvtr\u00f6ja \u00e4r tillverkad f\u00f6r komfort och stil och har en sl\u00e5ende design som visar din k\u00e4rlek till din h\u00e5riga v\u00e4n. Den \u00e4r tillverkad av h\u00f6gkvalitativa material och \u00e4r det perfekta valet f\u00f6r alla stolta Rottweiler-pappor.","og_url":"https:\/\/dogfamily.shop\/sv\/product\/herrklader\/pappa-till-en-lycklig-rottweiler-hoodie\/","og_site_name":"Dog Family Shop","article_modified_time":"2023-10-05T13:12:20+00:00","og_image":[{"width":1200,"height":1200,"url":"https:\/\/dogfamily.shop\/wp-content\/uploads\/2023\/10\/32912-6.jpg","type":"image\/jpeg"}],"twitter_card":"summary_large_image","twitter_misc":{"Ber\u00e4knad l\u00e4stid":"2 minuter"},"schema":{"@context":"https:\/\/schema.org","@graph":[{"@type":"WebPage","@id":"https:\/\/dogfamily.shop\/sv\/product\/herrklader\/pappa-till-en-lycklig-rottweiler-hoodie\/","url":"https:\/\/dogfamily.shop\/sv\/product\/herrklader\/pappa-till-en-lycklig-rottweiler-hoodie\/","name":"Hoodie - Pappa till en lycklig rottweiler - Dog Family Shop","isPartOf":{"@id":"https:\/\/dogfamily.shop\/sv\/#website"},"primaryImageOfPage":{"@id":"https:\/\/dogfamily.shop\/sv\/product\/herrklader\/pappa-till-en-lycklig-rottweiler-hoodie\/#primaryimage"},"image":{"@id":"https:\/\/dogfamily.shop\/sv\/product\/herrklader\/pappa-till-en-lycklig-rottweiler-hoodie\/#primaryimage"},"thumbnailUrl":"https:\/\/dogfamily.shop\/wp-content\/uploads\/2023\/10\/32912-6.jpg","datePublished":"2023-10-05T13:08:04+00:00","dateModified":"2023-10-05T13:12:20+00:00","breadcrumb":{"@id":"https:\/\/dogfamily.shop\/sv\/product\/herrklader\/pappa-till-en-lycklig-rottweiler-hoodie\/#breadcrumb"},"inLanguage":"sv-SE","potentialAction":[{"@type":"ReadAction","target":["https:\/\/dogfamily.shop\/sv\/product\/herrklader\/pappa-till-en-lycklig-rottweiler-hoodie\/"]}]},{"@type":"ImageObject","inLanguage":"sv-SE","@id":"https:\/\/dogfamily.shop\/sv\/product\/herrklader\/pappa-till-en-lycklig-rottweiler-hoodie\/#primaryimage","url":"https:\/\/dogfamily.shop\/wp-content\/uploads\/2023\/10\/32912-6.jpg","contentUrl":"https:\/\/dogfamily.shop\/wp-content\/uploads\/2023\/10\/32912-6.jpg","width":1200,"height":1200},{"@type":"BreadcrumbList","@id":"https:\/\/dogfamily.shop\/sv\/product\/herrklader\/pappa-till-en-lycklig-rottweiler-hoodie\/#breadcrumb","itemListElement":[{"@type":"ListItem","position":1,"name":"Home","item":"https:\/\/dogfamily.shop\/sv\/"},{"@type":"ListItem","position":2,"name":"Butik","item":"https:\/\/dogfamily.shop\/sv\/butik\/"},{"@type":"ListItem","position":3,"name":"Hoodie &#8211; Pappa till en lycklig rottweiler"}]},{"@type":"WebSite","@id":"https:\/\/dogfamily.shop\/sv\/#website","url":"https:\/\/dogfamily.shop\/sv\/","name":"Dog Family Shop","description":"Everything for dog family, clothes, accessories, bed linen and more","publisher":{"@id":"https:\/\/dogfamily.shop\/sv\/#organization"},"potentialAction":[{"@type":"SearchAction","target":{"@type":"EntryPoint","urlTemplate":"https:\/\/dogfamily.shop\/sv\/?s={search_term_string}"},"query-input":{"@type":"PropertyValueSpecification","valueRequired":true,"valueName":"search_term_string"}}],"inLanguage":"sv-SE"},{"@type":"Organization","@id":"https:\/\/dogfamily.shop\/sv\/#organization","name":"Dog Family Shop","url":"https:\/\/dogfamily.shop\/sv\/","logo":{"@type":"ImageObject","inLanguage":"sv-SE","@id":"https:\/\/dogfamily.shop\/sv\/#\/schema\/logo\/image\/","url":"\/wp-content\/uploads\/2023\/05\/Logo1.png","contentUrl":"\/wp-content\/uploads\/2023\/05\/Logo1.png","width":800,"height":582,"caption":"Dog Family Shop"},"image":{"@id":"https:\/\/dogfamily.shop\/sv\/#\/schema\/logo\/image\/"}}]}},"jetpack_sharing_enabled":true,"_links":{"self":[{"href":"https:\/\/dogfamily.shop\/sv\/wp-json\/wp\/v2\/product\/3331","targetHints":{"allow":["GET"]}}],"collection":[{"href":"https:\/\/dogfamily.shop\/sv\/wp-json\/wp\/v2\/product"}],"about":[{"href":"https:\/\/dogfamily.shop\/sv\/wp-json\/wp\/v2\/types\/product"}],"replies":[{"embeddable":true,"href":"https:\/\/dogfamily.shop\/sv\/wp-json\/wp\/v2\/comments?post=3331"}],"wp:featuredmedia":[{"embeddable":true,"href":"https:\/\/dogfamily.shop\/sv\/wp-json\/wp\/v2\/media\/3349"}],"wp:attachment":[{"href":"https:\/\/dogfamily.shop\/sv\/wp-json\/wp\/v2\/media?parent=3331"}],"wp:term":[{"taxonomy":"product_brand","embeddable":true,"href":"https:\/\/dogfamily.shop\/sv\/wp-json\/wp\/v2\/product_brand?post=3331"},{"taxonomy":"product_cat","embeddable":true,"href":"https:\/\/dogfamily.shop\/sv\/wp-json\/wp\/v2\/product_cat?post=3331"},{"taxonomy":"product_tag","embeddable":true,"href":"https:\/\/dogfamily.shop\/sv\/wp-json\/wp\/v2\/product_tag?post=3331"}],"curies":[{"name":"wp","href":"https:\/\/api.w.org\/{rel}","templated":true}]}}