{"id":3257,"date":"2023-10-05T15:04:14","date_gmt":"2023-10-05T13:04:14","guid":{"rendered":"https:\/\/dogfamily.shop\/product\/okategoriserad\/kopia-av-pappan-till-en-lycklig-shetland-sheepdog-huvtroja\/"},"modified":"2023-10-05T15:04:14","modified_gmt":"2023-10-05T13:04:14","slug":"kopia-av-pappan-till-en-lycklig-shetlandshund-hoodie","status":"publish","type":"product","link":"https:\/\/dogfamily.shop\/sv\/product\/okategoriserade\/kopia-av-pappan-till-en-lycklig-shetlandshund-hoodie\/","title":{"rendered":"Kopia av pappan till en lycklig shetland sheepdog, huvtr\u00f6ja"},"content":{"rendered":"<p><span style=\"color: #374151;hne, ui-sans-serif, system-ui, -apple-system, Segoe UI, Roboto, Ubuntu, Cantarell, Noto Sans, sans-serif, Helvetica Neue, Arial, Apple Color Emoji, Segoe UI Emoji, Segoe UI Symbol, Noto Color Emoji\"><span>\u00c4r du en stolt hund\u00e4gare? Visa din k\u00e4rlek till din lurviga v\u00e4n med v\u00e5r exklusiva huvtr\u00f6ja &#8221;Dad of a Happy Shetland Sheepdog&#8221;! Den h\u00e4r mysiga och snygga huvtr\u00f6jan \u00e4r designad f\u00f6r att visa din k\u00e4rlek till din Shetland Sheepdog och \u00e4r perfekt f\u00f6r alla hund\u00e4lskande pappor. L\u00e5t v\u00e4rlden veta hur du k\u00e4nner f\u00f6r din fyrbenta f\u00f6ljeslagare och f\u00e5 alla att h\u00e4pna vart du \u00e4n g\u00e5r! Vill du visa upp dig som en h\u00e4ngiven hund\u00e4gare? Titta inte l\u00e4ngre \u00e4n till v\u00e5r huvtr\u00f6ja &#8221;Pappa till en lycklig Shetland Sheepdog&#8221;. Denna huvtr\u00f6ja i premiumkvalitet \u00e4r tillverkad med st\u00f6rsta omsorg och har en unik design som f\u00e5ngar essensen av din stolthet och tillgivenhet f\u00f6r din Shetland Sheepdog. Med sin bekv\u00e4ma passform och uppseendev\u00e4ckande grafik kommer denna huvtr\u00f6ja garanterat att bli ditt favoritval f\u00f6r avslappnade utflykter och mysiga hemmakv\u00e4llar. F\u00f6rh\u00f6j din status som hundpappa med v\u00e5r exklusiva huvtr\u00f6ja &#8221;Dad of a Happy Shetland Sheepdog&#8221;. Denna huvtr\u00f6ja \u00e4r tillverkad av mjuka och slitstarka material och h\u00e5ller dig inte bara varm utan l\u00e5ter dig ocks\u00e5 uttrycka din k\u00e4rlek till din Shetland Sheepdog med stil. Oavsett om du tar med din lurviga f\u00f6ljeslagare p\u00e5 en promenad i parken eller bara kopplar av hemma \u00e4r denna huvtr\u00f6ja det perfekta s\u00e4ttet att visa upp din stolta hund\u00e4garstatus och g\u00f6ra ett best\u00e5ende intryck.<\/span><\/span><\/p>\n","protected":false},"excerpt":{"rendered":"<p>\u00c4r du en stolt hund\u00e4gare? Visa din k\u00e4rlek till din lurviga v\u00e4n med v\u00e5r exklusiva huvtr\u00f6ja &#8221;Dad of a Happy Shetland Sheepdog&#8221;! Den h\u00e4r mysiga och snygga huvtr\u00f6jan \u00e4r designad f\u00f6r att visa din k\u00e4rlek till din Shetland Sheepdog och \u00e4r perfekt f\u00f6r alla hund\u00e4lskande pappor. L\u00e5t v\u00e4rlden veta hur du k\u00e4nner f\u00f6r din fyrbenta &#8230; <a title=\"Kopia av pappan till en lycklig shetland sheepdog, huvtr\u00f6ja\" class=\"read-more\" href=\"https:\/\/dogfamily.shop\/sv\/product\/okategoriserade\/kopia-av-pappan-till-en-lycklig-shetlandshund-hoodie\/\" aria-label=\"L\u00e4s mer om Kopia av pappan till en lycklig shetland sheepdog, huvtr\u00f6ja\">L\u00e4s mer<\/a><\/p>\n","protected":false},"featured_media":3280,"comment_status":"open","ping_status":"closed","template":"","meta":{"_monsterinsights_skip_tracking":false,"_monsterinsights_sitenote_active":false,"_monsterinsights_sitenote_note":"","_monsterinsights_sitenote_category":0},"product_brand":[],"product_cat":[57],"product_tag":[],"class_list":{"0":"post-3257","1":"product","2":"type-product","3":"status-publish","4":"has-post-thumbnail","6":"product_cat-okategoriserade","8":"first","9":"instock","10":"taxable","11":"shipping-taxable","12":"purchasable","13":"product-type-variable","14":"has-default-attributes"},"yoast_head":"<!-- This site is optimized with the Yoast SEO plugin v27.4 - https:\/\/yoast.com\/product\/yoast-seo-wordpress\/ -->\n<title>Kopia av pappan till en lycklig shetland sheepdog, huvtr\u00f6ja - Dog Family Shop<\/title>\n<meta name=\"robots\" content=\"index, follow, max-snippet:-1, max-image-preview:large, max-video-preview:-1\" \/>\n<link rel=\"canonical\" href=\"https:\/\/dogfamily.shop\/sv\/product\/okategoriserade\/kopia-av-pappan-till-en-lycklig-shetlandshund-hoodie\/\" \/>\n<meta property=\"og:locale\" content=\"sv_SE\" \/>\n<meta property=\"og:type\" content=\"article\" \/>\n<meta property=\"og:title\" content=\"Kopia av pappan till en lycklig shetland sheepdog, huvtr\u00f6ja - Dog Family Shop\" \/>\n<meta property=\"og:description\" content=\"\u00c4r du en stolt hund\u00e4gare? Visa din k\u00e4rlek till din lurviga v\u00e4n med v\u00e5r exklusiva huvtr\u00f6ja &#8221;Dad of a Happy Shetland Sheepdog&#8221;! Den h\u00e4r mysiga och snygga huvtr\u00f6jan \u00e4r designad f\u00f6r att visa din k\u00e4rlek till din Shetland Sheepdog och \u00e4r perfekt f\u00f6r alla hund\u00e4lskande pappor. L\u00e5t v\u00e4rlden veta hur du k\u00e4nner f\u00f6r din fyrbenta ... L\u00e4s mer\" \/>\n<meta property=\"og:url\" content=\"https:\/\/dogfamily.shop\/sv\/product\/okategoriserade\/kopia-av-pappan-till-en-lycklig-shetlandshund-hoodie\/\" \/>\n<meta property=\"og:site_name\" content=\"Dog Family Shop\" \/>\n<meta property=\"og:image\" content=\"https:\/\/dogfamily.shop\/wp-content\/uploads\/2023\/05\/dog-family-shop-big.png\" \/>\n\t<meta property=\"og:image:width\" content=\"1200\" \/>\n\t<meta property=\"og:image:height\" content=\"873\" \/>\n\t<meta property=\"og:image:type\" content=\"image\/png\" \/>\n<meta name=\"twitter:card\" content=\"summary_large_image\" \/>\n<meta name=\"twitter:label1\" content=\"Ber\u00e4knad l\u00e4stid\" \/>\n\t<meta name=\"twitter:data1\" content=\"1 minut\" \/>\n<script type=\"application\/ld+json\" class=\"yoast-schema-graph\">{\"@context\":\"https:\\\/\\\/schema.org\",\"@graph\":[{\"@type\":\"WebPage\",\"@id\":\"https:\\\/\\\/dogfamily.shop\\\/sv\\\/product\\\/okategoriserade\\\/kopia-av-pappan-till-en-lycklig-shetlandshund-hoodie\\\/\",\"url\":\"https:\\\/\\\/dogfamily.shop\\\/sv\\\/product\\\/okategoriserade\\\/kopia-av-pappan-till-en-lycklig-shetlandshund-hoodie\\\/\",\"name\":\"Kopia av pappan till en lycklig shetland sheepdog, huvtr\u00f6ja - Dog Family Shop\",\"isPartOf\":{\"@id\":\"https:\\\/\\\/dogfamily.shop\\\/sv\\\/#website\"},\"primaryImageOfPage\":{\"@id\":\"https:\\\/\\\/dogfamily.shop\\\/sv\\\/product\\\/okategoriserade\\\/kopia-av-pappan-till-en-lycklig-shetlandshund-hoodie\\\/#primaryimage\"},\"image\":{\"@id\":\"https:\\\/\\\/dogfamily.shop\\\/sv\\\/product\\\/okategoriserade\\\/kopia-av-pappan-till-en-lycklig-shetlandshund-hoodie\\\/#primaryimage\"},\"thumbnailUrl\":\"https:\\\/\\\/dogfamily.shop\\\/wp-content\\\/uploads\\\/2023\\\/10\\\/32912.jpg\",\"datePublished\":\"2023-10-05T13:04:14+00:00\",\"breadcrumb\":{\"@id\":\"https:\\\/\\\/dogfamily.shop\\\/sv\\\/product\\\/okategoriserade\\\/kopia-av-pappan-till-en-lycklig-shetlandshund-hoodie\\\/#breadcrumb\"},\"inLanguage\":\"sv-SE\",\"potentialAction\":[{\"@type\":\"ReadAction\",\"target\":[\"https:\\\/\\\/dogfamily.shop\\\/sv\\\/product\\\/okategoriserade\\\/kopia-av-pappan-till-en-lycklig-shetlandshund-hoodie\\\/\"]}]},{\"@type\":\"ImageObject\",\"inLanguage\":\"sv-SE\",\"@id\":\"https:\\\/\\\/dogfamily.shop\\\/sv\\\/product\\\/okategoriserade\\\/kopia-av-pappan-till-en-lycklig-shetlandshund-hoodie\\\/#primaryimage\",\"url\":\"https:\\\/\\\/dogfamily.shop\\\/wp-content\\\/uploads\\\/2023\\\/10\\\/32912.jpg\",\"contentUrl\":\"https:\\\/\\\/dogfamily.shop\\\/wp-content\\\/uploads\\\/2023\\\/10\\\/32912.jpg\",\"width\":1200,\"height\":1200},{\"@type\":\"BreadcrumbList\",\"@id\":\"https:\\\/\\\/dogfamily.shop\\\/sv\\\/product\\\/okategoriserade\\\/kopia-av-pappan-till-en-lycklig-shetlandshund-hoodie\\\/#breadcrumb\",\"itemListElement\":[{\"@type\":\"ListItem\",\"position\":1,\"name\":\"Home\",\"item\":\"https:\\\/\\\/dogfamily.shop\\\/sv\\\/\"},{\"@type\":\"ListItem\",\"position\":2,\"name\":\"Butik\",\"item\":\"https:\\\/\\\/dogfamily.shop\\\/sv\\\/butik\\\/\"},{\"@type\":\"ListItem\",\"position\":3,\"name\":\"Kopia av pappan till en lycklig shetland sheepdog, huvtr\u00f6ja\"}]},{\"@type\":\"WebSite\",\"@id\":\"https:\\\/\\\/dogfamily.shop\\\/sv\\\/#website\",\"url\":\"https:\\\/\\\/dogfamily.shop\\\/sv\\\/\",\"name\":\"Dog Family Shop\",\"description\":\"Everything for dog family, clothes, accessories, bed linen and more\",\"publisher\":{\"@id\":\"https:\\\/\\\/dogfamily.shop\\\/sv\\\/#organization\"},\"potentialAction\":[{\"@type\":\"SearchAction\",\"target\":{\"@type\":\"EntryPoint\",\"urlTemplate\":\"https:\\\/\\\/dogfamily.shop\\\/sv\\\/?s={search_term_string}\"},\"query-input\":{\"@type\":\"PropertyValueSpecification\",\"valueRequired\":true,\"valueName\":\"search_term_string\"}}],\"inLanguage\":\"sv-SE\"},{\"@type\":\"Organization\",\"@id\":\"https:\\\/\\\/dogfamily.shop\\\/sv\\\/#organization\",\"name\":\"Dog Family Shop\",\"url\":\"https:\\\/\\\/dogfamily.shop\\\/sv\\\/\",\"logo\":{\"@type\":\"ImageObject\",\"inLanguage\":\"sv-SE\",\"@id\":\"https:\\\/\\\/dogfamily.shop\\\/sv\\\/#\\\/schema\\\/logo\\\/image\\\/\",\"url\":\"\\\/wp-content\\\/uploads\\\/2023\\\/05\\\/Logo1.png\",\"contentUrl\":\"\\\/wp-content\\\/uploads\\\/2023\\\/05\\\/Logo1.png\",\"width\":800,\"height\":582,\"caption\":\"Dog Family Shop\"},\"image\":{\"@id\":\"https:\\\/\\\/dogfamily.shop\\\/sv\\\/#\\\/schema\\\/logo\\\/image\\\/\"}}]}<\/script>\n<!-- \/ Yoast SEO plugin. -->","yoast_head_json":{"title":"Kopia av pappan till en lycklig shetland sheepdog, huvtr\u00f6ja - Dog Family Shop","robots":{"index":"index","follow":"follow","max-snippet":"max-snippet:-1","max-image-preview":"max-image-preview:large","max-video-preview":"max-video-preview:-1"},"canonical":"https:\/\/dogfamily.shop\/sv\/product\/okategoriserade\/kopia-av-pappan-till-en-lycklig-shetlandshund-hoodie\/","og_locale":"sv_SE","og_type":"article","og_title":"Kopia av pappan till en lycklig shetland sheepdog, huvtr\u00f6ja - Dog Family Shop","og_description":"\u00c4r du en stolt hund\u00e4gare? Visa din k\u00e4rlek till din lurviga v\u00e4n med v\u00e5r exklusiva huvtr\u00f6ja &#8221;Dad of a Happy Shetland Sheepdog&#8221;! Den h\u00e4r mysiga och snygga huvtr\u00f6jan \u00e4r designad f\u00f6r att visa din k\u00e4rlek till din Shetland Sheepdog och \u00e4r perfekt f\u00f6r alla hund\u00e4lskande pappor. L\u00e5t v\u00e4rlden veta hur du k\u00e4nner f\u00f6r din fyrbenta ... L\u00e4s mer","og_url":"https:\/\/dogfamily.shop\/sv\/product\/okategoriserade\/kopia-av-pappan-till-en-lycklig-shetlandshund-hoodie\/","og_site_name":"Dog Family Shop","og_image":[{"width":1200,"height":873,"url":"https:\/\/dogfamily.shop\/wp-content\/uploads\/2023\/05\/dog-family-shop-big.png","type":"image\/png"}],"twitter_card":"summary_large_image","twitter_misc":{"Ber\u00e4knad l\u00e4stid":"1 minut"},"schema":{"@context":"https:\/\/schema.org","@graph":[{"@type":"WebPage","@id":"https:\/\/dogfamily.shop\/sv\/product\/okategoriserade\/kopia-av-pappan-till-en-lycklig-shetlandshund-hoodie\/","url":"https:\/\/dogfamily.shop\/sv\/product\/okategoriserade\/kopia-av-pappan-till-en-lycklig-shetlandshund-hoodie\/","name":"Kopia av pappan till en lycklig shetland sheepdog, huvtr\u00f6ja - Dog Family Shop","isPartOf":{"@id":"https:\/\/dogfamily.shop\/sv\/#website"},"primaryImageOfPage":{"@id":"https:\/\/dogfamily.shop\/sv\/product\/okategoriserade\/kopia-av-pappan-till-en-lycklig-shetlandshund-hoodie\/#primaryimage"},"image":{"@id":"https:\/\/dogfamily.shop\/sv\/product\/okategoriserade\/kopia-av-pappan-till-en-lycklig-shetlandshund-hoodie\/#primaryimage"},"thumbnailUrl":"https:\/\/dogfamily.shop\/wp-content\/uploads\/2023\/10\/32912.jpg","datePublished":"2023-10-05T13:04:14+00:00","breadcrumb":{"@id":"https:\/\/dogfamily.shop\/sv\/product\/okategoriserade\/kopia-av-pappan-till-en-lycklig-shetlandshund-hoodie\/#breadcrumb"},"inLanguage":"sv-SE","potentialAction":[{"@type":"ReadAction","target":["https:\/\/dogfamily.shop\/sv\/product\/okategoriserade\/kopia-av-pappan-till-en-lycklig-shetlandshund-hoodie\/"]}]},{"@type":"ImageObject","inLanguage":"sv-SE","@id":"https:\/\/dogfamily.shop\/sv\/product\/okategoriserade\/kopia-av-pappan-till-en-lycklig-shetlandshund-hoodie\/#primaryimage","url":"https:\/\/dogfamily.shop\/wp-content\/uploads\/2023\/10\/32912.jpg","contentUrl":"https:\/\/dogfamily.shop\/wp-content\/uploads\/2023\/10\/32912.jpg","width":1200,"height":1200},{"@type":"BreadcrumbList","@id":"https:\/\/dogfamily.shop\/sv\/product\/okategoriserade\/kopia-av-pappan-till-en-lycklig-shetlandshund-hoodie\/#breadcrumb","itemListElement":[{"@type":"ListItem","position":1,"name":"Home","item":"https:\/\/dogfamily.shop\/sv\/"},{"@type":"ListItem","position":2,"name":"Butik","item":"https:\/\/dogfamily.shop\/sv\/butik\/"},{"@type":"ListItem","position":3,"name":"Kopia av pappan till en lycklig shetland sheepdog, huvtr\u00f6ja"}]},{"@type":"WebSite","@id":"https:\/\/dogfamily.shop\/sv\/#website","url":"https:\/\/dogfamily.shop\/sv\/","name":"Dog Family Shop","description":"Everything for dog family, clothes, accessories, bed linen and more","publisher":{"@id":"https:\/\/dogfamily.shop\/sv\/#organization"},"potentialAction":[{"@type":"SearchAction","target":{"@type":"EntryPoint","urlTemplate":"https:\/\/dogfamily.shop\/sv\/?s={search_term_string}"},"query-input":{"@type":"PropertyValueSpecification","valueRequired":true,"valueName":"search_term_string"}}],"inLanguage":"sv-SE"},{"@type":"Organization","@id":"https:\/\/dogfamily.shop\/sv\/#organization","name":"Dog Family Shop","url":"https:\/\/dogfamily.shop\/sv\/","logo":{"@type":"ImageObject","inLanguage":"sv-SE","@id":"https:\/\/dogfamily.shop\/sv\/#\/schema\/logo\/image\/","url":"\/wp-content\/uploads\/2023\/05\/Logo1.png","contentUrl":"\/wp-content\/uploads\/2023\/05\/Logo1.png","width":800,"height":582,"caption":"Dog Family Shop"},"image":{"@id":"https:\/\/dogfamily.shop\/sv\/#\/schema\/logo\/image\/"}}]}},"jetpack_sharing_enabled":true,"_links":{"self":[{"href":"https:\/\/dogfamily.shop\/sv\/wp-json\/wp\/v2\/product\/3257","targetHints":{"allow":["GET"]}}],"collection":[{"href":"https:\/\/dogfamily.shop\/sv\/wp-json\/wp\/v2\/product"}],"about":[{"href":"https:\/\/dogfamily.shop\/sv\/wp-json\/wp\/v2\/types\/product"}],"replies":[{"embeddable":true,"href":"https:\/\/dogfamily.shop\/sv\/wp-json\/wp\/v2\/comments?post=3257"}],"wp:featuredmedia":[{"embeddable":true,"href":"https:\/\/dogfamily.shop\/sv\/wp-json\/wp\/v2\/media\/3280"}],"wp:attachment":[{"href":"https:\/\/dogfamily.shop\/sv\/wp-json\/wp\/v2\/media?parent=3257"}],"wp:term":[{"taxonomy":"product_brand","embeddable":true,"href":"https:\/\/dogfamily.shop\/sv\/wp-json\/wp\/v2\/product_brand?post=3257"},{"taxonomy":"product_cat","embeddable":true,"href":"https:\/\/dogfamily.shop\/sv\/wp-json\/wp\/v2\/product_cat?post=3257"},{"taxonomy":"product_tag","embeddable":true,"href":"https:\/\/dogfamily.shop\/sv\/wp-json\/wp\/v2\/product_tag?post=3257"}],"curies":[{"name":"wp","href":"https:\/\/api.w.org\/{rel}","templated":true}]}}