{"id":3162,"date":"2023-06-04T17:11:58","date_gmt":"2023-06-04T15:11:58","guid":{"rendered":"https:\/\/dogfamily.shop\/product\/okategoriserad\/pappa-till-en-lycklig-shetland-sheepdog-hoodie\/"},"modified":"2023-06-04T17:20:51","modified_gmt":"2023-06-04T15:20:51","slug":"pappa-till-en-lycklig-shetlandsfarhund-hoodie","status":"publish","type":"product","link":"https:\/\/dogfamily.shop\/sv\/product\/herrklader\/pappa-till-en-lycklig-shetlandsfarhund-hoodie\/","title":{"rendered":"Pappa till en lycklig shetland sheepdog, Hoodie"},"content":{"rendered":"<p>Visa din stolthet som hund\u00e4gare med v\u00e5r exklusiva huvtr\u00f6ja &#8221;Dad of a Happy Shetland Sheepdog&#8221;! Denna huvtr\u00f6ja \u00e4r tillverkad med k\u00e4rlek och utformad f\u00f6r ultimat komfort, s\u00e5 att du kan visa din h\u00e4ngivenhet till din lurviga f\u00f6ljeslagare med stil. V\u00e5rt h\u00f6gkvalitativa tyg ger en mysig k\u00e4nsla, medan den i\u00f6gonfallande designen stolt visar ditt unika band med din Shetland Sheepdog. Stick ut fr\u00e5n m\u00e4ngden och g\u00f6r ett statement med denna m\u00e5ste-ha-hoodie som hyllar gl\u00e4djen i att vara en stolt hundpappa.<\/p>\n<p>Lystring alla Shetland Sheepdog-entusiaster! Lyft ditt hund\u00e4lskande mode med v\u00e5r huvtr\u00f6ja &#8221;Dad of a Happy Shetland Sheepdog&#8221;. Den h\u00e4r huvtr\u00f6jan \u00e4r designad med b\u00e5de stil och komfort i \u00e5tanke och \u00e4r perfekt f\u00f6r alla tillf\u00e4llen. Oavsett om du tar med din fyrbenta v\u00e4n p\u00e5 en promenad i parken eller bara kopplar av hemma, garanterar v\u00e5r huvtr\u00f6ja en \u00e5tsittande passform och enkel stil. Visa din k\u00e4rlek till din Shetland Sheepdog och l\u00e5t v\u00e4rlden veta att du \u00e4r en stolt hund\u00e4gare med denna anm\u00e4rkningsv\u00e4rda garderob.<\/p>\n<p>Kallar alla stolta \u00e4gare av shetland sheepdog! V\u00e5r huvtr\u00f6ja &#8221;Dad of a Happy Shetland Sheepdog&#8221; h\u00e5ller dig varm, mysig och snygg. Denna huvtr\u00f6ja \u00e4r tillverkad med st\u00f6rsta omsorg och k\u00e4nsla f\u00f6r detaljer och har en unik design som f\u00e5ngar essensen av ditt band till din Shetland Sheepdog. Det \u00e4r den perfekta konversationsstartaren, s\u00e5 att du kan f\u00e5 kontakt med andra hund\u00e4lskare och dela hj\u00e4rtv\u00e4rmande ber\u00e4ttelser. Uttryck din stolthet som pappa till en Shetland Sheepdog med denna exceptionella huvtr\u00f6ja som kombinerar mode och passion f\u00f6r din lurviga f\u00f6ljeslagare.<\/p>\n","protected":false},"excerpt":{"rendered":"<p>G\u00f6r dig redo att visa din k\u00e4rlek till din Shetland Sheepdog med v\u00e5r huvtr\u00f6ja &#8221;Dad of a Happy Shetland Sheepdog&#8221;. Denna huvtr\u00f6ja i premiumkvalitet \u00e4r utformad f\u00f6r att h\u00e5lla dig varm och snygg. L\u00e5t v\u00e4rlden veta vilket speciellt band du delar med din lurviga v\u00e4n n\u00e4r du omfamnar v\u00e4rmen och komforten i denna anm\u00e4rkningsv\u00e4rda huvtr\u00f6ja. Denna huvtr\u00f6ja \u00e4r perfekt f\u00f6r hundpromenader eller f\u00f6r att slappna av hemma och \u00e4r ett m\u00e5ste f\u00f6r alla stolta \u00e4gare av shetland sheepdog.<\/p>\n","protected":false},"featured_media":3180,"comment_status":"open","ping_status":"closed","template":"","meta":{"_monsterinsights_skip_tracking":false,"_monsterinsights_sitenote_active":false,"_monsterinsights_sitenote_note":"","_monsterinsights_sitenote_category":0},"product_brand":[],"product_cat":[100,159],"product_tag":[69,67,44,156],"class_list":{"0":"post-3162","1":"product","2":"type-product","3":"status-publish","4":"has-post-thumbnail","6":"product_cat-herrklader","7":"product_cat-shetland-sheepdog-sv","8":"product_tag-hundagare","9":"product_tag-hundagare-gava","10":"product_tag-pappa-till-en-hund","11":"product_tag-shetland-sheepdog-sv","13":"first","14":"instock","15":"taxable","16":"shipping-taxable","17":"purchasable","18":"product-type-variable","19":"has-default-attributes"},"yoast_head":"<!-- This site is optimized with the Yoast SEO plugin v27.4 - https:\/\/yoast.com\/product\/yoast-seo-wordpress\/ -->\n<title>Pappa till en lycklig shetland sheepdog, Hoodie - Dog Family Shop<\/title>\n<meta name=\"robots\" content=\"index, follow, max-snippet:-1, max-image-preview:large, max-video-preview:-1\" \/>\n<link rel=\"canonical\" href=\"https:\/\/dogfamily.shop\/sv\/product\/herrklader\/pappa-till-en-lycklig-shetlandsfarhund-hoodie\/\" \/>\n<meta property=\"og:locale\" content=\"sv_SE\" \/>\n<meta property=\"og:type\" content=\"article\" \/>\n<meta property=\"og:title\" content=\"Pappa till en lycklig shetland sheepdog, Hoodie - Dog Family Shop\" \/>\n<meta property=\"og:description\" content=\"G\u00f6r dig redo att visa din k\u00e4rlek till din Shetland Sheepdog med v\u00e5r huvtr\u00f6ja &quot;Dad of a Happy Shetland Sheepdog&quot;. Denna huvtr\u00f6ja i premiumkvalitet \u00e4r utformad f\u00f6r att h\u00e5lla dig varm och snygg. L\u00e5t v\u00e4rlden veta vilket speciellt band du delar med din lurviga v\u00e4n n\u00e4r du omfamnar v\u00e4rmen och komforten i denna anm\u00e4rkningsv\u00e4rda huvtr\u00f6ja. Denna huvtr\u00f6ja \u00e4r perfekt f\u00f6r hundpromenader eller f\u00f6r att slappna av hemma och \u00e4r ett m\u00e5ste f\u00f6r alla stolta \u00e4gare av shetland sheepdog.\" \/>\n<meta property=\"og:url\" content=\"https:\/\/dogfamily.shop\/sv\/product\/herrklader\/pappa-till-en-lycklig-shetlandsfarhund-hoodie\/\" \/>\n<meta property=\"og:site_name\" content=\"Dog Family Shop\" \/>\n<meta property=\"article:modified_time\" content=\"2023-06-04T15:20:51+00:00\" \/>\n<meta property=\"og:image\" content=\"https:\/\/dogfamily.shop\/wp-content\/uploads\/2023\/06\/32910-27.jpg\" \/>\n\t<meta property=\"og:image:width\" content=\"1200\" \/>\n\t<meta property=\"og:image:height\" content=\"1200\" \/>\n\t<meta property=\"og:image:type\" content=\"image\/jpeg\" \/>\n<meta name=\"twitter:card\" content=\"summary_large_image\" \/>\n<meta name=\"twitter:label1\" content=\"Ber\u00e4knad l\u00e4stid\" \/>\n\t<meta name=\"twitter:data1\" content=\"1 minut\" \/>\n<script type=\"application\/ld+json\" class=\"yoast-schema-graph\">{\"@context\":\"https:\\\/\\\/schema.org\",\"@graph\":[{\"@type\":\"WebPage\",\"@id\":\"https:\\\/\\\/dogfamily.shop\\\/sv\\\/product\\\/herrklader\\\/pappa-till-en-lycklig-shetlandsfarhund-hoodie\\\/\",\"url\":\"https:\\\/\\\/dogfamily.shop\\\/sv\\\/product\\\/herrklader\\\/pappa-till-en-lycklig-shetlandsfarhund-hoodie\\\/\",\"name\":\"Pappa till en lycklig shetland sheepdog, Hoodie - Dog Family Shop\",\"isPartOf\":{\"@id\":\"https:\\\/\\\/dogfamily.shop\\\/sv\\\/#website\"},\"primaryImageOfPage\":{\"@id\":\"https:\\\/\\\/dogfamily.shop\\\/sv\\\/product\\\/herrklader\\\/pappa-till-en-lycklig-shetlandsfarhund-hoodie\\\/#primaryimage\"},\"image\":{\"@id\":\"https:\\\/\\\/dogfamily.shop\\\/sv\\\/product\\\/herrklader\\\/pappa-till-en-lycklig-shetlandsfarhund-hoodie\\\/#primaryimage\"},\"thumbnailUrl\":\"https:\\\/\\\/dogfamily.shop\\\/wp-content\\\/uploads\\\/2023\\\/06\\\/32910-27.jpg\",\"datePublished\":\"2023-06-04T15:11:58+00:00\",\"dateModified\":\"2023-06-04T15:20:51+00:00\",\"breadcrumb\":{\"@id\":\"https:\\\/\\\/dogfamily.shop\\\/sv\\\/product\\\/herrklader\\\/pappa-till-en-lycklig-shetlandsfarhund-hoodie\\\/#breadcrumb\"},\"inLanguage\":\"sv-SE\",\"potentialAction\":[{\"@type\":\"ReadAction\",\"target\":[\"https:\\\/\\\/dogfamily.shop\\\/sv\\\/product\\\/herrklader\\\/pappa-till-en-lycklig-shetlandsfarhund-hoodie\\\/\"]}]},{\"@type\":\"ImageObject\",\"inLanguage\":\"sv-SE\",\"@id\":\"https:\\\/\\\/dogfamily.shop\\\/sv\\\/product\\\/herrklader\\\/pappa-till-en-lycklig-shetlandsfarhund-hoodie\\\/#primaryimage\",\"url\":\"https:\\\/\\\/dogfamily.shop\\\/wp-content\\\/uploads\\\/2023\\\/06\\\/32910-27.jpg\",\"contentUrl\":\"https:\\\/\\\/dogfamily.shop\\\/wp-content\\\/uploads\\\/2023\\\/06\\\/32910-27.jpg\",\"width\":1200,\"height\":1200},{\"@type\":\"BreadcrumbList\",\"@id\":\"https:\\\/\\\/dogfamily.shop\\\/sv\\\/product\\\/herrklader\\\/pappa-till-en-lycklig-shetlandsfarhund-hoodie\\\/#breadcrumb\",\"itemListElement\":[{\"@type\":\"ListItem\",\"position\":1,\"name\":\"Home\",\"item\":\"https:\\\/\\\/dogfamily.shop\\\/sv\\\/\"},{\"@type\":\"ListItem\",\"position\":2,\"name\":\"Butik\",\"item\":\"https:\\\/\\\/dogfamily.shop\\\/sv\\\/butik\\\/\"},{\"@type\":\"ListItem\",\"position\":3,\"name\":\"Pappa till en lycklig shetland sheepdog, Hoodie\"}]},{\"@type\":\"WebSite\",\"@id\":\"https:\\\/\\\/dogfamily.shop\\\/sv\\\/#website\",\"url\":\"https:\\\/\\\/dogfamily.shop\\\/sv\\\/\",\"name\":\"Dog Family Shop\",\"description\":\"Everything for dog family, clothes, accessories, bed linen and more\",\"publisher\":{\"@id\":\"https:\\\/\\\/dogfamily.shop\\\/sv\\\/#organization\"},\"potentialAction\":[{\"@type\":\"SearchAction\",\"target\":{\"@type\":\"EntryPoint\",\"urlTemplate\":\"https:\\\/\\\/dogfamily.shop\\\/sv\\\/?s={search_term_string}\"},\"query-input\":{\"@type\":\"PropertyValueSpecification\",\"valueRequired\":true,\"valueName\":\"search_term_string\"}}],\"inLanguage\":\"sv-SE\"},{\"@type\":\"Organization\",\"@id\":\"https:\\\/\\\/dogfamily.shop\\\/sv\\\/#organization\",\"name\":\"Dog Family Shop\",\"url\":\"https:\\\/\\\/dogfamily.shop\\\/sv\\\/\",\"logo\":{\"@type\":\"ImageObject\",\"inLanguage\":\"sv-SE\",\"@id\":\"https:\\\/\\\/dogfamily.shop\\\/sv\\\/#\\\/schema\\\/logo\\\/image\\\/\",\"url\":\"\\\/wp-content\\\/uploads\\\/2023\\\/05\\\/Logo1.png\",\"contentUrl\":\"\\\/wp-content\\\/uploads\\\/2023\\\/05\\\/Logo1.png\",\"width\":800,\"height\":582,\"caption\":\"Dog Family Shop\"},\"image\":{\"@id\":\"https:\\\/\\\/dogfamily.shop\\\/sv\\\/#\\\/schema\\\/logo\\\/image\\\/\"}}]}<\/script>\n<!-- \/ Yoast SEO plugin. -->","yoast_head_json":{"title":"Pappa till en lycklig shetland sheepdog, Hoodie - Dog Family Shop","robots":{"index":"index","follow":"follow","max-snippet":"max-snippet:-1","max-image-preview":"max-image-preview:large","max-video-preview":"max-video-preview:-1"},"canonical":"https:\/\/dogfamily.shop\/sv\/product\/herrklader\/pappa-till-en-lycklig-shetlandsfarhund-hoodie\/","og_locale":"sv_SE","og_type":"article","og_title":"Pappa till en lycklig shetland sheepdog, Hoodie - Dog Family Shop","og_description":"G\u00f6r dig redo att visa din k\u00e4rlek till din Shetland Sheepdog med v\u00e5r huvtr\u00f6ja \"Dad of a Happy Shetland Sheepdog\". Denna huvtr\u00f6ja i premiumkvalitet \u00e4r utformad f\u00f6r att h\u00e5lla dig varm och snygg. L\u00e5t v\u00e4rlden veta vilket speciellt band du delar med din lurviga v\u00e4n n\u00e4r du omfamnar v\u00e4rmen och komforten i denna anm\u00e4rkningsv\u00e4rda huvtr\u00f6ja. Denna huvtr\u00f6ja \u00e4r perfekt f\u00f6r hundpromenader eller f\u00f6r att slappna av hemma och \u00e4r ett m\u00e5ste f\u00f6r alla stolta \u00e4gare av shetland sheepdog.","og_url":"https:\/\/dogfamily.shop\/sv\/product\/herrklader\/pappa-till-en-lycklig-shetlandsfarhund-hoodie\/","og_site_name":"Dog Family Shop","article_modified_time":"2023-06-04T15:20:51+00:00","og_image":[{"width":1200,"height":1200,"url":"https:\/\/dogfamily.shop\/wp-content\/uploads\/2023\/06\/32910-27.jpg","type":"image\/jpeg"}],"twitter_card":"summary_large_image","twitter_misc":{"Ber\u00e4knad l\u00e4stid":"1 minut"},"schema":{"@context":"https:\/\/schema.org","@graph":[{"@type":"WebPage","@id":"https:\/\/dogfamily.shop\/sv\/product\/herrklader\/pappa-till-en-lycklig-shetlandsfarhund-hoodie\/","url":"https:\/\/dogfamily.shop\/sv\/product\/herrklader\/pappa-till-en-lycklig-shetlandsfarhund-hoodie\/","name":"Pappa till en lycklig shetland sheepdog, Hoodie - Dog Family Shop","isPartOf":{"@id":"https:\/\/dogfamily.shop\/sv\/#website"},"primaryImageOfPage":{"@id":"https:\/\/dogfamily.shop\/sv\/product\/herrklader\/pappa-till-en-lycklig-shetlandsfarhund-hoodie\/#primaryimage"},"image":{"@id":"https:\/\/dogfamily.shop\/sv\/product\/herrklader\/pappa-till-en-lycklig-shetlandsfarhund-hoodie\/#primaryimage"},"thumbnailUrl":"https:\/\/dogfamily.shop\/wp-content\/uploads\/2023\/06\/32910-27.jpg","datePublished":"2023-06-04T15:11:58+00:00","dateModified":"2023-06-04T15:20:51+00:00","breadcrumb":{"@id":"https:\/\/dogfamily.shop\/sv\/product\/herrklader\/pappa-till-en-lycklig-shetlandsfarhund-hoodie\/#breadcrumb"},"inLanguage":"sv-SE","potentialAction":[{"@type":"ReadAction","target":["https:\/\/dogfamily.shop\/sv\/product\/herrklader\/pappa-till-en-lycklig-shetlandsfarhund-hoodie\/"]}]},{"@type":"ImageObject","inLanguage":"sv-SE","@id":"https:\/\/dogfamily.shop\/sv\/product\/herrklader\/pappa-till-en-lycklig-shetlandsfarhund-hoodie\/#primaryimage","url":"https:\/\/dogfamily.shop\/wp-content\/uploads\/2023\/06\/32910-27.jpg","contentUrl":"https:\/\/dogfamily.shop\/wp-content\/uploads\/2023\/06\/32910-27.jpg","width":1200,"height":1200},{"@type":"BreadcrumbList","@id":"https:\/\/dogfamily.shop\/sv\/product\/herrklader\/pappa-till-en-lycklig-shetlandsfarhund-hoodie\/#breadcrumb","itemListElement":[{"@type":"ListItem","position":1,"name":"Home","item":"https:\/\/dogfamily.shop\/sv\/"},{"@type":"ListItem","position":2,"name":"Butik","item":"https:\/\/dogfamily.shop\/sv\/butik\/"},{"@type":"ListItem","position":3,"name":"Pappa till en lycklig shetland sheepdog, Hoodie"}]},{"@type":"WebSite","@id":"https:\/\/dogfamily.shop\/sv\/#website","url":"https:\/\/dogfamily.shop\/sv\/","name":"Dog Family Shop","description":"Everything for dog family, clothes, accessories, bed linen and more","publisher":{"@id":"https:\/\/dogfamily.shop\/sv\/#organization"},"potentialAction":[{"@type":"SearchAction","target":{"@type":"EntryPoint","urlTemplate":"https:\/\/dogfamily.shop\/sv\/?s={search_term_string}"},"query-input":{"@type":"PropertyValueSpecification","valueRequired":true,"valueName":"search_term_string"}}],"inLanguage":"sv-SE"},{"@type":"Organization","@id":"https:\/\/dogfamily.shop\/sv\/#organization","name":"Dog Family Shop","url":"https:\/\/dogfamily.shop\/sv\/","logo":{"@type":"ImageObject","inLanguage":"sv-SE","@id":"https:\/\/dogfamily.shop\/sv\/#\/schema\/logo\/image\/","url":"\/wp-content\/uploads\/2023\/05\/Logo1.png","contentUrl":"\/wp-content\/uploads\/2023\/05\/Logo1.png","width":800,"height":582,"caption":"Dog Family Shop"},"image":{"@id":"https:\/\/dogfamily.shop\/sv\/#\/schema\/logo\/image\/"}}]}},"jetpack_sharing_enabled":true,"_links":{"self":[{"href":"https:\/\/dogfamily.shop\/sv\/wp-json\/wp\/v2\/product\/3162","targetHints":{"allow":["GET"]}}],"collection":[{"href":"https:\/\/dogfamily.shop\/sv\/wp-json\/wp\/v2\/product"}],"about":[{"href":"https:\/\/dogfamily.shop\/sv\/wp-json\/wp\/v2\/types\/product"}],"replies":[{"embeddable":true,"href":"https:\/\/dogfamily.shop\/sv\/wp-json\/wp\/v2\/comments?post=3162"}],"wp:featuredmedia":[{"embeddable":true,"href":"https:\/\/dogfamily.shop\/sv\/wp-json\/wp\/v2\/media\/3180"}],"wp:attachment":[{"href":"https:\/\/dogfamily.shop\/sv\/wp-json\/wp\/v2\/media?parent=3162"}],"wp:term":[{"taxonomy":"product_brand","embeddable":true,"href":"https:\/\/dogfamily.shop\/sv\/wp-json\/wp\/v2\/product_brand?post=3162"},{"taxonomy":"product_cat","embeddable":true,"href":"https:\/\/dogfamily.shop\/sv\/wp-json\/wp\/v2\/product_cat?post=3162"},{"taxonomy":"product_tag","embeddable":true,"href":"https:\/\/dogfamily.shop\/sv\/wp-json\/wp\/v2\/product_tag?post=3162"}],"curies":[{"name":"wp","href":"https:\/\/api.w.org\/{rel}","templated":true}]}}