{"id":3037,"date":"2023-06-04T17:08:59","date_gmt":"2023-06-04T15:08:59","guid":{"rendered":"https:\/\/dogfamily.shop\/product\/okategoriserad\/mamma-till-en-lycklig-shetland-sheepdog-hoodie\/"},"modified":"2023-06-04T17:25:56","modified_gmt":"2023-06-04T15:25:56","slug":"mamma-till-en-lycklig-shetlandsfarhund-hoodie","status":"publish","type":"product","link":"https:\/\/dogfamily.shop\/sv\/product\/damklader-3\/mamma-till-en-lycklig-shetlandsfarhund-hoodie\/","title":{"rendered":"Mamma till en lycklig shetland sheepdog, Hoodie"},"content":{"rendered":"<p>\u00c4r du en stolt hund\u00e4gare, s\u00e4rskilt av en f\u00f6rtjusande Shetland Sheepdog? S\u00f6k inte l\u00e4ngre! V\u00e5r premiumhoodie f\u00f6r Shetland Sheepdog \u00e4r det perfekta s\u00e4ttet att visa din k\u00e4rlek till din lurviga v\u00e4n. Denna snygga huvtr\u00f6ja \u00e4r tillverkad med st\u00f6rsta omsorg och k\u00e4nsla f\u00f6r detaljer och kombinerar komfort och mode p\u00e5 ett enkelt s\u00e4tt. Med sitt mjuka tyg och smickrande passform kommer du inte bara att k\u00e4nna dig ombonad utan \u00e4ven f\u00e5 m\u00e5nga blickar p\u00e5 dig var du \u00e4n g\u00e5r. L\u00e5t din stolthet lysa igenom n\u00e4r du sj\u00e4lvs\u00e4kert b\u00e4r denna Shetland Sheepdog Hoodie som hyllar bandet mellan dig och din \u00e4lskade f\u00f6ljeslagare.<\/p>\n<p>Lyft din hund\u00e4gares mode med v\u00e5r Shetland Sheepdog Hoodie, designad f\u00f6r att g\u00f6ra ett statement vart du \u00e4n g\u00e5r. Den h\u00e4r huvtr\u00f6jan \u00e4r tillverkad med precision och har en unik design som f\u00e5ngar k\u00e4rnan i rasen Shetland Sheepdog och lyfter fram dess charm och intelligens. Den \u00e4r inte bara snygg, utan har ocks\u00e5 en bekv\u00e4m och \u00e5tsittande passform som g\u00f6r den perfekt f\u00f6r avslappnade utflykter, utomhusaktiviteter eller mysiga hemmakv\u00e4llar. Visa v\u00e4rlden din passion f\u00f6r din Shetland Sheepdog genom att b\u00e4ra denna trendiga och snygga huvtr\u00f6ja som garanterat kommer att f\u00e5 komplimanger.<\/p>\n<p>Som stolt \u00e4gare av en Shetland Sheepdog f\u00f6rtj\u00e4nar du en garderob som speglar din k\u00e4rlek och beundran f\u00f6r denna anm\u00e4rkningsv\u00e4rda ras. V\u00e5r Shetland Sheepdog Hoodie \u00e4r det perfekta tillskottet till din kollektion, med b\u00e5de stil och inneh\u00e5ll. Denna huvtr\u00f6ja \u00e4r tillverkad av material av h\u00f6gsta kvalitet och \u00e4r inte bara slitstark utan ger ocks\u00e5 maximal komfort under hela dagen. Den m\u00e5ngsidiga designen g\u00f6r att du kan b\u00e4ra den vid olika tillf\u00e4llen, fr\u00e5n promenader i parken till avslappnade sammankomster. Visa din h\u00e4ngivenhet till din Shetland Sheepdog och g\u00f6r ett best\u00e5ende intryck med denna anm\u00e4rkningsv\u00e4rda huvtr\u00f6ja som s\u00e4ger mycket om ditt hundkompisskap.<\/p>\n","protected":false},"excerpt":{"rendered":"<p>Lyft din hundmammas stil med v\u00e5r huvtr\u00f6ja &#8221;Mom of a Happy Shetland Sheepdog&#8221;. Denna huvtr\u00f6ja \u00e4r tillverkad av f\u00f6rstklassiga material och \u00e4r utformad f\u00f6r att h\u00e5lla dig mysig samtidigt som du visar din k\u00e4rlek till din Sheltie.<\/p>\n<p>Upplev komfort och stil i v\u00e5r huvtr\u00f6ja med texten &#8221;Mom of a Happy Shetland Sheepdog&#8221;. Den h\u00e4r huvtr\u00f6jan \u00e4r perfekt f\u00f6r stolta hundmammor och har en unik design som hyllar det speciella bandet mellan dig och din Sheltie.<\/p>\n<p>H\u00e5ll dig varm och visa din k\u00e4rlek till Sheltie med v\u00e5r huvtr\u00f6ja &#8221;Mom of a Happy Shetland Sheepdog&#8221;. Den h\u00e4r huvtr\u00f6jan \u00e4r tillverkad med omsorg och kombinerar mode och funktionalitet, vilket g\u00f6r den till ett m\u00e5ste f\u00f6r alla stolta \u00e4gare av shetland sheepdog.<\/p>\n","protected":false},"featured_media":3069,"comment_status":"open","ping_status":"closed","template":"","meta":{"_monsterinsights_skip_tracking":false,"_monsterinsights_sitenote_active":false,"_monsterinsights_sitenote_note":"","_monsterinsights_sitenote_category":0},"product_brand":[],"product_cat":[97,159],"product_tag":[69,67,42,156],"class_list":{"0":"post-3037","1":"product","2":"type-product","3":"status-publish","4":"has-post-thumbnail","6":"product_cat-damklader-3","7":"product_cat-shetland-sheepdog-sv","8":"product_tag-hundagare","9":"product_tag-hundagare-gava","10":"product_tag-hundmamma","11":"product_tag-shetland-sheepdog-sv","13":"first","14":"instock","15":"taxable","16":"shipping-taxable","17":"purchasable","18":"product-type-variable","19":"has-default-attributes"},"yoast_head":"<!-- This site is optimized with the Yoast SEO plugin v27.4 - https:\/\/yoast.com\/product\/yoast-seo-wordpress\/ -->\n<title>Mamma till en lycklig shetland sheepdog, Hoodie - Dog Family Shop<\/title>\n<meta name=\"robots\" content=\"index, follow, max-snippet:-1, max-image-preview:large, max-video-preview:-1\" \/>\n<link rel=\"canonical\" href=\"https:\/\/dogfamily.shop\/sv\/product\/damklader-3\/mamma-till-en-lycklig-shetlandsfarhund-hoodie\/\" \/>\n<meta property=\"og:locale\" content=\"sv_SE\" \/>\n<meta property=\"og:type\" content=\"article\" \/>\n<meta property=\"og:title\" content=\"Mamma till en lycklig shetland sheepdog, Hoodie - Dog Family Shop\" \/>\n<meta property=\"og:description\" content=\"Lyft din hundmammas stil med v\u00e5r huvtr\u00f6ja &quot;Mom of a Happy Shetland Sheepdog&quot;. Denna huvtr\u00f6ja \u00e4r tillverkad av f\u00f6rstklassiga material och \u00e4r utformad f\u00f6r att h\u00e5lla dig mysig samtidigt som du visar din k\u00e4rlek till din Sheltie. Upplev komfort och stil i v\u00e5r huvtr\u00f6ja med texten &quot;Mom of a Happy Shetland Sheepdog&quot;. Den h\u00e4r huvtr\u00f6jan \u00e4r perfekt f\u00f6r stolta hundmammor och har en unik design som hyllar det speciella bandet mellan dig och din Sheltie. H\u00e5ll dig varm och visa din k\u00e4rlek till Sheltie med v\u00e5r huvtr\u00f6ja &quot;Mom of a Happy Shetland Sheepdog&quot;. Den h\u00e4r huvtr\u00f6jan \u00e4r tillverkad med omsorg och kombinerar mode och funktionalitet, vilket g\u00f6r den till ett m\u00e5ste f\u00f6r alla stolta \u00e4gare av shetland sheepdog.\" \/>\n<meta property=\"og:url\" content=\"https:\/\/dogfamily.shop\/sv\/product\/damklader-3\/mamma-till-en-lycklig-shetlandsfarhund-hoodie\/\" \/>\n<meta property=\"og:site_name\" content=\"Dog Family Shop\" \/>\n<meta property=\"article:modified_time\" content=\"2023-06-04T15:25:56+00:00\" \/>\n<meta property=\"og:image\" content=\"https:\/\/dogfamily.shop\/wp-content\/uploads\/2023\/06\/42148-9.jpg\" \/>\n\t<meta property=\"og:image:width\" content=\"1200\" \/>\n\t<meta property=\"og:image:height\" content=\"1200\" \/>\n\t<meta property=\"og:image:type\" content=\"image\/jpeg\" \/>\n<meta name=\"twitter:card\" content=\"summary_large_image\" \/>\n<meta name=\"twitter:label1\" content=\"Ber\u00e4knad l\u00e4stid\" \/>\n\t<meta name=\"twitter:data1\" content=\"2 minuter\" \/>\n<script type=\"application\/ld+json\" class=\"yoast-schema-graph\">{\"@context\":\"https:\\\/\\\/schema.org\",\"@graph\":[{\"@type\":\"WebPage\",\"@id\":\"https:\\\/\\\/dogfamily.shop\\\/sv\\\/product\\\/damklader-3\\\/mamma-till-en-lycklig-shetlandsfarhund-hoodie\\\/\",\"url\":\"https:\\\/\\\/dogfamily.shop\\\/sv\\\/product\\\/damklader-3\\\/mamma-till-en-lycklig-shetlandsfarhund-hoodie\\\/\",\"name\":\"Mamma till en lycklig shetland sheepdog, Hoodie - Dog Family Shop\",\"isPartOf\":{\"@id\":\"https:\\\/\\\/dogfamily.shop\\\/sv\\\/#website\"},\"primaryImageOfPage\":{\"@id\":\"https:\\\/\\\/dogfamily.shop\\\/sv\\\/product\\\/damklader-3\\\/mamma-till-en-lycklig-shetlandsfarhund-hoodie\\\/#primaryimage\"},\"image\":{\"@id\":\"https:\\\/\\\/dogfamily.shop\\\/sv\\\/product\\\/damklader-3\\\/mamma-till-en-lycklig-shetlandsfarhund-hoodie\\\/#primaryimage\"},\"thumbnailUrl\":\"https:\\\/\\\/dogfamily.shop\\\/wp-content\\\/uploads\\\/2023\\\/06\\\/42148-9.jpg\",\"datePublished\":\"2023-06-04T15:08:59+00:00\",\"dateModified\":\"2023-06-04T15:25:56+00:00\",\"breadcrumb\":{\"@id\":\"https:\\\/\\\/dogfamily.shop\\\/sv\\\/product\\\/damklader-3\\\/mamma-till-en-lycklig-shetlandsfarhund-hoodie\\\/#breadcrumb\"},\"inLanguage\":\"sv-SE\",\"potentialAction\":[{\"@type\":\"ReadAction\",\"target\":[\"https:\\\/\\\/dogfamily.shop\\\/sv\\\/product\\\/damklader-3\\\/mamma-till-en-lycklig-shetlandsfarhund-hoodie\\\/\"]}]},{\"@type\":\"ImageObject\",\"inLanguage\":\"sv-SE\",\"@id\":\"https:\\\/\\\/dogfamily.shop\\\/sv\\\/product\\\/damklader-3\\\/mamma-till-en-lycklig-shetlandsfarhund-hoodie\\\/#primaryimage\",\"url\":\"https:\\\/\\\/dogfamily.shop\\\/wp-content\\\/uploads\\\/2023\\\/06\\\/42148-9.jpg\",\"contentUrl\":\"https:\\\/\\\/dogfamily.shop\\\/wp-content\\\/uploads\\\/2023\\\/06\\\/42148-9.jpg\",\"width\":1200,\"height\":1200},{\"@type\":\"BreadcrumbList\",\"@id\":\"https:\\\/\\\/dogfamily.shop\\\/sv\\\/product\\\/damklader-3\\\/mamma-till-en-lycklig-shetlandsfarhund-hoodie\\\/#breadcrumb\",\"itemListElement\":[{\"@type\":\"ListItem\",\"position\":1,\"name\":\"Home\",\"item\":\"https:\\\/\\\/dogfamily.shop\\\/sv\\\/\"},{\"@type\":\"ListItem\",\"position\":2,\"name\":\"Butik\",\"item\":\"https:\\\/\\\/dogfamily.shop\\\/sv\\\/butik\\\/\"},{\"@type\":\"ListItem\",\"position\":3,\"name\":\"Mamma till en lycklig shetland sheepdog, Hoodie\"}]},{\"@type\":\"WebSite\",\"@id\":\"https:\\\/\\\/dogfamily.shop\\\/sv\\\/#website\",\"url\":\"https:\\\/\\\/dogfamily.shop\\\/sv\\\/\",\"name\":\"Dog Family Shop\",\"description\":\"Everything for dog family, clothes, accessories, bed linen and more\",\"publisher\":{\"@id\":\"https:\\\/\\\/dogfamily.shop\\\/sv\\\/#organization\"},\"potentialAction\":[{\"@type\":\"SearchAction\",\"target\":{\"@type\":\"EntryPoint\",\"urlTemplate\":\"https:\\\/\\\/dogfamily.shop\\\/sv\\\/?s={search_term_string}\"},\"query-input\":{\"@type\":\"PropertyValueSpecification\",\"valueRequired\":true,\"valueName\":\"search_term_string\"}}],\"inLanguage\":\"sv-SE\"},{\"@type\":\"Organization\",\"@id\":\"https:\\\/\\\/dogfamily.shop\\\/sv\\\/#organization\",\"name\":\"Dog Family Shop\",\"url\":\"https:\\\/\\\/dogfamily.shop\\\/sv\\\/\",\"logo\":{\"@type\":\"ImageObject\",\"inLanguage\":\"sv-SE\",\"@id\":\"https:\\\/\\\/dogfamily.shop\\\/sv\\\/#\\\/schema\\\/logo\\\/image\\\/\",\"url\":\"\\\/wp-content\\\/uploads\\\/2023\\\/05\\\/Logo1.png\",\"contentUrl\":\"\\\/wp-content\\\/uploads\\\/2023\\\/05\\\/Logo1.png\",\"width\":800,\"height\":582,\"caption\":\"Dog Family Shop\"},\"image\":{\"@id\":\"https:\\\/\\\/dogfamily.shop\\\/sv\\\/#\\\/schema\\\/logo\\\/image\\\/\"}}]}<\/script>\n<!-- \/ Yoast SEO plugin. -->","yoast_head_json":{"title":"Mamma till en lycklig shetland sheepdog, Hoodie - Dog Family Shop","robots":{"index":"index","follow":"follow","max-snippet":"max-snippet:-1","max-image-preview":"max-image-preview:large","max-video-preview":"max-video-preview:-1"},"canonical":"https:\/\/dogfamily.shop\/sv\/product\/damklader-3\/mamma-till-en-lycklig-shetlandsfarhund-hoodie\/","og_locale":"sv_SE","og_type":"article","og_title":"Mamma till en lycklig shetland sheepdog, Hoodie - Dog Family Shop","og_description":"Lyft din hundmammas stil med v\u00e5r huvtr\u00f6ja \"Mom of a Happy Shetland Sheepdog\". Denna huvtr\u00f6ja \u00e4r tillverkad av f\u00f6rstklassiga material och \u00e4r utformad f\u00f6r att h\u00e5lla dig mysig samtidigt som du visar din k\u00e4rlek till din Sheltie. Upplev komfort och stil i v\u00e5r huvtr\u00f6ja med texten \"Mom of a Happy Shetland Sheepdog\". Den h\u00e4r huvtr\u00f6jan \u00e4r perfekt f\u00f6r stolta hundmammor och har en unik design som hyllar det speciella bandet mellan dig och din Sheltie. H\u00e5ll dig varm och visa din k\u00e4rlek till Sheltie med v\u00e5r huvtr\u00f6ja \"Mom of a Happy Shetland Sheepdog\". Den h\u00e4r huvtr\u00f6jan \u00e4r tillverkad med omsorg och kombinerar mode och funktionalitet, vilket g\u00f6r den till ett m\u00e5ste f\u00f6r alla stolta \u00e4gare av shetland sheepdog.","og_url":"https:\/\/dogfamily.shop\/sv\/product\/damklader-3\/mamma-till-en-lycklig-shetlandsfarhund-hoodie\/","og_site_name":"Dog Family Shop","article_modified_time":"2023-06-04T15:25:56+00:00","og_image":[{"width":1200,"height":1200,"url":"https:\/\/dogfamily.shop\/wp-content\/uploads\/2023\/06\/42148-9.jpg","type":"image\/jpeg"}],"twitter_card":"summary_large_image","twitter_misc":{"Ber\u00e4knad l\u00e4stid":"2 minuter"},"schema":{"@context":"https:\/\/schema.org","@graph":[{"@type":"WebPage","@id":"https:\/\/dogfamily.shop\/sv\/product\/damklader-3\/mamma-till-en-lycklig-shetlandsfarhund-hoodie\/","url":"https:\/\/dogfamily.shop\/sv\/product\/damklader-3\/mamma-till-en-lycklig-shetlandsfarhund-hoodie\/","name":"Mamma till en lycklig shetland sheepdog, Hoodie - Dog Family Shop","isPartOf":{"@id":"https:\/\/dogfamily.shop\/sv\/#website"},"primaryImageOfPage":{"@id":"https:\/\/dogfamily.shop\/sv\/product\/damklader-3\/mamma-till-en-lycklig-shetlandsfarhund-hoodie\/#primaryimage"},"image":{"@id":"https:\/\/dogfamily.shop\/sv\/product\/damklader-3\/mamma-till-en-lycklig-shetlandsfarhund-hoodie\/#primaryimage"},"thumbnailUrl":"https:\/\/dogfamily.shop\/wp-content\/uploads\/2023\/06\/42148-9.jpg","datePublished":"2023-06-04T15:08:59+00:00","dateModified":"2023-06-04T15:25:56+00:00","breadcrumb":{"@id":"https:\/\/dogfamily.shop\/sv\/product\/damklader-3\/mamma-till-en-lycklig-shetlandsfarhund-hoodie\/#breadcrumb"},"inLanguage":"sv-SE","potentialAction":[{"@type":"ReadAction","target":["https:\/\/dogfamily.shop\/sv\/product\/damklader-3\/mamma-till-en-lycklig-shetlandsfarhund-hoodie\/"]}]},{"@type":"ImageObject","inLanguage":"sv-SE","@id":"https:\/\/dogfamily.shop\/sv\/product\/damklader-3\/mamma-till-en-lycklig-shetlandsfarhund-hoodie\/#primaryimage","url":"https:\/\/dogfamily.shop\/wp-content\/uploads\/2023\/06\/42148-9.jpg","contentUrl":"https:\/\/dogfamily.shop\/wp-content\/uploads\/2023\/06\/42148-9.jpg","width":1200,"height":1200},{"@type":"BreadcrumbList","@id":"https:\/\/dogfamily.shop\/sv\/product\/damklader-3\/mamma-till-en-lycklig-shetlandsfarhund-hoodie\/#breadcrumb","itemListElement":[{"@type":"ListItem","position":1,"name":"Home","item":"https:\/\/dogfamily.shop\/sv\/"},{"@type":"ListItem","position":2,"name":"Butik","item":"https:\/\/dogfamily.shop\/sv\/butik\/"},{"@type":"ListItem","position":3,"name":"Mamma till en lycklig shetland sheepdog, Hoodie"}]},{"@type":"WebSite","@id":"https:\/\/dogfamily.shop\/sv\/#website","url":"https:\/\/dogfamily.shop\/sv\/","name":"Dog Family Shop","description":"Everything for dog family, clothes, accessories, bed linen and more","publisher":{"@id":"https:\/\/dogfamily.shop\/sv\/#organization"},"potentialAction":[{"@type":"SearchAction","target":{"@type":"EntryPoint","urlTemplate":"https:\/\/dogfamily.shop\/sv\/?s={search_term_string}"},"query-input":{"@type":"PropertyValueSpecification","valueRequired":true,"valueName":"search_term_string"}}],"inLanguage":"sv-SE"},{"@type":"Organization","@id":"https:\/\/dogfamily.shop\/sv\/#organization","name":"Dog Family Shop","url":"https:\/\/dogfamily.shop\/sv\/","logo":{"@type":"ImageObject","inLanguage":"sv-SE","@id":"https:\/\/dogfamily.shop\/sv\/#\/schema\/logo\/image\/","url":"\/wp-content\/uploads\/2023\/05\/Logo1.png","contentUrl":"\/wp-content\/uploads\/2023\/05\/Logo1.png","width":800,"height":582,"caption":"Dog Family Shop"},"image":{"@id":"https:\/\/dogfamily.shop\/sv\/#\/schema\/logo\/image\/"}}]}},"jetpack_sharing_enabled":true,"_links":{"self":[{"href":"https:\/\/dogfamily.shop\/sv\/wp-json\/wp\/v2\/product\/3037","targetHints":{"allow":["GET"]}}],"collection":[{"href":"https:\/\/dogfamily.shop\/sv\/wp-json\/wp\/v2\/product"}],"about":[{"href":"https:\/\/dogfamily.shop\/sv\/wp-json\/wp\/v2\/types\/product"}],"replies":[{"embeddable":true,"href":"https:\/\/dogfamily.shop\/sv\/wp-json\/wp\/v2\/comments?post=3037"}],"wp:featuredmedia":[{"embeddable":true,"href":"https:\/\/dogfamily.shop\/sv\/wp-json\/wp\/v2\/media\/3069"}],"wp:attachment":[{"href":"https:\/\/dogfamily.shop\/sv\/wp-json\/wp\/v2\/media?parent=3037"}],"wp:term":[{"taxonomy":"product_brand","embeddable":true,"href":"https:\/\/dogfamily.shop\/sv\/wp-json\/wp\/v2\/product_brand?post=3037"},{"taxonomy":"product_cat","embeddable":true,"href":"https:\/\/dogfamily.shop\/sv\/wp-json\/wp\/v2\/product_cat?post=3037"},{"taxonomy":"product_tag","embeddable":true,"href":"https:\/\/dogfamily.shop\/sv\/wp-json\/wp\/v2\/product_tag?post=3037"}],"curies":[{"name":"wp","href":"https:\/\/api.w.org\/{rel}","templated":true}]}}