{"id":2919,"date":"2023-06-04T16:02:54","date_gmt":"2023-06-04T14:02:54","guid":{"rendered":"https:\/\/dogfamily.shop\/product\/okategoriserad\/mamma-till-en-lycklig-schaferhund-hoodie\/"},"modified":"2023-06-04T16:10:12","modified_gmt":"2023-06-04T14:10:12","slug":"mamma-till-en-lycklig-germansk-schafer-hoodie","status":"publish","type":"product","link":"https:\/\/dogfamily.shop\/sv\/product\/damklader-3\/mamma-till-en-lycklig-germansk-schafer-hoodie\/","title":{"rendered":"Mamma till en lycklig sch\u00e4ferhund, Hoodie"},"content":{"rendered":"<p>Lystring alla stolta hund\u00e4gare! Visa din k\u00e4rlek till din lojala sch\u00e4ferhund med v\u00e5r exklusiva huvtr\u00f6ja &#8221;Mom of a German Shepherd&#8221;. Denna huvtr\u00f6ja \u00e4r tillverkad av material av h\u00f6gsta kvalitet och h\u00e5ller dig inte bara varm utan l\u00e5ter dig ocks\u00e5 uttrycka ditt djupa band till din lurviga v\u00e4n. Oavsett om du ska ta en promenad i parken eller bara slappa hemma kommer den h\u00e4r snygga huvtr\u00f6jan att f\u00e5 huvuden att v\u00e4nda sig om och v\u00e4cka samtal bland andra hund\u00e4lskare. Best\u00e4ll din idag och l\u00e5t v\u00e4rlden veta att du \u00e4r stolt \u00f6ver att vara en sch\u00e4fermamma!<\/p>\n<p>Vi presenterar v\u00e5r huvtr\u00f6ja &#8221;Mom of a German Shepherd&#8221;, den perfekta kl\u00e4dseln f\u00f6r hundentusiaster. Den h\u00e4r huvtr\u00f6jan \u00e4r tillverkad med omsorg och har en bekv\u00e4m och mysig passform, s\u00e5 att du h\u00e5ller dig varm under kyliga promenader med din fyrbenta f\u00f6ljeslagare. Den i\u00f6gonfallande designen visar stolt din k\u00e4rlek till sch\u00e4ferhundar, vilket g\u00f6r den till ett m\u00e5ste f\u00f6r stolta hundmammor. Denna huvtr\u00f6ja \u00e4r perfekt f\u00f6r alla avslappnade tillf\u00e4llen och kombinerar mode med funktionalitet, vilket g\u00f6r den till ett viktigt tillskott i din garderob.<\/p>\n<p>Lyft din stil som hundmamma med v\u00e5r exklusiva huvtr\u00f6ja &#8221;Mom of a German Shepherd&#8221;. Den h\u00e4r huvtr\u00f6jan \u00e4r gjord f\u00f6r stolta \u00e4gare som du och har en modern och trendig look som f\u00e5r dig att sticka ut fr\u00e5n m\u00e4ngden. Med sitt mjuka och ventilerande tyg garanterar den maximal komfort samtidigt som den visar din ovillkorliga k\u00e4rlek till din sch\u00e4ferhund. Denna huvtr\u00f6ja finns i en rad olika storlekar och f\u00e4rger och \u00e4r ett m\u00e5ngsidigt plagg som enkelt kompletterar alla outfits. K\u00f6p ditt exemplar idag och b\u00e4r din stolthet som hundmamma med sj\u00e4lvf\u00f6rtroende!<\/p>\n","protected":false},"excerpt":{"rendered":"<p>Lystring alla stolta hund\u00e4gare! Visa din k\u00e4rlek till din lojala sch\u00e4ferhund med v\u00e5r exklusiva huvtr\u00f6ja &#8221;Mom of a German Shepherd&#8221;. Denna huvtr\u00f6ja \u00e4r tillverkad av material av h\u00f6gsta kvalitet och h\u00e5ller dig inte bara varm utan l\u00e5ter dig ocks\u00e5 uttrycka ditt djupa band till din lurviga v\u00e4n. Oavsett om du ska ta en promenad i &#8230; <a title=\"Mamma till en lycklig sch\u00e4ferhund, Hoodie\" class=\"read-more\" href=\"https:\/\/dogfamily.shop\/sv\/product\/damklader-3\/mamma-till-en-lycklig-germansk-schafer-hoodie\/\" aria-label=\"L\u00e4s mer om Mamma till en lycklig sch\u00e4ferhund, Hoodie\">L\u00e4s mer<\/a><\/p>\n","protected":false},"featured_media":2931,"comment_status":"open","ping_status":"closed","template":"","meta":{"_monsterinsights_skip_tracking":false,"_monsterinsights_sitenote_active":false,"_monsterinsights_sitenote_note":"","_monsterinsights_sitenote_category":0},"product_brand":[],"product_cat":[97,152],"product_tag":[69,67,42,153],"class_list":{"0":"post-2919","1":"product","2":"type-product","3":"status-publish","4":"has-post-thumbnail","6":"product_cat-damklader-3","7":"product_cat-tysk-schaferhund","8":"product_tag-hundagare","9":"product_tag-hundagare-gava","10":"product_tag-hundmamma","11":"product_tag-tysk-schaferhund","13":"first","14":"instock","15":"taxable","16":"shipping-taxable","17":"purchasable","18":"product-type-variable","19":"has-default-attributes"},"yoast_head":"<!-- This site is optimized with the Yoast SEO plugin v27.4 - https:\/\/yoast.com\/product\/yoast-seo-wordpress\/ -->\n<title>Mamma till en lycklig sch\u00e4ferhund, Hoodie - Dog Family Shop<\/title>\n<meta name=\"robots\" content=\"index, follow, max-snippet:-1, max-image-preview:large, max-video-preview:-1\" \/>\n<link rel=\"canonical\" href=\"https:\/\/dogfamily.shop\/sv\/product\/damklader-3\/mamma-till-en-lycklig-germansk-schafer-hoodie\/\" \/>\n<meta property=\"og:locale\" content=\"sv_SE\" \/>\n<meta property=\"og:type\" content=\"article\" \/>\n<meta property=\"og:title\" content=\"Mamma till en lycklig sch\u00e4ferhund, Hoodie - Dog Family Shop\" \/>\n<meta property=\"og:description\" content=\"Lystring alla stolta hund\u00e4gare! Visa din k\u00e4rlek till din lojala sch\u00e4ferhund med v\u00e5r exklusiva huvtr\u00f6ja &#8221;Mom of a German Shepherd&#8221;. Denna huvtr\u00f6ja \u00e4r tillverkad av material av h\u00f6gsta kvalitet och h\u00e5ller dig inte bara varm utan l\u00e5ter dig ocks\u00e5 uttrycka ditt djupa band till din lurviga v\u00e4n. Oavsett om du ska ta en promenad i ... L\u00e4s mer\" \/>\n<meta property=\"og:url\" content=\"https:\/\/dogfamily.shop\/sv\/product\/damklader-3\/mamma-till-en-lycklig-germansk-schafer-hoodie\/\" \/>\n<meta property=\"og:site_name\" content=\"Dog Family Shop\" \/>\n<meta property=\"article:modified_time\" content=\"2023-06-04T14:10:12+00:00\" \/>\n<meta property=\"og:image\" content=\"https:\/\/dogfamily.shop\/wp-content\/uploads\/2023\/06\/42148.jpg\" \/>\n\t<meta property=\"og:image:width\" content=\"1200\" \/>\n\t<meta property=\"og:image:height\" content=\"1200\" \/>\n\t<meta property=\"og:image:type\" content=\"image\/jpeg\" \/>\n<meta name=\"twitter:card\" content=\"summary_large_image\" \/>\n<meta name=\"twitter:label1\" content=\"Ber\u00e4knad l\u00e4stid\" \/>\n\t<meta name=\"twitter:data1\" content=\"2 minuter\" \/>\n<script type=\"application\/ld+json\" class=\"yoast-schema-graph\">{\"@context\":\"https:\\\/\\\/schema.org\",\"@graph\":[{\"@type\":\"WebPage\",\"@id\":\"https:\\\/\\\/dogfamily.shop\\\/sv\\\/product\\\/damklader-3\\\/mamma-till-en-lycklig-germansk-schafer-hoodie\\\/\",\"url\":\"https:\\\/\\\/dogfamily.shop\\\/sv\\\/product\\\/damklader-3\\\/mamma-till-en-lycklig-germansk-schafer-hoodie\\\/\",\"name\":\"Mamma till en lycklig sch\u00e4ferhund, Hoodie - Dog Family Shop\",\"isPartOf\":{\"@id\":\"https:\\\/\\\/dogfamily.shop\\\/sv\\\/#website\"},\"primaryImageOfPage\":{\"@id\":\"https:\\\/\\\/dogfamily.shop\\\/sv\\\/product\\\/damklader-3\\\/mamma-till-en-lycklig-germansk-schafer-hoodie\\\/#primaryimage\"},\"image\":{\"@id\":\"https:\\\/\\\/dogfamily.shop\\\/sv\\\/product\\\/damklader-3\\\/mamma-till-en-lycklig-germansk-schafer-hoodie\\\/#primaryimage\"},\"thumbnailUrl\":\"https:\\\/\\\/dogfamily.shop\\\/wp-content\\\/uploads\\\/2023\\\/06\\\/42148.jpg\",\"datePublished\":\"2023-06-04T14:02:54+00:00\",\"dateModified\":\"2023-06-04T14:10:12+00:00\",\"breadcrumb\":{\"@id\":\"https:\\\/\\\/dogfamily.shop\\\/sv\\\/product\\\/damklader-3\\\/mamma-till-en-lycklig-germansk-schafer-hoodie\\\/#breadcrumb\"},\"inLanguage\":\"sv-SE\",\"potentialAction\":[{\"@type\":\"ReadAction\",\"target\":[\"https:\\\/\\\/dogfamily.shop\\\/sv\\\/product\\\/damklader-3\\\/mamma-till-en-lycklig-germansk-schafer-hoodie\\\/\"]}]},{\"@type\":\"ImageObject\",\"inLanguage\":\"sv-SE\",\"@id\":\"https:\\\/\\\/dogfamily.shop\\\/sv\\\/product\\\/damklader-3\\\/mamma-till-en-lycklig-germansk-schafer-hoodie\\\/#primaryimage\",\"url\":\"https:\\\/\\\/dogfamily.shop\\\/wp-content\\\/uploads\\\/2023\\\/06\\\/42148.jpg\",\"contentUrl\":\"https:\\\/\\\/dogfamily.shop\\\/wp-content\\\/uploads\\\/2023\\\/06\\\/42148.jpg\",\"width\":1200,\"height\":1200},{\"@type\":\"BreadcrumbList\",\"@id\":\"https:\\\/\\\/dogfamily.shop\\\/sv\\\/product\\\/damklader-3\\\/mamma-till-en-lycklig-germansk-schafer-hoodie\\\/#breadcrumb\",\"itemListElement\":[{\"@type\":\"ListItem\",\"position\":1,\"name\":\"Home\",\"item\":\"https:\\\/\\\/dogfamily.shop\\\/sv\\\/\"},{\"@type\":\"ListItem\",\"position\":2,\"name\":\"Butik\",\"item\":\"https:\\\/\\\/dogfamily.shop\\\/sv\\\/butik\\\/\"},{\"@type\":\"ListItem\",\"position\":3,\"name\":\"Mamma till en lycklig sch\u00e4ferhund, Hoodie\"}]},{\"@type\":\"WebSite\",\"@id\":\"https:\\\/\\\/dogfamily.shop\\\/sv\\\/#website\",\"url\":\"https:\\\/\\\/dogfamily.shop\\\/sv\\\/\",\"name\":\"Dog Family Shop\",\"description\":\"Everything for dog family, clothes, accessories, bed linen and more\",\"publisher\":{\"@id\":\"https:\\\/\\\/dogfamily.shop\\\/sv\\\/#organization\"},\"potentialAction\":[{\"@type\":\"SearchAction\",\"target\":{\"@type\":\"EntryPoint\",\"urlTemplate\":\"https:\\\/\\\/dogfamily.shop\\\/sv\\\/?s={search_term_string}\"},\"query-input\":{\"@type\":\"PropertyValueSpecification\",\"valueRequired\":true,\"valueName\":\"search_term_string\"}}],\"inLanguage\":\"sv-SE\"},{\"@type\":\"Organization\",\"@id\":\"https:\\\/\\\/dogfamily.shop\\\/sv\\\/#organization\",\"name\":\"Dog Family Shop\",\"url\":\"https:\\\/\\\/dogfamily.shop\\\/sv\\\/\",\"logo\":{\"@type\":\"ImageObject\",\"inLanguage\":\"sv-SE\",\"@id\":\"https:\\\/\\\/dogfamily.shop\\\/sv\\\/#\\\/schema\\\/logo\\\/image\\\/\",\"url\":\"\\\/wp-content\\\/uploads\\\/2023\\\/05\\\/Logo1.png\",\"contentUrl\":\"\\\/wp-content\\\/uploads\\\/2023\\\/05\\\/Logo1.png\",\"width\":800,\"height\":582,\"caption\":\"Dog Family Shop\"},\"image\":{\"@id\":\"https:\\\/\\\/dogfamily.shop\\\/sv\\\/#\\\/schema\\\/logo\\\/image\\\/\"}}]}<\/script>\n<!-- \/ Yoast SEO plugin. -->","yoast_head_json":{"title":"Mamma till en lycklig sch\u00e4ferhund, Hoodie - Dog Family Shop","robots":{"index":"index","follow":"follow","max-snippet":"max-snippet:-1","max-image-preview":"max-image-preview:large","max-video-preview":"max-video-preview:-1"},"canonical":"https:\/\/dogfamily.shop\/sv\/product\/damklader-3\/mamma-till-en-lycklig-germansk-schafer-hoodie\/","og_locale":"sv_SE","og_type":"article","og_title":"Mamma till en lycklig sch\u00e4ferhund, Hoodie - Dog Family Shop","og_description":"Lystring alla stolta hund\u00e4gare! Visa din k\u00e4rlek till din lojala sch\u00e4ferhund med v\u00e5r exklusiva huvtr\u00f6ja &#8221;Mom of a German Shepherd&#8221;. Denna huvtr\u00f6ja \u00e4r tillverkad av material av h\u00f6gsta kvalitet och h\u00e5ller dig inte bara varm utan l\u00e5ter dig ocks\u00e5 uttrycka ditt djupa band till din lurviga v\u00e4n. Oavsett om du ska ta en promenad i ... L\u00e4s mer","og_url":"https:\/\/dogfamily.shop\/sv\/product\/damklader-3\/mamma-till-en-lycklig-germansk-schafer-hoodie\/","og_site_name":"Dog Family Shop","article_modified_time":"2023-06-04T14:10:12+00:00","og_image":[{"width":1200,"height":1200,"url":"https:\/\/dogfamily.shop\/wp-content\/uploads\/2023\/06\/42148.jpg","type":"image\/jpeg"}],"twitter_card":"summary_large_image","twitter_misc":{"Ber\u00e4knad l\u00e4stid":"2 minuter"},"schema":{"@context":"https:\/\/schema.org","@graph":[{"@type":"WebPage","@id":"https:\/\/dogfamily.shop\/sv\/product\/damklader-3\/mamma-till-en-lycklig-germansk-schafer-hoodie\/","url":"https:\/\/dogfamily.shop\/sv\/product\/damklader-3\/mamma-till-en-lycklig-germansk-schafer-hoodie\/","name":"Mamma till en lycklig sch\u00e4ferhund, Hoodie - Dog Family Shop","isPartOf":{"@id":"https:\/\/dogfamily.shop\/sv\/#website"},"primaryImageOfPage":{"@id":"https:\/\/dogfamily.shop\/sv\/product\/damklader-3\/mamma-till-en-lycklig-germansk-schafer-hoodie\/#primaryimage"},"image":{"@id":"https:\/\/dogfamily.shop\/sv\/product\/damklader-3\/mamma-till-en-lycklig-germansk-schafer-hoodie\/#primaryimage"},"thumbnailUrl":"https:\/\/dogfamily.shop\/wp-content\/uploads\/2023\/06\/42148.jpg","datePublished":"2023-06-04T14:02:54+00:00","dateModified":"2023-06-04T14:10:12+00:00","breadcrumb":{"@id":"https:\/\/dogfamily.shop\/sv\/product\/damklader-3\/mamma-till-en-lycklig-germansk-schafer-hoodie\/#breadcrumb"},"inLanguage":"sv-SE","potentialAction":[{"@type":"ReadAction","target":["https:\/\/dogfamily.shop\/sv\/product\/damklader-3\/mamma-till-en-lycklig-germansk-schafer-hoodie\/"]}]},{"@type":"ImageObject","inLanguage":"sv-SE","@id":"https:\/\/dogfamily.shop\/sv\/product\/damklader-3\/mamma-till-en-lycklig-germansk-schafer-hoodie\/#primaryimage","url":"https:\/\/dogfamily.shop\/wp-content\/uploads\/2023\/06\/42148.jpg","contentUrl":"https:\/\/dogfamily.shop\/wp-content\/uploads\/2023\/06\/42148.jpg","width":1200,"height":1200},{"@type":"BreadcrumbList","@id":"https:\/\/dogfamily.shop\/sv\/product\/damklader-3\/mamma-till-en-lycklig-germansk-schafer-hoodie\/#breadcrumb","itemListElement":[{"@type":"ListItem","position":1,"name":"Home","item":"https:\/\/dogfamily.shop\/sv\/"},{"@type":"ListItem","position":2,"name":"Butik","item":"https:\/\/dogfamily.shop\/sv\/butik\/"},{"@type":"ListItem","position":3,"name":"Mamma till en lycklig sch\u00e4ferhund, Hoodie"}]},{"@type":"WebSite","@id":"https:\/\/dogfamily.shop\/sv\/#website","url":"https:\/\/dogfamily.shop\/sv\/","name":"Dog Family Shop","description":"Everything for dog family, clothes, accessories, bed linen and more","publisher":{"@id":"https:\/\/dogfamily.shop\/sv\/#organization"},"potentialAction":[{"@type":"SearchAction","target":{"@type":"EntryPoint","urlTemplate":"https:\/\/dogfamily.shop\/sv\/?s={search_term_string}"},"query-input":{"@type":"PropertyValueSpecification","valueRequired":true,"valueName":"search_term_string"}}],"inLanguage":"sv-SE"},{"@type":"Organization","@id":"https:\/\/dogfamily.shop\/sv\/#organization","name":"Dog Family Shop","url":"https:\/\/dogfamily.shop\/sv\/","logo":{"@type":"ImageObject","inLanguage":"sv-SE","@id":"https:\/\/dogfamily.shop\/sv\/#\/schema\/logo\/image\/","url":"\/wp-content\/uploads\/2023\/05\/Logo1.png","contentUrl":"\/wp-content\/uploads\/2023\/05\/Logo1.png","width":800,"height":582,"caption":"Dog Family Shop"},"image":{"@id":"https:\/\/dogfamily.shop\/sv\/#\/schema\/logo\/image\/"}}]}},"jetpack_sharing_enabled":true,"_links":{"self":[{"href":"https:\/\/dogfamily.shop\/sv\/wp-json\/wp\/v2\/product\/2919","targetHints":{"allow":["GET"]}}],"collection":[{"href":"https:\/\/dogfamily.shop\/sv\/wp-json\/wp\/v2\/product"}],"about":[{"href":"https:\/\/dogfamily.shop\/sv\/wp-json\/wp\/v2\/types\/product"}],"replies":[{"embeddable":true,"href":"https:\/\/dogfamily.shop\/sv\/wp-json\/wp\/v2\/comments?post=2919"}],"wp:featuredmedia":[{"embeddable":true,"href":"https:\/\/dogfamily.shop\/sv\/wp-json\/wp\/v2\/media\/2931"}],"wp:attachment":[{"href":"https:\/\/dogfamily.shop\/sv\/wp-json\/wp\/v2\/media?parent=2919"}],"wp:term":[{"taxonomy":"product_brand","embeddable":true,"href":"https:\/\/dogfamily.shop\/sv\/wp-json\/wp\/v2\/product_brand?post=2919"},{"taxonomy":"product_cat","embeddable":true,"href":"https:\/\/dogfamily.shop\/sv\/wp-json\/wp\/v2\/product_cat?post=2919"},{"taxonomy":"product_tag","embeddable":true,"href":"https:\/\/dogfamily.shop\/sv\/wp-json\/wp\/v2\/product_tag?post=2919"}],"curies":[{"name":"wp","href":"https:\/\/api.w.org\/{rel}","templated":true}]}}