{"id":2815,"date":"2023-06-04T15:58:05","date_gmt":"2023-06-04T13:58:05","guid":{"rendered":"https:\/\/dogfamily.shop\/product\/okategoriserad\/pappa-till-en-lycklig-schaferhund-hoodie\/"},"modified":"2023-06-04T16:06:18","modified_gmt":"2023-06-04T14:06:18","slug":"pappa-till-en-lycklig-germansk-schafer-hoodie","status":"publish","type":"product","link":"https:\/\/dogfamily.shop\/sv\/product\/herrklader\/pappa-till-en-lycklig-germansk-schafer-hoodie\/","title":{"rendered":"Pappa till en lycklig sch\u00e4ferhund, Hoodie"},"content":{"rendered":"<p><span style=\"color: #374151;\">\u00c4r du en stolt hund\u00e4gare som vill visa upp din k\u00e4rlek till din lurviga v\u00e4n med stil? S\u00f6k inte l\u00e4ngre! V\u00e5r exklusiva kollektion \u00e4r det perfekta tillf\u00e4llet att fira bandet mellan dig och din fyrbenta f\u00f6ljeslagare. Med v\u00e5ra toppmoderna kl\u00e4der, som v\u00e5r huvtr\u00f6ja &#8221;Pappa till en sch\u00e4fer&#8221;, kan du stolt visa din h\u00e4ngivenhet samtidigt som du h\u00e5ller dig mysig och moderiktig. G\u00f6r dig redo att v\u00e4nda p\u00e5 huvuden och f\u00e5 komplimanger n\u00e4r du rastar din sch\u00e4ferhund med stolthet!<\/span><\/p>\n<p><span style=\"color: #374151;\">P\u00e5 https:\/\/DogFamily.shop f\u00f6rst\u00e5r vi att en stolt hund\u00e4gare \u00e4r mer \u00e4n bara en titel &#8211; det \u00e4r ett s\u00e4tt att leva. V\u00e5r huvtr\u00f6ja &#8221;Dad of a German Shepherd&#8221; \u00e4r omsorgsfullt utformad f\u00f6r att tillgodose dina komfortbehov samtidigt som den g\u00f6r ett dj\u00e4rvt statement. Den \u00e4r tillverkad av h\u00f6gkvalitativt tyg och erbjuder en perfekt blandning av v\u00e4rme, mjukhet och h\u00e5llbarhet. Hoodien har en snygg och modern design och pryds av i\u00f6gonfallande grafik som lyfter fram sch\u00e4ferhundens majest\u00e4tiska sk\u00f6nhet och lojalitet. G\u00e5 med i v\u00e5r gemenskap av hundentusiaster och l\u00e5t din huvtr\u00f6ja spegla den enorma gl\u00e4dje som din sch\u00e4ferhund ger dig i livet.<\/span><\/p>\n<p><span style=\"color: #374151;\">V\u00e5r huvtr\u00f6ja &#8221;Dad of a German Shepherd&#8221; \u00e4r inte bara ett kl\u00e4desplagg; den \u00e4r ett uttryck f\u00f6r din k\u00e4rlek och stolthet \u00f6ver din hundkompis. Oavsett om du \u00e4r ute p\u00e5 en lugn promenad eller deltar i en avslappnad sammankomst kombinerar denna huvtr\u00f6ja stil och funktionalitet p\u00e5 ett enkelt s\u00e4tt. Med sin bekv\u00e4ma passform, k\u00e4ngurufickor och mysiga huva \u00e4r den perfekt f\u00f6r alla \u00e5rstider. Dessutom garanterar det maskintv\u00e4ttbara tyget problemfritt underh\u00e5ll, s\u00e5 att du kan fokusera p\u00e5 att skapa minnen med din lojala v\u00e4n. Missa inte chansen att visa upp din k\u00e4rlek till din sch\u00e4ferhund &#8211; best\u00e4ll din &#8221;sch\u00e4ferpappa&#8221;-hoodie idag och l\u00e5t din stolthet lysa!<\/span><\/p>\n","protected":false},"excerpt":{"rendered":"<p><span style=\"color: #374151;\">\u00c4r du en stolt hund\u00e4gare som vill visa upp din k\u00e4rlek till din lurviga v\u00e4n med stil? S\u00f6k inte l\u00e4ngre! V\u00e5r exklusiva kollektion \u00e4r det perfekta tillf\u00e4llet att fira bandet mellan dig och din fyrbenta f\u00f6ljeslagare. Med v\u00e5ra toppmoderna kl\u00e4der, som v\u00e5r huvtr\u00f6ja &#8221;Pappa till en sch\u00e4fer&#8221;, kan du stolt visa din h\u00e4ngivenhet samtidigt som du h\u00e5ller dig mysig och moderiktig. G\u00f6r dig redo att v\u00e4nda p\u00e5 huvuden och f\u00e5 komplimanger n\u00e4r du rastar din sch\u00e4ferhund med stolthet!<\/span><\/p>\n","protected":false},"featured_media":2813,"comment_status":"open","ping_status":"closed","template":"","meta":{"_monsterinsights_skip_tracking":false,"_monsterinsights_sitenote_active":false,"_monsterinsights_sitenote_note":"","_monsterinsights_sitenote_category":0},"product_brand":[],"product_cat":[100,152],"product_tag":[69,67,44,153],"class_list":{"0":"post-2815","1":"product","2":"type-product","3":"status-publish","4":"has-post-thumbnail","6":"product_cat-herrklader","7":"product_cat-tysk-schaferhund","8":"product_tag-hundagare","9":"product_tag-hundagare-gava","10":"product_tag-pappa-till-en-hund","11":"product_tag-tysk-schaferhund","13":"first","14":"instock","15":"taxable","16":"shipping-taxable","17":"purchasable","18":"product-type-variable","19":"has-default-attributes"},"yoast_head":"<!-- This site is optimized with the Yoast SEO plugin v27.4 - https:\/\/yoast.com\/product\/yoast-seo-wordpress\/ -->\n<title>Pappa till en lycklig sch\u00e4ferhund, Hoodie - Dog Family Shop<\/title>\n<meta name=\"robots\" content=\"index, follow, max-snippet:-1, max-image-preview:large, max-video-preview:-1\" \/>\n<link rel=\"canonical\" href=\"https:\/\/dogfamily.shop\/sv\/product\/herrklader\/pappa-till-en-lycklig-germansk-schafer-hoodie\/\" \/>\n<meta property=\"og:locale\" content=\"sv_SE\" \/>\n<meta property=\"og:type\" content=\"article\" \/>\n<meta property=\"og:title\" content=\"Pappa till en lycklig sch\u00e4ferhund, Hoodie - Dog Family Shop\" \/>\n<meta property=\"og:description\" content=\"\u00c4r du en stolt hund\u00e4gare som vill visa upp din k\u00e4rlek till din lurviga v\u00e4n med stil? S\u00f6k inte l\u00e4ngre! V\u00e5r exklusiva kollektion \u00e4r det perfekta tillf\u00e4llet att fira bandet mellan dig och din fyrbenta f\u00f6ljeslagare. Med v\u00e5ra toppmoderna kl\u00e4der, som v\u00e5r huvtr\u00f6ja &quot;Pappa till en sch\u00e4fer&quot;, kan du stolt visa din h\u00e4ngivenhet samtidigt som du h\u00e5ller dig mysig och moderiktig. G\u00f6r dig redo att v\u00e4nda p\u00e5 huvuden och f\u00e5 komplimanger n\u00e4r du rastar din sch\u00e4ferhund med stolthet!\" \/>\n<meta property=\"og:url\" content=\"https:\/\/dogfamily.shop\/sv\/product\/herrklader\/pappa-till-en-lycklig-germansk-schafer-hoodie\/\" \/>\n<meta property=\"og:site_name\" content=\"Dog Family Shop\" \/>\n<meta property=\"article:modified_time\" content=\"2023-06-04T14:06:18+00:00\" \/>\n<meta property=\"og:image\" content=\"https:\/\/dogfamily.shop\/wp-content\/uploads\/2023\/06\/32910.jpg\" \/>\n\t<meta property=\"og:image:width\" content=\"1200\" \/>\n\t<meta property=\"og:image:height\" content=\"1200\" \/>\n\t<meta property=\"og:image:type\" content=\"image\/jpeg\" \/>\n<meta name=\"twitter:card\" content=\"summary_large_image\" \/>\n<meta name=\"twitter:label1\" content=\"Ber\u00e4knad l\u00e4stid\" \/>\n\t<meta name=\"twitter:data1\" content=\"2 minuter\" \/>\n<script type=\"application\/ld+json\" class=\"yoast-schema-graph\">{\"@context\":\"https:\\\/\\\/schema.org\",\"@graph\":[{\"@type\":\"WebPage\",\"@id\":\"https:\\\/\\\/dogfamily.shop\\\/sv\\\/product\\\/herrklader\\\/pappa-till-en-lycklig-germansk-schafer-hoodie\\\/\",\"url\":\"https:\\\/\\\/dogfamily.shop\\\/sv\\\/product\\\/herrklader\\\/pappa-till-en-lycklig-germansk-schafer-hoodie\\\/\",\"name\":\"Pappa till en lycklig sch\u00e4ferhund, Hoodie - Dog Family Shop\",\"isPartOf\":{\"@id\":\"https:\\\/\\\/dogfamily.shop\\\/sv\\\/#website\"},\"primaryImageOfPage\":{\"@id\":\"https:\\\/\\\/dogfamily.shop\\\/sv\\\/product\\\/herrklader\\\/pappa-till-en-lycklig-germansk-schafer-hoodie\\\/#primaryimage\"},\"image\":{\"@id\":\"https:\\\/\\\/dogfamily.shop\\\/sv\\\/product\\\/herrklader\\\/pappa-till-en-lycklig-germansk-schafer-hoodie\\\/#primaryimage\"},\"thumbnailUrl\":\"https:\\\/\\\/dogfamily.shop\\\/wp-content\\\/uploads\\\/2023\\\/06\\\/32910.jpg\",\"datePublished\":\"2023-06-04T13:58:05+00:00\",\"dateModified\":\"2023-06-04T14:06:18+00:00\",\"breadcrumb\":{\"@id\":\"https:\\\/\\\/dogfamily.shop\\\/sv\\\/product\\\/herrklader\\\/pappa-till-en-lycklig-germansk-schafer-hoodie\\\/#breadcrumb\"},\"inLanguage\":\"sv-SE\",\"potentialAction\":[{\"@type\":\"ReadAction\",\"target\":[\"https:\\\/\\\/dogfamily.shop\\\/sv\\\/product\\\/herrklader\\\/pappa-till-en-lycklig-germansk-schafer-hoodie\\\/\"]}]},{\"@type\":\"ImageObject\",\"inLanguage\":\"sv-SE\",\"@id\":\"https:\\\/\\\/dogfamily.shop\\\/sv\\\/product\\\/herrklader\\\/pappa-till-en-lycklig-germansk-schafer-hoodie\\\/#primaryimage\",\"url\":\"https:\\\/\\\/dogfamily.shop\\\/wp-content\\\/uploads\\\/2023\\\/06\\\/32910.jpg\",\"contentUrl\":\"https:\\\/\\\/dogfamily.shop\\\/wp-content\\\/uploads\\\/2023\\\/06\\\/32910.jpg\",\"width\":1200,\"height\":1200},{\"@type\":\"BreadcrumbList\",\"@id\":\"https:\\\/\\\/dogfamily.shop\\\/sv\\\/product\\\/herrklader\\\/pappa-till-en-lycklig-germansk-schafer-hoodie\\\/#breadcrumb\",\"itemListElement\":[{\"@type\":\"ListItem\",\"position\":1,\"name\":\"Home\",\"item\":\"https:\\\/\\\/dogfamily.shop\\\/sv\\\/\"},{\"@type\":\"ListItem\",\"position\":2,\"name\":\"Butik\",\"item\":\"https:\\\/\\\/dogfamily.shop\\\/sv\\\/butik\\\/\"},{\"@type\":\"ListItem\",\"position\":3,\"name\":\"Pappa till en lycklig sch\u00e4ferhund, Hoodie\"}]},{\"@type\":\"WebSite\",\"@id\":\"https:\\\/\\\/dogfamily.shop\\\/sv\\\/#website\",\"url\":\"https:\\\/\\\/dogfamily.shop\\\/sv\\\/\",\"name\":\"Dog Family Shop\",\"description\":\"Everything for dog family, clothes, accessories, bed linen and more\",\"publisher\":{\"@id\":\"https:\\\/\\\/dogfamily.shop\\\/sv\\\/#organization\"},\"potentialAction\":[{\"@type\":\"SearchAction\",\"target\":{\"@type\":\"EntryPoint\",\"urlTemplate\":\"https:\\\/\\\/dogfamily.shop\\\/sv\\\/?s={search_term_string}\"},\"query-input\":{\"@type\":\"PropertyValueSpecification\",\"valueRequired\":true,\"valueName\":\"search_term_string\"}}],\"inLanguage\":\"sv-SE\"},{\"@type\":\"Organization\",\"@id\":\"https:\\\/\\\/dogfamily.shop\\\/sv\\\/#organization\",\"name\":\"Dog Family Shop\",\"url\":\"https:\\\/\\\/dogfamily.shop\\\/sv\\\/\",\"logo\":{\"@type\":\"ImageObject\",\"inLanguage\":\"sv-SE\",\"@id\":\"https:\\\/\\\/dogfamily.shop\\\/sv\\\/#\\\/schema\\\/logo\\\/image\\\/\",\"url\":\"\\\/wp-content\\\/uploads\\\/2023\\\/05\\\/Logo1.png\",\"contentUrl\":\"\\\/wp-content\\\/uploads\\\/2023\\\/05\\\/Logo1.png\",\"width\":800,\"height\":582,\"caption\":\"Dog Family Shop\"},\"image\":{\"@id\":\"https:\\\/\\\/dogfamily.shop\\\/sv\\\/#\\\/schema\\\/logo\\\/image\\\/\"}}]}<\/script>\n<!-- \/ Yoast SEO plugin. -->","yoast_head_json":{"title":"Pappa till en lycklig sch\u00e4ferhund, Hoodie - Dog Family Shop","robots":{"index":"index","follow":"follow","max-snippet":"max-snippet:-1","max-image-preview":"max-image-preview:large","max-video-preview":"max-video-preview:-1"},"canonical":"https:\/\/dogfamily.shop\/sv\/product\/herrklader\/pappa-till-en-lycklig-germansk-schafer-hoodie\/","og_locale":"sv_SE","og_type":"article","og_title":"Pappa till en lycklig sch\u00e4ferhund, Hoodie - Dog Family Shop","og_description":"\u00c4r du en stolt hund\u00e4gare som vill visa upp din k\u00e4rlek till din lurviga v\u00e4n med stil? S\u00f6k inte l\u00e4ngre! V\u00e5r exklusiva kollektion \u00e4r det perfekta tillf\u00e4llet att fira bandet mellan dig och din fyrbenta f\u00f6ljeslagare. Med v\u00e5ra toppmoderna kl\u00e4der, som v\u00e5r huvtr\u00f6ja \"Pappa till en sch\u00e4fer\", kan du stolt visa din h\u00e4ngivenhet samtidigt som du h\u00e5ller dig mysig och moderiktig. G\u00f6r dig redo att v\u00e4nda p\u00e5 huvuden och f\u00e5 komplimanger n\u00e4r du rastar din sch\u00e4ferhund med stolthet!","og_url":"https:\/\/dogfamily.shop\/sv\/product\/herrklader\/pappa-till-en-lycklig-germansk-schafer-hoodie\/","og_site_name":"Dog Family Shop","article_modified_time":"2023-06-04T14:06:18+00:00","og_image":[{"width":1200,"height":1200,"url":"https:\/\/dogfamily.shop\/wp-content\/uploads\/2023\/06\/32910.jpg","type":"image\/jpeg"}],"twitter_card":"summary_large_image","twitter_misc":{"Ber\u00e4knad l\u00e4stid":"2 minuter"},"schema":{"@context":"https:\/\/schema.org","@graph":[{"@type":"WebPage","@id":"https:\/\/dogfamily.shop\/sv\/product\/herrklader\/pappa-till-en-lycklig-germansk-schafer-hoodie\/","url":"https:\/\/dogfamily.shop\/sv\/product\/herrklader\/pappa-till-en-lycklig-germansk-schafer-hoodie\/","name":"Pappa till en lycklig sch\u00e4ferhund, Hoodie - Dog Family Shop","isPartOf":{"@id":"https:\/\/dogfamily.shop\/sv\/#website"},"primaryImageOfPage":{"@id":"https:\/\/dogfamily.shop\/sv\/product\/herrklader\/pappa-till-en-lycklig-germansk-schafer-hoodie\/#primaryimage"},"image":{"@id":"https:\/\/dogfamily.shop\/sv\/product\/herrklader\/pappa-till-en-lycklig-germansk-schafer-hoodie\/#primaryimage"},"thumbnailUrl":"https:\/\/dogfamily.shop\/wp-content\/uploads\/2023\/06\/32910.jpg","datePublished":"2023-06-04T13:58:05+00:00","dateModified":"2023-06-04T14:06:18+00:00","breadcrumb":{"@id":"https:\/\/dogfamily.shop\/sv\/product\/herrklader\/pappa-till-en-lycklig-germansk-schafer-hoodie\/#breadcrumb"},"inLanguage":"sv-SE","potentialAction":[{"@type":"ReadAction","target":["https:\/\/dogfamily.shop\/sv\/product\/herrklader\/pappa-till-en-lycklig-germansk-schafer-hoodie\/"]}]},{"@type":"ImageObject","inLanguage":"sv-SE","@id":"https:\/\/dogfamily.shop\/sv\/product\/herrklader\/pappa-till-en-lycklig-germansk-schafer-hoodie\/#primaryimage","url":"https:\/\/dogfamily.shop\/wp-content\/uploads\/2023\/06\/32910.jpg","contentUrl":"https:\/\/dogfamily.shop\/wp-content\/uploads\/2023\/06\/32910.jpg","width":1200,"height":1200},{"@type":"BreadcrumbList","@id":"https:\/\/dogfamily.shop\/sv\/product\/herrklader\/pappa-till-en-lycklig-germansk-schafer-hoodie\/#breadcrumb","itemListElement":[{"@type":"ListItem","position":1,"name":"Home","item":"https:\/\/dogfamily.shop\/sv\/"},{"@type":"ListItem","position":2,"name":"Butik","item":"https:\/\/dogfamily.shop\/sv\/butik\/"},{"@type":"ListItem","position":3,"name":"Pappa till en lycklig sch\u00e4ferhund, Hoodie"}]},{"@type":"WebSite","@id":"https:\/\/dogfamily.shop\/sv\/#website","url":"https:\/\/dogfamily.shop\/sv\/","name":"Dog Family Shop","description":"Everything for dog family, clothes, accessories, bed linen and more","publisher":{"@id":"https:\/\/dogfamily.shop\/sv\/#organization"},"potentialAction":[{"@type":"SearchAction","target":{"@type":"EntryPoint","urlTemplate":"https:\/\/dogfamily.shop\/sv\/?s={search_term_string}"},"query-input":{"@type":"PropertyValueSpecification","valueRequired":true,"valueName":"search_term_string"}}],"inLanguage":"sv-SE"},{"@type":"Organization","@id":"https:\/\/dogfamily.shop\/sv\/#organization","name":"Dog Family Shop","url":"https:\/\/dogfamily.shop\/sv\/","logo":{"@type":"ImageObject","inLanguage":"sv-SE","@id":"https:\/\/dogfamily.shop\/sv\/#\/schema\/logo\/image\/","url":"\/wp-content\/uploads\/2023\/05\/Logo1.png","contentUrl":"\/wp-content\/uploads\/2023\/05\/Logo1.png","width":800,"height":582,"caption":"Dog Family Shop"},"image":{"@id":"https:\/\/dogfamily.shop\/sv\/#\/schema\/logo\/image\/"}}]}},"jetpack_sharing_enabled":true,"_links":{"self":[{"href":"https:\/\/dogfamily.shop\/sv\/wp-json\/wp\/v2\/product\/2815","targetHints":{"allow":["GET"]}}],"collection":[{"href":"https:\/\/dogfamily.shop\/sv\/wp-json\/wp\/v2\/product"}],"about":[{"href":"https:\/\/dogfamily.shop\/sv\/wp-json\/wp\/v2\/types\/product"}],"replies":[{"embeddable":true,"href":"https:\/\/dogfamily.shop\/sv\/wp-json\/wp\/v2\/comments?post=2815"}],"wp:featuredmedia":[{"embeddable":true,"href":"https:\/\/dogfamily.shop\/sv\/wp-json\/wp\/v2\/media\/2813"}],"wp:attachment":[{"href":"https:\/\/dogfamily.shop\/sv\/wp-json\/wp\/v2\/media?parent=2815"}],"wp:term":[{"taxonomy":"product_brand","embeddable":true,"href":"https:\/\/dogfamily.shop\/sv\/wp-json\/wp\/v2\/product_brand?post=2815"},{"taxonomy":"product_cat","embeddable":true,"href":"https:\/\/dogfamily.shop\/sv\/wp-json\/wp\/v2\/product_cat?post=2815"},{"taxonomy":"product_tag","embeddable":true,"href":"https:\/\/dogfamily.shop\/sv\/wp-json\/wp\/v2\/product_tag?post=2815"}],"curies":[{"name":"wp","href":"https:\/\/api.w.org\/{rel}","templated":true}]}}