{"id":2535,"date":"2023-05-17T21:44:56","date_gmt":"2023-05-17T19:44:56","guid":{"rendered":"https:\/\/dogfamily.shop\/product\/okategoriserad\/mamma-till-en-golden-retriever-hoodie\/"},"modified":"2025-05-26T12:42:29","modified_gmt":"2025-05-26T10:42:29","slug":"mamma-av-en-golden-retriever-hoodie","status":"publish","type":"product","link":"https:\/\/dogfamily.shop\/sv\/product\/damklader-3\/mamma-av-en-golden-retriever-hoodie\/","title":{"rendered":"Golden Retriever-mamma &#8211; mysig sweatshirt f\u00f6r hundmamma &#8211; Golden Retriever-present till kvinnor"},"content":{"rendered":"<p class=\"\" data-start=\"577\" data-end=\"1031\">Fira ditt band med din Golden Retriever med stil med v\u00e5r <em data-start=\"682\" data-end=\"716\">Mom of a Golden Retriever Hoodie<\/em>. Den h\u00e4r huvtr\u00f6jan \u00e4r designad speciellt f\u00f6r hundmammor och \u00e4r den perfekta presenten till alla Golden Retriever-\u00e4gare som vill h\u00e5lla sig varma, bekv\u00e4ma och stolta. Den \u00e4r tillverkad av en mjuk, slitstark bomulls- och polyesterblandning, har en klassisk passform och en dj\u00e4rv, i\u00f6gonfallande design som l\u00e5ter alla veta att du \u00e4r en h\u00e4ngiven Golden Retriever-mamma.  <\/p>\n<p class=\"\" data-start=\"1033\" data-end=\"1387\">Oavsett om du \u00e4r p\u00e5 v\u00e4g till hundparken, g\u00f6r \u00e4renden eller kopplar av hemma h\u00e5ller den h\u00e4r huvtr\u00f6jan dig varm samtidigt som du stolt visar upp din stolthet som djurf\u00f6r\u00e4lder. Den rymliga k\u00e4ngurufickan ger bekv\u00e4mlighet i vardagen och den f\u00e4rgmatchade luvan med dragsko f\u00f6rst\u00e4rker den moderna looken. Det h\u00e4r \u00e4r det perfekta Golden Retriever-plagget att l\u00e4gga till i din hundmammas garderob.  <\/p>\n<p class=\"\" data-start=\"1389\" data-end=\"1406\"><strong data-start=\"1389\" data-end=\"1406\">Viktiga egenskaper:<\/strong><\/p>\n<ul data-start=\"1407\" data-end=\"1728\">\n<li class=\"\" data-start=\"1407\" data-end=\"1457\">\n<p class=\"\" data-start=\"1409\" data-end=\"1457\">Perfekt f\u00f6r Golden Retriever-mammor och hund\u00e4lskare<\/p>\n<\/li>\n<li class=\"\" data-start=\"1458\" data-end=\"1515\">\n<p class=\"\" data-start=\"1460\" data-end=\"1515\">Mjukt, medeltungt tyg: 50% bomull \/ 50% polyester<\/p>\n<\/li>\n<li class=\"\" data-start=\"1516\" data-end=\"1563\">\n<p class=\"\" data-start=\"1518\" data-end=\"1563\">Varm och mysig passform &#8211; perfekt f\u00f6r kyliga dagar<\/p>\n<\/li>\n<li class=\"\" data-start=\"1564\" data-end=\"1610\">\n<p class=\"\" data-start=\"1566\" data-end=\"1610\">Snygg unisexdesign med avrivbar etikett<\/p>\n<\/li>\n<li class=\"\" data-start=\"1611\" data-end=\"1660\">\n<p class=\"\" data-start=\"1613\" data-end=\"1660\">Klassisk passform i r\u00e4tt storlek f\u00f6r maximal komfort<\/p>\n<\/li>\n<li class=\"\" data-start=\"1661\" data-end=\"1728\">\n<p class=\"\" data-start=\"1663\" data-end=\"1728\">Bra hundmamma presentid\u00e9 f\u00f6r f\u00f6delsedagar, helgdagar eller bara f\u00f6r att!<\/p>\n<\/li>\n<\/ul>\n<p class=\"\" data-start=\"1730\" data-end=\"1904\">G\u00f6r ett uttalande och h\u00e5ll dig varm med denna Golden Retriever-sweatshirt som \u00e4r ett m\u00e5ste. Det \u00e4r mer \u00e4n bara en huvtr\u00f6ja &#8211; det \u00e4r ett s\u00e4tt att dela din k\u00e4rlek till din fyrbenta familjemedlem. <\/p>\n<p data-start=\"1730\" data-end=\"1904\"><strong data-start=\"1906\" data-end=\"1926\">Tillg\u00e4ngliga storlekar:<\/strong> <em data-start=\"1927\" data-end=\"1967\">Se v\u00e5r storlekstabell f\u00f6r perfekt passform<\/em><\/p>\n<table id=\"size-guide\" style=\"min-width: 360px;\">\n<thead>\n<tr>\n<th style=\"padding: 10px;\"><\/th>\n<th style=\"color: #000000; font-weight: 500; text-align: left; font-size: 15px; padding: 10px;\">S<\/th>\n<th style=\"color: #000000; font-weight: 500; text-align: left; font-size: 15px; padding: 10px;\">M<\/th>\n<th style=\"color: #000000; font-weight: 500; text-align: left; font-size: 15px; padding: 10px;\">L<\/th>\n<th style=\"color: #000000; font-weight: 500; text-align: left; font-size: 15px; padding: 10px;\">XL<\/th>\n<th style=\"color: #000000; font-weight: 500; text-align: left; font-size: 15px; padding: 10px;\">2XL<\/th>\n<\/tr>\n<\/thead>\n<tbody>\n<tr>\n<td style=\"padding: 10px; color: #525252; font-size: 15px; border-top: 1px solid #ededed;\">Bredd, cm<\/td>\n<td style=\"padding: 10px; color: #525252; font-size: 15px; border-top: 1px solid #ededed;\">51.00<\/td>\n<td style=\"padding: 10px; color: #525252; font-size: 15px; border-top: 1px solid #ededed;\">56.00<\/td>\n<td style=\"padding: 10px; color: #525252; font-size: 15px; border-top: 1px solid #ededed;\">61.00<\/td>\n<td style=\"padding: 10px; color: #525252; font-size: 15px; border-top: 1px solid #ededed;\">66.00<\/td>\n<td style=\"padding: 10px; color: #525252; font-size: 15px; border-top: 1px solid #ededed;\">71.10<\/td>\n<\/tr>\n<tr>\n<td style=\"padding: 10px; color: #525252; font-size: 15px; border-top: 1px solid #ededed;\">L\u00e4ngd, cm<\/td>\n<td style=\"padding: 10px; color: #525252; font-size: 15px; border-top: 1px solid #ededed;\">69.00<\/td>\n<td style=\"padding: 10px; color: #525252; font-size: 15px; border-top: 1px solid #ededed;\">71.00<\/td>\n<td style=\"padding: 10px; color: #525252; font-size: 15px; border-top: 1px solid #ededed;\">74.00<\/td>\n<td style=\"padding: 10px; color: #525252; font-size: 15px; border-top: 1px solid #ededed;\">76.00<\/td>\n<td style=\"padding: 10px; color: #525252; font-size: 15px; border-top: 1px solid #ededed;\">79.00<\/td>\n<\/tr>\n<tr>\n<td style=\"padding: 10px; color: #525252; font-size: 15px; border-top: 1px solid #ededed;\">\u00c4rml\u00e4ngd fr\u00e5n mitten av ryggen, cm<\/td>\n<td style=\"padding: 10px; color: #525252; font-size: 15px; border-top: 1px solid #ededed;\">85.09<\/td>\n<td style=\"padding: 10px; color: #525252; font-size: 15px; border-top: 1px solid #ededed;\">87.63<\/td>\n<td style=\"padding: 10px; color: #525252; font-size: 15px; border-top: 1px solid #ededed;\">90.17<\/td>\n<td style=\"padding: 10px; color: #525252; font-size: 15px; border-top: 1px solid #ededed;\">92.71<\/td>\n<td style=\"padding: 10px; color: #525252; font-size: 15px; border-top: 1px solid #ededed;\">95.25<\/td>\n<\/tr>\n<\/tbody>\n<\/table>\n<p>&nbsp;<\/p>\n","protected":false},"excerpt":{"rendered":"<p>The Mom of a Golden Retriever Hoodie \u00e4r ett snyggt och bekv\u00e4mt plagg som \u00e4r utformat f\u00f6r stolta hund\u00e4gare. Den \u00e4r tillverkad av f\u00f6rstklassiga material och har en trendig design som visar din k\u00e4rlek till Golden Retrievers. Med sin mysiga insida och uppm\u00e4rksammade estetik \u00e4r den h\u00e4r huvtr\u00f6jan det perfekta s\u00e4ttet att uttrycka din h\u00e4ngivenhet f\u00f6r din lurviga v\u00e4n.<\/p>\n","protected":false},"featured_media":2692,"comment_status":"open","ping_status":"closed","template":"","meta":{"_monsterinsights_skip_tracking":false,"_monsterinsights_sitenote_active":false,"_monsterinsights_sitenote_note":"","_monsterinsights_sitenote_category":0},"product_brand":[],"product_cat":[97,132],"product_tag":[41,40,134,39,69,67,42],"class_list":{"0":"post-2535","1":"product","2":"type-product","3":"status-publish","4":"has-post-thumbnail","6":"product_cat-damklader-3","7":"product_cat-golden-retriever-sv","8":"product_tag-djuralskare","9":"product_tag-glad","10":"product_tag-golden-retriever-sv","11":"product_tag-hoodie-sv","12":"product_tag-hundagare","13":"product_tag-hundagare-gava","14":"product_tag-hundmamma","16":"first","17":"instock","18":"taxable","19":"shipping-taxable","20":"purchasable","21":"product-type-variable","22":"has-default-attributes"},"yoast_head":"<!-- This site is optimized with the Yoast SEO plugin v27.4 - https:\/\/yoast.com\/product\/yoast-seo-wordpress\/ -->\n<title>Golden Retriever-mamma - mysig sweatshirt f\u00f6r hundmamma - Golden Retriever-present till kvinnor - Dog Family Shop<\/title>\n<meta name=\"description\" content=\"The Mom of a Golden Retriever Hoodie \u00e4r ett snyggt och bekv\u00e4mt plagg som \u00e4r utformat f\u00f6r stolta hund\u00e4gare. Tillverkad av premiummaterial.Visa din k\u00e4rlek till din lurviga v\u00e4n med Mom of a Golden Retriever Hoodie. Den h\u00e4r mysiga sweatshirten f\u00f6r hundmammor \u00e4r den perfekta Golden Retriever-presenten f\u00f6r kvinnor. Mjuk, varm och snygg - perfekt f\u00f6r stolta djurf\u00f6r\u00e4ldrar!\" \/>\n<meta name=\"robots\" content=\"index, follow, max-snippet:-1, max-image-preview:large, max-video-preview:-1\" \/>\n<link rel=\"canonical\" href=\"https:\/\/dogfamily.shop\/sv\/product\/damklader-3\/mamma-av-en-golden-retriever-hoodie\/\" \/>\n<meta property=\"og:locale\" content=\"sv_SE\" \/>\n<meta property=\"og:type\" content=\"article\" \/>\n<meta property=\"og:title\" content=\"Golden Retriever-mamma - mysig sweatshirt f\u00f6r hundmamma - Golden Retriever-present till kvinnor - Dog Family Shop\" \/>\n<meta property=\"og:description\" content=\"The Mom of a Golden Retriever Hoodie \u00e4r ett snyggt och bekv\u00e4mt plagg som \u00e4r utformat f\u00f6r stolta hund\u00e4gare. Tillverkad av premiummaterial.Visa din k\u00e4rlek till din lurviga v\u00e4n med Mom of a Golden Retriever Hoodie. Den h\u00e4r mysiga sweatshirten f\u00f6r hundmammor \u00e4r den perfekta Golden Retriever-presenten f\u00f6r kvinnor. Mjuk, varm och snygg - perfekt f\u00f6r stolta djurf\u00f6r\u00e4ldrar!\" \/>\n<meta property=\"og:url\" content=\"https:\/\/dogfamily.shop\/sv\/product\/damklader-3\/mamma-av-en-golden-retriever-hoodie\/\" \/>\n<meta property=\"og:site_name\" content=\"Dog Family Shop\" \/>\n<meta property=\"article:modified_time\" content=\"2025-05-26T10:42:29+00:00\" \/>\n<meta property=\"og:image\" content=\"https:\/\/dogfamily.shop\/wp-content\/uploads\/2023\/05\/42148-9.jpg\" \/>\n\t<meta property=\"og:image:width\" content=\"1200\" \/>\n\t<meta property=\"og:image:height\" content=\"1200\" \/>\n\t<meta property=\"og:image:type\" content=\"image\/jpeg\" \/>\n<meta name=\"twitter:card\" content=\"summary_large_image\" \/>\n<meta name=\"twitter:label1\" content=\"Ber\u00e4knad l\u00e4stid\" \/>\n\t<meta name=\"twitter:data1\" content=\"1 minut\" \/>\n<script type=\"application\/ld+json\" class=\"yoast-schema-graph\">{\"@context\":\"https:\\\/\\\/schema.org\",\"@graph\":[{\"@type\":\"WebPage\",\"@id\":\"https:\\\/\\\/dogfamily.shop\\\/sv\\\/product\\\/damklader-3\\\/mamma-av-en-golden-retriever-hoodie\\\/\",\"url\":\"https:\\\/\\\/dogfamily.shop\\\/sv\\\/product\\\/damklader-3\\\/mamma-av-en-golden-retriever-hoodie\\\/\",\"name\":\"Golden Retriever-mamma - mysig sweatshirt f\u00f6r hundmamma - Golden Retriever-present till kvinnor - Dog Family Shop\",\"isPartOf\":{\"@id\":\"https:\\\/\\\/dogfamily.shop\\\/sv\\\/#website\"},\"primaryImageOfPage\":{\"@id\":\"https:\\\/\\\/dogfamily.shop\\\/sv\\\/product\\\/damklader-3\\\/mamma-av-en-golden-retriever-hoodie\\\/#primaryimage\"},\"image\":{\"@id\":\"https:\\\/\\\/dogfamily.shop\\\/sv\\\/product\\\/damklader-3\\\/mamma-av-en-golden-retriever-hoodie\\\/#primaryimage\"},\"thumbnailUrl\":\"https:\\\/\\\/dogfamily.shop\\\/wp-content\\\/uploads\\\/2023\\\/05\\\/42148-9.jpg\",\"datePublished\":\"2023-05-17T19:44:56+00:00\",\"dateModified\":\"2025-05-26T10:42:29+00:00\",\"description\":\"The Mom of a Golden Retriever Hoodie \u00e4r ett snyggt och bekv\u00e4mt plagg som \u00e4r utformat f\u00f6r stolta hund\u00e4gare. Tillverkad av premiummaterial.Visa din k\u00e4rlek till din lurviga v\u00e4n med Mom of a Golden Retriever Hoodie. Den h\u00e4r mysiga sweatshirten f\u00f6r hundmammor \u00e4r den perfekta Golden Retriever-presenten f\u00f6r kvinnor. Mjuk, varm och snygg - perfekt f\u00f6r stolta djurf\u00f6r\u00e4ldrar!\",\"breadcrumb\":{\"@id\":\"https:\\\/\\\/dogfamily.shop\\\/sv\\\/product\\\/damklader-3\\\/mamma-av-en-golden-retriever-hoodie\\\/#breadcrumb\"},\"inLanguage\":\"sv-SE\",\"potentialAction\":[{\"@type\":\"ReadAction\",\"target\":[\"https:\\\/\\\/dogfamily.shop\\\/sv\\\/product\\\/damklader-3\\\/mamma-av-en-golden-retriever-hoodie\\\/\"]}]},{\"@type\":\"ImageObject\",\"inLanguage\":\"sv-SE\",\"@id\":\"https:\\\/\\\/dogfamily.shop\\\/sv\\\/product\\\/damklader-3\\\/mamma-av-en-golden-retriever-hoodie\\\/#primaryimage\",\"url\":\"https:\\\/\\\/dogfamily.shop\\\/wp-content\\\/uploads\\\/2023\\\/05\\\/42148-9.jpg\",\"contentUrl\":\"https:\\\/\\\/dogfamily.shop\\\/wp-content\\\/uploads\\\/2023\\\/05\\\/42148-9.jpg\",\"width\":1200,\"height\":1200},{\"@type\":\"BreadcrumbList\",\"@id\":\"https:\\\/\\\/dogfamily.shop\\\/sv\\\/product\\\/damklader-3\\\/mamma-av-en-golden-retriever-hoodie\\\/#breadcrumb\",\"itemListElement\":[{\"@type\":\"ListItem\",\"position\":1,\"name\":\"Home\",\"item\":\"https:\\\/\\\/dogfamily.shop\\\/sv\\\/\"},{\"@type\":\"ListItem\",\"position\":2,\"name\":\"Butik\",\"item\":\"https:\\\/\\\/dogfamily.shop\\\/sv\\\/butik\\\/\"},{\"@type\":\"ListItem\",\"position\":3,\"name\":\"Golden Retriever-mamma &#8211; mysig sweatshirt f\u00f6r hundmamma &#8211; Golden Retriever-present till kvinnor\"}]},{\"@type\":\"WebSite\",\"@id\":\"https:\\\/\\\/dogfamily.shop\\\/sv\\\/#website\",\"url\":\"https:\\\/\\\/dogfamily.shop\\\/sv\\\/\",\"name\":\"Dog Family Shop\",\"description\":\"Everything for dog family, clothes, accessories, bed linen and more\",\"publisher\":{\"@id\":\"https:\\\/\\\/dogfamily.shop\\\/sv\\\/#organization\"},\"potentialAction\":[{\"@type\":\"SearchAction\",\"target\":{\"@type\":\"EntryPoint\",\"urlTemplate\":\"https:\\\/\\\/dogfamily.shop\\\/sv\\\/?s={search_term_string}\"},\"query-input\":{\"@type\":\"PropertyValueSpecification\",\"valueRequired\":true,\"valueName\":\"search_term_string\"}}],\"inLanguage\":\"sv-SE\"},{\"@type\":\"Organization\",\"@id\":\"https:\\\/\\\/dogfamily.shop\\\/sv\\\/#organization\",\"name\":\"Dog Family Shop\",\"url\":\"https:\\\/\\\/dogfamily.shop\\\/sv\\\/\",\"logo\":{\"@type\":\"ImageObject\",\"inLanguage\":\"sv-SE\",\"@id\":\"https:\\\/\\\/dogfamily.shop\\\/sv\\\/#\\\/schema\\\/logo\\\/image\\\/\",\"url\":\"\\\/wp-content\\\/uploads\\\/2023\\\/05\\\/Logo1.png\",\"contentUrl\":\"\\\/wp-content\\\/uploads\\\/2023\\\/05\\\/Logo1.png\",\"width\":800,\"height\":582,\"caption\":\"Dog Family Shop\"},\"image\":{\"@id\":\"https:\\\/\\\/dogfamily.shop\\\/sv\\\/#\\\/schema\\\/logo\\\/image\\\/\"}}]}<\/script>\n<!-- \/ Yoast SEO plugin. -->","yoast_head_json":{"title":"Golden Retriever-mamma - mysig sweatshirt f\u00f6r hundmamma - Golden Retriever-present till kvinnor - Dog Family Shop","description":"The Mom of a Golden Retriever Hoodie \u00e4r ett snyggt och bekv\u00e4mt plagg som \u00e4r utformat f\u00f6r stolta hund\u00e4gare. Tillverkad av premiummaterial.Visa din k\u00e4rlek till din lurviga v\u00e4n med Mom of a Golden Retriever Hoodie. Den h\u00e4r mysiga sweatshirten f\u00f6r hundmammor \u00e4r den perfekta Golden Retriever-presenten f\u00f6r kvinnor. Mjuk, varm och snygg - perfekt f\u00f6r stolta djurf\u00f6r\u00e4ldrar!","robots":{"index":"index","follow":"follow","max-snippet":"max-snippet:-1","max-image-preview":"max-image-preview:large","max-video-preview":"max-video-preview:-1"},"canonical":"https:\/\/dogfamily.shop\/sv\/product\/damklader-3\/mamma-av-en-golden-retriever-hoodie\/","og_locale":"sv_SE","og_type":"article","og_title":"Golden Retriever-mamma - mysig sweatshirt f\u00f6r hundmamma - Golden Retriever-present till kvinnor - Dog Family Shop","og_description":"The Mom of a Golden Retriever Hoodie \u00e4r ett snyggt och bekv\u00e4mt plagg som \u00e4r utformat f\u00f6r stolta hund\u00e4gare. Tillverkad av premiummaterial.Visa din k\u00e4rlek till din lurviga v\u00e4n med Mom of a Golden Retriever Hoodie. Den h\u00e4r mysiga sweatshirten f\u00f6r hundmammor \u00e4r den perfekta Golden Retriever-presenten f\u00f6r kvinnor. Mjuk, varm och snygg - perfekt f\u00f6r stolta djurf\u00f6r\u00e4ldrar!","og_url":"https:\/\/dogfamily.shop\/sv\/product\/damklader-3\/mamma-av-en-golden-retriever-hoodie\/","og_site_name":"Dog Family Shop","article_modified_time":"2025-05-26T10:42:29+00:00","og_image":[{"width":1200,"height":1200,"url":"https:\/\/dogfamily.shop\/wp-content\/uploads\/2023\/05\/42148-9.jpg","type":"image\/jpeg"}],"twitter_card":"summary_large_image","twitter_misc":{"Ber\u00e4knad l\u00e4stid":"1 minut"},"schema":{"@context":"https:\/\/schema.org","@graph":[{"@type":"WebPage","@id":"https:\/\/dogfamily.shop\/sv\/product\/damklader-3\/mamma-av-en-golden-retriever-hoodie\/","url":"https:\/\/dogfamily.shop\/sv\/product\/damklader-3\/mamma-av-en-golden-retriever-hoodie\/","name":"Golden Retriever-mamma - mysig sweatshirt f\u00f6r hundmamma - Golden Retriever-present till kvinnor - Dog Family Shop","isPartOf":{"@id":"https:\/\/dogfamily.shop\/sv\/#website"},"primaryImageOfPage":{"@id":"https:\/\/dogfamily.shop\/sv\/product\/damklader-3\/mamma-av-en-golden-retriever-hoodie\/#primaryimage"},"image":{"@id":"https:\/\/dogfamily.shop\/sv\/product\/damklader-3\/mamma-av-en-golden-retriever-hoodie\/#primaryimage"},"thumbnailUrl":"https:\/\/dogfamily.shop\/wp-content\/uploads\/2023\/05\/42148-9.jpg","datePublished":"2023-05-17T19:44:56+00:00","dateModified":"2025-05-26T10:42:29+00:00","description":"The Mom of a Golden Retriever Hoodie \u00e4r ett snyggt och bekv\u00e4mt plagg som \u00e4r utformat f\u00f6r stolta hund\u00e4gare. Tillverkad av premiummaterial.Visa din k\u00e4rlek till din lurviga v\u00e4n med Mom of a Golden Retriever Hoodie. Den h\u00e4r mysiga sweatshirten f\u00f6r hundmammor \u00e4r den perfekta Golden Retriever-presenten f\u00f6r kvinnor. Mjuk, varm och snygg - perfekt f\u00f6r stolta djurf\u00f6r\u00e4ldrar!","breadcrumb":{"@id":"https:\/\/dogfamily.shop\/sv\/product\/damklader-3\/mamma-av-en-golden-retriever-hoodie\/#breadcrumb"},"inLanguage":"sv-SE","potentialAction":[{"@type":"ReadAction","target":["https:\/\/dogfamily.shop\/sv\/product\/damklader-3\/mamma-av-en-golden-retriever-hoodie\/"]}]},{"@type":"ImageObject","inLanguage":"sv-SE","@id":"https:\/\/dogfamily.shop\/sv\/product\/damklader-3\/mamma-av-en-golden-retriever-hoodie\/#primaryimage","url":"https:\/\/dogfamily.shop\/wp-content\/uploads\/2023\/05\/42148-9.jpg","contentUrl":"https:\/\/dogfamily.shop\/wp-content\/uploads\/2023\/05\/42148-9.jpg","width":1200,"height":1200},{"@type":"BreadcrumbList","@id":"https:\/\/dogfamily.shop\/sv\/product\/damklader-3\/mamma-av-en-golden-retriever-hoodie\/#breadcrumb","itemListElement":[{"@type":"ListItem","position":1,"name":"Home","item":"https:\/\/dogfamily.shop\/sv\/"},{"@type":"ListItem","position":2,"name":"Butik","item":"https:\/\/dogfamily.shop\/sv\/butik\/"},{"@type":"ListItem","position":3,"name":"Golden Retriever-mamma &#8211; mysig sweatshirt f\u00f6r hundmamma &#8211; Golden Retriever-present till kvinnor"}]},{"@type":"WebSite","@id":"https:\/\/dogfamily.shop\/sv\/#website","url":"https:\/\/dogfamily.shop\/sv\/","name":"Dog Family Shop","description":"Everything for dog family, clothes, accessories, bed linen and more","publisher":{"@id":"https:\/\/dogfamily.shop\/sv\/#organization"},"potentialAction":[{"@type":"SearchAction","target":{"@type":"EntryPoint","urlTemplate":"https:\/\/dogfamily.shop\/sv\/?s={search_term_string}"},"query-input":{"@type":"PropertyValueSpecification","valueRequired":true,"valueName":"search_term_string"}}],"inLanguage":"sv-SE"},{"@type":"Organization","@id":"https:\/\/dogfamily.shop\/sv\/#organization","name":"Dog Family Shop","url":"https:\/\/dogfamily.shop\/sv\/","logo":{"@type":"ImageObject","inLanguage":"sv-SE","@id":"https:\/\/dogfamily.shop\/sv\/#\/schema\/logo\/image\/","url":"\/wp-content\/uploads\/2023\/05\/Logo1.png","contentUrl":"\/wp-content\/uploads\/2023\/05\/Logo1.png","width":800,"height":582,"caption":"Dog Family Shop"},"image":{"@id":"https:\/\/dogfamily.shop\/sv\/#\/schema\/logo\/image\/"}}]}},"jetpack_sharing_enabled":true,"_links":{"self":[{"href":"https:\/\/dogfamily.shop\/sv\/wp-json\/wp\/v2\/product\/2535","targetHints":{"allow":["GET"]}}],"collection":[{"href":"https:\/\/dogfamily.shop\/sv\/wp-json\/wp\/v2\/product"}],"about":[{"href":"https:\/\/dogfamily.shop\/sv\/wp-json\/wp\/v2\/types\/product"}],"replies":[{"embeddable":true,"href":"https:\/\/dogfamily.shop\/sv\/wp-json\/wp\/v2\/comments?post=2535"}],"wp:featuredmedia":[{"embeddable":true,"href":"https:\/\/dogfamily.shop\/sv\/wp-json\/wp\/v2\/media\/2692"}],"wp:attachment":[{"href":"https:\/\/dogfamily.shop\/sv\/wp-json\/wp\/v2\/media?parent=2535"}],"wp:term":[{"taxonomy":"product_brand","embeddable":true,"href":"https:\/\/dogfamily.shop\/sv\/wp-json\/wp\/v2\/product_brand?post=2535"},{"taxonomy":"product_cat","embeddable":true,"href":"https:\/\/dogfamily.shop\/sv\/wp-json\/wp\/v2\/product_cat?post=2535"},{"taxonomy":"product_tag","embeddable":true,"href":"https:\/\/dogfamily.shop\/sv\/wp-json\/wp\/v2\/product_tag?post=2535"}],"curies":[{"name":"wp","href":"https:\/\/api.w.org\/{rel}","templated":true}]}}