{"id":2221,"date":"2023-05-13T19:40:30","date_gmt":"2023-05-13T17:40:30","guid":{"rendered":"https:\/\/dogfamily.shop\/product\/okategoriserad\/mamma-till-en-lycklig-corgi-hoodie\/"},"modified":"2023-05-13T19:51:13","modified_gmt":"2023-05-13T17:51:13","slug":"mom-of-a-happy-corgi-hoodie","status":"publish","type":"product","link":"https:\/\/dogfamily.shop\/sv\/product\/damklader-3\/mom-of-a-happy-corgi-hoodie\/","title":{"rendered":"Mamma till en lycklig Corgi, Hoodie"},"content":{"rendered":"<p>Fira din k\u00e4rlek till din bed\u00e5rande Corgi med stil med v\u00e5r exklusiva &#8221;Mom of a Happy Corgi&#8221; Hoodie! Den h\u00e4r trendiga och mysiga huvtr\u00f6jan \u00e4r ett perfekt s\u00e4tt att visa upp ditt speciella band med din h\u00e5riga v\u00e4n.<\/p>\n<p>Den \u00e4r tillverkad av tyg av h\u00f6gsta kvalitet och garanterar b\u00e5de komfort och h\u00e5llbarhet. Designen visar stolt din roll som Corgi-mamma, vilket g\u00f6r den till en perfekt present till dig sj\u00e4lv eller n\u00e5gon Corgi-\u00e4lskande mamma i ditt liv. Missa inte den h\u00e4r m\u00f6jligheten att b\u00e4ra din Corgi-uppfostran med stolthet &#8211; best\u00e4ll din &#8221;Mom of a Happy Corgi&#8221; Hoodie idag och upplev modern komfort som aldrig f\u00f6rr!<\/p>\n<table id=\"size-guide\" style=\"min-width: 360px;\">\n<thead>\n<tr>\n<th style=\"padding: 10px;\"><\/th>\n<th style=\"color: #000000; font-weight: 500; text-align: left; font-size: 15px; padding: 10px;\">S<\/th>\n<th style=\"color: #000000; font-weight: 500; text-align: left; font-size: 15px; padding: 10px;\">M<\/th>\n<th style=\"color: #000000; font-weight: 500; text-align: left; font-size: 15px; padding: 10px;\">L<\/th>\n<th style=\"color: #000000; font-weight: 500; text-align: left; font-size: 15px; padding: 10px;\">XL<\/th>\n<th style=\"color: #000000; font-weight: 500; text-align: left; font-size: 15px; padding: 10px;\">2XL<\/th>\n<\/tr>\n<\/thead>\n<tbody>\n<tr>\n<td style=\"padding: 10px; color: #525252; font-size: 15px; border-top: 1px solid #ededed;\">Bredd, cm<\/td>\n<td style=\"padding: 10px; color: #525252; font-size: 15px; border-top: 1px solid #ededed;\">51.00<\/td>\n<td style=\"padding: 10px; color: #525252; font-size: 15px; border-top: 1px solid #ededed;\">56.00<\/td>\n<td style=\"padding: 10px; color: #525252; font-size: 15px; border-top: 1px solid #ededed;\">61.00<\/td>\n<td style=\"padding: 10px; color: #525252; font-size: 15px; border-top: 1px solid #ededed;\">66.00<\/td>\n<td style=\"padding: 10px; color: #525252; font-size: 15px; border-top: 1px solid #ededed;\">71.10<\/td>\n<\/tr>\n<tr>\n<td style=\"padding: 10px; color: #525252; font-size: 15px; border-top: 1px solid #ededed;\">L\u00e4ngd, cm<\/td>\n<td style=\"padding: 10px; color: #525252; font-size: 15px; border-top: 1px solid #ededed;\">69.00<\/td>\n<td style=\"padding: 10px; color: #525252; font-size: 15px; border-top: 1px solid #ededed;\">71.00<\/td>\n<td style=\"padding: 10px; color: #525252; font-size: 15px; border-top: 1px solid #ededed;\">74.00<\/td>\n<td style=\"padding: 10px; color: #525252; font-size: 15px; border-top: 1px solid #ededed;\">76.00<\/td>\n<td style=\"padding: 10px; color: #525252; font-size: 15px; border-top: 1px solid #ededed;\">79.00<\/td>\n<\/tr>\n<tr>\n<td style=\"padding: 10px; color: #525252; font-size: 15px; border-top: 1px solid #ededed;\">\u00c4rml\u00e4ngd fr\u00e5n mitten av ryggen, cm<\/td>\n<td style=\"padding: 10px; color: #525252; font-size: 15px; border-top: 1px solid #ededed;\">85.09<\/td>\n<td style=\"padding: 10px; color: #525252; font-size: 15px; border-top: 1px solid #ededed;\">87.63<\/td>\n<td style=\"padding: 10px; color: #525252; font-size: 15px; border-top: 1px solid #ededed;\">90.17<\/td>\n<td style=\"padding: 10px; color: #525252; font-size: 15px; border-top: 1px solid #ededed;\">92.71<\/td>\n<td style=\"padding: 10px; color: #525252; font-size: 15px; border-top: 1px solid #ededed;\">95.25<\/td>\n<\/tr>\n<\/tbody>\n<\/table>\n<p>Den \u00e4r tillverkad av en tjock blandning av bomull och polyester och k\u00e4nns plyschig, mjuk och varm, ett perfekt val f\u00f6r alla kalla dagar. Framtill har du en rymlig k\u00e4nguruficka som ger dig praktiska f\u00f6rdelar i vardagen, medan huvans dragsko har samma f\u00e4rg som bastr\u00f6jan f\u00f6r extra stilpo\u00e4ng.<\/p>\n<ul>\n<li>50 % bomull, 50 % polyester (fiberinneh\u00e5llet kan variera f\u00f6r olika f\u00e4rger)<\/li>\n<li>Medeltungt tyg (8,0 oz\/yd\u00b2 (271 g\/m\u00b2))<\/li>\n<li>Klassisk passform<\/li>\n<li>Etikett som g\u00e5r att riva av<\/li>\n<li>L\u00f6pte i storlek<\/li>\n<\/ul>\n","protected":false},"excerpt":{"rendered":"<p>Fira din k\u00e4rlek till din bed\u00e5rande Corgi med stil med v\u00e5r exklusiva &#8221;Mom of a Happy Corgi&#8221; Hoodie! Den h\u00e4r trendiga och mysiga huvtr\u00f6jan \u00e4r ett perfekt s\u00e4tt att visa upp ditt speciella band med din h\u00e5riga v\u00e4n.<\/p>\n","protected":false},"featured_media":2411,"comment_status":"open","ping_status":"closed","template":"","meta":{"_monsterinsights_skip_tracking":false,"_monsterinsights_sitenote_active":false,"_monsterinsights_sitenote_note":"","_monsterinsights_sitenote_category":0},"product_brand":[],"product_cat":[127,97],"product_tag":[128,41,40,39,69,67,42],"class_list":{"0":"post-2221","1":"product","2":"type-product","3":"status-publish","4":"has-post-thumbnail","6":"product_cat-corgi-sv","7":"product_cat-damklader-3","8":"product_tag-corgi-sv","9":"product_tag-djuralskare","10":"product_tag-glad","11":"product_tag-hoodie-sv","12":"product_tag-hundagare","13":"product_tag-hundagare-gava","14":"product_tag-hundmamma","16":"first","17":"instock","18":"taxable","19":"shipping-taxable","20":"purchasable","21":"product-type-variable","22":"has-default-attributes"},"yoast_head":"<!-- This site is optimized with the Yoast SEO plugin v27.4 - https:\/\/yoast.com\/product\/yoast-seo-wordpress\/ -->\n<title>Mamma till en lycklig Corgi, Hoodie - Dog Family Shop<\/title>\n<meta name=\"robots\" content=\"index, follow, max-snippet:-1, max-image-preview:large, max-video-preview:-1\" \/>\n<link rel=\"canonical\" href=\"https:\/\/dogfamily.shop\/sv\/product\/damklader-3\/mom-of-a-happy-corgi-hoodie\/\" \/>\n<meta property=\"og:locale\" content=\"sv_SE\" \/>\n<meta property=\"og:type\" content=\"article\" \/>\n<meta property=\"og:title\" content=\"Mamma till en lycklig Corgi, Hoodie - Dog Family Shop\" \/>\n<meta property=\"og:description\" content=\"Fira din k\u00e4rlek till din bed\u00e5rande Corgi med stil med v\u00e5r exklusiva &quot;Mom of a Happy Corgi&quot; Hoodie! Den h\u00e4r trendiga och mysiga huvtr\u00f6jan \u00e4r ett perfekt s\u00e4tt att visa upp ditt speciella band med din h\u00e5riga v\u00e4n.\" \/>\n<meta property=\"og:url\" content=\"https:\/\/dogfamily.shop\/sv\/product\/damklader-3\/mom-of-a-happy-corgi-hoodie\/\" \/>\n<meta property=\"og:site_name\" content=\"Dog Family Shop\" \/>\n<meta property=\"article:modified_time\" content=\"2023-05-13T17:51:13+00:00\" \/>\n<meta property=\"og:image\" content=\"https:\/\/dogfamily.shop\/wp-content\/uploads\/2023\/05\/corgi-mom-hoodie.png\" \/>\n\t<meta property=\"og:image:width\" content=\"1024\" \/>\n\t<meta property=\"og:image:height\" content=\"1024\" \/>\n\t<meta property=\"og:image:type\" content=\"image\/png\" \/>\n<meta name=\"twitter:card\" content=\"summary_large_image\" \/>\n<meta name=\"twitter:label1\" content=\"Ber\u00e4knad l\u00e4stid\" \/>\n\t<meta name=\"twitter:data1\" content=\"1 minut\" \/>\n<script type=\"application\/ld+json\" class=\"yoast-schema-graph\">{\"@context\":\"https:\\\/\\\/schema.org\",\"@graph\":[{\"@type\":\"WebPage\",\"@id\":\"https:\\\/\\\/dogfamily.shop\\\/sv\\\/product\\\/damklader-3\\\/mom-of-a-happy-corgi-hoodie\\\/\",\"url\":\"https:\\\/\\\/dogfamily.shop\\\/sv\\\/product\\\/damklader-3\\\/mom-of-a-happy-corgi-hoodie\\\/\",\"name\":\"Mamma till en lycklig Corgi, Hoodie - Dog Family Shop\",\"isPartOf\":{\"@id\":\"https:\\\/\\\/dogfamily.shop\\\/sv\\\/#website\"},\"primaryImageOfPage\":{\"@id\":\"https:\\\/\\\/dogfamily.shop\\\/sv\\\/product\\\/damklader-3\\\/mom-of-a-happy-corgi-hoodie\\\/#primaryimage\"},\"image\":{\"@id\":\"https:\\\/\\\/dogfamily.shop\\\/sv\\\/product\\\/damklader-3\\\/mom-of-a-happy-corgi-hoodie\\\/#primaryimage\"},\"thumbnailUrl\":\"https:\\\/\\\/dogfamily.shop\\\/wp-content\\\/uploads\\\/2023\\\/05\\\/corgi-mom-hoodie.png\",\"datePublished\":\"2023-05-13T17:40:30+00:00\",\"dateModified\":\"2023-05-13T17:51:13+00:00\",\"breadcrumb\":{\"@id\":\"https:\\\/\\\/dogfamily.shop\\\/sv\\\/product\\\/damklader-3\\\/mom-of-a-happy-corgi-hoodie\\\/#breadcrumb\"},\"inLanguage\":\"sv-SE\",\"potentialAction\":[{\"@type\":\"ReadAction\",\"target\":[\"https:\\\/\\\/dogfamily.shop\\\/sv\\\/product\\\/damklader-3\\\/mom-of-a-happy-corgi-hoodie\\\/\"]}]},{\"@type\":\"ImageObject\",\"inLanguage\":\"sv-SE\",\"@id\":\"https:\\\/\\\/dogfamily.shop\\\/sv\\\/product\\\/damklader-3\\\/mom-of-a-happy-corgi-hoodie\\\/#primaryimage\",\"url\":\"https:\\\/\\\/dogfamily.shop\\\/wp-content\\\/uploads\\\/2023\\\/05\\\/corgi-mom-hoodie.png\",\"contentUrl\":\"https:\\\/\\\/dogfamily.shop\\\/wp-content\\\/uploads\\\/2023\\\/05\\\/corgi-mom-hoodie.png\",\"width\":1024,\"height\":1024},{\"@type\":\"BreadcrumbList\",\"@id\":\"https:\\\/\\\/dogfamily.shop\\\/sv\\\/product\\\/damklader-3\\\/mom-of-a-happy-corgi-hoodie\\\/#breadcrumb\",\"itemListElement\":[{\"@type\":\"ListItem\",\"position\":1,\"name\":\"Home\",\"item\":\"https:\\\/\\\/dogfamily.shop\\\/sv\\\/\"},{\"@type\":\"ListItem\",\"position\":2,\"name\":\"Butik\",\"item\":\"https:\\\/\\\/dogfamily.shop\\\/sv\\\/butik\\\/\"},{\"@type\":\"ListItem\",\"position\":3,\"name\":\"Mamma till en lycklig Corgi, Hoodie\"}]},{\"@type\":\"WebSite\",\"@id\":\"https:\\\/\\\/dogfamily.shop\\\/sv\\\/#website\",\"url\":\"https:\\\/\\\/dogfamily.shop\\\/sv\\\/\",\"name\":\"Dog Family Shop\",\"description\":\"Everything for dog family, clothes, accessories, bed linen and more\",\"publisher\":{\"@id\":\"https:\\\/\\\/dogfamily.shop\\\/sv\\\/#organization\"},\"potentialAction\":[{\"@type\":\"SearchAction\",\"target\":{\"@type\":\"EntryPoint\",\"urlTemplate\":\"https:\\\/\\\/dogfamily.shop\\\/sv\\\/?s={search_term_string}\"},\"query-input\":{\"@type\":\"PropertyValueSpecification\",\"valueRequired\":true,\"valueName\":\"search_term_string\"}}],\"inLanguage\":\"sv-SE\"},{\"@type\":\"Organization\",\"@id\":\"https:\\\/\\\/dogfamily.shop\\\/sv\\\/#organization\",\"name\":\"Dog Family Shop\",\"url\":\"https:\\\/\\\/dogfamily.shop\\\/sv\\\/\",\"logo\":{\"@type\":\"ImageObject\",\"inLanguage\":\"sv-SE\",\"@id\":\"https:\\\/\\\/dogfamily.shop\\\/sv\\\/#\\\/schema\\\/logo\\\/image\\\/\",\"url\":\"\\\/wp-content\\\/uploads\\\/2023\\\/05\\\/Logo1.png\",\"contentUrl\":\"\\\/wp-content\\\/uploads\\\/2023\\\/05\\\/Logo1.png\",\"width\":800,\"height\":582,\"caption\":\"Dog Family Shop\"},\"image\":{\"@id\":\"https:\\\/\\\/dogfamily.shop\\\/sv\\\/#\\\/schema\\\/logo\\\/image\\\/\"}}]}<\/script>\n<!-- \/ Yoast SEO plugin. -->","yoast_head_json":{"title":"Mamma till en lycklig Corgi, Hoodie - Dog Family Shop","robots":{"index":"index","follow":"follow","max-snippet":"max-snippet:-1","max-image-preview":"max-image-preview:large","max-video-preview":"max-video-preview:-1"},"canonical":"https:\/\/dogfamily.shop\/sv\/product\/damklader-3\/mom-of-a-happy-corgi-hoodie\/","og_locale":"sv_SE","og_type":"article","og_title":"Mamma till en lycklig Corgi, Hoodie - Dog Family Shop","og_description":"Fira din k\u00e4rlek till din bed\u00e5rande Corgi med stil med v\u00e5r exklusiva \"Mom of a Happy Corgi\" Hoodie! Den h\u00e4r trendiga och mysiga huvtr\u00f6jan \u00e4r ett perfekt s\u00e4tt att visa upp ditt speciella band med din h\u00e5riga v\u00e4n.","og_url":"https:\/\/dogfamily.shop\/sv\/product\/damklader-3\/mom-of-a-happy-corgi-hoodie\/","og_site_name":"Dog Family Shop","article_modified_time":"2023-05-13T17:51:13+00:00","og_image":[{"width":1024,"height":1024,"url":"https:\/\/dogfamily.shop\/wp-content\/uploads\/2023\/05\/corgi-mom-hoodie.png","type":"image\/png"}],"twitter_card":"summary_large_image","twitter_misc":{"Ber\u00e4knad l\u00e4stid":"1 minut"},"schema":{"@context":"https:\/\/schema.org","@graph":[{"@type":"WebPage","@id":"https:\/\/dogfamily.shop\/sv\/product\/damklader-3\/mom-of-a-happy-corgi-hoodie\/","url":"https:\/\/dogfamily.shop\/sv\/product\/damklader-3\/mom-of-a-happy-corgi-hoodie\/","name":"Mamma till en lycklig Corgi, Hoodie - Dog Family Shop","isPartOf":{"@id":"https:\/\/dogfamily.shop\/sv\/#website"},"primaryImageOfPage":{"@id":"https:\/\/dogfamily.shop\/sv\/product\/damklader-3\/mom-of-a-happy-corgi-hoodie\/#primaryimage"},"image":{"@id":"https:\/\/dogfamily.shop\/sv\/product\/damklader-3\/mom-of-a-happy-corgi-hoodie\/#primaryimage"},"thumbnailUrl":"https:\/\/dogfamily.shop\/wp-content\/uploads\/2023\/05\/corgi-mom-hoodie.png","datePublished":"2023-05-13T17:40:30+00:00","dateModified":"2023-05-13T17:51:13+00:00","breadcrumb":{"@id":"https:\/\/dogfamily.shop\/sv\/product\/damklader-3\/mom-of-a-happy-corgi-hoodie\/#breadcrumb"},"inLanguage":"sv-SE","potentialAction":[{"@type":"ReadAction","target":["https:\/\/dogfamily.shop\/sv\/product\/damklader-3\/mom-of-a-happy-corgi-hoodie\/"]}]},{"@type":"ImageObject","inLanguage":"sv-SE","@id":"https:\/\/dogfamily.shop\/sv\/product\/damklader-3\/mom-of-a-happy-corgi-hoodie\/#primaryimage","url":"https:\/\/dogfamily.shop\/wp-content\/uploads\/2023\/05\/corgi-mom-hoodie.png","contentUrl":"https:\/\/dogfamily.shop\/wp-content\/uploads\/2023\/05\/corgi-mom-hoodie.png","width":1024,"height":1024},{"@type":"BreadcrumbList","@id":"https:\/\/dogfamily.shop\/sv\/product\/damklader-3\/mom-of-a-happy-corgi-hoodie\/#breadcrumb","itemListElement":[{"@type":"ListItem","position":1,"name":"Home","item":"https:\/\/dogfamily.shop\/sv\/"},{"@type":"ListItem","position":2,"name":"Butik","item":"https:\/\/dogfamily.shop\/sv\/butik\/"},{"@type":"ListItem","position":3,"name":"Mamma till en lycklig Corgi, Hoodie"}]},{"@type":"WebSite","@id":"https:\/\/dogfamily.shop\/sv\/#website","url":"https:\/\/dogfamily.shop\/sv\/","name":"Dog Family Shop","description":"Everything for dog family, clothes, accessories, bed linen and more","publisher":{"@id":"https:\/\/dogfamily.shop\/sv\/#organization"},"potentialAction":[{"@type":"SearchAction","target":{"@type":"EntryPoint","urlTemplate":"https:\/\/dogfamily.shop\/sv\/?s={search_term_string}"},"query-input":{"@type":"PropertyValueSpecification","valueRequired":true,"valueName":"search_term_string"}}],"inLanguage":"sv-SE"},{"@type":"Organization","@id":"https:\/\/dogfamily.shop\/sv\/#organization","name":"Dog Family Shop","url":"https:\/\/dogfamily.shop\/sv\/","logo":{"@type":"ImageObject","inLanguage":"sv-SE","@id":"https:\/\/dogfamily.shop\/sv\/#\/schema\/logo\/image\/","url":"\/wp-content\/uploads\/2023\/05\/Logo1.png","contentUrl":"\/wp-content\/uploads\/2023\/05\/Logo1.png","width":800,"height":582,"caption":"Dog Family Shop"},"image":{"@id":"https:\/\/dogfamily.shop\/sv\/#\/schema\/logo\/image\/"}}]}},"jetpack_sharing_enabled":true,"_links":{"self":[{"href":"https:\/\/dogfamily.shop\/sv\/wp-json\/wp\/v2\/product\/2221","targetHints":{"allow":["GET"]}}],"collection":[{"href":"https:\/\/dogfamily.shop\/sv\/wp-json\/wp\/v2\/product"}],"about":[{"href":"https:\/\/dogfamily.shop\/sv\/wp-json\/wp\/v2\/types\/product"}],"replies":[{"embeddable":true,"href":"https:\/\/dogfamily.shop\/sv\/wp-json\/wp\/v2\/comments?post=2221"}],"wp:featuredmedia":[{"embeddable":true,"href":"https:\/\/dogfamily.shop\/sv\/wp-json\/wp\/v2\/media\/2411"}],"wp:attachment":[{"href":"https:\/\/dogfamily.shop\/sv\/wp-json\/wp\/v2\/media?parent=2221"}],"wp:term":[{"taxonomy":"product_brand","embeddable":true,"href":"https:\/\/dogfamily.shop\/sv\/wp-json\/wp\/v2\/product_brand?post=2221"},{"taxonomy":"product_cat","embeddable":true,"href":"https:\/\/dogfamily.shop\/sv\/wp-json\/wp\/v2\/product_cat?post=2221"},{"taxonomy":"product_tag","embeddable":true,"href":"https:\/\/dogfamily.shop\/sv\/wp-json\/wp\/v2\/product_tag?post=2221"}],"curies":[{"name":"wp","href":"https:\/\/api.w.org\/{rel}","templated":true}]}}