{"id":1440,"date":"2023-05-10T20:53:47","date_gmt":"2023-05-10T18:53:47","guid":{"rendered":"https:\/\/dogfamily.shop\/product\/okategoriserad\/pappa-till-en-lycklig-svensk-vallhund-hoodie\/"},"modified":"2023-05-10T21:01:46","modified_gmt":"2023-05-10T19:01:46","slug":"dad-of-a-happy-swedish-vallhund-hoodie","status":"publish","type":"product","link":"https:\/\/dogfamily.shop\/sv\/product\/herrklader\/dad-of-a-happy-swedish-vallhund-hoodie\/","title":{"rendered":"Pappa till en lycklig svensk Vallhund, Hoodie"},"content":{"rendered":"<p>Uppm\u00e4rksamma alla stolta pappor till svenska vallhundar! Vi presenterar v\u00e5r exklusiva huvtr\u00f6ja &#8221;Dad of a Happy Swedish Vallhund&#8221;, som \u00e4r utformad f\u00f6r att visa din k\u00e4rlek till denna otroliga ras.<\/p>\n<p>Den h\u00e4r huvtr\u00f6jan \u00e4r tillverkad med st\u00f6rsta omsorg och erbjuder en perfekt blandning av komfort och stil. Den \u00e4r tillverkad av h\u00f6gkvalitativa material och garanterar h\u00e5llbarhet och en bekv\u00e4m passform f\u00f6r vardagligt bruk. Den sl\u00e5ende designen visar stolt din roll som h\u00e4ngiven Vallhundfar, vilket g\u00f6r den till ett fantastiskt till\u00e4gg till din garderob.<\/p>\n<p>Sticka ut fr\u00e5n m\u00e4ngden och fira ditt band med din svenska vallhund med stil med v\u00e5r &#8221;Dad of a Happy Swedish Vallhund&#8221;-huvtr\u00f6ja idag!<\/p>\n<table id=\"size-guide\" style=\"min-width: 360px;\">\n<thead>\n<tr>\n<th style=\"padding: 10px;\"><\/th>\n<th style=\"color: #000000; font-weight: 500; text-align: left; font-size: 15px; padding: 10px;\">S<\/th>\n<th style=\"color: #000000; font-weight: 500; text-align: left; font-size: 15px; padding: 10px;\">M<\/th>\n<th style=\"color: #000000; font-weight: 500; text-align: left; font-size: 15px; padding: 10px;\">L<\/th>\n<th style=\"color: #000000; font-weight: 500; text-align: left; font-size: 15px; padding: 10px;\">XL<\/th>\n<th style=\"color: #000000; font-weight: 500; text-align: left; font-size: 15px; padding: 10px;\">2XL<\/th>\n<\/tr>\n<\/thead>\n<tbody>\n<tr>\n<td style=\"padding: 10px; color: #525252; font-size: 15px; border-top: 1px solid #ededed;\">Bredd, cm<\/td>\n<td style=\"padding: 10px; color: #525252; font-size: 15px; border-top: 1px solid #ededed;\">51.00<\/td>\n<td style=\"padding: 10px; color: #525252; font-size: 15px; border-top: 1px solid #ededed;\">56.00<\/td>\n<td style=\"padding: 10px; color: #525252; font-size: 15px; border-top: 1px solid #ededed;\">61.00<\/td>\n<td style=\"padding: 10px; color: #525252; font-size: 15px; border-top: 1px solid #ededed;\">66.00<\/td>\n<td style=\"padding: 10px; color: #525252; font-size: 15px; border-top: 1px solid #ededed;\">71.10<\/td>\n<\/tr>\n<tr>\n<td style=\"padding: 10px; color: #525252; font-size: 15px; border-top: 1px solid #ededed;\">L\u00e4ngd, cm<\/td>\n<td style=\"padding: 10px; color: #525252; font-size: 15px; border-top: 1px solid #ededed;\">69.00<\/td>\n<td style=\"padding: 10px; color: #525252; font-size: 15px; border-top: 1px solid #ededed;\">71.00<\/td>\n<td style=\"padding: 10px; color: #525252; font-size: 15px; border-top: 1px solid #ededed;\">74.00<\/td>\n<td style=\"padding: 10px; color: #525252; font-size: 15px; border-top: 1px solid #ededed;\">76.00<\/td>\n<td style=\"padding: 10px; color: #525252; font-size: 15px; border-top: 1px solid #ededed;\">79.00<\/td>\n<\/tr>\n<tr>\n<td style=\"padding: 10px; color: #525252; font-size: 15px; border-top: 1px solid #ededed;\">\u00c4rml\u00e4ngd fr\u00e5n mitten av ryggen, cm<\/td>\n<td style=\"padding: 10px; color: #525252; font-size: 15px; border-top: 1px solid #ededed;\">85.09<\/td>\n<td style=\"padding: 10px; color: #525252; font-size: 15px; border-top: 1px solid #ededed;\">87.63<\/td>\n<td style=\"padding: 10px; color: #525252; font-size: 15px; border-top: 1px solid #ededed;\">90.17<\/td>\n<td style=\"padding: 10px; color: #525252; font-size: 15px; border-top: 1px solid #ededed;\">92.71<\/td>\n<td style=\"padding: 10px; color: #525252; font-size: 15px; border-top: 1px solid #ededed;\">95.25<\/td>\n<\/tr>\n<\/tbody>\n<\/table>\n<p>Den \u00e4r tillverkad av en tjock blandning av bomull och polyester och k\u00e4nns plyschig, mjuk och varm, ett perfekt val f\u00f6r alla kalla dagar. Framtill har du en rymlig k\u00e4nguruficka som ger dig praktiska f\u00f6rdelar i vardagen, medan huvans dragsko har samma f\u00e4rg som bastr\u00f6jan f\u00f6r extra stilpo\u00e4ng.<\/p>\n<ul>\n<li>50 % bomull, 50 % polyester (fiberinneh\u00e5llet kan variera f\u00f6r olika f\u00e4rger)<\/li>\n<li>Medeltungt tyg (8,0 oz\/yd\u00b2 (271 g\/m\u00b2))<\/li>\n<li>Klassisk passform<\/li>\n<li>Etikett som g\u00e5r att riva av<\/li>\n<li>L\u00f6pte i storlek<\/li>\n<\/ul>\n","protected":false},"excerpt":{"rendered":"<p>Uppm\u00e4rksamma alla stolta pappor till svenska vallhundar! Vi presenterar v\u00e5r exklusiva huvtr\u00f6ja &#8221;Dad of a Happy Swedish Vallhund&#8221;, som \u00e4r utformad f\u00f6r att visa din k\u00e4rlek till denna otroliga ras.<\/p>\n<p>Den h\u00e4r huvtr\u00f6jan \u00e4r tillverkad med st\u00f6rsta omsorg och erbjuder en perfekt blandning av komfort och stil. Den \u00e4r tillverkad av h\u00f6gkvalitativa material och garanterar h\u00e5llbarhet och en bekv\u00e4m passform f\u00f6r vardagligt bruk. Den sl\u00e5ende designen visar stolt din roll som h\u00e4ngiven Vallhundfar, vilket g\u00f6r den till ett fantastiskt till\u00e4gg till din garderob.<\/p>\n","protected":false},"featured_media":1476,"comment_status":"open","ping_status":"closed","template":"","meta":{"_monsterinsights_skip_tracking":false,"_monsterinsights_sitenote_active":false,"_monsterinsights_sitenote_note":"","_monsterinsights_sitenote_category":0},"product_brand":[],"product_cat":[100,105],"product_tag":[41,40,69,67,44,107],"class_list":{"0":"post-1440","1":"product","2":"type-product","3":"status-publish","4":"has-post-thumbnail","6":"product_cat-herrklader","7":"product_cat-svensk-vallhund","8":"product_tag-djuralskare","9":"product_tag-glad","10":"product_tag-hundagare","11":"product_tag-hundagare-gava","12":"product_tag-pappa-till-en-hund","13":"product_tag-svensk-vallhund","15":"first","16":"instock","17":"taxable","18":"shipping-taxable","19":"purchasable","20":"product-type-variable","21":"has-default-attributes"},"yoast_head":"<!-- This site is optimized with the Yoast SEO plugin v27.4 - https:\/\/yoast.com\/product\/yoast-seo-wordpress\/ -->\n<title>Pappa till en lycklig svensk Vallhund, Hoodie - Dog Family Shop<\/title>\n<meta name=\"robots\" content=\"index, follow, max-snippet:-1, max-image-preview:large, max-video-preview:-1\" \/>\n<link rel=\"canonical\" href=\"https:\/\/dogfamily.shop\/sv\/product\/herrklader\/dad-of-a-happy-swedish-vallhund-hoodie\/\" \/>\n<meta property=\"og:locale\" content=\"sv_SE\" \/>\n<meta property=\"og:type\" content=\"article\" \/>\n<meta property=\"og:title\" content=\"Pappa till en lycklig svensk Vallhund, Hoodie - Dog Family Shop\" \/>\n<meta property=\"og:description\" content=\"Uppm\u00e4rksamma alla stolta pappor till svenska vallhundar! Vi presenterar v\u00e5r exklusiva huvtr\u00f6ja &quot;Dad of a Happy Swedish Vallhund&quot;, som \u00e4r utformad f\u00f6r att visa din k\u00e4rlek till denna otroliga ras. Den h\u00e4r huvtr\u00f6jan \u00e4r tillverkad med st\u00f6rsta omsorg och erbjuder en perfekt blandning av komfort och stil. Den \u00e4r tillverkad av h\u00f6gkvalitativa material och garanterar h\u00e5llbarhet och en bekv\u00e4m passform f\u00f6r vardagligt bruk. Den sl\u00e5ende designen visar stolt din roll som h\u00e4ngiven Vallhundfar, vilket g\u00f6r den till ett fantastiskt till\u00e4gg till din garderob.\" \/>\n<meta property=\"og:url\" content=\"https:\/\/dogfamily.shop\/sv\/product\/herrklader\/dad-of-a-happy-swedish-vallhund-hoodie\/\" \/>\n<meta property=\"og:site_name\" content=\"Dog Family Shop\" \/>\n<meta property=\"article:modified_time\" content=\"2023-05-10T19:01:46+00:00\" \/>\n<meta property=\"og:image\" content=\"https:\/\/dogfamily.shop\/wp-content\/uploads\/2023\/05\/Swedish-Vallhund-dad-hoodie.png\" \/>\n\t<meta property=\"og:image:width\" content=\"1024\" \/>\n\t<meta property=\"og:image:height\" content=\"1024\" \/>\n\t<meta property=\"og:image:type\" content=\"image\/png\" \/>\n<meta name=\"twitter:card\" content=\"summary_large_image\" \/>\n<meta name=\"twitter:label1\" content=\"Ber\u00e4knad l\u00e4stid\" \/>\n\t<meta name=\"twitter:data1\" content=\"1 minut\" \/>\n<script type=\"application\/ld+json\" class=\"yoast-schema-graph\">{\"@context\":\"https:\\\/\\\/schema.org\",\"@graph\":[{\"@type\":\"WebPage\",\"@id\":\"https:\\\/\\\/dogfamily.shop\\\/sv\\\/product\\\/herrklader\\\/dad-of-a-happy-swedish-vallhund-hoodie\\\/\",\"url\":\"https:\\\/\\\/dogfamily.shop\\\/sv\\\/product\\\/herrklader\\\/dad-of-a-happy-swedish-vallhund-hoodie\\\/\",\"name\":\"Pappa till en lycklig svensk Vallhund, Hoodie - Dog Family Shop\",\"isPartOf\":{\"@id\":\"https:\\\/\\\/dogfamily.shop\\\/sv\\\/#website\"},\"primaryImageOfPage\":{\"@id\":\"https:\\\/\\\/dogfamily.shop\\\/sv\\\/product\\\/herrklader\\\/dad-of-a-happy-swedish-vallhund-hoodie\\\/#primaryimage\"},\"image\":{\"@id\":\"https:\\\/\\\/dogfamily.shop\\\/sv\\\/product\\\/herrklader\\\/dad-of-a-happy-swedish-vallhund-hoodie\\\/#primaryimage\"},\"thumbnailUrl\":\"https:\\\/\\\/dogfamily.shop\\\/wp-content\\\/uploads\\\/2023\\\/05\\\/42237-90.jpg\",\"datePublished\":\"2023-05-10T18:53:47+00:00\",\"dateModified\":\"2023-05-10T19:01:46+00:00\",\"breadcrumb\":{\"@id\":\"https:\\\/\\\/dogfamily.shop\\\/sv\\\/product\\\/herrklader\\\/dad-of-a-happy-swedish-vallhund-hoodie\\\/#breadcrumb\"},\"inLanguage\":\"sv-SE\",\"potentialAction\":[{\"@type\":\"ReadAction\",\"target\":[\"https:\\\/\\\/dogfamily.shop\\\/sv\\\/product\\\/herrklader\\\/dad-of-a-happy-swedish-vallhund-hoodie\\\/\"]}]},{\"@type\":\"ImageObject\",\"inLanguage\":\"sv-SE\",\"@id\":\"https:\\\/\\\/dogfamily.shop\\\/sv\\\/product\\\/herrklader\\\/dad-of-a-happy-swedish-vallhund-hoodie\\\/#primaryimage\",\"url\":\"https:\\\/\\\/dogfamily.shop\\\/wp-content\\\/uploads\\\/2023\\\/05\\\/42237-90.jpg\",\"contentUrl\":\"https:\\\/\\\/dogfamily.shop\\\/wp-content\\\/uploads\\\/2023\\\/05\\\/42237-90.jpg\",\"width\":1200,\"height\":1200},{\"@type\":\"BreadcrumbList\",\"@id\":\"https:\\\/\\\/dogfamily.shop\\\/sv\\\/product\\\/herrklader\\\/dad-of-a-happy-swedish-vallhund-hoodie\\\/#breadcrumb\",\"itemListElement\":[{\"@type\":\"ListItem\",\"position\":1,\"name\":\"Home\",\"item\":\"https:\\\/\\\/dogfamily.shop\\\/sv\\\/\"},{\"@type\":\"ListItem\",\"position\":2,\"name\":\"Butik\",\"item\":\"https:\\\/\\\/dogfamily.shop\\\/sv\\\/butik\\\/\"},{\"@type\":\"ListItem\",\"position\":3,\"name\":\"Pappa till en lycklig svensk Vallhund, Hoodie\"}]},{\"@type\":\"WebSite\",\"@id\":\"https:\\\/\\\/dogfamily.shop\\\/sv\\\/#website\",\"url\":\"https:\\\/\\\/dogfamily.shop\\\/sv\\\/\",\"name\":\"Dog Family Shop\",\"description\":\"Everything for dog family, clothes, accessories, bed linen and more\",\"publisher\":{\"@id\":\"https:\\\/\\\/dogfamily.shop\\\/sv\\\/#organization\"},\"potentialAction\":[{\"@type\":\"SearchAction\",\"target\":{\"@type\":\"EntryPoint\",\"urlTemplate\":\"https:\\\/\\\/dogfamily.shop\\\/sv\\\/?s={search_term_string}\"},\"query-input\":{\"@type\":\"PropertyValueSpecification\",\"valueRequired\":true,\"valueName\":\"search_term_string\"}}],\"inLanguage\":\"sv-SE\"},{\"@type\":\"Organization\",\"@id\":\"https:\\\/\\\/dogfamily.shop\\\/sv\\\/#organization\",\"name\":\"Dog Family Shop\",\"url\":\"https:\\\/\\\/dogfamily.shop\\\/sv\\\/\",\"logo\":{\"@type\":\"ImageObject\",\"inLanguage\":\"sv-SE\",\"@id\":\"https:\\\/\\\/dogfamily.shop\\\/sv\\\/#\\\/schema\\\/logo\\\/image\\\/\",\"url\":\"\\\/wp-content\\\/uploads\\\/2023\\\/05\\\/Logo1.png\",\"contentUrl\":\"\\\/wp-content\\\/uploads\\\/2023\\\/05\\\/Logo1.png\",\"width\":800,\"height\":582,\"caption\":\"Dog Family Shop\"},\"image\":{\"@id\":\"https:\\\/\\\/dogfamily.shop\\\/sv\\\/#\\\/schema\\\/logo\\\/image\\\/\"}}]}<\/script>\n<!-- \/ Yoast SEO plugin. -->","yoast_head_json":{"title":"Pappa till en lycklig svensk Vallhund, Hoodie - Dog Family Shop","robots":{"index":"index","follow":"follow","max-snippet":"max-snippet:-1","max-image-preview":"max-image-preview:large","max-video-preview":"max-video-preview:-1"},"canonical":"https:\/\/dogfamily.shop\/sv\/product\/herrklader\/dad-of-a-happy-swedish-vallhund-hoodie\/","og_locale":"sv_SE","og_type":"article","og_title":"Pappa till en lycklig svensk Vallhund, Hoodie - Dog Family Shop","og_description":"Uppm\u00e4rksamma alla stolta pappor till svenska vallhundar! Vi presenterar v\u00e5r exklusiva huvtr\u00f6ja \"Dad of a Happy Swedish Vallhund\", som \u00e4r utformad f\u00f6r att visa din k\u00e4rlek till denna otroliga ras. Den h\u00e4r huvtr\u00f6jan \u00e4r tillverkad med st\u00f6rsta omsorg och erbjuder en perfekt blandning av komfort och stil. Den \u00e4r tillverkad av h\u00f6gkvalitativa material och garanterar h\u00e5llbarhet och en bekv\u00e4m passform f\u00f6r vardagligt bruk. Den sl\u00e5ende designen visar stolt din roll som h\u00e4ngiven Vallhundfar, vilket g\u00f6r den till ett fantastiskt till\u00e4gg till din garderob.","og_url":"https:\/\/dogfamily.shop\/sv\/product\/herrklader\/dad-of-a-happy-swedish-vallhund-hoodie\/","og_site_name":"Dog Family Shop","article_modified_time":"2023-05-10T19:01:46+00:00","og_image":[{"width":1024,"height":1024,"url":"https:\/\/dogfamily.shop\/wp-content\/uploads\/2023\/05\/Swedish-Vallhund-dad-hoodie.png","type":"image\/png"}],"twitter_card":"summary_large_image","twitter_misc":{"Ber\u00e4knad l\u00e4stid":"1 minut"},"schema":{"@context":"https:\/\/schema.org","@graph":[{"@type":"WebPage","@id":"https:\/\/dogfamily.shop\/sv\/product\/herrklader\/dad-of-a-happy-swedish-vallhund-hoodie\/","url":"https:\/\/dogfamily.shop\/sv\/product\/herrklader\/dad-of-a-happy-swedish-vallhund-hoodie\/","name":"Pappa till en lycklig svensk Vallhund, Hoodie - Dog Family Shop","isPartOf":{"@id":"https:\/\/dogfamily.shop\/sv\/#website"},"primaryImageOfPage":{"@id":"https:\/\/dogfamily.shop\/sv\/product\/herrklader\/dad-of-a-happy-swedish-vallhund-hoodie\/#primaryimage"},"image":{"@id":"https:\/\/dogfamily.shop\/sv\/product\/herrklader\/dad-of-a-happy-swedish-vallhund-hoodie\/#primaryimage"},"thumbnailUrl":"https:\/\/dogfamily.shop\/wp-content\/uploads\/2023\/05\/42237-90.jpg","datePublished":"2023-05-10T18:53:47+00:00","dateModified":"2023-05-10T19:01:46+00:00","breadcrumb":{"@id":"https:\/\/dogfamily.shop\/sv\/product\/herrklader\/dad-of-a-happy-swedish-vallhund-hoodie\/#breadcrumb"},"inLanguage":"sv-SE","potentialAction":[{"@type":"ReadAction","target":["https:\/\/dogfamily.shop\/sv\/product\/herrklader\/dad-of-a-happy-swedish-vallhund-hoodie\/"]}]},{"@type":"ImageObject","inLanguage":"sv-SE","@id":"https:\/\/dogfamily.shop\/sv\/product\/herrklader\/dad-of-a-happy-swedish-vallhund-hoodie\/#primaryimage","url":"https:\/\/dogfamily.shop\/wp-content\/uploads\/2023\/05\/42237-90.jpg","contentUrl":"https:\/\/dogfamily.shop\/wp-content\/uploads\/2023\/05\/42237-90.jpg","width":1200,"height":1200},{"@type":"BreadcrumbList","@id":"https:\/\/dogfamily.shop\/sv\/product\/herrklader\/dad-of-a-happy-swedish-vallhund-hoodie\/#breadcrumb","itemListElement":[{"@type":"ListItem","position":1,"name":"Home","item":"https:\/\/dogfamily.shop\/sv\/"},{"@type":"ListItem","position":2,"name":"Butik","item":"https:\/\/dogfamily.shop\/sv\/butik\/"},{"@type":"ListItem","position":3,"name":"Pappa till en lycklig svensk Vallhund, Hoodie"}]},{"@type":"WebSite","@id":"https:\/\/dogfamily.shop\/sv\/#website","url":"https:\/\/dogfamily.shop\/sv\/","name":"Dog Family Shop","description":"Everything for dog family, clothes, accessories, bed linen and more","publisher":{"@id":"https:\/\/dogfamily.shop\/sv\/#organization"},"potentialAction":[{"@type":"SearchAction","target":{"@type":"EntryPoint","urlTemplate":"https:\/\/dogfamily.shop\/sv\/?s={search_term_string}"},"query-input":{"@type":"PropertyValueSpecification","valueRequired":true,"valueName":"search_term_string"}}],"inLanguage":"sv-SE"},{"@type":"Organization","@id":"https:\/\/dogfamily.shop\/sv\/#organization","name":"Dog Family Shop","url":"https:\/\/dogfamily.shop\/sv\/","logo":{"@type":"ImageObject","inLanguage":"sv-SE","@id":"https:\/\/dogfamily.shop\/sv\/#\/schema\/logo\/image\/","url":"\/wp-content\/uploads\/2023\/05\/Logo1.png","contentUrl":"\/wp-content\/uploads\/2023\/05\/Logo1.png","width":800,"height":582,"caption":"Dog Family Shop"},"image":{"@id":"https:\/\/dogfamily.shop\/sv\/#\/schema\/logo\/image\/"}}]}},"jetpack_sharing_enabled":true,"_links":{"self":[{"href":"https:\/\/dogfamily.shop\/sv\/wp-json\/wp\/v2\/product\/1440","targetHints":{"allow":["GET"]}}],"collection":[{"href":"https:\/\/dogfamily.shop\/sv\/wp-json\/wp\/v2\/product"}],"about":[{"href":"https:\/\/dogfamily.shop\/sv\/wp-json\/wp\/v2\/types\/product"}],"replies":[{"embeddable":true,"href":"https:\/\/dogfamily.shop\/sv\/wp-json\/wp\/v2\/comments?post=1440"}],"wp:featuredmedia":[{"embeddable":true,"href":"https:\/\/dogfamily.shop\/sv\/wp-json\/wp\/v2\/media\/1476"}],"wp:attachment":[{"href":"https:\/\/dogfamily.shop\/sv\/wp-json\/wp\/v2\/media?parent=1440"}],"wp:term":[{"taxonomy":"product_brand","embeddable":true,"href":"https:\/\/dogfamily.shop\/sv\/wp-json\/wp\/v2\/product_brand?post=1440"},{"taxonomy":"product_cat","embeddable":true,"href":"https:\/\/dogfamily.shop\/sv\/wp-json\/wp\/v2\/product_cat?post=1440"},{"taxonomy":"product_tag","embeddable":true,"href":"https:\/\/dogfamily.shop\/sv\/wp-json\/wp\/v2\/product_tag?post=1440"}],"curies":[{"name":"wp","href":"https:\/\/api.w.org\/{rel}","templated":true}]}}