{"id":1178,"date":"2023-05-10T17:18:21","date_gmt":"2023-05-10T15:18:21","guid":{"rendered":"https:\/\/dogfamily.shop\/product\/okategoriserad\/pappa-till-en-lycklig-husky-mugg\/"},"modified":"2023-05-10T17:22:14","modified_gmt":"2023-05-10T15:22:14","slug":"daddy-of-a-happy-husky-mug","status":"publish","type":"product","link":"https:\/\/dogfamily.shop\/sv\/product\/okategoriserade\/daddy-of-a-happy-husky-mug\/","title":{"rendered":"Pappa till en lycklig Husky, mugg"},"content":{"rendered":"<p>Vi presenterar v\u00e5r &#8221;Daddy of a Happy Husky&#8221; kaffe\/teemugg, det perfekta s\u00e4ttet att visa upp din k\u00e4rlek till din h\u00e5riga v\u00e4n!<\/p>\n<p>Den h\u00e4r h\u00f6gkvalitativa keramikmuggen har en charmig design som g\u00f6r dina morgnar \u00e4nnu ljusare. Med en gener\u00f6s kapacitet p\u00e5 12 ounces \u00e4r den idealisk f\u00f6r att njuta av din varma favoritdryck.<\/p>\n<p>Den h\u00e5llbara konstruktionen garanterar l\u00e5ngvarig anv\u00e4ndning, medan det bekv\u00e4ma handtaget ger ett s\u00e4kert grepp. Sk\u00e4m bort dig sj\u00e4lv eller \u00f6verraska den husky\u00e4lskande pappan i ditt liv med den h\u00e4r h\u00e4rliga muggen och b\u00f6rja varje dag med ett leende!<\/p>\n<p>Trycket beh\u00e5ller sin kvalitet och glans n\u00e4r det anv\u00e4nds i b\u00e5de mikrov\u00e5gsugn och diskmaskin.<\/p>\n<ul>\n<li>&#8211; Keramisk 11oz mugg<\/li>\n<li>&#8211; Klarar diskmaskin och mikrov\u00e5gsugn<\/li>\n<li>&#8211; Produkts\u00e4kerhetstester som utf\u00f6rs av oberoende tredjepartslaboratorier.<\/li>\n<\/ul>\n","protected":false},"excerpt":{"rendered":"<p>Vi presenterar v\u00e5r &#8221;Daddy of a Happy Husky&#8221; kaffe\/teemugg, det perfekta s\u00e4ttet att visa upp din k\u00e4rlek till din h\u00e5riga v\u00e4n! Den h\u00e4r h\u00f6gkvalitativa keramikmuggen har en charmig design som g\u00f6r dina morgnar \u00e4nnu ljusare. Med en gener\u00f6s kapacitet p\u00e5 12 ounces \u00e4r den idealisk f\u00f6r att njuta av din varma favoritdryck. Den h\u00e5llbara konstruktionen &#8230; <a title=\"Pappa till en lycklig Husky, mugg\" class=\"read-more\" href=\"https:\/\/dogfamily.shop\/sv\/product\/okategoriserade\/daddy-of-a-happy-husky-mug\/\" aria-label=\"L\u00e4s mer om Pappa till en lycklig Husky, mugg\">L\u00e4s mer<\/a><\/p>\n","protected":false},"featured_media":1175,"comment_status":"open","ping_status":"closed","template":"","meta":{"_monsterinsights_skip_tracking":false,"_monsterinsights_sitenote_active":false,"_monsterinsights_sitenote_note":"","_monsterinsights_sitenote_category":0},"product_brand":[],"product_cat":[57],"product_tag":[41,80,38,78],"class_list":{"0":"post-1178","1":"product","2":"type-product","3":"status-publish","4":"has-post-thumbnail","6":"product_cat-okategoriserade","7":"product_tag-djuralskare","8":"product_tag-gava-till-husky-pappa","9":"product_tag-husky-sv","10":"product_tag-husky-pappa","11":"product_shipping_class-fri-frakt","13":"first","14":"instock","15":"taxable","16":"shipping-taxable","17":"purchasable","18":"product-type-simple"},"yoast_head":"<!-- This site is optimized with the Yoast SEO plugin v27.4 - https:\/\/yoast.com\/product\/yoast-seo-wordpress\/ -->\n<title>Pappa till en lycklig Husky, mugg - Dog Family Shop<\/title>\n<meta name=\"description\" content=\"Vi presenterar v\u00e5r &quot;Daddy of a Happy Husky&quot; kaffe\/teemugg, det perfekta s\u00e4ttet att visa upp din k\u00e4rlek till din h\u00e5riga v\u00e4n!\" \/>\n<meta name=\"robots\" content=\"index, follow, max-snippet:-1, max-image-preview:large, max-video-preview:-1\" \/>\n<link rel=\"canonical\" href=\"https:\/\/dogfamily.shop\/sv\/product\/okategoriserade\/daddy-of-a-happy-husky-mug\/\" \/>\n<meta property=\"og:locale\" content=\"sv_SE\" \/>\n<meta property=\"og:type\" content=\"article\" \/>\n<meta property=\"og:title\" content=\"Pappa till en lycklig Husky, mugg - Dog Family Shop\" \/>\n<meta property=\"og:description\" content=\"Vi presenterar v\u00e5r &quot;Daddy of a Happy Husky&quot; kaffe\/teemugg, det perfekta s\u00e4ttet att visa upp din k\u00e4rlek till din h\u00e5riga v\u00e4n!\" \/>\n<meta property=\"og:url\" content=\"https:\/\/dogfamily.shop\/sv\/product\/okategoriserade\/daddy-of-a-happy-husky-mug\/\" \/>\n<meta property=\"og:site_name\" content=\"Dog Family Shop\" \/>\n<meta property=\"article:modified_time\" content=\"2023-05-10T15:22:14+00:00\" \/>\n<meta property=\"og:image\" content=\"https:\/\/dogfamily.shop\/wp-content\/uploads\/2023\/05\/2418c26b-12ef-4adc-b4cb-6d0b7922dd53.jpg\" \/>\n\t<meta property=\"og:image:width\" content=\"2048\" \/>\n\t<meta property=\"og:image:height\" content=\"2048\" \/>\n\t<meta property=\"og:image:type\" content=\"image\/jpeg\" \/>\n<meta name=\"twitter:card\" content=\"summary_large_image\" \/>\n<meta name=\"twitter:label1\" content=\"Ber\u00e4knad l\u00e4stid\" \/>\n\t<meta name=\"twitter:data1\" content=\"1 minut\" \/>\n<script type=\"application\/ld+json\" class=\"yoast-schema-graph\">{\"@context\":\"https:\\\/\\\/schema.org\",\"@graph\":[{\"@type\":\"WebPage\",\"@id\":\"https:\\\/\\\/dogfamily.shop\\\/sv\\\/product\\\/okategoriserade\\\/daddy-of-a-happy-husky-mug\\\/\",\"url\":\"https:\\\/\\\/dogfamily.shop\\\/sv\\\/product\\\/okategoriserade\\\/daddy-of-a-happy-husky-mug\\\/\",\"name\":\"Pappa till en lycklig Husky, mugg - Dog Family Shop\",\"isPartOf\":{\"@id\":\"https:\\\/\\\/dogfamily.shop\\\/sv\\\/#website\"},\"primaryImageOfPage\":{\"@id\":\"https:\\\/\\\/dogfamily.shop\\\/sv\\\/product\\\/okategoriserade\\\/daddy-of-a-happy-husky-mug\\\/#primaryimage\"},\"image\":{\"@id\":\"https:\\\/\\\/dogfamily.shop\\\/sv\\\/product\\\/okategoriserade\\\/daddy-of-a-happy-husky-mug\\\/#primaryimage\"},\"thumbnailUrl\":\"https:\\\/\\\/dogfamily.shop\\\/wp-content\\\/uploads\\\/2023\\\/05\\\/2418c26b-12ef-4adc-b4cb-6d0b7922dd53.jpg\",\"datePublished\":\"2023-05-10T15:18:21+00:00\",\"dateModified\":\"2023-05-10T15:22:14+00:00\",\"description\":\"Vi presenterar v\u00e5r \\\"Daddy of a Happy Husky\\\" kaffe\\\/teemugg, det perfekta s\u00e4ttet att visa upp din k\u00e4rlek till din h\u00e5riga v\u00e4n!\",\"breadcrumb\":{\"@id\":\"https:\\\/\\\/dogfamily.shop\\\/sv\\\/product\\\/okategoriserade\\\/daddy-of-a-happy-husky-mug\\\/#breadcrumb\"},\"inLanguage\":\"sv-SE\",\"potentialAction\":[{\"@type\":\"ReadAction\",\"target\":[\"https:\\\/\\\/dogfamily.shop\\\/sv\\\/product\\\/okategoriserade\\\/daddy-of-a-happy-husky-mug\\\/\"]}]},{\"@type\":\"ImageObject\",\"inLanguage\":\"sv-SE\",\"@id\":\"https:\\\/\\\/dogfamily.shop\\\/sv\\\/product\\\/okategoriserade\\\/daddy-of-a-happy-husky-mug\\\/#primaryimage\",\"url\":\"https:\\\/\\\/dogfamily.shop\\\/wp-content\\\/uploads\\\/2023\\\/05\\\/2418c26b-12ef-4adc-b4cb-6d0b7922dd53.jpg\",\"contentUrl\":\"https:\\\/\\\/dogfamily.shop\\\/wp-content\\\/uploads\\\/2023\\\/05\\\/2418c26b-12ef-4adc-b4cb-6d0b7922dd53.jpg\",\"width\":2048,\"height\":2048},{\"@type\":\"BreadcrumbList\",\"@id\":\"https:\\\/\\\/dogfamily.shop\\\/sv\\\/product\\\/okategoriserade\\\/daddy-of-a-happy-husky-mug\\\/#breadcrumb\",\"itemListElement\":[{\"@type\":\"ListItem\",\"position\":1,\"name\":\"Home\",\"item\":\"https:\\\/\\\/dogfamily.shop\\\/sv\\\/\"},{\"@type\":\"ListItem\",\"position\":2,\"name\":\"Butik\",\"item\":\"https:\\\/\\\/dogfamily.shop\\\/sv\\\/butik\\\/\"},{\"@type\":\"ListItem\",\"position\":3,\"name\":\"Pappa till en lycklig Husky, mugg\"}]},{\"@type\":\"WebSite\",\"@id\":\"https:\\\/\\\/dogfamily.shop\\\/sv\\\/#website\",\"url\":\"https:\\\/\\\/dogfamily.shop\\\/sv\\\/\",\"name\":\"Dog Family Shop\",\"description\":\"Everything for dog family, clothes, accessories, bed linen and more\",\"publisher\":{\"@id\":\"https:\\\/\\\/dogfamily.shop\\\/sv\\\/#organization\"},\"potentialAction\":[{\"@type\":\"SearchAction\",\"target\":{\"@type\":\"EntryPoint\",\"urlTemplate\":\"https:\\\/\\\/dogfamily.shop\\\/sv\\\/?s={search_term_string}\"},\"query-input\":{\"@type\":\"PropertyValueSpecification\",\"valueRequired\":true,\"valueName\":\"search_term_string\"}}],\"inLanguage\":\"sv-SE\"},{\"@type\":\"Organization\",\"@id\":\"https:\\\/\\\/dogfamily.shop\\\/sv\\\/#organization\",\"name\":\"Dog Family Shop\",\"url\":\"https:\\\/\\\/dogfamily.shop\\\/sv\\\/\",\"logo\":{\"@type\":\"ImageObject\",\"inLanguage\":\"sv-SE\",\"@id\":\"https:\\\/\\\/dogfamily.shop\\\/sv\\\/#\\\/schema\\\/logo\\\/image\\\/\",\"url\":\"\\\/wp-content\\\/uploads\\\/2023\\\/05\\\/Logo1.png\",\"contentUrl\":\"\\\/wp-content\\\/uploads\\\/2023\\\/05\\\/Logo1.png\",\"width\":800,\"height\":582,\"caption\":\"Dog Family Shop\"},\"image\":{\"@id\":\"https:\\\/\\\/dogfamily.shop\\\/sv\\\/#\\\/schema\\\/logo\\\/image\\\/\"}}]}<\/script>\n<!-- \/ Yoast SEO plugin. -->","yoast_head_json":{"title":"Pappa till en lycklig Husky, mugg - Dog Family Shop","description":"Vi presenterar v\u00e5r \"Daddy of a Happy Husky\" kaffe\/teemugg, det perfekta s\u00e4ttet att visa upp din k\u00e4rlek till din h\u00e5riga v\u00e4n!","robots":{"index":"index","follow":"follow","max-snippet":"max-snippet:-1","max-image-preview":"max-image-preview:large","max-video-preview":"max-video-preview:-1"},"canonical":"https:\/\/dogfamily.shop\/sv\/product\/okategoriserade\/daddy-of-a-happy-husky-mug\/","og_locale":"sv_SE","og_type":"article","og_title":"Pappa till en lycklig Husky, mugg - Dog Family Shop","og_description":"Vi presenterar v\u00e5r \"Daddy of a Happy Husky\" kaffe\/teemugg, det perfekta s\u00e4ttet att visa upp din k\u00e4rlek till din h\u00e5riga v\u00e4n!","og_url":"https:\/\/dogfamily.shop\/sv\/product\/okategoriserade\/daddy-of-a-happy-husky-mug\/","og_site_name":"Dog Family Shop","article_modified_time":"2023-05-10T15:22:14+00:00","og_image":[{"width":2048,"height":2048,"url":"https:\/\/dogfamily.shop\/wp-content\/uploads\/2023\/05\/2418c26b-12ef-4adc-b4cb-6d0b7922dd53.jpg","type":"image\/jpeg"}],"twitter_card":"summary_large_image","twitter_misc":{"Ber\u00e4knad l\u00e4stid":"1 minut"},"schema":{"@context":"https:\/\/schema.org","@graph":[{"@type":"WebPage","@id":"https:\/\/dogfamily.shop\/sv\/product\/okategoriserade\/daddy-of-a-happy-husky-mug\/","url":"https:\/\/dogfamily.shop\/sv\/product\/okategoriserade\/daddy-of-a-happy-husky-mug\/","name":"Pappa till en lycklig Husky, mugg - Dog Family Shop","isPartOf":{"@id":"https:\/\/dogfamily.shop\/sv\/#website"},"primaryImageOfPage":{"@id":"https:\/\/dogfamily.shop\/sv\/product\/okategoriserade\/daddy-of-a-happy-husky-mug\/#primaryimage"},"image":{"@id":"https:\/\/dogfamily.shop\/sv\/product\/okategoriserade\/daddy-of-a-happy-husky-mug\/#primaryimage"},"thumbnailUrl":"https:\/\/dogfamily.shop\/wp-content\/uploads\/2023\/05\/2418c26b-12ef-4adc-b4cb-6d0b7922dd53.jpg","datePublished":"2023-05-10T15:18:21+00:00","dateModified":"2023-05-10T15:22:14+00:00","description":"Vi presenterar v\u00e5r \"Daddy of a Happy Husky\" kaffe\/teemugg, det perfekta s\u00e4ttet att visa upp din k\u00e4rlek till din h\u00e5riga v\u00e4n!","breadcrumb":{"@id":"https:\/\/dogfamily.shop\/sv\/product\/okategoriserade\/daddy-of-a-happy-husky-mug\/#breadcrumb"},"inLanguage":"sv-SE","potentialAction":[{"@type":"ReadAction","target":["https:\/\/dogfamily.shop\/sv\/product\/okategoriserade\/daddy-of-a-happy-husky-mug\/"]}]},{"@type":"ImageObject","inLanguage":"sv-SE","@id":"https:\/\/dogfamily.shop\/sv\/product\/okategoriserade\/daddy-of-a-happy-husky-mug\/#primaryimage","url":"https:\/\/dogfamily.shop\/wp-content\/uploads\/2023\/05\/2418c26b-12ef-4adc-b4cb-6d0b7922dd53.jpg","contentUrl":"https:\/\/dogfamily.shop\/wp-content\/uploads\/2023\/05\/2418c26b-12ef-4adc-b4cb-6d0b7922dd53.jpg","width":2048,"height":2048},{"@type":"BreadcrumbList","@id":"https:\/\/dogfamily.shop\/sv\/product\/okategoriserade\/daddy-of-a-happy-husky-mug\/#breadcrumb","itemListElement":[{"@type":"ListItem","position":1,"name":"Home","item":"https:\/\/dogfamily.shop\/sv\/"},{"@type":"ListItem","position":2,"name":"Butik","item":"https:\/\/dogfamily.shop\/sv\/butik\/"},{"@type":"ListItem","position":3,"name":"Pappa till en lycklig Husky, mugg"}]},{"@type":"WebSite","@id":"https:\/\/dogfamily.shop\/sv\/#website","url":"https:\/\/dogfamily.shop\/sv\/","name":"Dog Family Shop","description":"Everything for dog family, clothes, accessories, bed linen and more","publisher":{"@id":"https:\/\/dogfamily.shop\/sv\/#organization"},"potentialAction":[{"@type":"SearchAction","target":{"@type":"EntryPoint","urlTemplate":"https:\/\/dogfamily.shop\/sv\/?s={search_term_string}"},"query-input":{"@type":"PropertyValueSpecification","valueRequired":true,"valueName":"search_term_string"}}],"inLanguage":"sv-SE"},{"@type":"Organization","@id":"https:\/\/dogfamily.shop\/sv\/#organization","name":"Dog Family Shop","url":"https:\/\/dogfamily.shop\/sv\/","logo":{"@type":"ImageObject","inLanguage":"sv-SE","@id":"https:\/\/dogfamily.shop\/sv\/#\/schema\/logo\/image\/","url":"\/wp-content\/uploads\/2023\/05\/Logo1.png","contentUrl":"\/wp-content\/uploads\/2023\/05\/Logo1.png","width":800,"height":582,"caption":"Dog Family Shop"},"image":{"@id":"https:\/\/dogfamily.shop\/sv\/#\/schema\/logo\/image\/"}}]}},"jetpack_sharing_enabled":true,"_links":{"self":[{"href":"https:\/\/dogfamily.shop\/sv\/wp-json\/wp\/v2\/product\/1178","targetHints":{"allow":["GET"]}}],"collection":[{"href":"https:\/\/dogfamily.shop\/sv\/wp-json\/wp\/v2\/product"}],"about":[{"href":"https:\/\/dogfamily.shop\/sv\/wp-json\/wp\/v2\/types\/product"}],"replies":[{"embeddable":true,"href":"https:\/\/dogfamily.shop\/sv\/wp-json\/wp\/v2\/comments?post=1178"}],"wp:featuredmedia":[{"embeddable":true,"href":"https:\/\/dogfamily.shop\/sv\/wp-json\/wp\/v2\/media\/1175"}],"wp:attachment":[{"href":"https:\/\/dogfamily.shop\/sv\/wp-json\/wp\/v2\/media?parent=1178"}],"wp:term":[{"taxonomy":"product_brand","embeddable":true,"href":"https:\/\/dogfamily.shop\/sv\/wp-json\/wp\/v2\/product_brand?post=1178"},{"taxonomy":"product_cat","embeddable":true,"href":"https:\/\/dogfamily.shop\/sv\/wp-json\/wp\/v2\/product_cat?post=1178"},{"taxonomy":"product_tag","embeddable":true,"href":"https:\/\/dogfamily.shop\/sv\/wp-json\/wp\/v2\/product_tag?post=1178"}],"curies":[{"name":"wp","href":"https:\/\/api.w.org\/{rel}","templated":true}]}}