{"id":3799,"date":"2024-04-24T13:58:56","date_gmt":"2024-04-24T11:58:56","guid":{"rendered":"https:\/\/dogfamily.shop\/om-oss\/"},"modified":"2024-04-24T13:59:06","modified_gmt":"2024-04-24T11:59:06","slug":"om-oss","status":"publish","type":"page","link":"https:\/\/dogfamily.shop\/sv\/om-oss\/","title":{"rendered":"Om oss"},"content":{"rendered":"\n<p>H\u00e4r har vi allt du beh\u00f6ver f\u00f6r att sk\u00e4mma bort dina \u00e4lskade p\u00e4lsv\u00e4nner och dig sj\u00e4lv! Vi erbjuder ett brett utbud av h\u00f6gkvalitativa produkter, inklusive snygga kl\u00e4der, eleganta accessoarer, mysiga s\u00e4ngkl\u00e4der och mycket mer. Oavsett om du har en liten teacupvalp eller en massiv mastiff har vi alternativ som passar alla storlekar, stilar och personligheter. V\u00e5rt team av h\u00e4ngivna hund\u00e4lskare har \u00e5tagit sig att ge dig den b\u00e4sta m\u00f6jliga shoppingupplevelsen och se till att du och dina fyrbenta familjemedlemmar blir helt n\u00f6jda med varje k\u00f6p. S\u00e5 kom ombord och uppt\u00e4ck den ultimata destinationen f\u00f6r alla behov som din hundfamilj har!<\/p>\n\n<p>Eftersom alla designer \u00e4r unika och inte finns tillg\u00e4ngliga n\u00e5gon annanstans \u00e4r den totala leveranstiden cirka 8 arbetsdagar, beroende p\u00e5 var du befinner dig. Alla artiklar skrivs ut\/tillverkas efter att du har gjort en best\u00e4llning.<br\/>Tillverkningstiden \u00e4r 3-4 arbetsdagar.<br\/>Leverans, beroende p\u00e5 din plats, 2-4 arbetsdagar<\/p>\n","protected":false},"excerpt":{"rendered":"<p>H\u00e4r har vi allt du beh\u00f6ver f\u00f6r att sk\u00e4mma bort dina \u00e4lskade p\u00e4lsv\u00e4nner och dig sj\u00e4lv! Vi erbjuder ett brett utbud av h\u00f6gkvalitativa produkter, inklusive snygga kl\u00e4der, eleganta accessoarer, mysiga s\u00e4ngkl\u00e4der och mycket mer. Oavsett om du har en liten teacupvalp eller en massiv mastiff har vi alternativ som passar alla storlekar, stilar och personligheter. &#8230; <a title=\"Om oss\" class=\"read-more\" href=\"https:\/\/dogfamily.shop\/sv\/om-oss\/\" aria-label=\"L\u00e4s mer om Om oss\">L\u00e4s mer<\/a><\/p>\n","protected":false},"author":1,"featured_media":249,"parent":0,"menu_order":0,"comment_status":"closed","ping_status":"closed","template":"","meta":{"_monsterinsights_skip_tracking":false,"_monsterinsights_sitenote_active":false,"_monsterinsights_sitenote_note":"","_monsterinsights_sitenote_category":0,"footnotes":""},"class_list":["post-3799","page","type-page","status-publish","has-post-thumbnail"],"yoast_head":"<!-- This site is optimized with the Yoast SEO plugin v27.4 - https:\/\/yoast.com\/product\/yoast-seo-wordpress\/ -->\n<title>Om oss - Dog Family Shop<\/title>\n<meta name=\"description\" content=\"H\u00e4r har vi allt du beh\u00f6ver f\u00f6r att sk\u00e4mma bort dina \u00e4lskade p\u00e4lsv\u00e4nner och dig sj\u00e4lv! Vi erbjuder ett brett sortiment av h\u00f6gkvalitativa produkter!\" \/>\n<meta name=\"robots\" content=\"index, follow, max-snippet:-1, max-image-preview:large, max-video-preview:-1\" \/>\n<link rel=\"canonical\" href=\"https:\/\/dogfamily.shop\/sv\/om-oss\/\" \/>\n<meta property=\"og:locale\" content=\"sv_SE\" \/>\n<meta property=\"og:type\" content=\"article\" \/>\n<meta property=\"og:title\" content=\"Om oss - Dog Family Shop\" \/>\n<meta property=\"og:description\" content=\"H\u00e4r har vi allt du beh\u00f6ver f\u00f6r att sk\u00e4mma bort dina \u00e4lskade p\u00e4lsv\u00e4nner och dig sj\u00e4lv! Vi erbjuder ett brett sortiment av h\u00f6gkvalitativa produkter!\" \/>\n<meta property=\"og:url\" content=\"https:\/\/dogfamily.shop\/sv\/om-oss\/\" \/>\n<meta property=\"og:site_name\" content=\"Dog Family Shop\" \/>\n<meta property=\"article:modified_time\" content=\"2024-04-24T11:59:06+00:00\" \/>\n<meta property=\"og:image\" content=\"https:\/\/dogfamily.shop\/wp-content\/uploads\/2023\/05\/Logo-512-512-1.png\" \/>\n\t<meta property=\"og:image:width\" content=\"512\" \/>\n\t<meta property=\"og:image:height\" content=\"512\" \/>\n\t<meta property=\"og:image:type\" content=\"image\/png\" \/>\n<meta name=\"twitter:card\" content=\"summary_large_image\" \/>\n<meta name=\"twitter:label1\" content=\"Ber\u00e4knad l\u00e4stid\" \/>\n\t<meta name=\"twitter:data1\" content=\"1 minut\" \/>\n<script type=\"application\/ld+json\" class=\"yoast-schema-graph\">{\"@context\":\"https:\\\/\\\/schema.org\",\"@graph\":[{\"@type\":\"WebPage\",\"@id\":\"https:\\\/\\\/dogfamily.shop\\\/sv\\\/om-oss\\\/\",\"url\":\"https:\\\/\\\/dogfamily.shop\\\/sv\\\/om-oss\\\/\",\"name\":\"Om oss - Dog Family Shop\",\"isPartOf\":{\"@id\":\"https:\\\/\\\/dogfamily.shop\\\/sv\\\/#website\"},\"primaryImageOfPage\":{\"@id\":\"https:\\\/\\\/dogfamily.shop\\\/sv\\\/om-oss\\\/#primaryimage\"},\"image\":{\"@id\":\"https:\\\/\\\/dogfamily.shop\\\/sv\\\/om-oss\\\/#primaryimage\"},\"thumbnailUrl\":\"https:\\\/\\\/dogfamily.shop\\\/wp-content\\\/uploads\\\/2023\\\/05\\\/Logo-512-512-1.png\",\"datePublished\":\"2024-04-24T11:58:56+00:00\",\"dateModified\":\"2024-04-24T11:59:06+00:00\",\"description\":\"H\u00e4r har vi allt du beh\u00f6ver f\u00f6r att sk\u00e4mma bort dina \u00e4lskade p\u00e4lsv\u00e4nner och dig sj\u00e4lv! Vi erbjuder ett brett sortiment av h\u00f6gkvalitativa produkter!\",\"breadcrumb\":{\"@id\":\"https:\\\/\\\/dogfamily.shop\\\/sv\\\/om-oss\\\/#breadcrumb\"},\"inLanguage\":\"sv-SE\",\"potentialAction\":[{\"@type\":\"ReadAction\",\"target\":[\"https:\\\/\\\/dogfamily.shop\\\/sv\\\/om-oss\\\/\"]}]},{\"@type\":\"ImageObject\",\"inLanguage\":\"sv-SE\",\"@id\":\"https:\\\/\\\/dogfamily.shop\\\/sv\\\/om-oss\\\/#primaryimage\",\"url\":\"https:\\\/\\\/dogfamily.shop\\\/wp-content\\\/uploads\\\/2023\\\/05\\\/Logo-512-512-1.png\",\"contentUrl\":\"https:\\\/\\\/dogfamily.shop\\\/wp-content\\\/uploads\\\/2023\\\/05\\\/Logo-512-512-1.png\",\"width\":512,\"height\":512},{\"@type\":\"BreadcrumbList\",\"@id\":\"https:\\\/\\\/dogfamily.shop\\\/sv\\\/om-oss\\\/#breadcrumb\",\"itemListElement\":[{\"@type\":\"ListItem\",\"position\":1,\"name\":\"Home\",\"item\":\"https:\\\/\\\/dogfamily.shop\\\/sv\\\/\"},{\"@type\":\"ListItem\",\"position\":2,\"name\":\"Om oss\"}]},{\"@type\":\"WebSite\",\"@id\":\"https:\\\/\\\/dogfamily.shop\\\/sv\\\/#website\",\"url\":\"https:\\\/\\\/dogfamily.shop\\\/sv\\\/\",\"name\":\"Dog Family Shop\",\"description\":\"Everything for dog family, clothes, accessories, bed linen and more\",\"publisher\":{\"@id\":\"https:\\\/\\\/dogfamily.shop\\\/sv\\\/#organization\"},\"potentialAction\":[{\"@type\":\"SearchAction\",\"target\":{\"@type\":\"EntryPoint\",\"urlTemplate\":\"https:\\\/\\\/dogfamily.shop\\\/sv\\\/?s={search_term_string}\"},\"query-input\":{\"@type\":\"PropertyValueSpecification\",\"valueRequired\":true,\"valueName\":\"search_term_string\"}}],\"inLanguage\":\"sv-SE\"},{\"@type\":\"Organization\",\"@id\":\"https:\\\/\\\/dogfamily.shop\\\/sv\\\/#organization\",\"name\":\"Dog Family Shop\",\"url\":\"https:\\\/\\\/dogfamily.shop\\\/sv\\\/\",\"logo\":{\"@type\":\"ImageObject\",\"inLanguage\":\"sv-SE\",\"@id\":\"https:\\\/\\\/dogfamily.shop\\\/sv\\\/#\\\/schema\\\/logo\\\/image\\\/\",\"url\":\"\\\/wp-content\\\/uploads\\\/2023\\\/05\\\/Logo1.png\",\"contentUrl\":\"\\\/wp-content\\\/uploads\\\/2023\\\/05\\\/Logo1.png\",\"width\":800,\"height\":582,\"caption\":\"Dog Family Shop\"},\"image\":{\"@id\":\"https:\\\/\\\/dogfamily.shop\\\/sv\\\/#\\\/schema\\\/logo\\\/image\\\/\"}}]}<\/script>\n<!-- \/ Yoast SEO plugin. -->","yoast_head_json":{"title":"Om oss - Dog Family Shop","description":"H\u00e4r har vi allt du beh\u00f6ver f\u00f6r att sk\u00e4mma bort dina \u00e4lskade p\u00e4lsv\u00e4nner och dig sj\u00e4lv! Vi erbjuder ett brett sortiment av h\u00f6gkvalitativa produkter!","robots":{"index":"index","follow":"follow","max-snippet":"max-snippet:-1","max-image-preview":"max-image-preview:large","max-video-preview":"max-video-preview:-1"},"canonical":"https:\/\/dogfamily.shop\/sv\/om-oss\/","og_locale":"sv_SE","og_type":"article","og_title":"Om oss - Dog Family Shop","og_description":"H\u00e4r har vi allt du beh\u00f6ver f\u00f6r att sk\u00e4mma bort dina \u00e4lskade p\u00e4lsv\u00e4nner och dig sj\u00e4lv! Vi erbjuder ett brett sortiment av h\u00f6gkvalitativa produkter!","og_url":"https:\/\/dogfamily.shop\/sv\/om-oss\/","og_site_name":"Dog Family Shop","article_modified_time":"2024-04-24T11:59:06+00:00","og_image":[{"width":512,"height":512,"url":"https:\/\/dogfamily.shop\/wp-content\/uploads\/2023\/05\/Logo-512-512-1.png","type":"image\/png"}],"twitter_card":"summary_large_image","twitter_misc":{"Ber\u00e4knad l\u00e4stid":"1 minut"},"schema":{"@context":"https:\/\/schema.org","@graph":[{"@type":"WebPage","@id":"https:\/\/dogfamily.shop\/sv\/om-oss\/","url":"https:\/\/dogfamily.shop\/sv\/om-oss\/","name":"Om oss - Dog Family Shop","isPartOf":{"@id":"https:\/\/dogfamily.shop\/sv\/#website"},"primaryImageOfPage":{"@id":"https:\/\/dogfamily.shop\/sv\/om-oss\/#primaryimage"},"image":{"@id":"https:\/\/dogfamily.shop\/sv\/om-oss\/#primaryimage"},"thumbnailUrl":"https:\/\/dogfamily.shop\/wp-content\/uploads\/2023\/05\/Logo-512-512-1.png","datePublished":"2024-04-24T11:58:56+00:00","dateModified":"2024-04-24T11:59:06+00:00","description":"H\u00e4r har vi allt du beh\u00f6ver f\u00f6r att sk\u00e4mma bort dina \u00e4lskade p\u00e4lsv\u00e4nner och dig sj\u00e4lv! Vi erbjuder ett brett sortiment av h\u00f6gkvalitativa produkter!","breadcrumb":{"@id":"https:\/\/dogfamily.shop\/sv\/om-oss\/#breadcrumb"},"inLanguage":"sv-SE","potentialAction":[{"@type":"ReadAction","target":["https:\/\/dogfamily.shop\/sv\/om-oss\/"]}]},{"@type":"ImageObject","inLanguage":"sv-SE","@id":"https:\/\/dogfamily.shop\/sv\/om-oss\/#primaryimage","url":"https:\/\/dogfamily.shop\/wp-content\/uploads\/2023\/05\/Logo-512-512-1.png","contentUrl":"https:\/\/dogfamily.shop\/wp-content\/uploads\/2023\/05\/Logo-512-512-1.png","width":512,"height":512},{"@type":"BreadcrumbList","@id":"https:\/\/dogfamily.shop\/sv\/om-oss\/#breadcrumb","itemListElement":[{"@type":"ListItem","position":1,"name":"Home","item":"https:\/\/dogfamily.shop\/sv\/"},{"@type":"ListItem","position":2,"name":"Om oss"}]},{"@type":"WebSite","@id":"https:\/\/dogfamily.shop\/sv\/#website","url":"https:\/\/dogfamily.shop\/sv\/","name":"Dog Family Shop","description":"Everything for dog family, clothes, accessories, bed linen and more","publisher":{"@id":"https:\/\/dogfamily.shop\/sv\/#organization"},"potentialAction":[{"@type":"SearchAction","target":{"@type":"EntryPoint","urlTemplate":"https:\/\/dogfamily.shop\/sv\/?s={search_term_string}"},"query-input":{"@type":"PropertyValueSpecification","valueRequired":true,"valueName":"search_term_string"}}],"inLanguage":"sv-SE"},{"@type":"Organization","@id":"https:\/\/dogfamily.shop\/sv\/#organization","name":"Dog Family Shop","url":"https:\/\/dogfamily.shop\/sv\/","logo":{"@type":"ImageObject","inLanguage":"sv-SE","@id":"https:\/\/dogfamily.shop\/sv\/#\/schema\/logo\/image\/","url":"\/wp-content\/uploads\/2023\/05\/Logo1.png","contentUrl":"\/wp-content\/uploads\/2023\/05\/Logo1.png","width":800,"height":582,"caption":"Dog Family Shop"},"image":{"@id":"https:\/\/dogfamily.shop\/sv\/#\/schema\/logo\/image\/"}}]}},"jetpack_sharing_enabled":true,"_links":{"self":[{"href":"https:\/\/dogfamily.shop\/sv\/wp-json\/wp\/v2\/pages\/3799","targetHints":{"allow":["GET"]}}],"collection":[{"href":"https:\/\/dogfamily.shop\/sv\/wp-json\/wp\/v2\/pages"}],"about":[{"href":"https:\/\/dogfamily.shop\/sv\/wp-json\/wp\/v2\/types\/page"}],"author":[{"embeddable":true,"href":"https:\/\/dogfamily.shop\/sv\/wp-json\/wp\/v2\/users\/1"}],"replies":[{"embeddable":true,"href":"https:\/\/dogfamily.shop\/sv\/wp-json\/wp\/v2\/comments?post=3799"}],"version-history":[{"count":3,"href":"https:\/\/dogfamily.shop\/sv\/wp-json\/wp\/v2\/pages\/3799\/revisions"}],"predecessor-version":[{"id":3804,"href":"https:\/\/dogfamily.shop\/sv\/wp-json\/wp\/v2\/pages\/3799\/revisions\/3804"}],"wp:featuredmedia":[{"embeddable":true,"href":"https:\/\/dogfamily.shop\/sv\/wp-json\/wp\/v2\/media\/249"}],"wp:attachment":[{"href":"https:\/\/dogfamily.shop\/sv\/wp-json\/wp\/v2\/media?parent=3799"}],"curies":[{"name":"wp","href":"https:\/\/api.w.org\/{rel}","templated":true}]}}