{"id":799,"date":"2023-05-09T23:01:51","date_gmt":"2023-05-09T21:01:51","guid":{"rendered":"https:\/\/dogfamily.shop\/product\/Ei-luokiteltu\/onnellisen-tiibetinmastiffin-isa-huppari\/"},"modified":"2023-05-10T15:02:36","modified_gmt":"2023-05-10T13:02:36","slug":"isa-on-onnellinen-tibetian-mastiffi-huppari","status":"publish","type":"product","link":"https:\/\/dogfamily.shop\/fi\/product\/miesten-vaatteet-fi-3\/isa-on-onnellinen-tibetian-mastiffi-huppari\/","title":{"rendered":"Onnellisen tiibetinmastiffin is\u00e4, huppari"},"content":{"rendered":"<p>Oletko tiibetinmastiffin ylpe\u00e4 is\u00e4 ja etsit kodikasta ja tyylik\u00e4st\u00e4 hupparia? Katso meid\u00e4n Dad of a Happy Tiibetinmastiff hupparia!<\/p>\n<p>Laadukkaista materiaaleista valmistettu ja mukava huppari, jossa on k\u00e4tev\u00e4 huppari, sopii t\u00e4ydellisesti kaikkiin tilaisuuksiin.<\/p>\n<p>N\u00e4yt\u00e4 rakkautesi karvaista yst\u00e4v\u00e4\u00e4si kohtaan huomiota her\u00e4tt\u00e4v\u00e4ll\u00e4 designilla, jossa on lause &#8221;Dad of a Happy Tibetan Mastiff&#8221;.<\/p>\n<p>T\u00e4t\u00e4 hupparia on saatavana eri kokoja, jotka sopivat kaikille vartalotyypeille, ja se on loistava lahja tiibetinmastiffin omistajalle tai harrastajalle.<\/p>\n<p>\u00c4l\u00e4 missaa tilaisuutta lis\u00e4t\u00e4 t\u00e4t\u00e4 mahtavaa hupparia kokoelmiisi t\u00e4n\u00e4\u00e4n ja pysy\u00e4 kodikkaana samalla kun osoitat rakkauttasi karvaista yst\u00e4v\u00e4\u00e4si kohtaan!<\/p>\n<p>&nbsp;<\/p>\n<table id=\"size-guide\" style=\"min-width: 360px;\">\n<thead>\n<tr>\n<th style=\"padding: 10px;\"><\/th>\n<th style=\"color: #000000; font-weight: 500; text-align: left; font-size: 15px; padding: 10px;\">S<\/th>\n<th style=\"color: #000000; font-weight: 500; text-align: left; font-size: 15px; padding: 10px;\">M<\/th>\n<th style=\"color: #000000; font-weight: 500; text-align: left; font-size: 15px; padding: 10px;\">L<\/th>\n<th style=\"color: #000000; font-weight: 500; text-align: left; font-size: 15px; padding: 10px;\">XL<\/th>\n<th style=\"color: #000000; font-weight: 500; text-align: left; font-size: 15px; padding: 10px;\">2XL<\/th>\n<\/tr>\n<\/thead>\n<tbody>\n<tr>\n<td style=\"padding: 10px; color: #525252; font-size: 15px; border-top: 1px solid #ededed;\">Leveys, cm<\/td>\n<td style=\"padding: 10px; color: #525252; font-size: 15px; border-top: 1px solid #ededed;\">51.00<\/td>\n<td style=\"padding: 10px; color: #525252; font-size: 15px; border-top: 1px solid #ededed;\">56.00<\/td>\n<td style=\"padding: 10px; color: #525252; font-size: 15px; border-top: 1px solid #ededed;\">61.00<\/td>\n<td style=\"padding: 10px; color: #525252; font-size: 15px; border-top: 1px solid #ededed;\">66.00<\/td>\n<td style=\"padding: 10px; color: #525252; font-size: 15px; border-top: 1px solid #ededed;\">71.10<\/td>\n<\/tr>\n<tr>\n<td style=\"padding: 10px; color: #525252; font-size: 15px; border-top: 1px solid #ededed;\">Pituus, cm<\/td>\n<td style=\"padding: 10px; color: #525252; font-size: 15px; border-top: 1px solid #ededed;\">69.00<\/td>\n<td style=\"padding: 10px; color: #525252; font-size: 15px; border-top: 1px solid #ededed;\">71.00<\/td>\n<td style=\"padding: 10px; color: #525252; font-size: 15px; border-top: 1px solid #ededed;\">74.00<\/td>\n<td style=\"padding: 10px; color: #525252; font-size: 15px; border-top: 1px solid #ededed;\">76.00<\/td>\n<td style=\"padding: 10px; color: #525252; font-size: 15px; border-top: 1px solid #ededed;\">79.00<\/td>\n<\/tr>\n<tr>\n<td style=\"padding: 10px; color: #525252; font-size: 15px; border-top: 1px solid #ededed;\">Hihan pituus keskelt\u00e4 selk\u00e4\u00e4, cm<\/td>\n<td style=\"padding: 10px; color: #525252; font-size: 15px; border-top: 1px solid #ededed;\">85.09<\/td>\n<td style=\"padding: 10px; color: #525252; font-size: 15px; border-top: 1px solid #ededed;\">87.63<\/td>\n<td style=\"padding: 10px; color: #525252; font-size: 15px; border-top: 1px solid #ededed;\">90.17<\/td>\n<td style=\"padding: 10px; color: #525252; font-size: 15px; border-top: 1px solid #ededed;\">92.71<\/td>\n<td style=\"padding: 10px; color: #525252; font-size: 15px; border-top: 1px solid #ededed;\">95.25<\/td>\n<\/tr>\n<\/tbody>\n<\/table>\n<p>&nbsp;<\/p>\n<p>Se on valmistettu paksusta puuvillan ja polyesterin sekoituksesta, joten se tuntuu muhkealta, pehme\u00e4lt\u00e4 ja l\u00e4mpim\u00e4lt\u00e4 ja on t\u00e4ydellinen valinta kylmiin p\u00e4iviin. Edess\u00e4 oleva tilava kengurutasku lis\u00e4\u00e4 p\u00e4ivitt\u00e4ist\u00e4 k\u00e4yt\u00e4nn\u00f6llisyytt\u00e4, ja hupun kiristysnauha on samanv\u00e4rinen kuin peruspusero, mik\u00e4 tuo lis\u00e4\u00e4 tyylipisteit\u00e4.<\/p>\n<ul>\n<li>50% puuvillaa, 50% polyesteri\u00e4 (kuitupitoisuus voi vaihdella eri v\u00e4reiss\u00e4).<\/li>\n<li>Keskiraskas kangas (8,0 oz\/yd\u00b2 (271 g\/m\u00b2)).<\/li>\n<li>Klassinen istuvuus<\/li>\n<li>Irrotettava etiketti<\/li>\n<li>Pit\u00e4\u00e4 kokonsa<\/li>\n<\/ul>\n","protected":false},"excerpt":{"rendered":"<p>Oletko tiibetinmastiffin ylpe\u00e4 is\u00e4 ja etsit kodikasta ja tyylik\u00e4st\u00e4 hupparia? Katso meid\u00e4n Dad of a Happy Tiibetinmastiff hupparia!<\/p>\n<p>Laadukkaista materiaaleista valmistettu ja mukava huppari, jossa on k\u00e4tev\u00e4 huppari, sopii t\u00e4ydellisesti kaikkiin tilaisuuksiin.<\/p>\n","protected":false},"featured_media":1165,"comment_status":"open","ping_status":"closed","template":"","meta":{"_monsterinsights_skip_tracking":false,"_monsterinsights_sitenote_active":false,"_monsterinsights_sitenote_note":"","_monsterinsights_sitenote_category":0},"product_brand":[],"product_cat":[99],"product_tag":[49,47,52,70,66,60],"class_list":{"0":"post-799","1":"product","2":"type-product","3":"status-publish","4":"has-post-thumbnail","6":"product_cat-miesten-vaatteet-fi-3","7":"product_tag-elainten-ystava","8":"product_tag-huppari","9":"product_tag-koiran-isa","10":"product_tag-koiranomistaja","11":"product_tag-koiranomistajan-lahja","12":"product_tag-tiibetinmastiffi","13":"product_shipping_class-ilmainen-toimitus","15":"first","16":"instock","17":"taxable","18":"shipping-taxable","19":"purchasable","20":"product-type-variable","21":"has-default-attributes"},"yoast_head":"<!-- This site is optimized with the Yoast SEO plugin v27.4 - https:\/\/yoast.com\/product\/yoast-seo-wordpress\/ -->\n<title>Onnellisen tiibetinmastiffin is\u00e4, huppari - Dog Family Shop<\/title>\n<meta name=\"robots\" content=\"index, follow, max-snippet:-1, max-image-preview:large, max-video-preview:-1\" \/>\n<link rel=\"canonical\" href=\"https:\/\/dogfamily.shop\/fi\/product\/miesten-vaatteet-fi-3\/isa-on-onnellinen-tibetian-mastiffi-huppari\/\" \/>\n<meta property=\"og:locale\" content=\"fi_FI\" \/>\n<meta property=\"og:type\" content=\"article\" \/>\n<meta property=\"og:title\" content=\"Onnellisen tiibetinmastiffin is\u00e4, huppari - Dog Family Shop\" \/>\n<meta property=\"og:description\" content=\"Oletko tiibetinmastiffin ylpe\u00e4 is\u00e4 ja etsit kodikasta ja tyylik\u00e4st\u00e4 hupparia? Katso meid\u00e4n Dad of a Happy Tiibetinmastiff hupparia! Laadukkaista materiaaleista valmistettu ja mukava huppari, jossa on k\u00e4tev\u00e4 huppari, sopii t\u00e4ydellisesti kaikkiin tilaisuuksiin.\" \/>\n<meta property=\"og:url\" content=\"https:\/\/dogfamily.shop\/fi\/product\/miesten-vaatteet-fi-3\/isa-on-onnellinen-tibetian-mastiffi-huppari\/\" \/>\n<meta property=\"og:site_name\" content=\"Dog Family Shop\" \/>\n<meta property=\"article:modified_time\" content=\"2023-05-10T13:02:36+00:00\" \/>\n<meta property=\"og:image\" content=\"https:\/\/dogfamily.shop\/wp-content\/uploads\/2023\/05\/Dad-of-a-happy-tibetian-mastiff-3-1.png\" \/>\n\t<meta property=\"og:image:width\" content=\"1024\" \/>\n\t<meta property=\"og:image:height\" content=\"1024\" \/>\n\t<meta property=\"og:image:type\" content=\"image\/png\" \/>\n<meta name=\"twitter:card\" content=\"summary_large_image\" \/>\n<meta name=\"twitter:label1\" content=\"Arvioitu lukuaika\" \/>\n\t<meta name=\"twitter:data1\" content=\"1 minuutti\" \/>\n<script type=\"application\/ld+json\" class=\"yoast-schema-graph\">{\"@context\":\"https:\\\/\\\/schema.org\",\"@graph\":[{\"@type\":\"WebPage\",\"@id\":\"https:\\\/\\\/dogfamily.shop\\\/fi\\\/product\\\/miesten-vaatteet-fi-3\\\/isa-on-onnellinen-tibetian-mastiffi-huppari\\\/\",\"url\":\"https:\\\/\\\/dogfamily.shop\\\/fi\\\/product\\\/miesten-vaatteet-fi-3\\\/isa-on-onnellinen-tibetian-mastiffi-huppari\\\/\",\"name\":\"Onnellisen tiibetinmastiffin is\u00e4, huppari - Dog Family Shop\",\"isPartOf\":{\"@id\":\"https:\\\/\\\/dogfamily.shop\\\/fi\\\/#website\"},\"primaryImageOfPage\":{\"@id\":\"https:\\\/\\\/dogfamily.shop\\\/fi\\\/product\\\/miesten-vaatteet-fi-3\\\/isa-on-onnellinen-tibetian-mastiffi-huppari\\\/#primaryimage\"},\"image\":{\"@id\":\"https:\\\/\\\/dogfamily.shop\\\/fi\\\/product\\\/miesten-vaatteet-fi-3\\\/isa-on-onnellinen-tibetian-mastiffi-huppari\\\/#primaryimage\"},\"thumbnailUrl\":\"https:\\\/\\\/dogfamily.shop\\\/wp-content\\\/uploads\\\/2023\\\/05\\\/Dad-of-a-happy-tibetian-mastiff-3-1.png\",\"datePublished\":\"2023-05-09T21:01:51+00:00\",\"dateModified\":\"2023-05-10T13:02:36+00:00\",\"breadcrumb\":{\"@id\":\"https:\\\/\\\/dogfamily.shop\\\/fi\\\/product\\\/miesten-vaatteet-fi-3\\\/isa-on-onnellinen-tibetian-mastiffi-huppari\\\/#breadcrumb\"},\"inLanguage\":\"fi\",\"potentialAction\":[{\"@type\":\"ReadAction\",\"target\":[\"https:\\\/\\\/dogfamily.shop\\\/fi\\\/product\\\/miesten-vaatteet-fi-3\\\/isa-on-onnellinen-tibetian-mastiffi-huppari\\\/\"]}]},{\"@type\":\"ImageObject\",\"inLanguage\":\"fi\",\"@id\":\"https:\\\/\\\/dogfamily.shop\\\/fi\\\/product\\\/miesten-vaatteet-fi-3\\\/isa-on-onnellinen-tibetian-mastiffi-huppari\\\/#primaryimage\",\"url\":\"https:\\\/\\\/dogfamily.shop\\\/wp-content\\\/uploads\\\/2023\\\/05\\\/Dad-of-a-happy-tibetian-mastiff-3-1.png\",\"contentUrl\":\"https:\\\/\\\/dogfamily.shop\\\/wp-content\\\/uploads\\\/2023\\\/05\\\/Dad-of-a-happy-tibetian-mastiff-3-1.png\",\"width\":1024,\"height\":1024},{\"@type\":\"BreadcrumbList\",\"@id\":\"https:\\\/\\\/dogfamily.shop\\\/fi\\\/product\\\/miesten-vaatteet-fi-3\\\/isa-on-onnellinen-tibetian-mastiffi-huppari\\\/#breadcrumb\",\"itemListElement\":[{\"@type\":\"ListItem\",\"position\":1,\"name\":\"Home\",\"item\":\"https:\\\/\\\/dogfamily.shop\\\/fi\\\/\"},{\"@type\":\"ListItem\",\"position\":2,\"name\":\"Kauppa\",\"item\":\"https:\\\/\\\/dogfamily.shop\\\/fi\\\/kauppa\\\/\"},{\"@type\":\"ListItem\",\"position\":3,\"name\":\"Onnellisen tiibetinmastiffin is\u00e4, huppari\"}]},{\"@type\":\"WebSite\",\"@id\":\"https:\\\/\\\/dogfamily.shop\\\/fi\\\/#website\",\"url\":\"https:\\\/\\\/dogfamily.shop\\\/fi\\\/\",\"name\":\"Dog Family Shop\",\"description\":\"Everything for dog family, clothes, accessories, bed linen and more\",\"publisher\":{\"@id\":\"https:\\\/\\\/dogfamily.shop\\\/fi\\\/#organization\"},\"potentialAction\":[{\"@type\":\"SearchAction\",\"target\":{\"@type\":\"EntryPoint\",\"urlTemplate\":\"https:\\\/\\\/dogfamily.shop\\\/fi\\\/?s={search_term_string}\"},\"query-input\":{\"@type\":\"PropertyValueSpecification\",\"valueRequired\":true,\"valueName\":\"search_term_string\"}}],\"inLanguage\":\"fi\"},{\"@type\":\"Organization\",\"@id\":\"https:\\\/\\\/dogfamily.shop\\\/fi\\\/#organization\",\"name\":\"Dog Family Shop\",\"url\":\"https:\\\/\\\/dogfamily.shop\\\/fi\\\/\",\"logo\":{\"@type\":\"ImageObject\",\"inLanguage\":\"fi\",\"@id\":\"https:\\\/\\\/dogfamily.shop\\\/fi\\\/#\\\/schema\\\/logo\\\/image\\\/\",\"url\":\"\\\/wp-content\\\/uploads\\\/2023\\\/05\\\/Logo1.png\",\"contentUrl\":\"\\\/wp-content\\\/uploads\\\/2023\\\/05\\\/Logo1.png\",\"width\":800,\"height\":582,\"caption\":\"Dog Family Shop\"},\"image\":{\"@id\":\"https:\\\/\\\/dogfamily.shop\\\/fi\\\/#\\\/schema\\\/logo\\\/image\\\/\"}}]}<\/script>\n<!-- \/ Yoast SEO plugin. -->","yoast_head_json":{"title":"Onnellisen tiibetinmastiffin is\u00e4, huppari - Dog Family Shop","robots":{"index":"index","follow":"follow","max-snippet":"max-snippet:-1","max-image-preview":"max-image-preview:large","max-video-preview":"max-video-preview:-1"},"canonical":"https:\/\/dogfamily.shop\/fi\/product\/miesten-vaatteet-fi-3\/isa-on-onnellinen-tibetian-mastiffi-huppari\/","og_locale":"fi_FI","og_type":"article","og_title":"Onnellisen tiibetinmastiffin is\u00e4, huppari - Dog Family Shop","og_description":"Oletko tiibetinmastiffin ylpe\u00e4 is\u00e4 ja etsit kodikasta ja tyylik\u00e4st\u00e4 hupparia? Katso meid\u00e4n Dad of a Happy Tiibetinmastiff hupparia! Laadukkaista materiaaleista valmistettu ja mukava huppari, jossa on k\u00e4tev\u00e4 huppari, sopii t\u00e4ydellisesti kaikkiin tilaisuuksiin.","og_url":"https:\/\/dogfamily.shop\/fi\/product\/miesten-vaatteet-fi-3\/isa-on-onnellinen-tibetian-mastiffi-huppari\/","og_site_name":"Dog Family Shop","article_modified_time":"2023-05-10T13:02:36+00:00","og_image":[{"width":1024,"height":1024,"url":"https:\/\/dogfamily.shop\/wp-content\/uploads\/2023\/05\/Dad-of-a-happy-tibetian-mastiff-3-1.png","type":"image\/png"}],"twitter_card":"summary_large_image","twitter_misc":{"Arvioitu lukuaika":"1 minuutti"},"schema":{"@context":"https:\/\/schema.org","@graph":[{"@type":"WebPage","@id":"https:\/\/dogfamily.shop\/fi\/product\/miesten-vaatteet-fi-3\/isa-on-onnellinen-tibetian-mastiffi-huppari\/","url":"https:\/\/dogfamily.shop\/fi\/product\/miesten-vaatteet-fi-3\/isa-on-onnellinen-tibetian-mastiffi-huppari\/","name":"Onnellisen tiibetinmastiffin is\u00e4, huppari - Dog Family Shop","isPartOf":{"@id":"https:\/\/dogfamily.shop\/fi\/#website"},"primaryImageOfPage":{"@id":"https:\/\/dogfamily.shop\/fi\/product\/miesten-vaatteet-fi-3\/isa-on-onnellinen-tibetian-mastiffi-huppari\/#primaryimage"},"image":{"@id":"https:\/\/dogfamily.shop\/fi\/product\/miesten-vaatteet-fi-3\/isa-on-onnellinen-tibetian-mastiffi-huppari\/#primaryimage"},"thumbnailUrl":"https:\/\/dogfamily.shop\/wp-content\/uploads\/2023\/05\/Dad-of-a-happy-tibetian-mastiff-3-1.png","datePublished":"2023-05-09T21:01:51+00:00","dateModified":"2023-05-10T13:02:36+00:00","breadcrumb":{"@id":"https:\/\/dogfamily.shop\/fi\/product\/miesten-vaatteet-fi-3\/isa-on-onnellinen-tibetian-mastiffi-huppari\/#breadcrumb"},"inLanguage":"fi","potentialAction":[{"@type":"ReadAction","target":["https:\/\/dogfamily.shop\/fi\/product\/miesten-vaatteet-fi-3\/isa-on-onnellinen-tibetian-mastiffi-huppari\/"]}]},{"@type":"ImageObject","inLanguage":"fi","@id":"https:\/\/dogfamily.shop\/fi\/product\/miesten-vaatteet-fi-3\/isa-on-onnellinen-tibetian-mastiffi-huppari\/#primaryimage","url":"https:\/\/dogfamily.shop\/wp-content\/uploads\/2023\/05\/Dad-of-a-happy-tibetian-mastiff-3-1.png","contentUrl":"https:\/\/dogfamily.shop\/wp-content\/uploads\/2023\/05\/Dad-of-a-happy-tibetian-mastiff-3-1.png","width":1024,"height":1024},{"@type":"BreadcrumbList","@id":"https:\/\/dogfamily.shop\/fi\/product\/miesten-vaatteet-fi-3\/isa-on-onnellinen-tibetian-mastiffi-huppari\/#breadcrumb","itemListElement":[{"@type":"ListItem","position":1,"name":"Home","item":"https:\/\/dogfamily.shop\/fi\/"},{"@type":"ListItem","position":2,"name":"Kauppa","item":"https:\/\/dogfamily.shop\/fi\/kauppa\/"},{"@type":"ListItem","position":3,"name":"Onnellisen tiibetinmastiffin is\u00e4, huppari"}]},{"@type":"WebSite","@id":"https:\/\/dogfamily.shop\/fi\/#website","url":"https:\/\/dogfamily.shop\/fi\/","name":"Dog Family Shop","description":"Everything for dog family, clothes, accessories, bed linen and more","publisher":{"@id":"https:\/\/dogfamily.shop\/fi\/#organization"},"potentialAction":[{"@type":"SearchAction","target":{"@type":"EntryPoint","urlTemplate":"https:\/\/dogfamily.shop\/fi\/?s={search_term_string}"},"query-input":{"@type":"PropertyValueSpecification","valueRequired":true,"valueName":"search_term_string"}}],"inLanguage":"fi"},{"@type":"Organization","@id":"https:\/\/dogfamily.shop\/fi\/#organization","name":"Dog Family Shop","url":"https:\/\/dogfamily.shop\/fi\/","logo":{"@type":"ImageObject","inLanguage":"fi","@id":"https:\/\/dogfamily.shop\/fi\/#\/schema\/logo\/image\/","url":"\/wp-content\/uploads\/2023\/05\/Logo1.png","contentUrl":"\/wp-content\/uploads\/2023\/05\/Logo1.png","width":800,"height":582,"caption":"Dog Family Shop"},"image":{"@id":"https:\/\/dogfamily.shop\/fi\/#\/schema\/logo\/image\/"}}]}},"jetpack_sharing_enabled":true,"_links":{"self":[{"href":"https:\/\/dogfamily.shop\/fi\/wp-json\/wp\/v2\/product\/799","targetHints":{"allow":["GET"]}}],"collection":[{"href":"https:\/\/dogfamily.shop\/fi\/wp-json\/wp\/v2\/product"}],"about":[{"href":"https:\/\/dogfamily.shop\/fi\/wp-json\/wp\/v2\/types\/product"}],"replies":[{"embeddable":true,"href":"https:\/\/dogfamily.shop\/fi\/wp-json\/wp\/v2\/comments?post=799"}],"wp:featuredmedia":[{"embeddable":true,"href":"https:\/\/dogfamily.shop\/fi\/wp-json\/wp\/v2\/media\/1165"}],"wp:attachment":[{"href":"https:\/\/dogfamily.shop\/fi\/wp-json\/wp\/v2\/media?parent=799"}],"wp:term":[{"taxonomy":"product_brand","embeddable":true,"href":"https:\/\/dogfamily.shop\/fi\/wp-json\/wp\/v2\/product_brand?post=799"},{"taxonomy":"product_cat","embeddable":true,"href":"https:\/\/dogfamily.shop\/fi\/wp-json\/wp\/v2\/product_cat?post=799"},{"taxonomy":"product_tag","embeddable":true,"href":"https:\/\/dogfamily.shop\/fi\/wp-json\/wp\/v2\/product_tag?post=799"}],"curies":[{"name":"wp","href":"https:\/\/api.w.org\/{rel}","templated":true}]}}