{"id":3737,"date":"2024-04-22T17:57:58","date_gmt":"2024-04-22T15:57:58","guid":{"rendered":"https:\/\/dogfamily.shop\/product\/Ei-luokiteltu\/happy-hovawartin-aiti-huppari\/"},"modified":"2025-01-16T11:22:31","modified_gmt":"2025-01-16T09:22:31","slug":"happy-hovawartin-aiti-huppari","status":"publish","type":"product","link":"https:\/\/dogfamily.shop\/fi\/product\/naisten-vaatteet-fi-3\/happy-hovawartin-aiti-huppari\/","title":{"rendered":"Happy Hovawartin \u00e4iti, huppari"},"content":{"rendered":"<p style=\"border: 0px solid #e3e3e3; --tw-border-spacing-x: 0; --tw-border-spacing-y: 0; --tw-translate-x: 0; --tw-translate-y: 0; --tw-rotate: 0; --tw-skew-x: 0; --tw-skew-y: 0; --tw-scale-x: 1; --tw-scale-y: 1; --tw-scroll-snap-strictness: proximity; --tw-ring-offset-width: 0px; --tw-ring-offset-color: #fff; --tw-ring-offset-shadow: 0 0 transparent; --tw-ring-shadow: 0 0 transparent; --tw-shadow: 0 0 transparent; --tw-shadow-colored: 0 0 transparent; margin: 1.25em 0px; color: #0d0d0d; hne, ui-sans-serif, system-ui, -apple-system, 'segoe ui', roboto, ubuntu, cantarell, 'noto sans', sans-serif, 'helvetica neue', arial, 'apple color emoji', 'segoe ui emoji', 'segoe ui symbol', 'noto color emoji';font-size: 16px; background-color: #ffffff;\">Kutsumme kaikki ylpe\u00e4t koiranomistajat! Etsitk\u00f6 t\u00e4ydellist\u00e4 tapaa osoittaa rakkautesi karvaista parasta yst\u00e4v\u00e4\u00e4si kohtaan? Katso vain yksinoikeudella myyt\u00e4v\u00e4\u00e4 &#8221;Happy Hovawartin \u00e4iti&#8221; -hupparia. Huolella valmistettu ja mukavuutta ajatellen suunniteltu huppari on enemm\u00e4n kuin pelkk\u00e4 vaate &#8211; se on osoitus erityisest\u00e4 siteest\u00e4, jonka jaat rakkaan Hovawartisi kanssa.<\/p>\n<p style=\"border: 0px solid #e3e3e3; --tw-border-spacing-x: 0; --tw-border-spacing-y: 0; --tw-translate-x: 0; --tw-translate-y: 0; --tw-rotate: 0; --tw-skew-x: 0; --tw-skew-y: 0; --tw-scale-x: 1; --tw-scale-y: 1; --tw-scroll-snap-strictness: proximity; --tw-ring-offset-width: 0px; --tw-ring-offset-color: #fff; --tw-ring-offset-shadow: 0 0 transparent; --tw-ring-shadow: 0 0 transparent; --tw-shadow: 0 0 transparent; --tw-shadow-colored: 0 0 transparent; margin: 1.25em 0px; color: #0d0d0d; hne, ui-sans-serif, system-ui, -apple-system, 'segoe ui', roboto, ubuntu, cantarell, 'noto sans', sans-serif, 'helvetica neue', arial, 'apple color emoji', 'segoe ui emoji', 'segoe ui symbol', 'noto color emoji';font-size: 16px; background-color: #ffffff;\">Kuvittele itsesi sohvalla uskollisen kumppanisi kanssa, molemmat k\u00e4\u00e4rittyn\u00e4 t\u00e4m\u00e4n korkealaatuisen hupparin l\u00e4mp\u00f6\u00f6n. Tai kuvittele k\u00e4\u00e4nt\u00e4v\u00e4si katseet, kun kuljeskelet puiston halki hupparisi ylpe\u00e4n\u00e4 ilmoittaen roolistasi omistautuneena Hovawart-vanhempana. Tyylikk\u00e4\u00e4n muotoilunsa ja pehme\u00e4n kankaansa ansiosta se ei ole pelkk\u00e4 vaatekappale &#8211; se on symboli vankkumattomasta rakkaudestasi ja sitoutumisestasi karvaiseen perheenj\u00e4seneseesi.<\/p>\n<p style=\"border: 0px solid #e3e3e3; --tw-border-spacing-x: 0; --tw-border-spacing-y: 0; --tw-translate-x: 0; --tw-translate-y: 0; --tw-rotate: 0; --tw-skew-x: 0; --tw-skew-y: 0; --tw-scale-x: 1; --tw-scale-y: 1; --tw-scroll-snap-strictness: proximity; --tw-ring-offset-width: 0px; --tw-ring-offset-color: #fff; --tw-ring-offset-shadow: 0 0 transparent; --tw-ring-shadow: 0 0 transparent; --tw-shadow: 0 0 transparent; --tw-shadow-colored: 0 0 transparent; margin: 1.25em 0px; color: #0d0d0d; hne, ui-sans-serif, system-ui, -apple-system, 'segoe ui', roboto, ubuntu, cantarell, 'noto sans', sans-serif, 'helvetica neue', arial, 'apple color emoji', 'segoe ui emoji', 'segoe ui symbol', 'noto color emoji';font-size: 16px; background-color: #ffffff;\">Eik\u00e4 siin\u00e4 viel\u00e4 kaikki &#8211; hupparimme ei ole vain ulkon\u00e4\u00f6n vuoksi. Se on my\u00f6s k\u00e4yt\u00e4nn\u00f6llinen, ja sen mukava istuvuus sopii t\u00e4ydellisesti jokap\u00e4iv\u00e4iseen k\u00e4ytt\u00f6\u00f6n. Olitpa sitten asioilla, tapaamassa yst\u00e4vi\u00e4 kahvilla tai vain l\u00f6h\u00f6ilem\u00e4ss\u00e4 kotona, t\u00e4m\u00e4 huppari pit\u00e4\u00e4 olosi mukavana ja itsevarmana samalla kun kerrot maailmalle, kuinka paljon Hovawart merkitsee sinulle.<\/p>\n<p style=\"border: 0px solid #e3e3e3; --tw-border-spacing-x: 0; --tw-border-spacing-y: 0; --tw-translate-x: 0; --tw-translate-y: 0; --tw-rotate: 0; --tw-skew-x: 0; --tw-skew-y: 0; --tw-scale-x: 1; --tw-scale-y: 1; --tw-scroll-snap-strictness: proximity; --tw-ring-offset-width: 0px; --tw-ring-offset-color: #fff; --tw-ring-offset-shadow: 0 0 transparent; --tw-ring-shadow: 0 0 transparent; --tw-shadow: 0 0 transparent; --tw-shadow-colored: 0 0 transparent; margin: 1.25em 0px; color: #0d0d0d; hne, ui-sans-serif, system-ui, -apple-system, 'segoe ui', roboto, ubuntu, cantarell, 'noto sans', sans-serif, 'helvetica neue', arial, 'apple color emoji', 'segoe ui emoji', 'segoe ui symbol', 'noto color emoji';font-size: 16px; background-color: #ffffff;\">Miksi siis odottaa? Hemmottele itse\u00e4si &#8221;Mom of a Happy Hovawart&#8221; -hupparilla t\u00e4n\u00e4\u00e4n ja tee lausunto, joka kertoo rakkaudestasi nelijalkaista yst\u00e4v\u00e4\u00e4si kohtaan. Loppujen lopuksi koiran\u00e4itin\u00e4 oleminen on juhlimisen arvoinen rooli, ja mik\u00e4 olisikaan parempi tapa tehd\u00e4 se kuin huppari, joka on yht\u00e4 erityinen kuin siteesi Hovawartisi kanssa?<\/p>\n","protected":false},"excerpt":{"rendered":"<p>Nosta koira\u00e4itisi tyyli\u00e4 &#8221;Mom of a Happy Hovawart&#8221; -hupparilla! T\u00e4m\u00e4 huppari on tehty rakkaudella ja suunniteltu mukavaksi, ja se on t\u00e4ydellinen tapa osoittaa ylpeytesi ja rakkautesi karvaista perheenj\u00e4sent\u00e4si kohtaan. T\u00e4m\u00e4 huppari pit\u00e4\u00e4 sinut varmasti mukavana ja tyylikk\u00e4\u00e4n\u00e4, olitpa sitten kotona tai k\u00e4velyll\u00e4 puistossa, kun levit\u00e4t Hovawart-vanhemmuuden iloa.<\/p>\n","protected":false},"featured_media":3729,"comment_status":"open","ping_status":"closed","template":"","meta":{"_monsterinsights_skip_tracking":false,"_monsterinsights_sitenote_active":false,"_monsterinsights_sitenote_note":"","_monsterinsights_sitenote_category":0},"product_brand":[],"product_cat":[176,98],"product_tag":[177,50,70,66],"class_list":{"0":"post-3737","1":"product","2":"type-product","3":"status-publish","4":"has-post-thumbnail","6":"product_cat-hovawart-fi","7":"product_cat-naisten-vaatteet-fi-3","8":"product_tag-hovawart-fi","9":"product_tag-koiran-aiti","10":"product_tag-koiranomistaja","11":"product_tag-koiranomistajan-lahja","13":"first","14":"instock","15":"taxable","16":"shipping-taxable","17":"purchasable","18":"product-type-variable","19":"has-default-attributes"},"yoast_head":"<!-- This site is optimized with the Yoast SEO plugin v27.4 - https:\/\/yoast.com\/product\/yoast-seo-wordpress\/ -->\n<title>Happy Hovawartin \u00e4iti, huppari - Dog Family Shop<\/title>\n<meta name=\"robots\" content=\"index, follow, max-snippet:-1, max-image-preview:large, max-video-preview:-1\" \/>\n<link rel=\"canonical\" href=\"https:\/\/dogfamily.shop\/fi\/product\/naisten-vaatteet-fi-3\/happy-hovawartin-aiti-huppari\/\" \/>\n<meta property=\"og:locale\" content=\"fi_FI\" \/>\n<meta property=\"og:type\" content=\"article\" \/>\n<meta property=\"og:title\" content=\"Happy Hovawartin \u00e4iti, huppari - Dog Family Shop\" \/>\n<meta property=\"og:description\" content=\"Nosta koira\u00e4itisi tyyli\u00e4 &quot;Mom of a Happy Hovawart&quot; -hupparilla! T\u00e4m\u00e4 huppari on tehty rakkaudella ja suunniteltu mukavaksi, ja se on t\u00e4ydellinen tapa osoittaa ylpeytesi ja rakkautesi karvaista perheenj\u00e4sent\u00e4si kohtaan. T\u00e4m\u00e4 huppari pit\u00e4\u00e4 sinut varmasti mukavana ja tyylikk\u00e4\u00e4n\u00e4, olitpa sitten kotona tai k\u00e4velyll\u00e4 puistossa, kun levit\u00e4t Hovawart-vanhemmuuden iloa.\" \/>\n<meta property=\"og:url\" content=\"https:\/\/dogfamily.shop\/fi\/product\/naisten-vaatteet-fi-3\/happy-hovawartin-aiti-huppari\/\" \/>\n<meta property=\"og:site_name\" content=\"Dog Family Shop\" \/>\n<meta property=\"article:modified_time\" content=\"2025-01-16T09:22:31+00:00\" \/>\n<meta property=\"og:image\" content=\"https:\/\/dogfamily.shop\/wp-content\/uploads\/2024\/04\/Mom-of-a-Happy-Hovawart2.png\" \/>\n\t<meta property=\"og:image:width\" content=\"1022\" \/>\n\t<meta property=\"og:image:height\" content=\"875\" \/>\n\t<meta property=\"og:image:type\" content=\"image\/png\" \/>\n<meta name=\"twitter:card\" content=\"summary_large_image\" \/>\n<meta name=\"twitter:label1\" content=\"Arvioitu lukuaika\" \/>\n\t<meta name=\"twitter:data1\" content=\"1 minuutti\" \/>\n<script type=\"application\/ld+json\" class=\"yoast-schema-graph\">{\"@context\":\"https:\\\/\\\/schema.org\",\"@graph\":[{\"@type\":\"WebPage\",\"@id\":\"https:\\\/\\\/dogfamily.shop\\\/fi\\\/product\\\/naisten-vaatteet-fi-3\\\/happy-hovawartin-aiti-huppari\\\/\",\"url\":\"https:\\\/\\\/dogfamily.shop\\\/fi\\\/product\\\/naisten-vaatteet-fi-3\\\/happy-hovawartin-aiti-huppari\\\/\",\"name\":\"Happy Hovawartin \u00e4iti, huppari - Dog Family Shop\",\"isPartOf\":{\"@id\":\"https:\\\/\\\/dogfamily.shop\\\/fi\\\/#website\"},\"primaryImageOfPage\":{\"@id\":\"https:\\\/\\\/dogfamily.shop\\\/fi\\\/product\\\/naisten-vaatteet-fi-3\\\/happy-hovawartin-aiti-huppari\\\/#primaryimage\"},\"image\":{\"@id\":\"https:\\\/\\\/dogfamily.shop\\\/fi\\\/product\\\/naisten-vaatteet-fi-3\\\/happy-hovawartin-aiti-huppari\\\/#primaryimage\"},\"thumbnailUrl\":\"https:\\\/\\\/dogfamily.shop\\\/wp-content\\\/uploads\\\/2024\\\/04\\\/Mom-of-a-Happy-Hovawart2.png\",\"datePublished\":\"2024-04-22T15:57:58+00:00\",\"dateModified\":\"2025-01-16T09:22:31+00:00\",\"breadcrumb\":{\"@id\":\"https:\\\/\\\/dogfamily.shop\\\/fi\\\/product\\\/naisten-vaatteet-fi-3\\\/happy-hovawartin-aiti-huppari\\\/#breadcrumb\"},\"inLanguage\":\"fi\",\"potentialAction\":[{\"@type\":\"ReadAction\",\"target\":[\"https:\\\/\\\/dogfamily.shop\\\/fi\\\/product\\\/naisten-vaatteet-fi-3\\\/happy-hovawartin-aiti-huppari\\\/\"]}]},{\"@type\":\"ImageObject\",\"inLanguage\":\"fi\",\"@id\":\"https:\\\/\\\/dogfamily.shop\\\/fi\\\/product\\\/naisten-vaatteet-fi-3\\\/happy-hovawartin-aiti-huppari\\\/#primaryimage\",\"url\":\"https:\\\/\\\/dogfamily.shop\\\/wp-content\\\/uploads\\\/2024\\\/04\\\/Mom-of-a-Happy-Hovawart2.png\",\"contentUrl\":\"https:\\\/\\\/dogfamily.shop\\\/wp-content\\\/uploads\\\/2024\\\/04\\\/Mom-of-a-Happy-Hovawart2.png\",\"width\":1022,\"height\":875},{\"@type\":\"BreadcrumbList\",\"@id\":\"https:\\\/\\\/dogfamily.shop\\\/fi\\\/product\\\/naisten-vaatteet-fi-3\\\/happy-hovawartin-aiti-huppari\\\/#breadcrumb\",\"itemListElement\":[{\"@type\":\"ListItem\",\"position\":1,\"name\":\"Home\",\"item\":\"https:\\\/\\\/dogfamily.shop\\\/fi\\\/\"},{\"@type\":\"ListItem\",\"position\":2,\"name\":\"Kauppa\",\"item\":\"https:\\\/\\\/dogfamily.shop\\\/fi\\\/kauppa\\\/\"},{\"@type\":\"ListItem\",\"position\":3,\"name\":\"Happy Hovawartin \u00e4iti, huppari\"}]},{\"@type\":\"WebSite\",\"@id\":\"https:\\\/\\\/dogfamily.shop\\\/fi\\\/#website\",\"url\":\"https:\\\/\\\/dogfamily.shop\\\/fi\\\/\",\"name\":\"Dog Family Shop\",\"description\":\"Everything for dog family, clothes, accessories, bed linen and more\",\"publisher\":{\"@id\":\"https:\\\/\\\/dogfamily.shop\\\/fi\\\/#organization\"},\"potentialAction\":[{\"@type\":\"SearchAction\",\"target\":{\"@type\":\"EntryPoint\",\"urlTemplate\":\"https:\\\/\\\/dogfamily.shop\\\/fi\\\/?s={search_term_string}\"},\"query-input\":{\"@type\":\"PropertyValueSpecification\",\"valueRequired\":true,\"valueName\":\"search_term_string\"}}],\"inLanguage\":\"fi\"},{\"@type\":\"Organization\",\"@id\":\"https:\\\/\\\/dogfamily.shop\\\/fi\\\/#organization\",\"name\":\"Dog Family Shop\",\"url\":\"https:\\\/\\\/dogfamily.shop\\\/fi\\\/\",\"logo\":{\"@type\":\"ImageObject\",\"inLanguage\":\"fi\",\"@id\":\"https:\\\/\\\/dogfamily.shop\\\/fi\\\/#\\\/schema\\\/logo\\\/image\\\/\",\"url\":\"\\\/wp-content\\\/uploads\\\/2023\\\/05\\\/Logo1.png\",\"contentUrl\":\"\\\/wp-content\\\/uploads\\\/2023\\\/05\\\/Logo1.png\",\"width\":800,\"height\":582,\"caption\":\"Dog Family Shop\"},\"image\":{\"@id\":\"https:\\\/\\\/dogfamily.shop\\\/fi\\\/#\\\/schema\\\/logo\\\/image\\\/\"}}]}<\/script>\n<!-- \/ Yoast SEO plugin. -->","yoast_head_json":{"title":"Happy Hovawartin \u00e4iti, huppari - Dog Family Shop","robots":{"index":"index","follow":"follow","max-snippet":"max-snippet:-1","max-image-preview":"max-image-preview:large","max-video-preview":"max-video-preview:-1"},"canonical":"https:\/\/dogfamily.shop\/fi\/product\/naisten-vaatteet-fi-3\/happy-hovawartin-aiti-huppari\/","og_locale":"fi_FI","og_type":"article","og_title":"Happy Hovawartin \u00e4iti, huppari - Dog Family Shop","og_description":"Nosta koira\u00e4itisi tyyli\u00e4 \"Mom of a Happy Hovawart\" -hupparilla! T\u00e4m\u00e4 huppari on tehty rakkaudella ja suunniteltu mukavaksi, ja se on t\u00e4ydellinen tapa osoittaa ylpeytesi ja rakkautesi karvaista perheenj\u00e4sent\u00e4si kohtaan. T\u00e4m\u00e4 huppari pit\u00e4\u00e4 sinut varmasti mukavana ja tyylikk\u00e4\u00e4n\u00e4, olitpa sitten kotona tai k\u00e4velyll\u00e4 puistossa, kun levit\u00e4t Hovawart-vanhemmuuden iloa.","og_url":"https:\/\/dogfamily.shop\/fi\/product\/naisten-vaatteet-fi-3\/happy-hovawartin-aiti-huppari\/","og_site_name":"Dog Family Shop","article_modified_time":"2025-01-16T09:22:31+00:00","og_image":[{"width":1022,"height":875,"url":"https:\/\/dogfamily.shop\/wp-content\/uploads\/2024\/04\/Mom-of-a-Happy-Hovawart2.png","type":"image\/png"}],"twitter_card":"summary_large_image","twitter_misc":{"Arvioitu lukuaika":"1 minuutti"},"schema":{"@context":"https:\/\/schema.org","@graph":[{"@type":"WebPage","@id":"https:\/\/dogfamily.shop\/fi\/product\/naisten-vaatteet-fi-3\/happy-hovawartin-aiti-huppari\/","url":"https:\/\/dogfamily.shop\/fi\/product\/naisten-vaatteet-fi-3\/happy-hovawartin-aiti-huppari\/","name":"Happy Hovawartin \u00e4iti, huppari - Dog Family Shop","isPartOf":{"@id":"https:\/\/dogfamily.shop\/fi\/#website"},"primaryImageOfPage":{"@id":"https:\/\/dogfamily.shop\/fi\/product\/naisten-vaatteet-fi-3\/happy-hovawartin-aiti-huppari\/#primaryimage"},"image":{"@id":"https:\/\/dogfamily.shop\/fi\/product\/naisten-vaatteet-fi-3\/happy-hovawartin-aiti-huppari\/#primaryimage"},"thumbnailUrl":"https:\/\/dogfamily.shop\/wp-content\/uploads\/2024\/04\/Mom-of-a-Happy-Hovawart2.png","datePublished":"2024-04-22T15:57:58+00:00","dateModified":"2025-01-16T09:22:31+00:00","breadcrumb":{"@id":"https:\/\/dogfamily.shop\/fi\/product\/naisten-vaatteet-fi-3\/happy-hovawartin-aiti-huppari\/#breadcrumb"},"inLanguage":"fi","potentialAction":[{"@type":"ReadAction","target":["https:\/\/dogfamily.shop\/fi\/product\/naisten-vaatteet-fi-3\/happy-hovawartin-aiti-huppari\/"]}]},{"@type":"ImageObject","inLanguage":"fi","@id":"https:\/\/dogfamily.shop\/fi\/product\/naisten-vaatteet-fi-3\/happy-hovawartin-aiti-huppari\/#primaryimage","url":"https:\/\/dogfamily.shop\/wp-content\/uploads\/2024\/04\/Mom-of-a-Happy-Hovawart2.png","contentUrl":"https:\/\/dogfamily.shop\/wp-content\/uploads\/2024\/04\/Mom-of-a-Happy-Hovawart2.png","width":1022,"height":875},{"@type":"BreadcrumbList","@id":"https:\/\/dogfamily.shop\/fi\/product\/naisten-vaatteet-fi-3\/happy-hovawartin-aiti-huppari\/#breadcrumb","itemListElement":[{"@type":"ListItem","position":1,"name":"Home","item":"https:\/\/dogfamily.shop\/fi\/"},{"@type":"ListItem","position":2,"name":"Kauppa","item":"https:\/\/dogfamily.shop\/fi\/kauppa\/"},{"@type":"ListItem","position":3,"name":"Happy Hovawartin \u00e4iti, huppari"}]},{"@type":"WebSite","@id":"https:\/\/dogfamily.shop\/fi\/#website","url":"https:\/\/dogfamily.shop\/fi\/","name":"Dog Family Shop","description":"Everything for dog family, clothes, accessories, bed linen and more","publisher":{"@id":"https:\/\/dogfamily.shop\/fi\/#organization"},"potentialAction":[{"@type":"SearchAction","target":{"@type":"EntryPoint","urlTemplate":"https:\/\/dogfamily.shop\/fi\/?s={search_term_string}"},"query-input":{"@type":"PropertyValueSpecification","valueRequired":true,"valueName":"search_term_string"}}],"inLanguage":"fi"},{"@type":"Organization","@id":"https:\/\/dogfamily.shop\/fi\/#organization","name":"Dog Family Shop","url":"https:\/\/dogfamily.shop\/fi\/","logo":{"@type":"ImageObject","inLanguage":"fi","@id":"https:\/\/dogfamily.shop\/fi\/#\/schema\/logo\/image\/","url":"\/wp-content\/uploads\/2023\/05\/Logo1.png","contentUrl":"\/wp-content\/uploads\/2023\/05\/Logo1.png","width":800,"height":582,"caption":"Dog Family Shop"},"image":{"@id":"https:\/\/dogfamily.shop\/fi\/#\/schema\/logo\/image\/"}}]}},"jetpack_sharing_enabled":true,"_links":{"self":[{"href":"https:\/\/dogfamily.shop\/fi\/wp-json\/wp\/v2\/product\/3737","targetHints":{"allow":["GET"]}}],"collection":[{"href":"https:\/\/dogfamily.shop\/fi\/wp-json\/wp\/v2\/product"}],"about":[{"href":"https:\/\/dogfamily.shop\/fi\/wp-json\/wp\/v2\/types\/product"}],"replies":[{"embeddable":true,"href":"https:\/\/dogfamily.shop\/fi\/wp-json\/wp\/v2\/comments?post=3737"}],"wp:featuredmedia":[{"embeddable":true,"href":"https:\/\/dogfamily.shop\/fi\/wp-json\/wp\/v2\/media\/3729"}],"wp:attachment":[{"href":"https:\/\/dogfamily.shop\/fi\/wp-json\/wp\/v2\/media?parent=3737"}],"wp:term":[{"taxonomy":"product_brand","embeddable":true,"href":"https:\/\/dogfamily.shop\/fi\/wp-json\/wp\/v2\/product_brand?post=3737"},{"taxonomy":"product_cat","embeddable":true,"href":"https:\/\/dogfamily.shop\/fi\/wp-json\/wp\/v2\/product_cat?post=3737"},{"taxonomy":"product_tag","embeddable":true,"href":"https:\/\/dogfamily.shop\/fi\/wp-json\/wp\/v2\/product_tag?post=3737"}],"curies":[{"name":"wp","href":"https:\/\/api.w.org\/{rel}","templated":true}]}}