{"id":3734,"date":"2024-04-22T17:54:11","date_gmt":"2024-04-22T15:54:11","guid":{"rendered":"https:\/\/dogfamily.shop\/product\/Ei-luokiteltu\/iloisen-hovawartin-isa-huppari\/"},"modified":"2024-04-22T18:24:19","modified_gmt":"2024-04-22T16:24:19","slug":"iloisen-hovawartin-isa-huppari","status":"publish","type":"product","link":"https:\/\/dogfamily.shop\/fi\/product\/miesten-vaatteet-fi-3\/iloisen-hovawartin-isa-huppari\/","title":{"rendered":"Iloisen Hovawartin is\u00e4, huppari"},"content":{"rendered":"<p style=\"border: 0px solid #e3e3e3; --tw-border-spacing-x: 0; --tw-border-spacing-y: 0; --tw-translate-x: 0; --tw-translate-y: 0; --tw-rotate: 0; --tw-skew-x: 0; --tw-skew-y: 0; --tw-scale-x: 1; --tw-scale-y: 1; --tw-scroll-snap-strictness: proximity; --tw-ring-offset-width: 0px; --tw-ring-offset-color: #fff; --tw-ring-offset-shadow: 0 0 transparent; --tw-ring-shadow: 0 0 transparent; --tw-shadow: 0 0 transparent; --tw-shadow-colored: 0 0 transparent; margin: 0px 0px 1.25em; color: #0d0d0d; hne, ui-sans-serif, system-ui, -apple-system, 'segoe ui', roboto, ubuntu, cantarell, 'noto sans', sans-serif, 'helvetica neue', arial, 'apple color emoji', 'segoe ui emoji', 'segoe ui symbol', 'noto color emoji';font-size: 16px; background-color: #ffffff;\">Oletko omistautunut koiran vanhempi, jolla on syv\u00e4 yhteys rakkaaseen Hovawartiin? Jos n\u00e4in on, meill\u00e4 on jotain erityist\u00e4 juuri sinulle! &#8221;Happy Hovawartin \u00e4iti&#8221; -huppari on ehdoton osoitus ehdottomasta rakkaudestasi ja ylpeydest\u00e4 karvaista perheenj\u00e4sent\u00e4si kohtaan. Laadukkaista materiaaleista valmistettu huppari takaa sek\u00e4 tyylin ett\u00e4 mukavuuden, kun viet\u00e4t p\u00e4iv\u00e4\u00e4si uskollinen kumppanisi rinnallasi.<\/p>\n<p style=\"border: 0px solid #e3e3e3; --tw-border-spacing-x: 0; --tw-border-spacing-y: 0; --tw-translate-x: 0; --tw-translate-y: 0; --tw-rotate: 0; --tw-skew-x: 0; --tw-skew-y: 0; --tw-scale-x: 1; --tw-scale-y: 1; --tw-scroll-snap-strictness: proximity; --tw-ring-offset-width: 0px; --tw-ring-offset-color: #fff; --tw-ring-offset-shadow: 0 0 transparent; --tw-ring-shadow: 0 0 transparent; --tw-shadow: 0 0 transparent; --tw-shadow-colored: 0 0 transparent; margin: 1.25em 0px; color: #0d0d0d; hne, ui-sans-serif, system-ui, -apple-system, 'segoe ui', roboto, ubuntu, cantarell, 'noto sans', sans-serif, 'helvetica neue', arial, 'apple color emoji', 'segoe ui emoji', 'segoe ui symbol', 'noto color emoji';font-size: 16px; background-color: #ffffff;\">Kuvittele, ett\u00e4 kuljeskelet puistossa, ja hupparisi pehme\u00e4 kangas pit\u00e4\u00e4 sinut mukavana, kun Hovawartisi tutkii iloisesti ymp\u00e4rist\u00f6\u00e4. Tai kuvittele itsesi sohvalle k\u00e4pertyneen\u00e4 nauttimaan rauhallisista hetkist\u00e4 yhdess\u00e4, ja hupparisi toimii l\u00e4mpim\u00e4n\u00e4 muistutuksena erityisest\u00e4 siteest\u00e4, jonka jaatte.<\/p>\n<p style=\"border: 0px solid #e3e3e3; --tw-border-spacing-x: 0; --tw-border-spacing-y: 0; --tw-translate-x: 0; --tw-translate-y: 0; --tw-rotate: 0; --tw-skew-x: 0; --tw-skew-y: 0; --tw-scale-x: 1; --tw-scale-y: 1; --tw-scroll-snap-strictness: proximity; --tw-ring-offset-width: 0px; --tw-ring-offset-color: #fff; --tw-ring-offset-shadow: 0 0 transparent; --tw-ring-shadow: 0 0 transparent; --tw-shadow: 0 0 transparent; --tw-shadow-colored: 0 0 transparent; margin: 1.25em 0px; color: #0d0d0d; hne, ui-sans-serif, system-ui, -apple-system, 'segoe ui', roboto, ubuntu, cantarell, 'noto sans', sans-serif, 'helvetica neue', arial, 'apple color emoji', 'segoe ui emoji', 'segoe ui symbol', 'noto color emoji';font-size: 16px; background-color: #ffffff;\">Kyse ei kuitenkaan ole vain mukavuudesta, vaan my\u00f6s siit\u00e4, ett\u00e4 se antaa lausunnon. T\u00e4m\u00e4 huppari, jonka huomiota her\u00e4tt\u00e4v\u00e4 muotoilu osoittaa ylpe\u00e4n\u00e4, ett\u00e4 olet omistautunut Hovawart-vanhempi, her\u00e4tt\u00e4\u00e4 ihailua ja her\u00e4tt\u00e4\u00e4 keskustelua kaikkialla. Olitpa sitten asioilla, tapaamassa yst\u00e4vi\u00e4 tai vain rentoutumassa kotona, tunnet ylpeytt\u00e4 tiet\u00e4en, ett\u00e4 rakkautesi Hovawartia kohtaan on t\u00e4ysin esill\u00e4.<\/p>\n<p style=\"border: 0px solid #e3e3e3; --tw-border-spacing-x: 0; --tw-border-spacing-y: 0; --tw-translate-x: 0; --tw-translate-y: 0; --tw-rotate: 0; --tw-skew-x: 0; --tw-skew-y: 0; --tw-scale-x: 1; --tw-scale-y: 1; --tw-scroll-snap-strictness: proximity; --tw-ring-offset-width: 0px; --tw-ring-offset-color: #fff; --tw-ring-offset-shadow: 0 0 transparent; --tw-ring-shadow: 0 0 transparent; --tw-shadow: 0 0 transparent; --tw-shadow-colored: 0 0 transparent; margin: 1.25em 0px; color: #0d0d0d; hne, ui-sans-serif, system-ui, -apple-system, 'segoe ui', roboto, ubuntu, cantarell, 'noto sans', sans-serif, 'helvetica neue', arial, 'apple color emoji', 'segoe ui emoji', 'segoe ui symbol', 'noto color emoji';font-size: 16px; background-color: #ffffff;\">Eik\u00e4 unohdeta niit\u00e4 koleita iltoja tai aamuk\u00e4velyj\u00e4 &#8211; hupparimme on kirjaimellisesti suojana! Sen mukava istuvuus ja kodikas tuntuma tekev\u00e4t siit\u00e4 t\u00e4ydellisen kumppanin kaikkiin ulkoiluseikkailuihin, varmistaen, ett\u00e4 sin\u00e4 ja Hovawart pysytte l\u00e4mpimin\u00e4 ja tyylikk\u00e4in\u00e4 s\u00e4\u00e4st\u00e4 riippumatta.<\/p>\n<p style=\"border: 0px solid #e3e3e3; --tw-border-spacing-x: 0; --tw-border-spacing-y: 0; --tw-translate-x: 0; --tw-translate-y: 0; --tw-rotate: 0; --tw-skew-x: 0; --tw-skew-y: 0; --tw-scale-x: 1; --tw-scale-y: 1; --tw-scroll-snap-strictness: proximity; --tw-ring-offset-width: 0px; --tw-ring-offset-color: #fff; --tw-ring-offset-shadow: 0 0 transparent; --tw-ring-shadow: 0 0 transparent; --tw-shadow: 0 0 transparent; --tw-shadow-colored: 0 0 transparent; margin: 1.25em 0px 0px; color: #0d0d0d; hne, ui-sans-serif, system-ui, -apple-system, 'segoe ui', roboto, ubuntu, cantarell, 'noto sans', sans-serif, 'helvetica neue', arial, 'apple color emoji', 'segoe ui emoji', 'segoe ui symbol', 'noto color emoji';font-size: 16px; background-color: #ffffff;\">Miksi siis tyyty\u00e4 tavalliseen huppariin, kun voit saada sellaisen, joka juhlistaa sinun ja Hovawartin v\u00e4list\u00e4 poikkeuksellista sidett\u00e4? Hemmottele itse\u00e4si &#8221;Happy Hovawartin \u00e4iti&#8221; -hupparilla ja anna maailman tiet\u00e4\u00e4, kuinka paljon karvainen yst\u00e4v\u00e4si merkitsee sinulle. Loppujen lopuksi koiran\u00e4itin\u00e4 oleminen on rooli, jota kannattaa juhlia joka p\u00e4iv\u00e4, ja mik\u00e4 olisikaan parempi tapa tehd\u00e4 se kuin huppari, joka kertoo rakkaudestasi ja omistautumisestasi?<\/p>\n","protected":false},"excerpt":{"rendered":"<p>Korosta koirayst\u00e4v\u00e4llist\u00e4 tyyli\u00e4si &#8221;Daddy of a Happy Hovawart&#8221; -hupparilla. T\u00e4m\u00e4 mukavuutta ja tyyli\u00e4 silm\u00e4ll\u00e4 pit\u00e4en valmistettu huppari on t\u00e4ydellinen valinta koiraisille, jotka haluavat osoittaa rakkautensa Hovawartiaan kohtaan muodikkaasti. Tilaa nyt ja pid\u00e4 ylpeytesi hihassa!<\/p>\n","protected":false},"featured_media":3786,"comment_status":"open","ping_status":"closed","template":"","meta":{"_monsterinsights_skip_tracking":false,"_monsterinsights_sitenote_active":false,"_monsterinsights_sitenote_note":"","_monsterinsights_sitenote_category":0},"product_brand":[],"product_cat":[176,99],"product_tag":[],"class_list":{"0":"post-3734","1":"product","2":"type-product","3":"status-publish","4":"has-post-thumbnail","6":"product_cat-hovawart-fi","7":"product_cat-miesten-vaatteet-fi-3","9":"first","10":"instock","11":"taxable","12":"shipping-taxable","13":"purchasable","14":"product-type-variable","15":"has-default-attributes"},"yoast_head":"<!-- This site is optimized with the Yoast SEO plugin v27.4 - https:\/\/yoast.com\/product\/yoast-seo-wordpress\/ -->\n<title>Iloisen Hovawartin is\u00e4, huppari - Dog Family Shop<\/title>\n<meta name=\"robots\" content=\"index, follow, max-snippet:-1, max-image-preview:large, max-video-preview:-1\" \/>\n<link rel=\"canonical\" href=\"https:\/\/dogfamily.shop\/fi\/product\/miesten-vaatteet-fi-3\/iloisen-hovawartin-isa-huppari\/\" \/>\n<meta property=\"og:locale\" content=\"fi_FI\" \/>\n<meta property=\"og:type\" content=\"article\" \/>\n<meta property=\"og:title\" content=\"Iloisen Hovawartin is\u00e4, huppari - Dog Family Shop\" \/>\n<meta property=\"og:description\" content=\"Korosta koirayst\u00e4v\u00e4llist\u00e4 tyyli\u00e4si &quot;Daddy of a Happy Hovawart&quot; -hupparilla. T\u00e4m\u00e4 mukavuutta ja tyyli\u00e4 silm\u00e4ll\u00e4 pit\u00e4en valmistettu huppari on t\u00e4ydellinen valinta koiraisille, jotka haluavat osoittaa rakkautensa Hovawartiaan kohtaan muodikkaasti. Tilaa nyt ja pid\u00e4 ylpeytesi hihassa!\" \/>\n<meta property=\"og:url\" content=\"https:\/\/dogfamily.shop\/fi\/product\/miesten-vaatteet-fi-3\/iloisen-hovawartin-isa-huppari\/\" \/>\n<meta property=\"og:site_name\" content=\"Dog Family Shop\" \/>\n<meta property=\"article:modified_time\" content=\"2024-04-22T16:24:19+00:00\" \/>\n<meta property=\"og:image\" content=\"https:\/\/dogfamily.shop\/wp-content\/uploads\/2024\/04\/hovawart-man.jpg\" \/>\n\t<meta property=\"og:image:width\" content=\"1024\" \/>\n\t<meta property=\"og:image:height\" content=\"1024\" \/>\n\t<meta property=\"og:image:type\" content=\"image\/jpeg\" \/>\n<meta name=\"twitter:card\" content=\"summary_large_image\" \/>\n<meta name=\"twitter:label1\" content=\"Arvioitu lukuaika\" \/>\n\t<meta name=\"twitter:data1\" content=\"1 minuutti\" \/>\n<script type=\"application\/ld+json\" class=\"yoast-schema-graph\">{\"@context\":\"https:\\\/\\\/schema.org\",\"@graph\":[{\"@type\":\"WebPage\",\"@id\":\"https:\\\/\\\/dogfamily.shop\\\/fi\\\/product\\\/miesten-vaatteet-fi-3\\\/iloisen-hovawartin-isa-huppari\\\/\",\"url\":\"https:\\\/\\\/dogfamily.shop\\\/fi\\\/product\\\/miesten-vaatteet-fi-3\\\/iloisen-hovawartin-isa-huppari\\\/\",\"name\":\"Iloisen Hovawartin is\u00e4, huppari - Dog Family Shop\",\"isPartOf\":{\"@id\":\"https:\\\/\\\/dogfamily.shop\\\/fi\\\/#website\"},\"primaryImageOfPage\":{\"@id\":\"https:\\\/\\\/dogfamily.shop\\\/fi\\\/product\\\/miesten-vaatteet-fi-3\\\/iloisen-hovawartin-isa-huppari\\\/#primaryimage\"},\"image\":{\"@id\":\"https:\\\/\\\/dogfamily.shop\\\/fi\\\/product\\\/miesten-vaatteet-fi-3\\\/iloisen-hovawartin-isa-huppari\\\/#primaryimage\"},\"thumbnailUrl\":\"https:\\\/\\\/dogfamily.shop\\\/wp-content\\\/uploads\\\/2024\\\/04\\\/hovawart-man.jpg\",\"datePublished\":\"2024-04-22T15:54:11+00:00\",\"dateModified\":\"2024-04-22T16:24:19+00:00\",\"breadcrumb\":{\"@id\":\"https:\\\/\\\/dogfamily.shop\\\/fi\\\/product\\\/miesten-vaatteet-fi-3\\\/iloisen-hovawartin-isa-huppari\\\/#breadcrumb\"},\"inLanguage\":\"fi\",\"potentialAction\":[{\"@type\":\"ReadAction\",\"target\":[\"https:\\\/\\\/dogfamily.shop\\\/fi\\\/product\\\/miesten-vaatteet-fi-3\\\/iloisen-hovawartin-isa-huppari\\\/\"]}]},{\"@type\":\"ImageObject\",\"inLanguage\":\"fi\",\"@id\":\"https:\\\/\\\/dogfamily.shop\\\/fi\\\/product\\\/miesten-vaatteet-fi-3\\\/iloisen-hovawartin-isa-huppari\\\/#primaryimage\",\"url\":\"https:\\\/\\\/dogfamily.shop\\\/wp-content\\\/uploads\\\/2024\\\/04\\\/hovawart-man.jpg\",\"contentUrl\":\"https:\\\/\\\/dogfamily.shop\\\/wp-content\\\/uploads\\\/2024\\\/04\\\/hovawart-man.jpg\",\"width\":1024,\"height\":1024},{\"@type\":\"BreadcrumbList\",\"@id\":\"https:\\\/\\\/dogfamily.shop\\\/fi\\\/product\\\/miesten-vaatteet-fi-3\\\/iloisen-hovawartin-isa-huppari\\\/#breadcrumb\",\"itemListElement\":[{\"@type\":\"ListItem\",\"position\":1,\"name\":\"Home\",\"item\":\"https:\\\/\\\/dogfamily.shop\\\/fi\\\/\"},{\"@type\":\"ListItem\",\"position\":2,\"name\":\"Kauppa\",\"item\":\"https:\\\/\\\/dogfamily.shop\\\/fi\\\/kauppa\\\/\"},{\"@type\":\"ListItem\",\"position\":3,\"name\":\"Iloisen Hovawartin is\u00e4, huppari\"}]},{\"@type\":\"WebSite\",\"@id\":\"https:\\\/\\\/dogfamily.shop\\\/fi\\\/#website\",\"url\":\"https:\\\/\\\/dogfamily.shop\\\/fi\\\/\",\"name\":\"Dog Family Shop\",\"description\":\"Everything for dog family, clothes, accessories, bed linen and more\",\"publisher\":{\"@id\":\"https:\\\/\\\/dogfamily.shop\\\/fi\\\/#organization\"},\"potentialAction\":[{\"@type\":\"SearchAction\",\"target\":{\"@type\":\"EntryPoint\",\"urlTemplate\":\"https:\\\/\\\/dogfamily.shop\\\/fi\\\/?s={search_term_string}\"},\"query-input\":{\"@type\":\"PropertyValueSpecification\",\"valueRequired\":true,\"valueName\":\"search_term_string\"}}],\"inLanguage\":\"fi\"},{\"@type\":\"Organization\",\"@id\":\"https:\\\/\\\/dogfamily.shop\\\/fi\\\/#organization\",\"name\":\"Dog Family Shop\",\"url\":\"https:\\\/\\\/dogfamily.shop\\\/fi\\\/\",\"logo\":{\"@type\":\"ImageObject\",\"inLanguage\":\"fi\",\"@id\":\"https:\\\/\\\/dogfamily.shop\\\/fi\\\/#\\\/schema\\\/logo\\\/image\\\/\",\"url\":\"\\\/wp-content\\\/uploads\\\/2023\\\/05\\\/Logo1.png\",\"contentUrl\":\"\\\/wp-content\\\/uploads\\\/2023\\\/05\\\/Logo1.png\",\"width\":800,\"height\":582,\"caption\":\"Dog Family Shop\"},\"image\":{\"@id\":\"https:\\\/\\\/dogfamily.shop\\\/fi\\\/#\\\/schema\\\/logo\\\/image\\\/\"}}]}<\/script>\n<!-- \/ Yoast SEO plugin. -->","yoast_head_json":{"title":"Iloisen Hovawartin is\u00e4, huppari - Dog Family Shop","robots":{"index":"index","follow":"follow","max-snippet":"max-snippet:-1","max-image-preview":"max-image-preview:large","max-video-preview":"max-video-preview:-1"},"canonical":"https:\/\/dogfamily.shop\/fi\/product\/miesten-vaatteet-fi-3\/iloisen-hovawartin-isa-huppari\/","og_locale":"fi_FI","og_type":"article","og_title":"Iloisen Hovawartin is\u00e4, huppari - Dog Family Shop","og_description":"Korosta koirayst\u00e4v\u00e4llist\u00e4 tyyli\u00e4si \"Daddy of a Happy Hovawart\" -hupparilla. T\u00e4m\u00e4 mukavuutta ja tyyli\u00e4 silm\u00e4ll\u00e4 pit\u00e4en valmistettu huppari on t\u00e4ydellinen valinta koiraisille, jotka haluavat osoittaa rakkautensa Hovawartiaan kohtaan muodikkaasti. Tilaa nyt ja pid\u00e4 ylpeytesi hihassa!","og_url":"https:\/\/dogfamily.shop\/fi\/product\/miesten-vaatteet-fi-3\/iloisen-hovawartin-isa-huppari\/","og_site_name":"Dog Family Shop","article_modified_time":"2024-04-22T16:24:19+00:00","og_image":[{"width":1024,"height":1024,"url":"https:\/\/dogfamily.shop\/wp-content\/uploads\/2024\/04\/hovawart-man.jpg","type":"image\/jpeg"}],"twitter_card":"summary_large_image","twitter_misc":{"Arvioitu lukuaika":"1 minuutti"},"schema":{"@context":"https:\/\/schema.org","@graph":[{"@type":"WebPage","@id":"https:\/\/dogfamily.shop\/fi\/product\/miesten-vaatteet-fi-3\/iloisen-hovawartin-isa-huppari\/","url":"https:\/\/dogfamily.shop\/fi\/product\/miesten-vaatteet-fi-3\/iloisen-hovawartin-isa-huppari\/","name":"Iloisen Hovawartin is\u00e4, huppari - Dog Family Shop","isPartOf":{"@id":"https:\/\/dogfamily.shop\/fi\/#website"},"primaryImageOfPage":{"@id":"https:\/\/dogfamily.shop\/fi\/product\/miesten-vaatteet-fi-3\/iloisen-hovawartin-isa-huppari\/#primaryimage"},"image":{"@id":"https:\/\/dogfamily.shop\/fi\/product\/miesten-vaatteet-fi-3\/iloisen-hovawartin-isa-huppari\/#primaryimage"},"thumbnailUrl":"https:\/\/dogfamily.shop\/wp-content\/uploads\/2024\/04\/hovawart-man.jpg","datePublished":"2024-04-22T15:54:11+00:00","dateModified":"2024-04-22T16:24:19+00:00","breadcrumb":{"@id":"https:\/\/dogfamily.shop\/fi\/product\/miesten-vaatteet-fi-3\/iloisen-hovawartin-isa-huppari\/#breadcrumb"},"inLanguage":"fi","potentialAction":[{"@type":"ReadAction","target":["https:\/\/dogfamily.shop\/fi\/product\/miesten-vaatteet-fi-3\/iloisen-hovawartin-isa-huppari\/"]}]},{"@type":"ImageObject","inLanguage":"fi","@id":"https:\/\/dogfamily.shop\/fi\/product\/miesten-vaatteet-fi-3\/iloisen-hovawartin-isa-huppari\/#primaryimage","url":"https:\/\/dogfamily.shop\/wp-content\/uploads\/2024\/04\/hovawart-man.jpg","contentUrl":"https:\/\/dogfamily.shop\/wp-content\/uploads\/2024\/04\/hovawart-man.jpg","width":1024,"height":1024},{"@type":"BreadcrumbList","@id":"https:\/\/dogfamily.shop\/fi\/product\/miesten-vaatteet-fi-3\/iloisen-hovawartin-isa-huppari\/#breadcrumb","itemListElement":[{"@type":"ListItem","position":1,"name":"Home","item":"https:\/\/dogfamily.shop\/fi\/"},{"@type":"ListItem","position":2,"name":"Kauppa","item":"https:\/\/dogfamily.shop\/fi\/kauppa\/"},{"@type":"ListItem","position":3,"name":"Iloisen Hovawartin is\u00e4, huppari"}]},{"@type":"WebSite","@id":"https:\/\/dogfamily.shop\/fi\/#website","url":"https:\/\/dogfamily.shop\/fi\/","name":"Dog Family Shop","description":"Everything for dog family, clothes, accessories, bed linen and more","publisher":{"@id":"https:\/\/dogfamily.shop\/fi\/#organization"},"potentialAction":[{"@type":"SearchAction","target":{"@type":"EntryPoint","urlTemplate":"https:\/\/dogfamily.shop\/fi\/?s={search_term_string}"},"query-input":{"@type":"PropertyValueSpecification","valueRequired":true,"valueName":"search_term_string"}}],"inLanguage":"fi"},{"@type":"Organization","@id":"https:\/\/dogfamily.shop\/fi\/#organization","name":"Dog Family Shop","url":"https:\/\/dogfamily.shop\/fi\/","logo":{"@type":"ImageObject","inLanguage":"fi","@id":"https:\/\/dogfamily.shop\/fi\/#\/schema\/logo\/image\/","url":"\/wp-content\/uploads\/2023\/05\/Logo1.png","contentUrl":"\/wp-content\/uploads\/2023\/05\/Logo1.png","width":800,"height":582,"caption":"Dog Family Shop"},"image":{"@id":"https:\/\/dogfamily.shop\/fi\/#\/schema\/logo\/image\/"}}]}},"jetpack_sharing_enabled":true,"_links":{"self":[{"href":"https:\/\/dogfamily.shop\/fi\/wp-json\/wp\/v2\/product\/3734","targetHints":{"allow":["GET"]}}],"collection":[{"href":"https:\/\/dogfamily.shop\/fi\/wp-json\/wp\/v2\/product"}],"about":[{"href":"https:\/\/dogfamily.shop\/fi\/wp-json\/wp\/v2\/types\/product"}],"replies":[{"embeddable":true,"href":"https:\/\/dogfamily.shop\/fi\/wp-json\/wp\/v2\/comments?post=3734"}],"wp:featuredmedia":[{"embeddable":true,"href":"https:\/\/dogfamily.shop\/fi\/wp-json\/wp\/v2\/media\/3786"}],"wp:attachment":[{"href":"https:\/\/dogfamily.shop\/fi\/wp-json\/wp\/v2\/media?parent=3734"}],"wp:term":[{"taxonomy":"product_brand","embeddable":true,"href":"https:\/\/dogfamily.shop\/fi\/wp-json\/wp\/v2\/product_brand?post=3734"},{"taxonomy":"product_cat","embeddable":true,"href":"https:\/\/dogfamily.shop\/fi\/wp-json\/wp\/v2\/product_cat?post=3734"},{"taxonomy":"product_tag","embeddable":true,"href":"https:\/\/dogfamily.shop\/fi\/wp-json\/wp\/v2\/product_tag?post=3734"}],"curies":[{"name":"wp","href":"https:\/\/api.w.org\/{rel}","templated":true}]}}