{"id":3452,"date":"2023-10-06T20:41:21","date_gmt":"2023-10-06T18:41:21","guid":{"rendered":"https:\/\/dogfamily.shop\/product\/Ei-luokiteltu\/onnellisen-rottweilerin-aiti-huppari\/"},"modified":"2025-01-10T12:49:12","modified_gmt":"2025-01-10T10:49:12","slug":"onnellisen-rottweilerin-aiti","status":"publish","type":"product","link":"https:\/\/dogfamily.shop\/fi\/product\/naisten-vaatteet-fi-3\/onnellisen-rottweilerin-aiti\/","title":{"rendered":"Onnellisen ranskalaisen bulldoggin \u00e4iti, huppari"},"content":{"rendered":"<p>Oletko ylpe\u00e4 koiran omistaja, erityisesti ihastuttavan ranskanbulldogin? Jos n\u00e4in on, meill\u00e4 on jotain erityist\u00e4 juuri sinulle! Esittelyss\u00e4 on &#8221;Mom of a Happy French Bulldog Hoodie&#8221;, joka on t\u00e4ydellinen tapa osoittaa rakkauttasi karvaista kumppaniasi kohtaan samalla kun pysyt viihtyis\u00e4n\u00e4 ja tyylikk\u00e4\u00e4n\u00e4.<\/p>\n<p><strong>Miksi valita hupparimme?<\/strong><\/p>\n<p>Hupparimme ei ole pelkk\u00e4 vaatekappale, vaan osoitus omistautumisestasi ranskalaiselle bulldoggillesi. Laadukkaista materiaaleista valmistettu huppari on suunniteltu pit\u00e4m\u00e4\u00e4n sinut l\u00e4mpim\u00e4n\u00e4 ja mukavana, olitpa sitten k\u00e4velyll\u00e4 puistossa tai vain loikoilemassa kotona.<\/p>\n<p><strong>Ainutlaatuinen muotoilu:<\/strong><\/p>\n<p>Hupparimme erottuva piirre on huomiota her\u00e4tt\u00e4v\u00e4 malli, joka ylpe\u00e4n\u00e4 julistaa sinut &#8221;onnellisen ranskanbulldogin \u00e4idiksi&#8221;. Ranskanbulldogin s\u00f6p\u00f6 ja v\u00e4rik\u00e4s grafiikka her\u00e4tt\u00e4\u00e4 heti huomiota ja her\u00e4tt\u00e4\u00e4 keskusteluja muiden koiranyst\u00e4vien kanssa. Se on ihanteellinen tapa kertoa maailmalle siit\u00e4 ilosta ja rakkaudesta, jota nelijalkainen yst\u00e4v\u00e4si tuo el\u00e4m\u00e4\u00e4si.<\/p>\n<p><strong>Verraton mukavuus:<\/strong><\/p>\n<p>Hupparissa ei ole kyse vain tyylist\u00e4, vaan my\u00f6s mukavuudesta. Se on valmistettu pehme\u00e4st\u00e4 ja hengitt\u00e4v\u00e4st\u00e4 kankaasta, joka tuntuu hell\u00e4varaiselta ihoa vasten. Rento istuvuus takaa, ett\u00e4 voit liikkua vapaasti, joten se sopii t\u00e4ydellisesti mihin tahansa tilaisuuteen, juoksevista asioinneista sohvalla viihtymiseen rakkaan koiranpentusi kanssa.<\/p>\n<p><strong>Kest\u00e4v\u00e4 ja pitk\u00e4ik\u00e4inen:<\/strong><\/p>\n<p>Ymm\u00e4rr\u00e4mme koiranomistajien aktiivisen el\u00e4m\u00e4ntyylin, mink\u00e4 vuoksi hupparimme on tehty kest\u00e4m\u00e4\u00e4n. Se kest\u00e4\u00e4 lukemattomia pesuja ja n\u00e4ytt\u00e4\u00e4 edelleen yht\u00e4 elinvoimaiselta kuin ostop\u00e4iv\u00e4n\u00e4si. K\u00e4yt\u00e4t sit\u00e4 ylpe\u00e4n\u00e4 vuosien ajan.<\/p>\n<p><strong>T\u00e4ydellinen lahja:<\/strong><\/p>\n<p>Etsitk\u00f6 lahjaa ranskalaisen bulldogin yst\u00e4v\u00e4lle? \u00c4l\u00e4 etsi kauempaa! &#8221;Happy French Bulldog -hupparimme \u00e4iti&#8221; on erinomainen valinta syntym\u00e4p\u00e4iville, juhlapyhille tai mihin tahansa erityiseen tilaisuuteen. Se on huomaavainen ja henkil\u00f6kohtainen lahja, jota jokainen koiraa rakastava yst\u00e4v\u00e4 tai perheenj\u00e4sen arvostaa.<\/p>\n<p><strong>Johtop\u00e4\u00e4t\u00f6kset:<\/strong><\/p>\n<p>&#8221;Onnellisen ranskanbulldoggin \u00e4iti&#8221; -hupparimme on enemm\u00e4n kuin pelkk\u00e4 vaate; se on todiste siit\u00e4 ilosta ja seurasta, jota ranskanbulldoggisi tuo el\u00e4m\u00e4\u00e4si. Se her\u00e4tt\u00e4\u00e4 keskustelua, on lohdullinen kumppani ja symboli rakkaudestasi karvaista perheenj\u00e4sent\u00e4si kohtaan. \u00c4l\u00e4 missaa tilaisuutta juhlistaa erityist\u00e4 liittoanne t\u00e4m\u00e4n ainutlaatuisen ja tyylikk\u00e4\u00e4n hupparin avulla. Tilaa omasi t\u00e4n\u00e4\u00e4n ja pid\u00e4 ylpeytesi hihassa &#8211; kirjaimellisesti!<\/p>\n","protected":false},"excerpt":{"rendered":"<p>Oletko ylpe\u00e4 koiran omistaja, erityisesti ihastuttavan ranskanbulldogin? Jos n\u00e4in on, meill\u00e4 on jotain erityist\u00e4 juuri sinulle! Esittelyss\u00e4 on &#8221;Mom of a Happy French Bulldog Hoodie&#8221;, joka on t\u00e4ydellinen tapa osoittaa rakkauttasi karvaista kumppaniasi kohtaan samalla kun pysyt viihtyis\u00e4n\u00e4 ja tyylikk\u00e4\u00e4n\u00e4. Miksi valita hupparimme? Hupparimme ei ole pelkk\u00e4 vaatekappale, vaan osoitus omistautumisestasi ranskalaiselle bulldoggillesi. Laadukkaista materiaaleista &#8230; <a title=\"Onnellisen ranskalaisen bulldoggin \u00e4iti, huppari\" class=\"read-more\" href=\"https:\/\/dogfamily.shop\/fi\/product\/naisten-vaatteet-fi-3\/onnellisen-rottweilerin-aiti\/\" aria-label=\"Lue lis\u00e4\u00e4 aiheesta Onnellisen ranskalaisen bulldoggin \u00e4iti, huppari\">Lue lis\u00e4\u00e4<\/a><\/p>\n","protected":false},"featured_media":3490,"comment_status":"open","ping_status":"closed","template":"","meta":{"_monsterinsights_skip_tracking":false,"_monsterinsights_sitenote_active":false,"_monsterinsights_sitenote_note":"","_monsterinsights_sitenote_category":0},"product_brand":[],"product_cat":[98,169],"product_tag":[50,66,170],"class_list":{"0":"post-3452","1":"product","2":"type-product","3":"status-publish","4":"has-post-thumbnail","6":"product_cat-naisten-vaatteet-fi-3","7":"product_cat-ranskanbulldoggi","8":"product_tag-koiran-aiti","9":"product_tag-koiranomistajan-lahja","10":"product_tag-ranskanbulldoggi","12":"first","13":"instock","14":"taxable","15":"shipping-taxable","16":"purchasable","17":"product-type-variable","18":"has-default-attributes"},"yoast_head":"<!-- This site is optimized with the Yoast SEO plugin v27.4 - https:\/\/yoast.com\/product\/yoast-seo-wordpress\/ -->\n<title>Onnellisen ranskalaisen bulldoggin \u00e4iti, huppari - Dog Family Shop<\/title>\n<meta name=\"robots\" content=\"index, follow, max-snippet:-1, max-image-preview:large, max-video-preview:-1\" \/>\n<link rel=\"canonical\" href=\"https:\/\/dogfamily.shop\/fi\/product\/naisten-vaatteet-fi-3\/onnellisen-rottweilerin-aiti\/\" \/>\n<meta property=\"og:locale\" content=\"fi_FI\" \/>\n<meta property=\"og:type\" content=\"article\" \/>\n<meta property=\"og:title\" content=\"Onnellisen ranskalaisen bulldoggin \u00e4iti, huppari - Dog Family Shop\" \/>\n<meta property=\"og:description\" content=\"Oletko ylpe\u00e4 koiran omistaja, erityisesti ihastuttavan ranskanbulldogin? Jos n\u00e4in on, meill\u00e4 on jotain erityist\u00e4 juuri sinulle! Esittelyss\u00e4 on &#8221;Mom of a Happy French Bulldog Hoodie&#8221;, joka on t\u00e4ydellinen tapa osoittaa rakkauttasi karvaista kumppaniasi kohtaan samalla kun pysyt viihtyis\u00e4n\u00e4 ja tyylikk\u00e4\u00e4n\u00e4. Miksi valita hupparimme? Hupparimme ei ole pelkk\u00e4 vaatekappale, vaan osoitus omistautumisestasi ranskalaiselle bulldoggillesi. Laadukkaista materiaaleista ... Lue lis\u00e4\u00e4\" \/>\n<meta property=\"og:url\" content=\"https:\/\/dogfamily.shop\/fi\/product\/naisten-vaatteet-fi-3\/onnellisen-rottweilerin-aiti\/\" \/>\n<meta property=\"og:site_name\" content=\"Dog Family Shop\" \/>\n<meta property=\"article:modified_time\" content=\"2025-01-10T10:49:12+00:00\" \/>\n<meta property=\"og:image\" content=\"https:\/\/dogfamily.shop\/wp-content\/uploads\/2023\/10\/42237-16.jpg\" \/>\n\t<meta property=\"og:image:width\" content=\"1200\" \/>\n\t<meta property=\"og:image:height\" content=\"1200\" \/>\n\t<meta property=\"og:image:type\" content=\"image\/jpeg\" \/>\n<meta name=\"twitter:card\" content=\"summary_large_image\" \/>\n<meta name=\"twitter:label1\" content=\"Arvioitu lukuaika\" \/>\n\t<meta name=\"twitter:data1\" content=\"2 minuuttia\" \/>\n<script type=\"application\/ld+json\" class=\"yoast-schema-graph\">{\"@context\":\"https:\\\/\\\/schema.org\",\"@graph\":[{\"@type\":\"WebPage\",\"@id\":\"https:\\\/\\\/dogfamily.shop\\\/fi\\\/product\\\/naisten-vaatteet-fi-3\\\/onnellisen-rottweilerin-aiti\\\/\",\"url\":\"https:\\\/\\\/dogfamily.shop\\\/fi\\\/product\\\/naisten-vaatteet-fi-3\\\/onnellisen-rottweilerin-aiti\\\/\",\"name\":\"Onnellisen ranskalaisen bulldoggin \u00e4iti, huppari - Dog Family Shop\",\"isPartOf\":{\"@id\":\"https:\\\/\\\/dogfamily.shop\\\/fi\\\/#website\"},\"primaryImageOfPage\":{\"@id\":\"https:\\\/\\\/dogfamily.shop\\\/fi\\\/product\\\/naisten-vaatteet-fi-3\\\/onnellisen-rottweilerin-aiti\\\/#primaryimage\"},\"image\":{\"@id\":\"https:\\\/\\\/dogfamily.shop\\\/fi\\\/product\\\/naisten-vaatteet-fi-3\\\/onnellisen-rottweilerin-aiti\\\/#primaryimage\"},\"thumbnailUrl\":\"https:\\\/\\\/dogfamily.shop\\\/wp-content\\\/uploads\\\/2023\\\/10\\\/42237-16.jpg\",\"datePublished\":\"2023-10-06T18:41:21+00:00\",\"dateModified\":\"2025-01-10T10:49:12+00:00\",\"breadcrumb\":{\"@id\":\"https:\\\/\\\/dogfamily.shop\\\/fi\\\/product\\\/naisten-vaatteet-fi-3\\\/onnellisen-rottweilerin-aiti\\\/#breadcrumb\"},\"inLanguage\":\"fi\",\"potentialAction\":[{\"@type\":\"ReadAction\",\"target\":[\"https:\\\/\\\/dogfamily.shop\\\/fi\\\/product\\\/naisten-vaatteet-fi-3\\\/onnellisen-rottweilerin-aiti\\\/\"]}]},{\"@type\":\"ImageObject\",\"inLanguage\":\"fi\",\"@id\":\"https:\\\/\\\/dogfamily.shop\\\/fi\\\/product\\\/naisten-vaatteet-fi-3\\\/onnellisen-rottweilerin-aiti\\\/#primaryimage\",\"url\":\"https:\\\/\\\/dogfamily.shop\\\/wp-content\\\/uploads\\\/2023\\\/10\\\/42237-16.jpg\",\"contentUrl\":\"https:\\\/\\\/dogfamily.shop\\\/wp-content\\\/uploads\\\/2023\\\/10\\\/42237-16.jpg\",\"width\":1200,\"height\":1200},{\"@type\":\"BreadcrumbList\",\"@id\":\"https:\\\/\\\/dogfamily.shop\\\/fi\\\/product\\\/naisten-vaatteet-fi-3\\\/onnellisen-rottweilerin-aiti\\\/#breadcrumb\",\"itemListElement\":[{\"@type\":\"ListItem\",\"position\":1,\"name\":\"Home\",\"item\":\"https:\\\/\\\/dogfamily.shop\\\/fi\\\/\"},{\"@type\":\"ListItem\",\"position\":2,\"name\":\"Kauppa\",\"item\":\"https:\\\/\\\/dogfamily.shop\\\/fi\\\/kauppa\\\/\"},{\"@type\":\"ListItem\",\"position\":3,\"name\":\"Onnellisen ranskalaisen bulldoggin \u00e4iti, huppari\"}]},{\"@type\":\"WebSite\",\"@id\":\"https:\\\/\\\/dogfamily.shop\\\/fi\\\/#website\",\"url\":\"https:\\\/\\\/dogfamily.shop\\\/fi\\\/\",\"name\":\"Dog Family Shop\",\"description\":\"Everything for dog family, clothes, accessories, bed linen and more\",\"publisher\":{\"@id\":\"https:\\\/\\\/dogfamily.shop\\\/fi\\\/#organization\"},\"potentialAction\":[{\"@type\":\"SearchAction\",\"target\":{\"@type\":\"EntryPoint\",\"urlTemplate\":\"https:\\\/\\\/dogfamily.shop\\\/fi\\\/?s={search_term_string}\"},\"query-input\":{\"@type\":\"PropertyValueSpecification\",\"valueRequired\":true,\"valueName\":\"search_term_string\"}}],\"inLanguage\":\"fi\"},{\"@type\":\"Organization\",\"@id\":\"https:\\\/\\\/dogfamily.shop\\\/fi\\\/#organization\",\"name\":\"Dog Family Shop\",\"url\":\"https:\\\/\\\/dogfamily.shop\\\/fi\\\/\",\"logo\":{\"@type\":\"ImageObject\",\"inLanguage\":\"fi\",\"@id\":\"https:\\\/\\\/dogfamily.shop\\\/fi\\\/#\\\/schema\\\/logo\\\/image\\\/\",\"url\":\"\\\/wp-content\\\/uploads\\\/2023\\\/05\\\/Logo1.png\",\"contentUrl\":\"\\\/wp-content\\\/uploads\\\/2023\\\/05\\\/Logo1.png\",\"width\":800,\"height\":582,\"caption\":\"Dog Family Shop\"},\"image\":{\"@id\":\"https:\\\/\\\/dogfamily.shop\\\/fi\\\/#\\\/schema\\\/logo\\\/image\\\/\"}}]}<\/script>\n<!-- \/ Yoast SEO plugin. -->","yoast_head_json":{"title":"Onnellisen ranskalaisen bulldoggin \u00e4iti, huppari - Dog Family Shop","robots":{"index":"index","follow":"follow","max-snippet":"max-snippet:-1","max-image-preview":"max-image-preview:large","max-video-preview":"max-video-preview:-1"},"canonical":"https:\/\/dogfamily.shop\/fi\/product\/naisten-vaatteet-fi-3\/onnellisen-rottweilerin-aiti\/","og_locale":"fi_FI","og_type":"article","og_title":"Onnellisen ranskalaisen bulldoggin \u00e4iti, huppari - Dog Family Shop","og_description":"Oletko ylpe\u00e4 koiran omistaja, erityisesti ihastuttavan ranskanbulldogin? Jos n\u00e4in on, meill\u00e4 on jotain erityist\u00e4 juuri sinulle! Esittelyss\u00e4 on &#8221;Mom of a Happy French Bulldog Hoodie&#8221;, joka on t\u00e4ydellinen tapa osoittaa rakkauttasi karvaista kumppaniasi kohtaan samalla kun pysyt viihtyis\u00e4n\u00e4 ja tyylikk\u00e4\u00e4n\u00e4. Miksi valita hupparimme? Hupparimme ei ole pelkk\u00e4 vaatekappale, vaan osoitus omistautumisestasi ranskalaiselle bulldoggillesi. Laadukkaista materiaaleista ... Lue lis\u00e4\u00e4","og_url":"https:\/\/dogfamily.shop\/fi\/product\/naisten-vaatteet-fi-3\/onnellisen-rottweilerin-aiti\/","og_site_name":"Dog Family Shop","article_modified_time":"2025-01-10T10:49:12+00:00","og_image":[{"width":1200,"height":1200,"url":"https:\/\/dogfamily.shop\/wp-content\/uploads\/2023\/10\/42237-16.jpg","type":"image\/jpeg"}],"twitter_card":"summary_large_image","twitter_misc":{"Arvioitu lukuaika":"2 minuuttia"},"schema":{"@context":"https:\/\/schema.org","@graph":[{"@type":"WebPage","@id":"https:\/\/dogfamily.shop\/fi\/product\/naisten-vaatteet-fi-3\/onnellisen-rottweilerin-aiti\/","url":"https:\/\/dogfamily.shop\/fi\/product\/naisten-vaatteet-fi-3\/onnellisen-rottweilerin-aiti\/","name":"Onnellisen ranskalaisen bulldoggin \u00e4iti, huppari - Dog Family Shop","isPartOf":{"@id":"https:\/\/dogfamily.shop\/fi\/#website"},"primaryImageOfPage":{"@id":"https:\/\/dogfamily.shop\/fi\/product\/naisten-vaatteet-fi-3\/onnellisen-rottweilerin-aiti\/#primaryimage"},"image":{"@id":"https:\/\/dogfamily.shop\/fi\/product\/naisten-vaatteet-fi-3\/onnellisen-rottweilerin-aiti\/#primaryimage"},"thumbnailUrl":"https:\/\/dogfamily.shop\/wp-content\/uploads\/2023\/10\/42237-16.jpg","datePublished":"2023-10-06T18:41:21+00:00","dateModified":"2025-01-10T10:49:12+00:00","breadcrumb":{"@id":"https:\/\/dogfamily.shop\/fi\/product\/naisten-vaatteet-fi-3\/onnellisen-rottweilerin-aiti\/#breadcrumb"},"inLanguage":"fi","potentialAction":[{"@type":"ReadAction","target":["https:\/\/dogfamily.shop\/fi\/product\/naisten-vaatteet-fi-3\/onnellisen-rottweilerin-aiti\/"]}]},{"@type":"ImageObject","inLanguage":"fi","@id":"https:\/\/dogfamily.shop\/fi\/product\/naisten-vaatteet-fi-3\/onnellisen-rottweilerin-aiti\/#primaryimage","url":"https:\/\/dogfamily.shop\/wp-content\/uploads\/2023\/10\/42237-16.jpg","contentUrl":"https:\/\/dogfamily.shop\/wp-content\/uploads\/2023\/10\/42237-16.jpg","width":1200,"height":1200},{"@type":"BreadcrumbList","@id":"https:\/\/dogfamily.shop\/fi\/product\/naisten-vaatteet-fi-3\/onnellisen-rottweilerin-aiti\/#breadcrumb","itemListElement":[{"@type":"ListItem","position":1,"name":"Home","item":"https:\/\/dogfamily.shop\/fi\/"},{"@type":"ListItem","position":2,"name":"Kauppa","item":"https:\/\/dogfamily.shop\/fi\/kauppa\/"},{"@type":"ListItem","position":3,"name":"Onnellisen ranskalaisen bulldoggin \u00e4iti, huppari"}]},{"@type":"WebSite","@id":"https:\/\/dogfamily.shop\/fi\/#website","url":"https:\/\/dogfamily.shop\/fi\/","name":"Dog Family Shop","description":"Everything for dog family, clothes, accessories, bed linen and more","publisher":{"@id":"https:\/\/dogfamily.shop\/fi\/#organization"},"potentialAction":[{"@type":"SearchAction","target":{"@type":"EntryPoint","urlTemplate":"https:\/\/dogfamily.shop\/fi\/?s={search_term_string}"},"query-input":{"@type":"PropertyValueSpecification","valueRequired":true,"valueName":"search_term_string"}}],"inLanguage":"fi"},{"@type":"Organization","@id":"https:\/\/dogfamily.shop\/fi\/#organization","name":"Dog Family Shop","url":"https:\/\/dogfamily.shop\/fi\/","logo":{"@type":"ImageObject","inLanguage":"fi","@id":"https:\/\/dogfamily.shop\/fi\/#\/schema\/logo\/image\/","url":"\/wp-content\/uploads\/2023\/05\/Logo1.png","contentUrl":"\/wp-content\/uploads\/2023\/05\/Logo1.png","width":800,"height":582,"caption":"Dog Family Shop"},"image":{"@id":"https:\/\/dogfamily.shop\/fi\/#\/schema\/logo\/image\/"}}]}},"jetpack_sharing_enabled":true,"_links":{"self":[{"href":"https:\/\/dogfamily.shop\/fi\/wp-json\/wp\/v2\/product\/3452","targetHints":{"allow":["GET"]}}],"collection":[{"href":"https:\/\/dogfamily.shop\/fi\/wp-json\/wp\/v2\/product"}],"about":[{"href":"https:\/\/dogfamily.shop\/fi\/wp-json\/wp\/v2\/types\/product"}],"replies":[{"embeddable":true,"href":"https:\/\/dogfamily.shop\/fi\/wp-json\/wp\/v2\/comments?post=3452"}],"wp:featuredmedia":[{"embeddable":true,"href":"https:\/\/dogfamily.shop\/fi\/wp-json\/wp\/v2\/media\/3490"}],"wp:attachment":[{"href":"https:\/\/dogfamily.shop\/fi\/wp-json\/wp\/v2\/media?parent=3452"}],"wp:term":[{"taxonomy":"product_brand","embeddable":true,"href":"https:\/\/dogfamily.shop\/fi\/wp-json\/wp\/v2\/product_brand?post=3452"},{"taxonomy":"product_cat","embeddable":true,"href":"https:\/\/dogfamily.shop\/fi\/wp-json\/wp\/v2\/product_cat?post=3452"},{"taxonomy":"product_tag","embeddable":true,"href":"https:\/\/dogfamily.shop\/fi\/wp-json\/wp\/v2\/product_tag?post=3452"}],"curies":[{"name":"wp","href":"https:\/\/api.w.org\/{rel}","templated":true}]}}