{"id":3395,"date":"2023-10-06T20:37:00","date_gmt":"2023-10-06T18:37:00","guid":{"rendered":"https:\/\/dogfamily.shop\/product\/Ei-luokiteltu\/iloisen-ranskalaisen-bulldogin-isa-huppari\/"},"modified":"2023-10-06T20:47:20","modified_gmt":"2023-10-06T18:47:20","slug":"dad-of-a-happy-french-bulldog-hoodie","status":"publish","type":"product","link":"https:\/\/dogfamily.shop\/fi\/product\/miesten-vaatteet-fi-3\/dad-of-a-happy-french-bulldog-hoodie\/","title":{"rendered":"Iloisen ranskalaisen bulldogin is\u00e4, huppari"},"content":{"rendered":"<p>Oletko rakastetun koirakaverin, erityisesti onnellisen ranskanbulldogin, ylpe\u00e4 omistaja? Jos n\u00e4in on, meill\u00e4 on juuri se, mik\u00e4 juhlistaa erityist\u00e4 sideanne ja pit\u00e4\u00e4 teid\u00e4t mukavana koko vuoden &#8211; &#8221;Iloisen ranskalaisen bulldogin is\u00e4&#8221; -hupparimme! Koiranomistajana ymm\u00e4rr\u00e4t sen syv\u00e4n ilon ja ehdottoman rakkauden, jota karvainen yst\u00e4v\u00e4si tuo el\u00e4m\u00e4\u00e4si. Huolellisesti suunniteltu hupparimme ei ole pelkk\u00e4 vaatekappale, vaan se on osoitus rakkaudestasi ja omistautumisestasi Ranskanbulldoggiasi kohtaan.<\/p>\n<p>T\u00e4m\u00e4 huppari on tehty mukavasti ja tyylill\u00e4, ja se on t\u00e4ydellinen ylpeytesi esittelyyn. Laadukkaista materiaaleista valmistettu huppari on yht\u00e4 pehme\u00e4 kuin koirasi syli ja yht\u00e4 l\u00e4mmin kuin sen hellyys. Se sopii t\u00e4ydellisesti koleisiin aamuk\u00e4velyihin puistossa, viihtyisiin iltoihin nelijalkaisen yst\u00e4v\u00e4si kanssa tai jopa rentoihin retkiin, joissa voit esitell\u00e4 ylpe\u00e4\u00e4 &#8221;onnellisen ranskanbulldogin is\u00e4&#8221; -statustasi. Hupparissamme on ainutlaatuinen ja huomiota her\u00e4tt\u00e4v\u00e4 malli, joka ylpe\u00e4n\u00e4 osoittaa rakkautesi ranskalaista bulldoggiasi kohtaan. Sit\u00e4 on saatavana useissa eri koossa, joten se sopii t\u00e4ydellisesti jokaiselle koiran is\u00e4lle. Elinvoimaiset v\u00e4rit ja yksityiskohtien huomioiminen tekev\u00e4t siit\u00e4 muodikkaan valinnan mihin tahansa tilaisuuteen, olitpa sitten juomassa kahvia paikallisessa kahvilassa tai leikkim\u00e4ss\u00e4 koirapuistossa. T\u00e4m\u00e4n hupparin avulla voit ilmaista rakkautesi ranskikselle, ja lis\u00e4ksi se on uskomattoman mukava ja kest\u00e4v\u00e4.<\/p>\n<p>Se on suunniteltu kest\u00e4m\u00e4\u00e4n aktiivisen koiranomistajan el\u00e4m\u00e4ntyylin aiheuttamaa kulutusta ja samalla pit\u00e4m\u00e4\u00e4n sinut mukavana ja tyylikk\u00e4\u00e4n\u00e4. Sen lis\u00e4ksi, ett\u00e4 &#8221;Dad of a Happy French Bulldog&#8221; -hupparimme on muodikas, se her\u00e4tt\u00e4\u00e4 keskustelua. Tulet keskustelemaan muiden koiraharrastajien kanssa ja saamaan uusia yst\u00e4vi\u00e4, jotka jakavat intohimosi n\u00e4it\u00e4 suloisia ja hell\u00e4sti rakastettavia koiria kohtaan. Miksi siis odottaa?<\/p>\n<p>Hyv\u00e4ksy roolisi rakastavana koirais\u00e4n\u00e4 ja k\u00e4yt\u00e4 sit\u00e4 ylpe\u00e4n\u00e4 ainutlaatuisessa hupparissamme. Se ei ole pelkk\u00e4 vaatekappale, vaan oodi ehdottomalle rakkaudelle, onnellisuudelle ja loputtomille seikkailuille, jotka liittyv\u00e4t ylpe\u00e4\u00e4n ranskanbulldogin omistajuuteen. Tilaa omasi jo t\u00e4n\u00e4\u00e4n ja koe ilo syd\u00e4mesi kantamisesta hihassasi, vai pit\u00e4isik\u00f6 sanoa hupparissasi?<\/p>\n","protected":false},"excerpt":{"rendered":"<p>Korosta tyyli\u00e4si ja ilmaise rakkautesi ranskalaista bulldoggiasi kohtaan &#8221;Iloisen ranskalaisen bulldogin is\u00e4&#8221; -hupparilla. T\u00e4m\u00e4 huppari on valmistettu mukavuutta ja kest\u00e4vyytt\u00e4 varten, ja siin\u00e4 on vieh\u00e4tt\u00e4v\u00e4 grafiikka, joka varmasti k\u00e4\u00e4nt\u00e4\u00e4 p\u00e4\u00e4t ja her\u00e4tt\u00e4\u00e4 keskustelua. Se on ihanteellinen lahja ylpeille ranskanbulldoggi\u00e4ideille ja pakollinen lis\u00e4 jokaisen koiranyst\u00e4v\u00e4n vaatekaappiin.<\/p>\n","protected":false},"featured_media":3418,"comment_status":"open","ping_status":"closed","template":"","meta":{"_monsterinsights_skip_tracking":false,"_monsterinsights_sitenote_active":false,"_monsterinsights_sitenote_note":"","_monsterinsights_sitenote_category":0},"product_brand":[],"product_cat":[99,169],"product_tag":[52,70,66,170],"class_list":{"0":"post-3395","1":"product","2":"type-product","3":"status-publish","4":"has-post-thumbnail","6":"product_cat-miesten-vaatteet-fi-3","7":"product_cat-ranskanbulldoggi","8":"product_tag-koiran-isa","9":"product_tag-koiranomistaja","10":"product_tag-koiranomistajan-lahja","11":"product_tag-ranskanbulldoggi","13":"first","14":"instock","15":"taxable","16":"shipping-taxable","17":"purchasable","18":"product-type-variable","19":"has-default-attributes"},"yoast_head":"<!-- This site is optimized with the Yoast SEO plugin v27.4 - https:\/\/yoast.com\/product\/yoast-seo-wordpress\/ -->\n<title>Iloisen ranskalaisen bulldogin is\u00e4, huppari - Dog Family Shop<\/title>\n<meta name=\"robots\" content=\"index, follow, max-snippet:-1, max-image-preview:large, max-video-preview:-1\" \/>\n<link rel=\"canonical\" href=\"https:\/\/dogfamily.shop\/fi\/product\/miesten-vaatteet-fi-3\/dad-of-a-happy-french-bulldog-hoodie\/\" \/>\n<meta property=\"og:locale\" content=\"fi_FI\" \/>\n<meta property=\"og:type\" content=\"article\" \/>\n<meta property=\"og:title\" content=\"Iloisen ranskalaisen bulldogin is\u00e4, huppari - Dog Family Shop\" \/>\n<meta property=\"og:description\" content=\"Korosta tyyli\u00e4si ja ilmaise rakkautesi ranskalaista bulldoggiasi kohtaan &quot;Iloisen ranskalaisen bulldogin is\u00e4&quot; -hupparilla. T\u00e4m\u00e4 huppari on valmistettu mukavuutta ja kest\u00e4vyytt\u00e4 varten, ja siin\u00e4 on vieh\u00e4tt\u00e4v\u00e4 grafiikka, joka varmasti k\u00e4\u00e4nt\u00e4\u00e4 p\u00e4\u00e4t ja her\u00e4tt\u00e4\u00e4 keskustelua. Se on ihanteellinen lahja ylpeille ranskanbulldoggi\u00e4ideille ja pakollinen lis\u00e4 jokaisen koiranyst\u00e4v\u00e4n vaatekaappiin.\" \/>\n<meta property=\"og:url\" content=\"https:\/\/dogfamily.shop\/fi\/product\/miesten-vaatteet-fi-3\/dad-of-a-happy-french-bulldog-hoodie\/\" \/>\n<meta property=\"og:site_name\" content=\"Dog Family Shop\" \/>\n<meta property=\"article:modified_time\" content=\"2023-10-06T18:47:20+00:00\" \/>\n<meta property=\"og:image\" content=\"https:\/\/dogfamily.shop\/wp-content\/uploads\/2023\/10\/32912-12.jpg\" \/>\n\t<meta property=\"og:image:width\" content=\"1200\" \/>\n\t<meta property=\"og:image:height\" content=\"1200\" \/>\n\t<meta property=\"og:image:type\" content=\"image\/jpeg\" \/>\n<meta name=\"twitter:card\" content=\"summary_large_image\" \/>\n<meta name=\"twitter:label1\" content=\"Arvioitu lukuaika\" \/>\n\t<meta name=\"twitter:data1\" content=\"2 minuuttia\" \/>\n<script type=\"application\/ld+json\" class=\"yoast-schema-graph\">{\"@context\":\"https:\\\/\\\/schema.org\",\"@graph\":[{\"@type\":\"WebPage\",\"@id\":\"https:\\\/\\\/dogfamily.shop\\\/fi\\\/product\\\/miesten-vaatteet-fi-3\\\/dad-of-a-happy-french-bulldog-hoodie\\\/\",\"url\":\"https:\\\/\\\/dogfamily.shop\\\/fi\\\/product\\\/miesten-vaatteet-fi-3\\\/dad-of-a-happy-french-bulldog-hoodie\\\/\",\"name\":\"Iloisen ranskalaisen bulldogin is\u00e4, huppari - Dog Family Shop\",\"isPartOf\":{\"@id\":\"https:\\\/\\\/dogfamily.shop\\\/fi\\\/#website\"},\"primaryImageOfPage\":{\"@id\":\"https:\\\/\\\/dogfamily.shop\\\/fi\\\/product\\\/miesten-vaatteet-fi-3\\\/dad-of-a-happy-french-bulldog-hoodie\\\/#primaryimage\"},\"image\":{\"@id\":\"https:\\\/\\\/dogfamily.shop\\\/fi\\\/product\\\/miesten-vaatteet-fi-3\\\/dad-of-a-happy-french-bulldog-hoodie\\\/#primaryimage\"},\"thumbnailUrl\":\"https:\\\/\\\/dogfamily.shop\\\/wp-content\\\/uploads\\\/2023\\\/10\\\/32912-12.jpg\",\"datePublished\":\"2023-10-06T18:37:00+00:00\",\"dateModified\":\"2023-10-06T18:47:20+00:00\",\"breadcrumb\":{\"@id\":\"https:\\\/\\\/dogfamily.shop\\\/fi\\\/product\\\/miesten-vaatteet-fi-3\\\/dad-of-a-happy-french-bulldog-hoodie\\\/#breadcrumb\"},\"inLanguage\":\"fi\",\"potentialAction\":[{\"@type\":\"ReadAction\",\"target\":[\"https:\\\/\\\/dogfamily.shop\\\/fi\\\/product\\\/miesten-vaatteet-fi-3\\\/dad-of-a-happy-french-bulldog-hoodie\\\/\"]}]},{\"@type\":\"ImageObject\",\"inLanguage\":\"fi\",\"@id\":\"https:\\\/\\\/dogfamily.shop\\\/fi\\\/product\\\/miesten-vaatteet-fi-3\\\/dad-of-a-happy-french-bulldog-hoodie\\\/#primaryimage\",\"url\":\"https:\\\/\\\/dogfamily.shop\\\/wp-content\\\/uploads\\\/2023\\\/10\\\/32912-12.jpg\",\"contentUrl\":\"https:\\\/\\\/dogfamily.shop\\\/wp-content\\\/uploads\\\/2023\\\/10\\\/32912-12.jpg\",\"width\":1200,\"height\":1200},{\"@type\":\"BreadcrumbList\",\"@id\":\"https:\\\/\\\/dogfamily.shop\\\/fi\\\/product\\\/miesten-vaatteet-fi-3\\\/dad-of-a-happy-french-bulldog-hoodie\\\/#breadcrumb\",\"itemListElement\":[{\"@type\":\"ListItem\",\"position\":1,\"name\":\"Home\",\"item\":\"https:\\\/\\\/dogfamily.shop\\\/fi\\\/\"},{\"@type\":\"ListItem\",\"position\":2,\"name\":\"Kauppa\",\"item\":\"https:\\\/\\\/dogfamily.shop\\\/fi\\\/kauppa\\\/\"},{\"@type\":\"ListItem\",\"position\":3,\"name\":\"Iloisen ranskalaisen bulldogin is\u00e4, huppari\"}]},{\"@type\":\"WebSite\",\"@id\":\"https:\\\/\\\/dogfamily.shop\\\/fi\\\/#website\",\"url\":\"https:\\\/\\\/dogfamily.shop\\\/fi\\\/\",\"name\":\"Dog Family Shop\",\"description\":\"Everything for dog family, clothes, accessories, bed linen and more\",\"publisher\":{\"@id\":\"https:\\\/\\\/dogfamily.shop\\\/fi\\\/#organization\"},\"potentialAction\":[{\"@type\":\"SearchAction\",\"target\":{\"@type\":\"EntryPoint\",\"urlTemplate\":\"https:\\\/\\\/dogfamily.shop\\\/fi\\\/?s={search_term_string}\"},\"query-input\":{\"@type\":\"PropertyValueSpecification\",\"valueRequired\":true,\"valueName\":\"search_term_string\"}}],\"inLanguage\":\"fi\"},{\"@type\":\"Organization\",\"@id\":\"https:\\\/\\\/dogfamily.shop\\\/fi\\\/#organization\",\"name\":\"Dog Family Shop\",\"url\":\"https:\\\/\\\/dogfamily.shop\\\/fi\\\/\",\"logo\":{\"@type\":\"ImageObject\",\"inLanguage\":\"fi\",\"@id\":\"https:\\\/\\\/dogfamily.shop\\\/fi\\\/#\\\/schema\\\/logo\\\/image\\\/\",\"url\":\"\\\/wp-content\\\/uploads\\\/2023\\\/05\\\/Logo1.png\",\"contentUrl\":\"\\\/wp-content\\\/uploads\\\/2023\\\/05\\\/Logo1.png\",\"width\":800,\"height\":582,\"caption\":\"Dog Family Shop\"},\"image\":{\"@id\":\"https:\\\/\\\/dogfamily.shop\\\/fi\\\/#\\\/schema\\\/logo\\\/image\\\/\"}}]}<\/script>\n<!-- \/ Yoast SEO plugin. -->","yoast_head_json":{"title":"Iloisen ranskalaisen bulldogin is\u00e4, huppari - Dog Family Shop","robots":{"index":"index","follow":"follow","max-snippet":"max-snippet:-1","max-image-preview":"max-image-preview:large","max-video-preview":"max-video-preview:-1"},"canonical":"https:\/\/dogfamily.shop\/fi\/product\/miesten-vaatteet-fi-3\/dad-of-a-happy-french-bulldog-hoodie\/","og_locale":"fi_FI","og_type":"article","og_title":"Iloisen ranskalaisen bulldogin is\u00e4, huppari - Dog Family Shop","og_description":"Korosta tyyli\u00e4si ja ilmaise rakkautesi ranskalaista bulldoggiasi kohtaan \"Iloisen ranskalaisen bulldogin is\u00e4\" -hupparilla. T\u00e4m\u00e4 huppari on valmistettu mukavuutta ja kest\u00e4vyytt\u00e4 varten, ja siin\u00e4 on vieh\u00e4tt\u00e4v\u00e4 grafiikka, joka varmasti k\u00e4\u00e4nt\u00e4\u00e4 p\u00e4\u00e4t ja her\u00e4tt\u00e4\u00e4 keskustelua. Se on ihanteellinen lahja ylpeille ranskanbulldoggi\u00e4ideille ja pakollinen lis\u00e4 jokaisen koiranyst\u00e4v\u00e4n vaatekaappiin.","og_url":"https:\/\/dogfamily.shop\/fi\/product\/miesten-vaatteet-fi-3\/dad-of-a-happy-french-bulldog-hoodie\/","og_site_name":"Dog Family Shop","article_modified_time":"2023-10-06T18:47:20+00:00","og_image":[{"width":1200,"height":1200,"url":"https:\/\/dogfamily.shop\/wp-content\/uploads\/2023\/10\/32912-12.jpg","type":"image\/jpeg"}],"twitter_card":"summary_large_image","twitter_misc":{"Arvioitu lukuaika":"2 minuuttia"},"schema":{"@context":"https:\/\/schema.org","@graph":[{"@type":"WebPage","@id":"https:\/\/dogfamily.shop\/fi\/product\/miesten-vaatteet-fi-3\/dad-of-a-happy-french-bulldog-hoodie\/","url":"https:\/\/dogfamily.shop\/fi\/product\/miesten-vaatteet-fi-3\/dad-of-a-happy-french-bulldog-hoodie\/","name":"Iloisen ranskalaisen bulldogin is\u00e4, huppari - Dog Family Shop","isPartOf":{"@id":"https:\/\/dogfamily.shop\/fi\/#website"},"primaryImageOfPage":{"@id":"https:\/\/dogfamily.shop\/fi\/product\/miesten-vaatteet-fi-3\/dad-of-a-happy-french-bulldog-hoodie\/#primaryimage"},"image":{"@id":"https:\/\/dogfamily.shop\/fi\/product\/miesten-vaatteet-fi-3\/dad-of-a-happy-french-bulldog-hoodie\/#primaryimage"},"thumbnailUrl":"https:\/\/dogfamily.shop\/wp-content\/uploads\/2023\/10\/32912-12.jpg","datePublished":"2023-10-06T18:37:00+00:00","dateModified":"2023-10-06T18:47:20+00:00","breadcrumb":{"@id":"https:\/\/dogfamily.shop\/fi\/product\/miesten-vaatteet-fi-3\/dad-of-a-happy-french-bulldog-hoodie\/#breadcrumb"},"inLanguage":"fi","potentialAction":[{"@type":"ReadAction","target":["https:\/\/dogfamily.shop\/fi\/product\/miesten-vaatteet-fi-3\/dad-of-a-happy-french-bulldog-hoodie\/"]}]},{"@type":"ImageObject","inLanguage":"fi","@id":"https:\/\/dogfamily.shop\/fi\/product\/miesten-vaatteet-fi-3\/dad-of-a-happy-french-bulldog-hoodie\/#primaryimage","url":"https:\/\/dogfamily.shop\/wp-content\/uploads\/2023\/10\/32912-12.jpg","contentUrl":"https:\/\/dogfamily.shop\/wp-content\/uploads\/2023\/10\/32912-12.jpg","width":1200,"height":1200},{"@type":"BreadcrumbList","@id":"https:\/\/dogfamily.shop\/fi\/product\/miesten-vaatteet-fi-3\/dad-of-a-happy-french-bulldog-hoodie\/#breadcrumb","itemListElement":[{"@type":"ListItem","position":1,"name":"Home","item":"https:\/\/dogfamily.shop\/fi\/"},{"@type":"ListItem","position":2,"name":"Kauppa","item":"https:\/\/dogfamily.shop\/fi\/kauppa\/"},{"@type":"ListItem","position":3,"name":"Iloisen ranskalaisen bulldogin is\u00e4, huppari"}]},{"@type":"WebSite","@id":"https:\/\/dogfamily.shop\/fi\/#website","url":"https:\/\/dogfamily.shop\/fi\/","name":"Dog Family Shop","description":"Everything for dog family, clothes, accessories, bed linen and more","publisher":{"@id":"https:\/\/dogfamily.shop\/fi\/#organization"},"potentialAction":[{"@type":"SearchAction","target":{"@type":"EntryPoint","urlTemplate":"https:\/\/dogfamily.shop\/fi\/?s={search_term_string}"},"query-input":{"@type":"PropertyValueSpecification","valueRequired":true,"valueName":"search_term_string"}}],"inLanguage":"fi"},{"@type":"Organization","@id":"https:\/\/dogfamily.shop\/fi\/#organization","name":"Dog Family Shop","url":"https:\/\/dogfamily.shop\/fi\/","logo":{"@type":"ImageObject","inLanguage":"fi","@id":"https:\/\/dogfamily.shop\/fi\/#\/schema\/logo\/image\/","url":"\/wp-content\/uploads\/2023\/05\/Logo1.png","contentUrl":"\/wp-content\/uploads\/2023\/05\/Logo1.png","width":800,"height":582,"caption":"Dog Family Shop"},"image":{"@id":"https:\/\/dogfamily.shop\/fi\/#\/schema\/logo\/image\/"}}]}},"jetpack_sharing_enabled":true,"_links":{"self":[{"href":"https:\/\/dogfamily.shop\/fi\/wp-json\/wp\/v2\/product\/3395","targetHints":{"allow":["GET"]}}],"collection":[{"href":"https:\/\/dogfamily.shop\/fi\/wp-json\/wp\/v2\/product"}],"about":[{"href":"https:\/\/dogfamily.shop\/fi\/wp-json\/wp\/v2\/types\/product"}],"replies":[{"embeddable":true,"href":"https:\/\/dogfamily.shop\/fi\/wp-json\/wp\/v2\/comments?post=3395"}],"wp:featuredmedia":[{"embeddable":true,"href":"https:\/\/dogfamily.shop\/fi\/wp-json\/wp\/v2\/media\/3418"}],"wp:attachment":[{"href":"https:\/\/dogfamily.shop\/fi\/wp-json\/wp\/v2\/media?parent=3395"}],"wp:term":[{"taxonomy":"product_brand","embeddable":true,"href":"https:\/\/dogfamily.shop\/fi\/wp-json\/wp\/v2\/product_brand?post=3395"},{"taxonomy":"product_cat","embeddable":true,"href":"https:\/\/dogfamily.shop\/fi\/wp-json\/wp\/v2\/product_cat?post=3395"},{"taxonomy":"product_tag","embeddable":true,"href":"https:\/\/dogfamily.shop\/fi\/wp-json\/wp\/v2\/product_tag?post=3395"}],"curies":[{"name":"wp","href":"https:\/\/api.w.org\/{rel}","templated":true}]}}