{"id":3325,"date":"2023-10-05T15:08:04","date_gmt":"2023-10-05T13:08:04","guid":{"rendered":"https:\/\/dogfamily.shop\/product\/Ei-luokiteltu\/onnellisen-rottweilerin-isa-huppari\/"},"modified":"2023-10-05T15:12:21","modified_gmt":"2023-10-05T13:12:21","slug":"dad-of-a-happy-rottweiler-hoodie","status":"publish","type":"product","link":"https:\/\/dogfamily.shop\/fi\/product\/miesten-vaatteet-fi-3\/dad-of-a-happy-rottweiler-hoodie\/","title":{"rendered":"Onnellisen rottweilerin is\u00e4, huppari"},"content":{"rendered":"<p>Oletko rottweilerin ylpe\u00e4 omistaja? Jos n\u00e4in on, ymm\u00e4rr\u00e4t sen ainutlaatuisen siteen, joka muodostuu sinun ja karvaisen kumppanisi v\u00e4lille. Rottweiler ei ole vain lemmikki, vaan perhe, uskollinen yst\u00e4v\u00e4 ja rajattoman ilon l\u00e4hde. Nyt voit juhlistaa t\u00e4t\u00e4 sidett\u00e4 ja osoittaa rakkautesi nelijalkaista perheenj\u00e4sent\u00e4si kohtaan &#8221;Dad of a Happy Rottweiler&#8221; -hupparilla!<\/p>\n<p>Hupparimme on enemm\u00e4n kuin pelkk\u00e4 vaate; se on osoitus rakkaudestasi ja ylpeydest\u00e4si rottweilerin omistajana. Laadukkaista, pehmeist\u00e4 ja mukavista materiaaleista valmistettu huppari on suunniteltu sek\u00e4 mukavuutta ett\u00e4 tyyli\u00e4 varten. T\u00e4m\u00e4 huppari on t\u00e4ydellinen joka tilanteeseen, olitpa sitten menossa k\u00e4velylle puistoon, hoitamassa asioita tai vain halailemassa sohvalla rottisi kanssa.<\/p>\n<p>Mutta se, mik\u00e4 tekee &#8221;Dad of a Happy Rottweiler&#8221; -hupparistamme todella erityisen, on sen silmiinpist\u00e4v\u00e4 muotoilu. Etupuolella on ylpe\u00e4n\u00e4 teksti &#8221;Dad of a Happy Rottweiler&#8221; lihavin, helppolukuisin kirjaimin, ja sen alla on suloinen rottweilerin siluetti. T\u00e4m\u00e4 muotoilu ei ainoastaan osoita Rottie-rakastustasi, vaan my\u00f6s her\u00e4tt\u00e4\u00e4 keskusteluja ja hymyj\u00e4 kaikkialla, minne menetkin.<\/p>\n<p>Se, mik\u00e4 erottaa hupparimme muista, on huomio yksityiskohtiin ja laatuun. Ymm\u00e4rr\u00e4mme, ett\u00e4 rottweilerin omistajat haluavat vain parasta karvaisille yst\u00e4villeen, ja siksi hupparimme on tehty kest\u00e4m\u00e4\u00e4n. Ne ovat konepest\u00e4vi\u00e4, joten voit pit\u00e4\u00e4 ne hyv\u00e4nn\u00e4k\u00f6isin\u00e4 riippumatta siit\u00e4, kuinka moneen seikkailuun sin\u00e4 ja rottisi l\u00e4hdette yhdess\u00e4.<\/p>\n<p>Etsitp\u00e4 sitten t\u00e4ydellist\u00e4 lahjaa toiselle rottweilerin yst\u00e4v\u00e4lle tai halusitpa vain hemmotella itse\u00e4si, &#8221;Dad of a Happy Rottweiler&#8221; -huppari on loistava valinta. Saatavana useissa eri kooissa mukavan istuvuuden varmistamiseksi, voit ylpe\u00e4n\u00e4 kantaa rakkauttasi rottweileriin tyylill\u00e4.<\/p>\n<p>Yhteenvetona voidaan todeta, ett\u00e4 &#8221;Dad of a Happy Rottweiler&#8221; -huppari on enemm\u00e4n kuin pelkk\u00e4 vaate; se on symboli rakkaudesta ja ylpeydest\u00e4, jota tunnet rottweilerin omistajana. Mukava, kest\u00e4v\u00e4 ja tyylik\u00e4s, se on t\u00e4ydellinen lis\u00e4 jokaisen koiranyst\u00e4v\u00e4n vaatekaappiin. Tilaa omasi jo t\u00e4n\u00e4\u00e4n ja k\u00e4yt\u00e4 Rottie-rakkauttasi ylpeydell\u00e4!<\/p>\n","protected":false},"excerpt":{"rendered":"<p>Korosta rottweileriylpeytt\u00e4si &#8221;Dad of a Happy Rottweiler&#8221; -hupparilla. T\u00e4ss\u00e4 mukavuutta ja tyyli\u00e4 tarjoavassa hupparissa on silmiinpist\u00e4v\u00e4 malli, joka osoittaa rakkautesi karvaista yst\u00e4v\u00e4\u00e4si kohtaan. Se on valmistettu korkealaatuisista materiaaleista, joten se on t\u00e4ydellinen valinta ylpeille rottweilerin isille kaikkialla.<\/p>\n","protected":false},"featured_media":3348,"comment_status":"open","ping_status":"closed","template":"","meta":{"_monsterinsights_skip_tracking":false,"_monsterinsights_sitenote_active":false,"_monsterinsights_sitenote_note":"","_monsterinsights_sitenote_category":0},"product_brand":[],"product_cat":[99,164],"product_tag":[52,70,66,165],"class_list":{"0":"post-3325","1":"product","2":"type-product","3":"status-publish","4":"has-post-thumbnail","6":"product_cat-miesten-vaatteet-fi-3","7":"product_cat-rottweiler-fi","8":"product_tag-koiran-isa","9":"product_tag-koiranomistaja","10":"product_tag-koiranomistajan-lahja","11":"product_tag-rottweiler-fi","13":"first","14":"instock","15":"taxable","16":"shipping-taxable","17":"purchasable","18":"product-type-variable","19":"has-default-attributes"},"yoast_head":"<!-- This site is optimized with the Yoast SEO plugin v27.4 - https:\/\/yoast.com\/product\/yoast-seo-wordpress\/ -->\n<title>Onnellisen rottweilerin is\u00e4, huppari - Dog Family Shop<\/title>\n<meta name=\"robots\" content=\"index, follow, max-snippet:-1, max-image-preview:large, max-video-preview:-1\" \/>\n<link rel=\"canonical\" href=\"https:\/\/dogfamily.shop\/fi\/product\/miesten-vaatteet-fi-3\/dad-of-a-happy-rottweiler-hoodie\/\" \/>\n<meta property=\"og:locale\" content=\"fi_FI\" \/>\n<meta property=\"og:type\" content=\"article\" \/>\n<meta property=\"og:title\" content=\"Onnellisen rottweilerin is\u00e4, huppari - Dog Family Shop\" \/>\n<meta property=\"og:description\" content=\"Korosta rottweileriylpeytt\u00e4si &quot;Dad of a Happy Rottweiler&quot; -hupparilla. T\u00e4ss\u00e4 mukavuutta ja tyyli\u00e4 tarjoavassa hupparissa on silmiinpist\u00e4v\u00e4 malli, joka osoittaa rakkautesi karvaista yst\u00e4v\u00e4\u00e4si kohtaan. Se on valmistettu korkealaatuisista materiaaleista, joten se on t\u00e4ydellinen valinta ylpeille rottweilerin isille kaikkialla.\" \/>\n<meta property=\"og:url\" content=\"https:\/\/dogfamily.shop\/fi\/product\/miesten-vaatteet-fi-3\/dad-of-a-happy-rottweiler-hoodie\/\" \/>\n<meta property=\"og:site_name\" content=\"Dog Family Shop\" \/>\n<meta property=\"article:modified_time\" content=\"2023-10-05T13:12:21+00:00\" \/>\n<meta property=\"og:image\" content=\"https:\/\/dogfamily.shop\/wp-content\/uploads\/2023\/10\/32912-6.jpg\" \/>\n\t<meta property=\"og:image:width\" content=\"1200\" \/>\n\t<meta property=\"og:image:height\" content=\"1200\" \/>\n\t<meta property=\"og:image:type\" content=\"image\/jpeg\" \/>\n<meta name=\"twitter:card\" content=\"summary_large_image\" \/>\n<meta name=\"twitter:label1\" content=\"Arvioitu lukuaika\" \/>\n\t<meta name=\"twitter:data1\" content=\"2 minuuttia\" \/>\n<script type=\"application\/ld+json\" class=\"yoast-schema-graph\">{\"@context\":\"https:\\\/\\\/schema.org\",\"@graph\":[{\"@type\":\"WebPage\",\"@id\":\"https:\\\/\\\/dogfamily.shop\\\/fi\\\/product\\\/miesten-vaatteet-fi-3\\\/dad-of-a-happy-rottweiler-hoodie\\\/\",\"url\":\"https:\\\/\\\/dogfamily.shop\\\/fi\\\/product\\\/miesten-vaatteet-fi-3\\\/dad-of-a-happy-rottweiler-hoodie\\\/\",\"name\":\"Onnellisen rottweilerin is\u00e4, huppari - Dog Family Shop\",\"isPartOf\":{\"@id\":\"https:\\\/\\\/dogfamily.shop\\\/fi\\\/#website\"},\"primaryImageOfPage\":{\"@id\":\"https:\\\/\\\/dogfamily.shop\\\/fi\\\/product\\\/miesten-vaatteet-fi-3\\\/dad-of-a-happy-rottweiler-hoodie\\\/#primaryimage\"},\"image\":{\"@id\":\"https:\\\/\\\/dogfamily.shop\\\/fi\\\/product\\\/miesten-vaatteet-fi-3\\\/dad-of-a-happy-rottweiler-hoodie\\\/#primaryimage\"},\"thumbnailUrl\":\"https:\\\/\\\/dogfamily.shop\\\/wp-content\\\/uploads\\\/2023\\\/10\\\/32912-6.jpg\",\"datePublished\":\"2023-10-05T13:08:04+00:00\",\"dateModified\":\"2023-10-05T13:12:21+00:00\",\"breadcrumb\":{\"@id\":\"https:\\\/\\\/dogfamily.shop\\\/fi\\\/product\\\/miesten-vaatteet-fi-3\\\/dad-of-a-happy-rottweiler-hoodie\\\/#breadcrumb\"},\"inLanguage\":\"fi\",\"potentialAction\":[{\"@type\":\"ReadAction\",\"target\":[\"https:\\\/\\\/dogfamily.shop\\\/fi\\\/product\\\/miesten-vaatteet-fi-3\\\/dad-of-a-happy-rottweiler-hoodie\\\/\"]}]},{\"@type\":\"ImageObject\",\"inLanguage\":\"fi\",\"@id\":\"https:\\\/\\\/dogfamily.shop\\\/fi\\\/product\\\/miesten-vaatteet-fi-3\\\/dad-of-a-happy-rottweiler-hoodie\\\/#primaryimage\",\"url\":\"https:\\\/\\\/dogfamily.shop\\\/wp-content\\\/uploads\\\/2023\\\/10\\\/32912-6.jpg\",\"contentUrl\":\"https:\\\/\\\/dogfamily.shop\\\/wp-content\\\/uploads\\\/2023\\\/10\\\/32912-6.jpg\",\"width\":1200,\"height\":1200},{\"@type\":\"BreadcrumbList\",\"@id\":\"https:\\\/\\\/dogfamily.shop\\\/fi\\\/product\\\/miesten-vaatteet-fi-3\\\/dad-of-a-happy-rottweiler-hoodie\\\/#breadcrumb\",\"itemListElement\":[{\"@type\":\"ListItem\",\"position\":1,\"name\":\"Home\",\"item\":\"https:\\\/\\\/dogfamily.shop\\\/fi\\\/\"},{\"@type\":\"ListItem\",\"position\":2,\"name\":\"Kauppa\",\"item\":\"https:\\\/\\\/dogfamily.shop\\\/fi\\\/kauppa\\\/\"},{\"@type\":\"ListItem\",\"position\":3,\"name\":\"Onnellisen rottweilerin is\u00e4, huppari\"}]},{\"@type\":\"WebSite\",\"@id\":\"https:\\\/\\\/dogfamily.shop\\\/fi\\\/#website\",\"url\":\"https:\\\/\\\/dogfamily.shop\\\/fi\\\/\",\"name\":\"Dog Family Shop\",\"description\":\"Everything for dog family, clothes, accessories, bed linen and more\",\"publisher\":{\"@id\":\"https:\\\/\\\/dogfamily.shop\\\/fi\\\/#organization\"},\"potentialAction\":[{\"@type\":\"SearchAction\",\"target\":{\"@type\":\"EntryPoint\",\"urlTemplate\":\"https:\\\/\\\/dogfamily.shop\\\/fi\\\/?s={search_term_string}\"},\"query-input\":{\"@type\":\"PropertyValueSpecification\",\"valueRequired\":true,\"valueName\":\"search_term_string\"}}],\"inLanguage\":\"fi\"},{\"@type\":\"Organization\",\"@id\":\"https:\\\/\\\/dogfamily.shop\\\/fi\\\/#organization\",\"name\":\"Dog Family Shop\",\"url\":\"https:\\\/\\\/dogfamily.shop\\\/fi\\\/\",\"logo\":{\"@type\":\"ImageObject\",\"inLanguage\":\"fi\",\"@id\":\"https:\\\/\\\/dogfamily.shop\\\/fi\\\/#\\\/schema\\\/logo\\\/image\\\/\",\"url\":\"\\\/wp-content\\\/uploads\\\/2023\\\/05\\\/Logo1.png\",\"contentUrl\":\"\\\/wp-content\\\/uploads\\\/2023\\\/05\\\/Logo1.png\",\"width\":800,\"height\":582,\"caption\":\"Dog Family Shop\"},\"image\":{\"@id\":\"https:\\\/\\\/dogfamily.shop\\\/fi\\\/#\\\/schema\\\/logo\\\/image\\\/\"}}]}<\/script>\n<!-- \/ Yoast SEO plugin. -->","yoast_head_json":{"title":"Onnellisen rottweilerin is\u00e4, huppari - Dog Family Shop","robots":{"index":"index","follow":"follow","max-snippet":"max-snippet:-1","max-image-preview":"max-image-preview:large","max-video-preview":"max-video-preview:-1"},"canonical":"https:\/\/dogfamily.shop\/fi\/product\/miesten-vaatteet-fi-3\/dad-of-a-happy-rottweiler-hoodie\/","og_locale":"fi_FI","og_type":"article","og_title":"Onnellisen rottweilerin is\u00e4, huppari - Dog Family Shop","og_description":"Korosta rottweileriylpeytt\u00e4si \"Dad of a Happy Rottweiler\" -hupparilla. T\u00e4ss\u00e4 mukavuutta ja tyyli\u00e4 tarjoavassa hupparissa on silmiinpist\u00e4v\u00e4 malli, joka osoittaa rakkautesi karvaista yst\u00e4v\u00e4\u00e4si kohtaan. Se on valmistettu korkealaatuisista materiaaleista, joten se on t\u00e4ydellinen valinta ylpeille rottweilerin isille kaikkialla.","og_url":"https:\/\/dogfamily.shop\/fi\/product\/miesten-vaatteet-fi-3\/dad-of-a-happy-rottweiler-hoodie\/","og_site_name":"Dog Family Shop","article_modified_time":"2023-10-05T13:12:21+00:00","og_image":[{"width":1200,"height":1200,"url":"https:\/\/dogfamily.shop\/wp-content\/uploads\/2023\/10\/32912-6.jpg","type":"image\/jpeg"}],"twitter_card":"summary_large_image","twitter_misc":{"Arvioitu lukuaika":"2 minuuttia"},"schema":{"@context":"https:\/\/schema.org","@graph":[{"@type":"WebPage","@id":"https:\/\/dogfamily.shop\/fi\/product\/miesten-vaatteet-fi-3\/dad-of-a-happy-rottweiler-hoodie\/","url":"https:\/\/dogfamily.shop\/fi\/product\/miesten-vaatteet-fi-3\/dad-of-a-happy-rottweiler-hoodie\/","name":"Onnellisen rottweilerin is\u00e4, huppari - Dog Family Shop","isPartOf":{"@id":"https:\/\/dogfamily.shop\/fi\/#website"},"primaryImageOfPage":{"@id":"https:\/\/dogfamily.shop\/fi\/product\/miesten-vaatteet-fi-3\/dad-of-a-happy-rottweiler-hoodie\/#primaryimage"},"image":{"@id":"https:\/\/dogfamily.shop\/fi\/product\/miesten-vaatteet-fi-3\/dad-of-a-happy-rottweiler-hoodie\/#primaryimage"},"thumbnailUrl":"https:\/\/dogfamily.shop\/wp-content\/uploads\/2023\/10\/32912-6.jpg","datePublished":"2023-10-05T13:08:04+00:00","dateModified":"2023-10-05T13:12:21+00:00","breadcrumb":{"@id":"https:\/\/dogfamily.shop\/fi\/product\/miesten-vaatteet-fi-3\/dad-of-a-happy-rottweiler-hoodie\/#breadcrumb"},"inLanguage":"fi","potentialAction":[{"@type":"ReadAction","target":["https:\/\/dogfamily.shop\/fi\/product\/miesten-vaatteet-fi-3\/dad-of-a-happy-rottweiler-hoodie\/"]}]},{"@type":"ImageObject","inLanguage":"fi","@id":"https:\/\/dogfamily.shop\/fi\/product\/miesten-vaatteet-fi-3\/dad-of-a-happy-rottweiler-hoodie\/#primaryimage","url":"https:\/\/dogfamily.shop\/wp-content\/uploads\/2023\/10\/32912-6.jpg","contentUrl":"https:\/\/dogfamily.shop\/wp-content\/uploads\/2023\/10\/32912-6.jpg","width":1200,"height":1200},{"@type":"BreadcrumbList","@id":"https:\/\/dogfamily.shop\/fi\/product\/miesten-vaatteet-fi-3\/dad-of-a-happy-rottweiler-hoodie\/#breadcrumb","itemListElement":[{"@type":"ListItem","position":1,"name":"Home","item":"https:\/\/dogfamily.shop\/fi\/"},{"@type":"ListItem","position":2,"name":"Kauppa","item":"https:\/\/dogfamily.shop\/fi\/kauppa\/"},{"@type":"ListItem","position":3,"name":"Onnellisen rottweilerin is\u00e4, huppari"}]},{"@type":"WebSite","@id":"https:\/\/dogfamily.shop\/fi\/#website","url":"https:\/\/dogfamily.shop\/fi\/","name":"Dog Family Shop","description":"Everything for dog family, clothes, accessories, bed linen and more","publisher":{"@id":"https:\/\/dogfamily.shop\/fi\/#organization"},"potentialAction":[{"@type":"SearchAction","target":{"@type":"EntryPoint","urlTemplate":"https:\/\/dogfamily.shop\/fi\/?s={search_term_string}"},"query-input":{"@type":"PropertyValueSpecification","valueRequired":true,"valueName":"search_term_string"}}],"inLanguage":"fi"},{"@type":"Organization","@id":"https:\/\/dogfamily.shop\/fi\/#organization","name":"Dog Family Shop","url":"https:\/\/dogfamily.shop\/fi\/","logo":{"@type":"ImageObject","inLanguage":"fi","@id":"https:\/\/dogfamily.shop\/fi\/#\/schema\/logo\/image\/","url":"\/wp-content\/uploads\/2023\/05\/Logo1.png","contentUrl":"\/wp-content\/uploads\/2023\/05\/Logo1.png","width":800,"height":582,"caption":"Dog Family Shop"},"image":{"@id":"https:\/\/dogfamily.shop\/fi\/#\/schema\/logo\/image\/"}}]}},"jetpack_sharing_enabled":true,"_links":{"self":[{"href":"https:\/\/dogfamily.shop\/fi\/wp-json\/wp\/v2\/product\/3325","targetHints":{"allow":["GET"]}}],"collection":[{"href":"https:\/\/dogfamily.shop\/fi\/wp-json\/wp\/v2\/product"}],"about":[{"href":"https:\/\/dogfamily.shop\/fi\/wp-json\/wp\/v2\/types\/product"}],"replies":[{"embeddable":true,"href":"https:\/\/dogfamily.shop\/fi\/wp-json\/wp\/v2\/comments?post=3325"}],"wp:featuredmedia":[{"embeddable":true,"href":"https:\/\/dogfamily.shop\/fi\/wp-json\/wp\/v2\/media\/3348"}],"wp:attachment":[{"href":"https:\/\/dogfamily.shop\/fi\/wp-json\/wp\/v2\/media?parent=3325"}],"wp:term":[{"taxonomy":"product_brand","embeddable":true,"href":"https:\/\/dogfamily.shop\/fi\/wp-json\/wp\/v2\/product_brand?post=3325"},{"taxonomy":"product_cat","embeddable":true,"href":"https:\/\/dogfamily.shop\/fi\/wp-json\/wp\/v2\/product_cat?post=3325"},{"taxonomy":"product_tag","embeddable":true,"href":"https:\/\/dogfamily.shop\/fi\/wp-json\/wp\/v2\/product_tag?post=3325"}],"curies":[{"name":"wp","href":"https:\/\/api.w.org\/{rel}","templated":true}]}}