{"id":3256,"date":"2023-10-05T15:04:14","date_gmt":"2023-10-05T13:04:14","guid":{"rendered":"https:\/\/dogfamily.shop\/product\/Ei-luokiteltu\/kopioi-isa-onnellinen-shetlanninlammaskoira-huppari\/"},"modified":"2023-10-05T15:04:14","modified_gmt":"2023-10-05T13:04:14","slug":"copy-of-dad-of-a-happy-shetland-sheepdog-hoodie","status":"publish","type":"product","link":"https:\/\/dogfamily.shop\/fi\/product\/uncategorized-fi\/copy-of-dad-of-a-happy-shetland-sheepdog-hoodie\/","title":{"rendered":"Kopioi is\u00e4 onnellinen shetlanninlammaskoira, huppari"},"content":{"rendered":"<p><span style=\"color: #374151;hne, ui-sans-serif, system-ui, -apple-system, Segoe UI, Roboto, Ubuntu, Cantarell, Noto Sans, sans-serif, Helvetica Neue, Arial, Apple Color Emoji, Segoe UI Emoji, Segoe UI Symbol, Noto Color Emoji\"><span>Oletko ylpe\u00e4 koiranomistaja? Osoita rakkautesi karvaista yst\u00e4v\u00e4\u00e4si kohtaan yksinoikeudella valmistetulla &#8221;Dad of a Happy Shetland Sheepdog&#8221; hupparilla! T\u00e4m\u00e4 viihtyis\u00e4 ja tyylik\u00e4s huppari on suunniteltu osoittamaan ihailusi shetlanninlammaskoiraasi kohtaan, ja se sopii t\u00e4ydellisesti kaikille koiraa rakastaville isille. Kerro maailmalle siteest\u00e4si nelijalkaiseen kumppaniisi ja k\u00e4\u00e4nn\u00e4 katseet minne ikin\u00e4 menetkin! Haluatko antaa lausunnon omistautuneena koiranomistajana? Katso vain &#8221;Iloisen shetlanninlammaskoiran is\u00e4&#8221; -hupparia. T\u00e4m\u00e4 korkealaatuinen huppari on valmistettu \u00e4\u00e4rimm\u00e4isen huolellisesti, ja siin\u00e4 on ainutlaatuinen muotoilu, joka kuvastaa ylpeytesi ja kiintymyksesi shetlanninlammaskoiraasi kohtaan. Mukavan istuvuutensa ja huomiota her\u00e4tt\u00e4v\u00e4n grafiikkansa ansiosta t\u00e4st\u00e4 hupparista tulee varmasti valintasi rennoille retkille ja kodikkaisiin koti-iltoihin. Nosta koirais\u00e4n asemaa eksklusiivisella &#8221;Iloisen shetlanninlammaskoiran is\u00e4&#8221; -hupparillamme. T\u00e4m\u00e4 pehmeist\u00e4 ja kest\u00e4vist\u00e4 materiaaleista valmistettu huppari pit\u00e4\u00e4 sinut l\u00e4mpim\u00e4n\u00e4, mutta sen avulla voit my\u00f6s ilmaista rakkautesi shetlanninlammaskoiraasi kohtaan tyylill\u00e4. Olitpa sitten viem\u00e4ss\u00e4 karvaista kumppaniasi k\u00e4velylle puistoon tai vain rentoutumassa kotona, t\u00e4m\u00e4 huppari on t\u00e4ydellinen tapa n\u00e4ytt\u00e4\u00e4 ylpe\u00e4 koiranomistajuutesi asema ja tehd\u00e4 pysyv\u00e4 vaikutelma.<\/span><\/span><\/p>\n","protected":false},"excerpt":{"rendered":"<p>Oletko ylpe\u00e4 koiranomistaja? Osoita rakkautesi karvaista yst\u00e4v\u00e4\u00e4si kohtaan yksinoikeudella valmistetulla &#8221;Dad of a Happy Shetland Sheepdog&#8221; hupparilla! T\u00e4m\u00e4 viihtyis\u00e4 ja tyylik\u00e4s huppari on suunniteltu osoittamaan ihailusi shetlanninlammaskoiraasi kohtaan, ja se sopii t\u00e4ydellisesti kaikille koiraa rakastaville isille. Kerro maailmalle siteest\u00e4si nelijalkaiseen kumppaniisi ja k\u00e4\u00e4nn\u00e4 katseet minne ikin\u00e4 menetkin! Haluatko antaa lausunnon omistautuneena koiranomistajana? Katso vain &#8221;Iloisen &#8230; <a title=\"Kopioi is\u00e4 onnellinen shetlanninlammaskoira, huppari\" class=\"read-more\" href=\"https:\/\/dogfamily.shop\/fi\/product\/uncategorized-fi\/copy-of-dad-of-a-happy-shetland-sheepdog-hoodie\/\" aria-label=\"Lue lis\u00e4\u00e4 aiheesta Kopioi is\u00e4 onnellinen shetlanninlammaskoira, huppari\">Lue lis\u00e4\u00e4<\/a><\/p>\n","protected":false},"featured_media":3279,"comment_status":"open","ping_status":"closed","template":"","meta":{"_monsterinsights_skip_tracking":false,"_monsterinsights_sitenote_active":false,"_monsterinsights_sitenote_note":"","_monsterinsights_sitenote_category":0},"product_brand":[],"product_cat":[56],"product_tag":[],"class_list":{"0":"post-3256","1":"product","2":"type-product","3":"status-publish","4":"has-post-thumbnail","6":"product_cat-uncategorized-fi","8":"first","9":"instock","10":"taxable","11":"shipping-taxable","12":"purchasable","13":"product-type-variable","14":"has-default-attributes"},"yoast_head":"<!-- This site is optimized with the Yoast SEO plugin v27.4 - https:\/\/yoast.com\/product\/yoast-seo-wordpress\/ -->\n<title>Kopioi is\u00e4 onnellinen shetlanninlammaskoira, huppari - Dog Family Shop<\/title>\n<meta name=\"robots\" content=\"index, follow, max-snippet:-1, max-image-preview:large, max-video-preview:-1\" \/>\n<link rel=\"canonical\" href=\"https:\/\/dogfamily.shop\/fi\/product\/uncategorized-fi\/copy-of-dad-of-a-happy-shetland-sheepdog-hoodie\/\" \/>\n<meta property=\"og:locale\" content=\"fi_FI\" \/>\n<meta property=\"og:type\" content=\"article\" \/>\n<meta property=\"og:title\" content=\"Kopioi is\u00e4 onnellinen shetlanninlammaskoira, huppari - Dog Family Shop\" \/>\n<meta property=\"og:description\" content=\"Oletko ylpe\u00e4 koiranomistaja? Osoita rakkautesi karvaista yst\u00e4v\u00e4\u00e4si kohtaan yksinoikeudella valmistetulla &#8221;Dad of a Happy Shetland Sheepdog&#8221; hupparilla! T\u00e4m\u00e4 viihtyis\u00e4 ja tyylik\u00e4s huppari on suunniteltu osoittamaan ihailusi shetlanninlammaskoiraasi kohtaan, ja se sopii t\u00e4ydellisesti kaikille koiraa rakastaville isille. Kerro maailmalle siteest\u00e4si nelijalkaiseen kumppaniisi ja k\u00e4\u00e4nn\u00e4 katseet minne ikin\u00e4 menetkin! Haluatko antaa lausunnon omistautuneena koiranomistajana? Katso vain &#8221;Iloisen ... Lue lis\u00e4\u00e4\" \/>\n<meta property=\"og:url\" content=\"https:\/\/dogfamily.shop\/fi\/product\/uncategorized-fi\/copy-of-dad-of-a-happy-shetland-sheepdog-hoodie\/\" \/>\n<meta property=\"og:site_name\" content=\"Dog Family Shop\" \/>\n<meta property=\"og:image\" content=\"https:\/\/dogfamily.shop\/wp-content\/uploads\/2023\/05\/dog-family-shop-big.png\" \/>\n\t<meta property=\"og:image:width\" content=\"1200\" \/>\n\t<meta property=\"og:image:height\" content=\"873\" \/>\n\t<meta property=\"og:image:type\" content=\"image\/png\" \/>\n<meta name=\"twitter:card\" content=\"summary_large_image\" \/>\n<meta name=\"twitter:label1\" content=\"Arvioitu lukuaika\" \/>\n\t<meta name=\"twitter:data1\" content=\"1 minuutti\" \/>\n<script type=\"application\/ld+json\" class=\"yoast-schema-graph\">{\"@context\":\"https:\\\/\\\/schema.org\",\"@graph\":[{\"@type\":\"WebPage\",\"@id\":\"https:\\\/\\\/dogfamily.shop\\\/fi\\\/product\\\/uncategorized-fi\\\/copy-of-dad-of-a-happy-shetland-sheepdog-hoodie\\\/\",\"url\":\"https:\\\/\\\/dogfamily.shop\\\/fi\\\/product\\\/uncategorized-fi\\\/copy-of-dad-of-a-happy-shetland-sheepdog-hoodie\\\/\",\"name\":\"Kopioi is\u00e4 onnellinen shetlanninlammaskoira, huppari - Dog Family Shop\",\"isPartOf\":{\"@id\":\"https:\\\/\\\/dogfamily.shop\\\/fi\\\/#website\"},\"primaryImageOfPage\":{\"@id\":\"https:\\\/\\\/dogfamily.shop\\\/fi\\\/product\\\/uncategorized-fi\\\/copy-of-dad-of-a-happy-shetland-sheepdog-hoodie\\\/#primaryimage\"},\"image\":{\"@id\":\"https:\\\/\\\/dogfamily.shop\\\/fi\\\/product\\\/uncategorized-fi\\\/copy-of-dad-of-a-happy-shetland-sheepdog-hoodie\\\/#primaryimage\"},\"thumbnailUrl\":\"https:\\\/\\\/dogfamily.shop\\\/wp-content\\\/uploads\\\/2023\\\/10\\\/32912.jpg\",\"datePublished\":\"2023-10-05T13:04:14+00:00\",\"breadcrumb\":{\"@id\":\"https:\\\/\\\/dogfamily.shop\\\/fi\\\/product\\\/uncategorized-fi\\\/copy-of-dad-of-a-happy-shetland-sheepdog-hoodie\\\/#breadcrumb\"},\"inLanguage\":\"fi\",\"potentialAction\":[{\"@type\":\"ReadAction\",\"target\":[\"https:\\\/\\\/dogfamily.shop\\\/fi\\\/product\\\/uncategorized-fi\\\/copy-of-dad-of-a-happy-shetland-sheepdog-hoodie\\\/\"]}]},{\"@type\":\"ImageObject\",\"inLanguage\":\"fi\",\"@id\":\"https:\\\/\\\/dogfamily.shop\\\/fi\\\/product\\\/uncategorized-fi\\\/copy-of-dad-of-a-happy-shetland-sheepdog-hoodie\\\/#primaryimage\",\"url\":\"https:\\\/\\\/dogfamily.shop\\\/wp-content\\\/uploads\\\/2023\\\/10\\\/32912.jpg\",\"contentUrl\":\"https:\\\/\\\/dogfamily.shop\\\/wp-content\\\/uploads\\\/2023\\\/10\\\/32912.jpg\",\"width\":1200,\"height\":1200},{\"@type\":\"BreadcrumbList\",\"@id\":\"https:\\\/\\\/dogfamily.shop\\\/fi\\\/product\\\/uncategorized-fi\\\/copy-of-dad-of-a-happy-shetland-sheepdog-hoodie\\\/#breadcrumb\",\"itemListElement\":[{\"@type\":\"ListItem\",\"position\":1,\"name\":\"Home\",\"item\":\"https:\\\/\\\/dogfamily.shop\\\/fi\\\/\"},{\"@type\":\"ListItem\",\"position\":2,\"name\":\"Kauppa\",\"item\":\"https:\\\/\\\/dogfamily.shop\\\/fi\\\/kauppa\\\/\"},{\"@type\":\"ListItem\",\"position\":3,\"name\":\"Kopioi is\u00e4 onnellinen shetlanninlammaskoira, huppari\"}]},{\"@type\":\"WebSite\",\"@id\":\"https:\\\/\\\/dogfamily.shop\\\/fi\\\/#website\",\"url\":\"https:\\\/\\\/dogfamily.shop\\\/fi\\\/\",\"name\":\"Dog Family Shop\",\"description\":\"Everything for dog family, clothes, accessories, bed linen and more\",\"publisher\":{\"@id\":\"https:\\\/\\\/dogfamily.shop\\\/fi\\\/#organization\"},\"potentialAction\":[{\"@type\":\"SearchAction\",\"target\":{\"@type\":\"EntryPoint\",\"urlTemplate\":\"https:\\\/\\\/dogfamily.shop\\\/fi\\\/?s={search_term_string}\"},\"query-input\":{\"@type\":\"PropertyValueSpecification\",\"valueRequired\":true,\"valueName\":\"search_term_string\"}}],\"inLanguage\":\"fi\"},{\"@type\":\"Organization\",\"@id\":\"https:\\\/\\\/dogfamily.shop\\\/fi\\\/#organization\",\"name\":\"Dog Family Shop\",\"url\":\"https:\\\/\\\/dogfamily.shop\\\/fi\\\/\",\"logo\":{\"@type\":\"ImageObject\",\"inLanguage\":\"fi\",\"@id\":\"https:\\\/\\\/dogfamily.shop\\\/fi\\\/#\\\/schema\\\/logo\\\/image\\\/\",\"url\":\"\\\/wp-content\\\/uploads\\\/2023\\\/05\\\/Logo1.png\",\"contentUrl\":\"\\\/wp-content\\\/uploads\\\/2023\\\/05\\\/Logo1.png\",\"width\":800,\"height\":582,\"caption\":\"Dog Family Shop\"},\"image\":{\"@id\":\"https:\\\/\\\/dogfamily.shop\\\/fi\\\/#\\\/schema\\\/logo\\\/image\\\/\"}}]}<\/script>\n<!-- \/ Yoast SEO plugin. -->","yoast_head_json":{"title":"Kopioi is\u00e4 onnellinen shetlanninlammaskoira, huppari - Dog Family Shop","robots":{"index":"index","follow":"follow","max-snippet":"max-snippet:-1","max-image-preview":"max-image-preview:large","max-video-preview":"max-video-preview:-1"},"canonical":"https:\/\/dogfamily.shop\/fi\/product\/uncategorized-fi\/copy-of-dad-of-a-happy-shetland-sheepdog-hoodie\/","og_locale":"fi_FI","og_type":"article","og_title":"Kopioi is\u00e4 onnellinen shetlanninlammaskoira, huppari - Dog Family Shop","og_description":"Oletko ylpe\u00e4 koiranomistaja? Osoita rakkautesi karvaista yst\u00e4v\u00e4\u00e4si kohtaan yksinoikeudella valmistetulla &#8221;Dad of a Happy Shetland Sheepdog&#8221; hupparilla! T\u00e4m\u00e4 viihtyis\u00e4 ja tyylik\u00e4s huppari on suunniteltu osoittamaan ihailusi shetlanninlammaskoiraasi kohtaan, ja se sopii t\u00e4ydellisesti kaikille koiraa rakastaville isille. Kerro maailmalle siteest\u00e4si nelijalkaiseen kumppaniisi ja k\u00e4\u00e4nn\u00e4 katseet minne ikin\u00e4 menetkin! Haluatko antaa lausunnon omistautuneena koiranomistajana? Katso vain &#8221;Iloisen ... Lue lis\u00e4\u00e4","og_url":"https:\/\/dogfamily.shop\/fi\/product\/uncategorized-fi\/copy-of-dad-of-a-happy-shetland-sheepdog-hoodie\/","og_site_name":"Dog Family Shop","og_image":[{"width":1200,"height":873,"url":"https:\/\/dogfamily.shop\/wp-content\/uploads\/2023\/05\/dog-family-shop-big.png","type":"image\/png"}],"twitter_card":"summary_large_image","twitter_misc":{"Arvioitu lukuaika":"1 minuutti"},"schema":{"@context":"https:\/\/schema.org","@graph":[{"@type":"WebPage","@id":"https:\/\/dogfamily.shop\/fi\/product\/uncategorized-fi\/copy-of-dad-of-a-happy-shetland-sheepdog-hoodie\/","url":"https:\/\/dogfamily.shop\/fi\/product\/uncategorized-fi\/copy-of-dad-of-a-happy-shetland-sheepdog-hoodie\/","name":"Kopioi is\u00e4 onnellinen shetlanninlammaskoira, huppari - Dog Family Shop","isPartOf":{"@id":"https:\/\/dogfamily.shop\/fi\/#website"},"primaryImageOfPage":{"@id":"https:\/\/dogfamily.shop\/fi\/product\/uncategorized-fi\/copy-of-dad-of-a-happy-shetland-sheepdog-hoodie\/#primaryimage"},"image":{"@id":"https:\/\/dogfamily.shop\/fi\/product\/uncategorized-fi\/copy-of-dad-of-a-happy-shetland-sheepdog-hoodie\/#primaryimage"},"thumbnailUrl":"https:\/\/dogfamily.shop\/wp-content\/uploads\/2023\/10\/32912.jpg","datePublished":"2023-10-05T13:04:14+00:00","breadcrumb":{"@id":"https:\/\/dogfamily.shop\/fi\/product\/uncategorized-fi\/copy-of-dad-of-a-happy-shetland-sheepdog-hoodie\/#breadcrumb"},"inLanguage":"fi","potentialAction":[{"@type":"ReadAction","target":["https:\/\/dogfamily.shop\/fi\/product\/uncategorized-fi\/copy-of-dad-of-a-happy-shetland-sheepdog-hoodie\/"]}]},{"@type":"ImageObject","inLanguage":"fi","@id":"https:\/\/dogfamily.shop\/fi\/product\/uncategorized-fi\/copy-of-dad-of-a-happy-shetland-sheepdog-hoodie\/#primaryimage","url":"https:\/\/dogfamily.shop\/wp-content\/uploads\/2023\/10\/32912.jpg","contentUrl":"https:\/\/dogfamily.shop\/wp-content\/uploads\/2023\/10\/32912.jpg","width":1200,"height":1200},{"@type":"BreadcrumbList","@id":"https:\/\/dogfamily.shop\/fi\/product\/uncategorized-fi\/copy-of-dad-of-a-happy-shetland-sheepdog-hoodie\/#breadcrumb","itemListElement":[{"@type":"ListItem","position":1,"name":"Home","item":"https:\/\/dogfamily.shop\/fi\/"},{"@type":"ListItem","position":2,"name":"Kauppa","item":"https:\/\/dogfamily.shop\/fi\/kauppa\/"},{"@type":"ListItem","position":3,"name":"Kopioi is\u00e4 onnellinen shetlanninlammaskoira, huppari"}]},{"@type":"WebSite","@id":"https:\/\/dogfamily.shop\/fi\/#website","url":"https:\/\/dogfamily.shop\/fi\/","name":"Dog Family Shop","description":"Everything for dog family, clothes, accessories, bed linen and more","publisher":{"@id":"https:\/\/dogfamily.shop\/fi\/#organization"},"potentialAction":[{"@type":"SearchAction","target":{"@type":"EntryPoint","urlTemplate":"https:\/\/dogfamily.shop\/fi\/?s={search_term_string}"},"query-input":{"@type":"PropertyValueSpecification","valueRequired":true,"valueName":"search_term_string"}}],"inLanguage":"fi"},{"@type":"Organization","@id":"https:\/\/dogfamily.shop\/fi\/#organization","name":"Dog Family Shop","url":"https:\/\/dogfamily.shop\/fi\/","logo":{"@type":"ImageObject","inLanguage":"fi","@id":"https:\/\/dogfamily.shop\/fi\/#\/schema\/logo\/image\/","url":"\/wp-content\/uploads\/2023\/05\/Logo1.png","contentUrl":"\/wp-content\/uploads\/2023\/05\/Logo1.png","width":800,"height":582,"caption":"Dog Family Shop"},"image":{"@id":"https:\/\/dogfamily.shop\/fi\/#\/schema\/logo\/image\/"}}]}},"jetpack_sharing_enabled":true,"_links":{"self":[{"href":"https:\/\/dogfamily.shop\/fi\/wp-json\/wp\/v2\/product\/3256","targetHints":{"allow":["GET"]}}],"collection":[{"href":"https:\/\/dogfamily.shop\/fi\/wp-json\/wp\/v2\/product"}],"about":[{"href":"https:\/\/dogfamily.shop\/fi\/wp-json\/wp\/v2\/types\/product"}],"replies":[{"embeddable":true,"href":"https:\/\/dogfamily.shop\/fi\/wp-json\/wp\/v2\/comments?post=3256"}],"wp:featuredmedia":[{"embeddable":true,"href":"https:\/\/dogfamily.shop\/fi\/wp-json\/wp\/v2\/media\/3279"}],"wp:attachment":[{"href":"https:\/\/dogfamily.shop\/fi\/wp-json\/wp\/v2\/media?parent=3256"}],"wp:term":[{"taxonomy":"product_brand","embeddable":true,"href":"https:\/\/dogfamily.shop\/fi\/wp-json\/wp\/v2\/product_brand?post=3256"},{"taxonomy":"product_cat","embeddable":true,"href":"https:\/\/dogfamily.shop\/fi\/wp-json\/wp\/v2\/product_cat?post=3256"},{"taxonomy":"product_tag","embeddable":true,"href":"https:\/\/dogfamily.shop\/fi\/wp-json\/wp\/v2\/product_tag?post=3256"}],"curies":[{"name":"wp","href":"https:\/\/api.w.org\/{rel}","templated":true}]}}