{"id":3159,"date":"2023-06-04T17:11:58","date_gmt":"2023-06-04T15:11:58","guid":{"rendered":"https:\/\/dogfamily.shop\/product\/Ei-luokiteltu\/onnellisen-shetlanninlammaskoiran-isa-huppari\/"},"modified":"2023-06-04T17:20:50","modified_gmt":"2023-06-04T15:20:50","slug":"dad-of-a-happy-shetland-sheepdog-hoodie","status":"publish","type":"product","link":"https:\/\/dogfamily.shop\/fi\/product\/miesten-vaatteet-fi-3\/dad-of-a-happy-shetland-sheepdog-hoodie\/","title":{"rendered":"Onnellisen shetlanninlammaskoiran is\u00e4, huppari"},"content":{"rendered":"<p>Vapauta ylpeytesi koiranomistajana eksklusiivisella &#8217;Iloisen shetlanninlammaskoiran is\u00e4&#8217; hupparillamme! T\u00e4m\u00e4 huppari on valmistettu rakkaudella ja suunniteltu \u00e4\u00e4rimm\u00e4ist\u00e4 mukavuutta varten, ja sen avulla voit n\u00e4ytt\u00e4\u00e4 omistautumisesi karvaiselle kumppanillesi tyylill\u00e4. Ensiluokkainen kankaamme takaa viihtyis\u00e4n tunnelman, kun taas huomiota her\u00e4tt\u00e4v\u00e4 muotoilu tuo ylpe\u00e4n\u00e4 esiin ainutlaatuisen siteesi shetlanninlammaskoirasi kanssa. Eroa joukosta ja tee kannanotto t\u00e4ll\u00e4 must-have-hupparilla, joka iloitsee siit\u00e4, ett\u00e4 on ylpe\u00e4 koirais\u00e4.<\/p>\n<p>Huomio kaikki shetlanninlammaskoirien harrastajat! Nosta koiranrakastajan muotipeli\u00e4 &#8217;Dad of a Happy Shetland Sheepdog&#8217; -hupparilla. T\u00e4m\u00e4 huppari on suunniteltu sek\u00e4 tyyli\u00e4 ett\u00e4 mukavuutta ajatellen, ja se sopii t\u00e4ydellisesti kaikkiin tilaisuuksiin. Olipa kyseess\u00e4 sitten k\u00e4velylenkki puistossa tai rentoutuminen kotona, hupparimme takaa hyv\u00e4n istuvuuden ja vaivattoman tyylin. N\u00e4yt\u00e4 rakkautesi shetlanninlammaskoiraasi kohtaan ja anna maailman tiet\u00e4\u00e4, ett\u00e4 olet ylpe\u00e4 koiranomistaja t\u00e4m\u00e4n merkitt\u00e4v\u00e4n vaatekaapin avulla.<\/p>\n<p>Kutsumme kaikki ylpe\u00e4t shetlanninlammaskoiran omistajat! &#8217;Iloisen shetlanninlammaskoiran is\u00e4&#8217; -hupparimme pit\u00e4\u00e4 sinut l\u00e4mpim\u00e4n\u00e4, kotoisana ja tyylikk\u00e4\u00e4n\u00e4. T\u00e4m\u00e4 huppari on valmistettu \u00e4\u00e4rimm\u00e4isen huolellisesti ja yksityiskohtiin kiinnitettyn\u00e4, ja siin\u00e4 on ainutlaatuinen muotoilu, joka kuvastaa sinun ja shetlanninlammaskoirasi v\u00e4list\u00e4 suhdetta. Se on t\u00e4ydellinen keskustelunaloittaja, jonka avulla voit luoda yhteyksi\u00e4 muiden koiranyst\u00e4vien kanssa ja jakaa syd\u00e4nt\u00e4 l\u00e4mmitt\u00e4vi\u00e4 tarinoita. Ilmaise ylpeytesi shetlanninlammaskoirais\u00e4n\u00e4 t\u00e4ll\u00e4 poikkeuksellisella hupparilla, jossa yhdistyv\u00e4t muoti ja intohimo karvaista kumppaniasi kohtaan.<\/p>\n","protected":false},"excerpt":{"rendered":"<p>Valmistaudu n\u00e4ytt\u00e4m\u00e4\u00e4n rakkautesi shetlanninlammaskoiraasi kohtaan &#8217;Iloisen shetlanninlammaskoiran is\u00e4&#8217; -hupparilla. T\u00e4m\u00e4 korkealaatuinen huppari on suunniteltu pit\u00e4m\u00e4\u00e4n sinut mukavana ja tyylikk\u00e4\u00e4n\u00e4. Anna maailman tiet\u00e4\u00e4 erityisest\u00e4 siteest\u00e4, jonka jaat karvaisen yst\u00e4v\u00e4si kanssa, kun syleilet t\u00e4m\u00e4n merkitt\u00e4v\u00e4n hupparin l\u00e4mp\u00f6\u00e4 ja mukavuutta. T\u00e4m\u00e4 huppari sopii t\u00e4ydellisesti koiran ulkoiluttamiseen tai kotona loikoiluun, ja se on jokaisen ylpe\u00e4n shetlanninlammaskoiran omistajan ehdoton hankinta.<\/p>\n","protected":false},"featured_media":3178,"comment_status":"open","ping_status":"closed","template":"","meta":{"_monsterinsights_skip_tracking":false,"_monsterinsights_sitenote_active":false,"_monsterinsights_sitenote_note":"","_monsterinsights_sitenote_category":0},"product_brand":[],"product_cat":[99,158],"product_tag":[52,70,66,155],"class_list":{"0":"post-3159","1":"product","2":"type-product","3":"status-publish","4":"has-post-thumbnail","6":"product_cat-miesten-vaatteet-fi-3","7":"product_cat-shetlanninlammaskoira","8":"product_tag-koiran-isa","9":"product_tag-koiranomistaja","10":"product_tag-koiranomistajan-lahja","11":"product_tag-shetlanninlammaskoira","13":"first","14":"instock","15":"taxable","16":"shipping-taxable","17":"purchasable","18":"product-type-variable","19":"has-default-attributes"},"yoast_head":"<!-- This site is optimized with the Yoast SEO plugin v27.4 - https:\/\/yoast.com\/product\/yoast-seo-wordpress\/ -->\n<title>Onnellisen shetlanninlammaskoiran is\u00e4, huppari - Dog Family Shop<\/title>\n<meta name=\"robots\" content=\"index, follow, max-snippet:-1, max-image-preview:large, max-video-preview:-1\" \/>\n<link rel=\"canonical\" href=\"https:\/\/dogfamily.shop\/fi\/product\/miesten-vaatteet-fi-3\/dad-of-a-happy-shetland-sheepdog-hoodie\/\" \/>\n<meta property=\"og:locale\" content=\"fi_FI\" \/>\n<meta property=\"og:type\" content=\"article\" \/>\n<meta property=\"og:title\" content=\"Onnellisen shetlanninlammaskoiran is\u00e4, huppari - Dog Family Shop\" \/>\n<meta property=\"og:description\" content=\"Valmistaudu n\u00e4ytt\u00e4m\u00e4\u00e4n rakkautesi shetlanninlammaskoiraasi kohtaan &#039;Iloisen shetlanninlammaskoiran is\u00e4&#039; -hupparilla. T\u00e4m\u00e4 korkealaatuinen huppari on suunniteltu pit\u00e4m\u00e4\u00e4n sinut mukavana ja tyylikk\u00e4\u00e4n\u00e4. Anna maailman tiet\u00e4\u00e4 erityisest\u00e4 siteest\u00e4, jonka jaat karvaisen yst\u00e4v\u00e4si kanssa, kun syleilet t\u00e4m\u00e4n merkitt\u00e4v\u00e4n hupparin l\u00e4mp\u00f6\u00e4 ja mukavuutta. T\u00e4m\u00e4 huppari sopii t\u00e4ydellisesti koiran ulkoiluttamiseen tai kotona loikoiluun, ja se on jokaisen ylpe\u00e4n shetlanninlammaskoiran omistajan ehdoton hankinta.\" \/>\n<meta property=\"og:url\" content=\"https:\/\/dogfamily.shop\/fi\/product\/miesten-vaatteet-fi-3\/dad-of-a-happy-shetland-sheepdog-hoodie\/\" \/>\n<meta property=\"og:site_name\" content=\"Dog Family Shop\" \/>\n<meta property=\"article:modified_time\" content=\"2023-06-04T15:20:50+00:00\" \/>\n<meta property=\"og:image\" content=\"https:\/\/dogfamily.shop\/wp-content\/uploads\/2023\/06\/32910-27.jpg\" \/>\n\t<meta property=\"og:image:width\" content=\"1200\" \/>\n\t<meta property=\"og:image:height\" content=\"1200\" \/>\n\t<meta property=\"og:image:type\" content=\"image\/jpeg\" \/>\n<meta name=\"twitter:card\" content=\"summary_large_image\" \/>\n<meta name=\"twitter:label1\" content=\"Arvioitu lukuaika\" \/>\n\t<meta name=\"twitter:data1\" content=\"1 minuutti\" \/>\n<script type=\"application\/ld+json\" class=\"yoast-schema-graph\">{\"@context\":\"https:\\\/\\\/schema.org\",\"@graph\":[{\"@type\":\"WebPage\",\"@id\":\"https:\\\/\\\/dogfamily.shop\\\/fi\\\/product\\\/miesten-vaatteet-fi-3\\\/dad-of-a-happy-shetland-sheepdog-hoodie\\\/\",\"url\":\"https:\\\/\\\/dogfamily.shop\\\/fi\\\/product\\\/miesten-vaatteet-fi-3\\\/dad-of-a-happy-shetland-sheepdog-hoodie\\\/\",\"name\":\"Onnellisen shetlanninlammaskoiran is\u00e4, huppari - Dog Family Shop\",\"isPartOf\":{\"@id\":\"https:\\\/\\\/dogfamily.shop\\\/fi\\\/#website\"},\"primaryImageOfPage\":{\"@id\":\"https:\\\/\\\/dogfamily.shop\\\/fi\\\/product\\\/miesten-vaatteet-fi-3\\\/dad-of-a-happy-shetland-sheepdog-hoodie\\\/#primaryimage\"},\"image\":{\"@id\":\"https:\\\/\\\/dogfamily.shop\\\/fi\\\/product\\\/miesten-vaatteet-fi-3\\\/dad-of-a-happy-shetland-sheepdog-hoodie\\\/#primaryimage\"},\"thumbnailUrl\":\"https:\\\/\\\/dogfamily.shop\\\/wp-content\\\/uploads\\\/2023\\\/06\\\/32910-27.jpg\",\"datePublished\":\"2023-06-04T15:11:58+00:00\",\"dateModified\":\"2023-06-04T15:20:50+00:00\",\"breadcrumb\":{\"@id\":\"https:\\\/\\\/dogfamily.shop\\\/fi\\\/product\\\/miesten-vaatteet-fi-3\\\/dad-of-a-happy-shetland-sheepdog-hoodie\\\/#breadcrumb\"},\"inLanguage\":\"fi\",\"potentialAction\":[{\"@type\":\"ReadAction\",\"target\":[\"https:\\\/\\\/dogfamily.shop\\\/fi\\\/product\\\/miesten-vaatteet-fi-3\\\/dad-of-a-happy-shetland-sheepdog-hoodie\\\/\"]}]},{\"@type\":\"ImageObject\",\"inLanguage\":\"fi\",\"@id\":\"https:\\\/\\\/dogfamily.shop\\\/fi\\\/product\\\/miesten-vaatteet-fi-3\\\/dad-of-a-happy-shetland-sheepdog-hoodie\\\/#primaryimage\",\"url\":\"https:\\\/\\\/dogfamily.shop\\\/wp-content\\\/uploads\\\/2023\\\/06\\\/32910-27.jpg\",\"contentUrl\":\"https:\\\/\\\/dogfamily.shop\\\/wp-content\\\/uploads\\\/2023\\\/06\\\/32910-27.jpg\",\"width\":1200,\"height\":1200},{\"@type\":\"BreadcrumbList\",\"@id\":\"https:\\\/\\\/dogfamily.shop\\\/fi\\\/product\\\/miesten-vaatteet-fi-3\\\/dad-of-a-happy-shetland-sheepdog-hoodie\\\/#breadcrumb\",\"itemListElement\":[{\"@type\":\"ListItem\",\"position\":1,\"name\":\"Home\",\"item\":\"https:\\\/\\\/dogfamily.shop\\\/fi\\\/\"},{\"@type\":\"ListItem\",\"position\":2,\"name\":\"Kauppa\",\"item\":\"https:\\\/\\\/dogfamily.shop\\\/fi\\\/kauppa\\\/\"},{\"@type\":\"ListItem\",\"position\":3,\"name\":\"Onnellisen shetlanninlammaskoiran is\u00e4, huppari\"}]},{\"@type\":\"WebSite\",\"@id\":\"https:\\\/\\\/dogfamily.shop\\\/fi\\\/#website\",\"url\":\"https:\\\/\\\/dogfamily.shop\\\/fi\\\/\",\"name\":\"Dog Family Shop\",\"description\":\"Everything for dog family, clothes, accessories, bed linen and more\",\"publisher\":{\"@id\":\"https:\\\/\\\/dogfamily.shop\\\/fi\\\/#organization\"},\"potentialAction\":[{\"@type\":\"SearchAction\",\"target\":{\"@type\":\"EntryPoint\",\"urlTemplate\":\"https:\\\/\\\/dogfamily.shop\\\/fi\\\/?s={search_term_string}\"},\"query-input\":{\"@type\":\"PropertyValueSpecification\",\"valueRequired\":true,\"valueName\":\"search_term_string\"}}],\"inLanguage\":\"fi\"},{\"@type\":\"Organization\",\"@id\":\"https:\\\/\\\/dogfamily.shop\\\/fi\\\/#organization\",\"name\":\"Dog Family Shop\",\"url\":\"https:\\\/\\\/dogfamily.shop\\\/fi\\\/\",\"logo\":{\"@type\":\"ImageObject\",\"inLanguage\":\"fi\",\"@id\":\"https:\\\/\\\/dogfamily.shop\\\/fi\\\/#\\\/schema\\\/logo\\\/image\\\/\",\"url\":\"\\\/wp-content\\\/uploads\\\/2023\\\/05\\\/Logo1.png\",\"contentUrl\":\"\\\/wp-content\\\/uploads\\\/2023\\\/05\\\/Logo1.png\",\"width\":800,\"height\":582,\"caption\":\"Dog Family Shop\"},\"image\":{\"@id\":\"https:\\\/\\\/dogfamily.shop\\\/fi\\\/#\\\/schema\\\/logo\\\/image\\\/\"}}]}<\/script>\n<!-- \/ Yoast SEO plugin. -->","yoast_head_json":{"title":"Onnellisen shetlanninlammaskoiran is\u00e4, huppari - Dog Family Shop","robots":{"index":"index","follow":"follow","max-snippet":"max-snippet:-1","max-image-preview":"max-image-preview:large","max-video-preview":"max-video-preview:-1"},"canonical":"https:\/\/dogfamily.shop\/fi\/product\/miesten-vaatteet-fi-3\/dad-of-a-happy-shetland-sheepdog-hoodie\/","og_locale":"fi_FI","og_type":"article","og_title":"Onnellisen shetlanninlammaskoiran is\u00e4, huppari - Dog Family Shop","og_description":"Valmistaudu n\u00e4ytt\u00e4m\u00e4\u00e4n rakkautesi shetlanninlammaskoiraasi kohtaan 'Iloisen shetlanninlammaskoiran is\u00e4' -hupparilla. T\u00e4m\u00e4 korkealaatuinen huppari on suunniteltu pit\u00e4m\u00e4\u00e4n sinut mukavana ja tyylikk\u00e4\u00e4n\u00e4. Anna maailman tiet\u00e4\u00e4 erityisest\u00e4 siteest\u00e4, jonka jaat karvaisen yst\u00e4v\u00e4si kanssa, kun syleilet t\u00e4m\u00e4n merkitt\u00e4v\u00e4n hupparin l\u00e4mp\u00f6\u00e4 ja mukavuutta. T\u00e4m\u00e4 huppari sopii t\u00e4ydellisesti koiran ulkoiluttamiseen tai kotona loikoiluun, ja se on jokaisen ylpe\u00e4n shetlanninlammaskoiran omistajan ehdoton hankinta.","og_url":"https:\/\/dogfamily.shop\/fi\/product\/miesten-vaatteet-fi-3\/dad-of-a-happy-shetland-sheepdog-hoodie\/","og_site_name":"Dog Family Shop","article_modified_time":"2023-06-04T15:20:50+00:00","og_image":[{"width":1200,"height":1200,"url":"https:\/\/dogfamily.shop\/wp-content\/uploads\/2023\/06\/32910-27.jpg","type":"image\/jpeg"}],"twitter_card":"summary_large_image","twitter_misc":{"Arvioitu lukuaika":"1 minuutti"},"schema":{"@context":"https:\/\/schema.org","@graph":[{"@type":"WebPage","@id":"https:\/\/dogfamily.shop\/fi\/product\/miesten-vaatteet-fi-3\/dad-of-a-happy-shetland-sheepdog-hoodie\/","url":"https:\/\/dogfamily.shop\/fi\/product\/miesten-vaatteet-fi-3\/dad-of-a-happy-shetland-sheepdog-hoodie\/","name":"Onnellisen shetlanninlammaskoiran is\u00e4, huppari - Dog Family Shop","isPartOf":{"@id":"https:\/\/dogfamily.shop\/fi\/#website"},"primaryImageOfPage":{"@id":"https:\/\/dogfamily.shop\/fi\/product\/miesten-vaatteet-fi-3\/dad-of-a-happy-shetland-sheepdog-hoodie\/#primaryimage"},"image":{"@id":"https:\/\/dogfamily.shop\/fi\/product\/miesten-vaatteet-fi-3\/dad-of-a-happy-shetland-sheepdog-hoodie\/#primaryimage"},"thumbnailUrl":"https:\/\/dogfamily.shop\/wp-content\/uploads\/2023\/06\/32910-27.jpg","datePublished":"2023-06-04T15:11:58+00:00","dateModified":"2023-06-04T15:20:50+00:00","breadcrumb":{"@id":"https:\/\/dogfamily.shop\/fi\/product\/miesten-vaatteet-fi-3\/dad-of-a-happy-shetland-sheepdog-hoodie\/#breadcrumb"},"inLanguage":"fi","potentialAction":[{"@type":"ReadAction","target":["https:\/\/dogfamily.shop\/fi\/product\/miesten-vaatteet-fi-3\/dad-of-a-happy-shetland-sheepdog-hoodie\/"]}]},{"@type":"ImageObject","inLanguage":"fi","@id":"https:\/\/dogfamily.shop\/fi\/product\/miesten-vaatteet-fi-3\/dad-of-a-happy-shetland-sheepdog-hoodie\/#primaryimage","url":"https:\/\/dogfamily.shop\/wp-content\/uploads\/2023\/06\/32910-27.jpg","contentUrl":"https:\/\/dogfamily.shop\/wp-content\/uploads\/2023\/06\/32910-27.jpg","width":1200,"height":1200},{"@type":"BreadcrumbList","@id":"https:\/\/dogfamily.shop\/fi\/product\/miesten-vaatteet-fi-3\/dad-of-a-happy-shetland-sheepdog-hoodie\/#breadcrumb","itemListElement":[{"@type":"ListItem","position":1,"name":"Home","item":"https:\/\/dogfamily.shop\/fi\/"},{"@type":"ListItem","position":2,"name":"Kauppa","item":"https:\/\/dogfamily.shop\/fi\/kauppa\/"},{"@type":"ListItem","position":3,"name":"Onnellisen shetlanninlammaskoiran is\u00e4, huppari"}]},{"@type":"WebSite","@id":"https:\/\/dogfamily.shop\/fi\/#website","url":"https:\/\/dogfamily.shop\/fi\/","name":"Dog Family Shop","description":"Everything for dog family, clothes, accessories, bed linen and more","publisher":{"@id":"https:\/\/dogfamily.shop\/fi\/#organization"},"potentialAction":[{"@type":"SearchAction","target":{"@type":"EntryPoint","urlTemplate":"https:\/\/dogfamily.shop\/fi\/?s={search_term_string}"},"query-input":{"@type":"PropertyValueSpecification","valueRequired":true,"valueName":"search_term_string"}}],"inLanguage":"fi"},{"@type":"Organization","@id":"https:\/\/dogfamily.shop\/fi\/#organization","name":"Dog Family Shop","url":"https:\/\/dogfamily.shop\/fi\/","logo":{"@type":"ImageObject","inLanguage":"fi","@id":"https:\/\/dogfamily.shop\/fi\/#\/schema\/logo\/image\/","url":"\/wp-content\/uploads\/2023\/05\/Logo1.png","contentUrl":"\/wp-content\/uploads\/2023\/05\/Logo1.png","width":800,"height":582,"caption":"Dog Family Shop"},"image":{"@id":"https:\/\/dogfamily.shop\/fi\/#\/schema\/logo\/image\/"}}]}},"jetpack_sharing_enabled":true,"_links":{"self":[{"href":"https:\/\/dogfamily.shop\/fi\/wp-json\/wp\/v2\/product\/3159","targetHints":{"allow":["GET"]}}],"collection":[{"href":"https:\/\/dogfamily.shop\/fi\/wp-json\/wp\/v2\/product"}],"about":[{"href":"https:\/\/dogfamily.shop\/fi\/wp-json\/wp\/v2\/types\/product"}],"replies":[{"embeddable":true,"href":"https:\/\/dogfamily.shop\/fi\/wp-json\/wp\/v2\/comments?post=3159"}],"wp:featuredmedia":[{"embeddable":true,"href":"https:\/\/dogfamily.shop\/fi\/wp-json\/wp\/v2\/media\/3178"}],"wp:attachment":[{"href":"https:\/\/dogfamily.shop\/fi\/wp-json\/wp\/v2\/media?parent=3159"}],"wp:term":[{"taxonomy":"product_brand","embeddable":true,"href":"https:\/\/dogfamily.shop\/fi\/wp-json\/wp\/v2\/product_brand?post=3159"},{"taxonomy":"product_cat","embeddable":true,"href":"https:\/\/dogfamily.shop\/fi\/wp-json\/wp\/v2\/product_cat?post=3159"},{"taxonomy":"product_tag","embeddable":true,"href":"https:\/\/dogfamily.shop\/fi\/wp-json\/wp\/v2\/product_tag?post=3159"}],"curies":[{"name":"wp","href":"https:\/\/api.w.org\/{rel}","templated":true}]}}