{"id":3035,"date":"2023-06-04T17:08:59","date_gmt":"2023-06-04T15:08:59","guid":{"rendered":"https:\/\/dogfamily.shop\/product\/Ei-luokiteltu\/onnellisen-shetlanninlammaskoiran-aiti-huppari\/"},"modified":"2023-06-04T17:25:56","modified_gmt":"2023-06-04T15:25:56","slug":"onnellisen-shetlanninlammaskoiran-hupparin-aiti","status":"publish","type":"product","link":"https:\/\/dogfamily.shop\/fi\/product\/naisten-vaatteet-fi-3\/onnellisen-shetlanninlammaskoiran-hupparin-aiti\/","title":{"rendered":"Onnellisen shetlanninlammaskoiran \u00e4iti, huppari"},"content":{"rendered":"<p>Oletko ylpe\u00e4 koiran omistaja, erityisesti ihastuttavan shetlanninlammaskoiran omistaja? \u00c4l\u00e4 etsi kauempaa! Ensiluokkainen shetlanninlammaskoiran huppari on t\u00e4ydellinen tapa osoittaa rakkautesi karvaista yst\u00e4v\u00e4\u00e4si kohtaan. T\u00e4m\u00e4 tyylik\u00e4s huppari on valmistettu huolella ja yksityiskohtiin kiinnitetyll\u00e4 huolellisuudella, ja siin\u00e4 yhdistyv\u00e4t mukavuus ja muoti vaivattomasti. Pehme\u00e4n kankaan ja imartelevan istuvuuden ansiosta tunnet olosi kodikkaaksi ja k\u00e4\u00e4nn\u00e4t katseet kaikkialla, minne menetkin. Anna ylpeytesi paistaa l\u00e4pi, kun pid\u00e4t itsevarmasti yll\u00e4si t\u00e4t\u00e4 shetlanninlammaskoiran hupparia, joka juhlistaa sinun ja rakkaan toverisi v\u00e4list\u00e4 sidett\u00e4.<\/p>\n<p>Nosta koiranomistajan muotipeli\u00e4 shetlanninlammaskoiran hupparilla, joka on suunniteltu n\u00e4ytt\u00e4m\u00e4\u00e4n, minne ikin\u00e4 menetkin. T\u00e4ss\u00e4 tarkasti valmistetussa hupparissa on ainutlaatuinen malli, joka kuvastaa shetlanninlammaskoirarotujen olemusta ja tuo esiin niiden vieh\u00e4tysvoiman ja \u00e4lykkyyden. Se ei ainoastaan n\u00e4yt\u00e4 hyv\u00e4lt\u00e4, vaan tarjoaa my\u00f6s mukavan ja istuvan istuvuuden, joten se sopii erinomaisesti rentoihin retkiin, ulkoilma-aktiviteetteihin tai kodikkaisiin iltoihin kotona. Kerro maailmalle intohimostasi shetlanninlammaskoiraasi kohtaan pukeutumalla t\u00e4h\u00e4n trendikk\u00e4\u00e4seen ja tyylikk\u00e4\u00e4seen huppariin, joka saa varmasti kehuja.<\/p>\n<p>Ylpe\u00e4n\u00e4 shetlanninlammaskoiran omistajana ansaitset vaatekaapin, joka kuvastaa rakkauttasi ja ihailuasi t\u00e4t\u00e4 merkitt\u00e4v\u00e4\u00e4 rotua kohtaan. Shetlanninlammaskoiran hupparimme on t\u00e4ydellinen lis\u00e4 kokoelmaasi, sill\u00e4 se tarjoaa sek\u00e4 tyyli\u00e4 ett\u00e4 sis\u00e4lt\u00f6\u00e4. Korkealuokkaisista materiaaleista valmistettu huppari ei ole ainoastaan kest\u00e4v\u00e4, vaan se takaa my\u00f6s maksimaalisen mukavuuden koko p\u00e4iv\u00e4n ajan. Sen monipuolisen muotoilun ansiosta voit k\u00e4ytt\u00e4\u00e4 sit\u00e4 eri tilaisuuksissa, puistok\u00e4velyist\u00e4 rentoihin tapaamisiin. N\u00e4yt\u00e4 omistautumisesi shetlanninlammaskoirallesi ja tee pysyv\u00e4 vaikutus t\u00e4ll\u00e4 upealla hupparilla, joka kertoo paljon koiran seurastasi.<\/p>\n","protected":false},"excerpt":{"rendered":"<p>Korosta koira\u00e4idin tyyli\u00e4si &#8221;Mom of a Happy Shetland Sheepdog&#8221; -hupparilla. T\u00e4m\u00e4 ensiluokkaisista materiaaleista valmistettu huppari on suunniteltu pit\u00e4m\u00e4\u00e4n sinut l\u00e4mpim\u00e4n\u00e4 ja samalla osoittamaan rakkautesi shelttiisi.<\/p>\n<p>Koe mukavuutta ja tyyli\u00e4 &#8221;Mom of a Happy Shetland Sheepdog&#8221; -hupparissa. T\u00e4ydellinen ylpeille koira\u00e4ideille, sill\u00e4 t\u00e4ss\u00e4 hupparissa on ainutlaatuinen malli, joka juhlistaa sinun ja sheltin v\u00e4list\u00e4 erityist\u00e4 sidett\u00e4.<\/p>\n<p>Pysy l\u00e4mpim\u00e4n\u00e4 ja n\u00e4yt\u00e4 sheltti-rakkautesi &#8221;Mom of a Happy Shetland Sheepdog&#8221; -hupparissa. T\u00e4ss\u00e4 huolella tehdyss\u00e4 hupparissa yhdistyv\u00e4t muoti ja toiminnallisuus, joten se on jokaisen ylpe\u00e4n shetlanninlammaskoiran omistajan ehdoton hankinta.<\/p>\n","protected":false},"featured_media":3068,"comment_status":"open","ping_status":"closed","template":"","meta":{"_monsterinsights_skip_tracking":false,"_monsterinsights_sitenote_active":false,"_monsterinsights_sitenote_note":"","_monsterinsights_sitenote_category":0},"product_brand":[],"product_cat":[98,158],"product_tag":[50,70,66,155],"class_list":{"0":"post-3035","1":"product","2":"type-product","3":"status-publish","4":"has-post-thumbnail","6":"product_cat-naisten-vaatteet-fi-3","7":"product_cat-shetlanninlammaskoira","8":"product_tag-koiran-aiti","9":"product_tag-koiranomistaja","10":"product_tag-koiranomistajan-lahja","11":"product_tag-shetlanninlammaskoira","13":"first","14":"instock","15":"taxable","16":"shipping-taxable","17":"purchasable","18":"product-type-variable","19":"has-default-attributes"},"yoast_head":"<!-- This site is optimized with the Yoast SEO plugin v27.4 - https:\/\/yoast.com\/product\/yoast-seo-wordpress\/ -->\n<title>Onnellisen shetlanninlammaskoiran \u00e4iti, huppari - Dog Family Shop<\/title>\n<meta name=\"robots\" content=\"index, follow, max-snippet:-1, max-image-preview:large, max-video-preview:-1\" \/>\n<link rel=\"canonical\" href=\"https:\/\/dogfamily.shop\/fi\/product\/naisten-vaatteet-fi-3\/onnellisen-shetlanninlammaskoiran-hupparin-aiti\/\" \/>\n<meta property=\"og:locale\" content=\"fi_FI\" \/>\n<meta property=\"og:type\" content=\"article\" \/>\n<meta property=\"og:title\" content=\"Onnellisen shetlanninlammaskoiran \u00e4iti, huppari - Dog Family Shop\" \/>\n<meta property=\"og:description\" content=\"Korosta koira\u00e4idin tyyli\u00e4si &quot;Mom of a Happy Shetland Sheepdog&quot; -hupparilla. T\u00e4m\u00e4 ensiluokkaisista materiaaleista valmistettu huppari on suunniteltu pit\u00e4m\u00e4\u00e4n sinut l\u00e4mpim\u00e4n\u00e4 ja samalla osoittamaan rakkautesi shelttiisi. Koe mukavuutta ja tyyli\u00e4 &quot;Mom of a Happy Shetland Sheepdog&quot; -hupparissa. T\u00e4ydellinen ylpeille koira\u00e4ideille, sill\u00e4 t\u00e4ss\u00e4 hupparissa on ainutlaatuinen malli, joka juhlistaa sinun ja sheltin v\u00e4list\u00e4 erityist\u00e4 sidett\u00e4. Pysy l\u00e4mpim\u00e4n\u00e4 ja n\u00e4yt\u00e4 sheltti-rakkautesi &quot;Mom of a Happy Shetland Sheepdog&quot; -hupparissa. T\u00e4ss\u00e4 huolella tehdyss\u00e4 hupparissa yhdistyv\u00e4t muoti ja toiminnallisuus, joten se on jokaisen ylpe\u00e4n shetlanninlammaskoiran omistajan ehdoton hankinta.\" \/>\n<meta property=\"og:url\" content=\"https:\/\/dogfamily.shop\/fi\/product\/naisten-vaatteet-fi-3\/onnellisen-shetlanninlammaskoiran-hupparin-aiti\/\" \/>\n<meta property=\"og:site_name\" content=\"Dog Family Shop\" \/>\n<meta property=\"article:modified_time\" content=\"2023-06-04T15:25:56+00:00\" \/>\n<meta property=\"og:image\" content=\"https:\/\/dogfamily.shop\/wp-content\/uploads\/2023\/06\/42148-9.jpg\" \/>\n\t<meta property=\"og:image:width\" content=\"1200\" \/>\n\t<meta property=\"og:image:height\" content=\"1200\" \/>\n\t<meta property=\"og:image:type\" content=\"image\/jpeg\" \/>\n<meta name=\"twitter:card\" content=\"summary_large_image\" \/>\n<meta name=\"twitter:label1\" content=\"Arvioitu lukuaika\" \/>\n\t<meta name=\"twitter:data1\" content=\"1 minuutti\" \/>\n<script type=\"application\/ld+json\" class=\"yoast-schema-graph\">{\"@context\":\"https:\\\/\\\/schema.org\",\"@graph\":[{\"@type\":\"WebPage\",\"@id\":\"https:\\\/\\\/dogfamily.shop\\\/fi\\\/product\\\/naisten-vaatteet-fi-3\\\/onnellisen-shetlanninlammaskoiran-hupparin-aiti\\\/\",\"url\":\"https:\\\/\\\/dogfamily.shop\\\/fi\\\/product\\\/naisten-vaatteet-fi-3\\\/onnellisen-shetlanninlammaskoiran-hupparin-aiti\\\/\",\"name\":\"Onnellisen shetlanninlammaskoiran \u00e4iti, huppari - Dog Family Shop\",\"isPartOf\":{\"@id\":\"https:\\\/\\\/dogfamily.shop\\\/fi\\\/#website\"},\"primaryImageOfPage\":{\"@id\":\"https:\\\/\\\/dogfamily.shop\\\/fi\\\/product\\\/naisten-vaatteet-fi-3\\\/onnellisen-shetlanninlammaskoiran-hupparin-aiti\\\/#primaryimage\"},\"image\":{\"@id\":\"https:\\\/\\\/dogfamily.shop\\\/fi\\\/product\\\/naisten-vaatteet-fi-3\\\/onnellisen-shetlanninlammaskoiran-hupparin-aiti\\\/#primaryimage\"},\"thumbnailUrl\":\"https:\\\/\\\/dogfamily.shop\\\/wp-content\\\/uploads\\\/2023\\\/06\\\/42148-9.jpg\",\"datePublished\":\"2023-06-04T15:08:59+00:00\",\"dateModified\":\"2023-06-04T15:25:56+00:00\",\"breadcrumb\":{\"@id\":\"https:\\\/\\\/dogfamily.shop\\\/fi\\\/product\\\/naisten-vaatteet-fi-3\\\/onnellisen-shetlanninlammaskoiran-hupparin-aiti\\\/#breadcrumb\"},\"inLanguage\":\"fi\",\"potentialAction\":[{\"@type\":\"ReadAction\",\"target\":[\"https:\\\/\\\/dogfamily.shop\\\/fi\\\/product\\\/naisten-vaatteet-fi-3\\\/onnellisen-shetlanninlammaskoiran-hupparin-aiti\\\/\"]}]},{\"@type\":\"ImageObject\",\"inLanguage\":\"fi\",\"@id\":\"https:\\\/\\\/dogfamily.shop\\\/fi\\\/product\\\/naisten-vaatteet-fi-3\\\/onnellisen-shetlanninlammaskoiran-hupparin-aiti\\\/#primaryimage\",\"url\":\"https:\\\/\\\/dogfamily.shop\\\/wp-content\\\/uploads\\\/2023\\\/06\\\/42148-9.jpg\",\"contentUrl\":\"https:\\\/\\\/dogfamily.shop\\\/wp-content\\\/uploads\\\/2023\\\/06\\\/42148-9.jpg\",\"width\":1200,\"height\":1200},{\"@type\":\"BreadcrumbList\",\"@id\":\"https:\\\/\\\/dogfamily.shop\\\/fi\\\/product\\\/naisten-vaatteet-fi-3\\\/onnellisen-shetlanninlammaskoiran-hupparin-aiti\\\/#breadcrumb\",\"itemListElement\":[{\"@type\":\"ListItem\",\"position\":1,\"name\":\"Home\",\"item\":\"https:\\\/\\\/dogfamily.shop\\\/fi\\\/\"},{\"@type\":\"ListItem\",\"position\":2,\"name\":\"Kauppa\",\"item\":\"https:\\\/\\\/dogfamily.shop\\\/fi\\\/kauppa\\\/\"},{\"@type\":\"ListItem\",\"position\":3,\"name\":\"Onnellisen shetlanninlammaskoiran \u00e4iti, huppari\"}]},{\"@type\":\"WebSite\",\"@id\":\"https:\\\/\\\/dogfamily.shop\\\/fi\\\/#website\",\"url\":\"https:\\\/\\\/dogfamily.shop\\\/fi\\\/\",\"name\":\"Dog Family Shop\",\"description\":\"Everything for dog family, clothes, accessories, bed linen and more\",\"publisher\":{\"@id\":\"https:\\\/\\\/dogfamily.shop\\\/fi\\\/#organization\"},\"potentialAction\":[{\"@type\":\"SearchAction\",\"target\":{\"@type\":\"EntryPoint\",\"urlTemplate\":\"https:\\\/\\\/dogfamily.shop\\\/fi\\\/?s={search_term_string}\"},\"query-input\":{\"@type\":\"PropertyValueSpecification\",\"valueRequired\":true,\"valueName\":\"search_term_string\"}}],\"inLanguage\":\"fi\"},{\"@type\":\"Organization\",\"@id\":\"https:\\\/\\\/dogfamily.shop\\\/fi\\\/#organization\",\"name\":\"Dog Family Shop\",\"url\":\"https:\\\/\\\/dogfamily.shop\\\/fi\\\/\",\"logo\":{\"@type\":\"ImageObject\",\"inLanguage\":\"fi\",\"@id\":\"https:\\\/\\\/dogfamily.shop\\\/fi\\\/#\\\/schema\\\/logo\\\/image\\\/\",\"url\":\"\\\/wp-content\\\/uploads\\\/2023\\\/05\\\/Logo1.png\",\"contentUrl\":\"\\\/wp-content\\\/uploads\\\/2023\\\/05\\\/Logo1.png\",\"width\":800,\"height\":582,\"caption\":\"Dog Family Shop\"},\"image\":{\"@id\":\"https:\\\/\\\/dogfamily.shop\\\/fi\\\/#\\\/schema\\\/logo\\\/image\\\/\"}}]}<\/script>\n<!-- \/ Yoast SEO plugin. -->","yoast_head_json":{"title":"Onnellisen shetlanninlammaskoiran \u00e4iti, huppari - Dog Family Shop","robots":{"index":"index","follow":"follow","max-snippet":"max-snippet:-1","max-image-preview":"max-image-preview:large","max-video-preview":"max-video-preview:-1"},"canonical":"https:\/\/dogfamily.shop\/fi\/product\/naisten-vaatteet-fi-3\/onnellisen-shetlanninlammaskoiran-hupparin-aiti\/","og_locale":"fi_FI","og_type":"article","og_title":"Onnellisen shetlanninlammaskoiran \u00e4iti, huppari - Dog Family Shop","og_description":"Korosta koira\u00e4idin tyyli\u00e4si \"Mom of a Happy Shetland Sheepdog\" -hupparilla. T\u00e4m\u00e4 ensiluokkaisista materiaaleista valmistettu huppari on suunniteltu pit\u00e4m\u00e4\u00e4n sinut l\u00e4mpim\u00e4n\u00e4 ja samalla osoittamaan rakkautesi shelttiisi. Koe mukavuutta ja tyyli\u00e4 \"Mom of a Happy Shetland Sheepdog\" -hupparissa. T\u00e4ydellinen ylpeille koira\u00e4ideille, sill\u00e4 t\u00e4ss\u00e4 hupparissa on ainutlaatuinen malli, joka juhlistaa sinun ja sheltin v\u00e4list\u00e4 erityist\u00e4 sidett\u00e4. Pysy l\u00e4mpim\u00e4n\u00e4 ja n\u00e4yt\u00e4 sheltti-rakkautesi \"Mom of a Happy Shetland Sheepdog\" -hupparissa. T\u00e4ss\u00e4 huolella tehdyss\u00e4 hupparissa yhdistyv\u00e4t muoti ja toiminnallisuus, joten se on jokaisen ylpe\u00e4n shetlanninlammaskoiran omistajan ehdoton hankinta.","og_url":"https:\/\/dogfamily.shop\/fi\/product\/naisten-vaatteet-fi-3\/onnellisen-shetlanninlammaskoiran-hupparin-aiti\/","og_site_name":"Dog Family Shop","article_modified_time":"2023-06-04T15:25:56+00:00","og_image":[{"width":1200,"height":1200,"url":"https:\/\/dogfamily.shop\/wp-content\/uploads\/2023\/06\/42148-9.jpg","type":"image\/jpeg"}],"twitter_card":"summary_large_image","twitter_misc":{"Arvioitu lukuaika":"1 minuutti"},"schema":{"@context":"https:\/\/schema.org","@graph":[{"@type":"WebPage","@id":"https:\/\/dogfamily.shop\/fi\/product\/naisten-vaatteet-fi-3\/onnellisen-shetlanninlammaskoiran-hupparin-aiti\/","url":"https:\/\/dogfamily.shop\/fi\/product\/naisten-vaatteet-fi-3\/onnellisen-shetlanninlammaskoiran-hupparin-aiti\/","name":"Onnellisen shetlanninlammaskoiran \u00e4iti, huppari - Dog Family Shop","isPartOf":{"@id":"https:\/\/dogfamily.shop\/fi\/#website"},"primaryImageOfPage":{"@id":"https:\/\/dogfamily.shop\/fi\/product\/naisten-vaatteet-fi-3\/onnellisen-shetlanninlammaskoiran-hupparin-aiti\/#primaryimage"},"image":{"@id":"https:\/\/dogfamily.shop\/fi\/product\/naisten-vaatteet-fi-3\/onnellisen-shetlanninlammaskoiran-hupparin-aiti\/#primaryimage"},"thumbnailUrl":"https:\/\/dogfamily.shop\/wp-content\/uploads\/2023\/06\/42148-9.jpg","datePublished":"2023-06-04T15:08:59+00:00","dateModified":"2023-06-04T15:25:56+00:00","breadcrumb":{"@id":"https:\/\/dogfamily.shop\/fi\/product\/naisten-vaatteet-fi-3\/onnellisen-shetlanninlammaskoiran-hupparin-aiti\/#breadcrumb"},"inLanguage":"fi","potentialAction":[{"@type":"ReadAction","target":["https:\/\/dogfamily.shop\/fi\/product\/naisten-vaatteet-fi-3\/onnellisen-shetlanninlammaskoiran-hupparin-aiti\/"]}]},{"@type":"ImageObject","inLanguage":"fi","@id":"https:\/\/dogfamily.shop\/fi\/product\/naisten-vaatteet-fi-3\/onnellisen-shetlanninlammaskoiran-hupparin-aiti\/#primaryimage","url":"https:\/\/dogfamily.shop\/wp-content\/uploads\/2023\/06\/42148-9.jpg","contentUrl":"https:\/\/dogfamily.shop\/wp-content\/uploads\/2023\/06\/42148-9.jpg","width":1200,"height":1200},{"@type":"BreadcrumbList","@id":"https:\/\/dogfamily.shop\/fi\/product\/naisten-vaatteet-fi-3\/onnellisen-shetlanninlammaskoiran-hupparin-aiti\/#breadcrumb","itemListElement":[{"@type":"ListItem","position":1,"name":"Home","item":"https:\/\/dogfamily.shop\/fi\/"},{"@type":"ListItem","position":2,"name":"Kauppa","item":"https:\/\/dogfamily.shop\/fi\/kauppa\/"},{"@type":"ListItem","position":3,"name":"Onnellisen shetlanninlammaskoiran \u00e4iti, huppari"}]},{"@type":"WebSite","@id":"https:\/\/dogfamily.shop\/fi\/#website","url":"https:\/\/dogfamily.shop\/fi\/","name":"Dog Family Shop","description":"Everything for dog family, clothes, accessories, bed linen and more","publisher":{"@id":"https:\/\/dogfamily.shop\/fi\/#organization"},"potentialAction":[{"@type":"SearchAction","target":{"@type":"EntryPoint","urlTemplate":"https:\/\/dogfamily.shop\/fi\/?s={search_term_string}"},"query-input":{"@type":"PropertyValueSpecification","valueRequired":true,"valueName":"search_term_string"}}],"inLanguage":"fi"},{"@type":"Organization","@id":"https:\/\/dogfamily.shop\/fi\/#organization","name":"Dog Family Shop","url":"https:\/\/dogfamily.shop\/fi\/","logo":{"@type":"ImageObject","inLanguage":"fi","@id":"https:\/\/dogfamily.shop\/fi\/#\/schema\/logo\/image\/","url":"\/wp-content\/uploads\/2023\/05\/Logo1.png","contentUrl":"\/wp-content\/uploads\/2023\/05\/Logo1.png","width":800,"height":582,"caption":"Dog Family Shop"},"image":{"@id":"https:\/\/dogfamily.shop\/fi\/#\/schema\/logo\/image\/"}}]}},"jetpack_sharing_enabled":true,"_links":{"self":[{"href":"https:\/\/dogfamily.shop\/fi\/wp-json\/wp\/v2\/product\/3035","targetHints":{"allow":["GET"]}}],"collection":[{"href":"https:\/\/dogfamily.shop\/fi\/wp-json\/wp\/v2\/product"}],"about":[{"href":"https:\/\/dogfamily.shop\/fi\/wp-json\/wp\/v2\/types\/product"}],"replies":[{"embeddable":true,"href":"https:\/\/dogfamily.shop\/fi\/wp-json\/wp\/v2\/comments?post=3035"}],"wp:featuredmedia":[{"embeddable":true,"href":"https:\/\/dogfamily.shop\/fi\/wp-json\/wp\/v2\/media\/3068"}],"wp:attachment":[{"href":"https:\/\/dogfamily.shop\/fi\/wp-json\/wp\/v2\/media?parent=3035"}],"wp:term":[{"taxonomy":"product_brand","embeddable":true,"href":"https:\/\/dogfamily.shop\/fi\/wp-json\/wp\/v2\/product_brand?post=3035"},{"taxonomy":"product_cat","embeddable":true,"href":"https:\/\/dogfamily.shop\/fi\/wp-json\/wp\/v2\/product_cat?post=3035"},{"taxonomy":"product_tag","embeddable":true,"href":"https:\/\/dogfamily.shop\/fi\/wp-json\/wp\/v2\/product_tag?post=3035"}],"curies":[{"name":"wp","href":"https:\/\/api.w.org\/{rel}","templated":true}]}}