{"id":2903,"date":"2023-06-04T16:02:54","date_gmt":"2023-06-04T14:02:54","guid":{"rendered":"https:\/\/dogfamily.shop\/product\/Ei-luokiteltu\/onnellisen-saksanpaimenkoiran-aiti-huppari\/"},"modified":"2023-06-04T16:10:11","modified_gmt":"2023-06-04T14:10:11","slug":"onnellisen-saksanpaimenkoiran-aiti","status":"publish","type":"product","link":"https:\/\/dogfamily.shop\/fi\/product\/naisten-vaatteet-fi-3\/onnellisen-saksanpaimenkoiran-aiti\/","title":{"rendered":"Onnellisen saksanpaimenkoiran \u00e4iti, huppari"},"content":{"rendered":"<p>Huomio kaikki ylpe\u00e4t koiranomistajat! N\u00e4yt\u00e4 rakkautesi uskollista saksanpaimenkoiraasi kohtaan yksinoikeudella valmistetulla &#8217;Saksanpaimenkoiran \u00e4iti&#8217; -hupparilla. Hienoimmista laatumateriaaleista valmistettu huppari pit\u00e4\u00e4 sinut l\u00e4mpim\u00e4n\u00e4, mutta sen avulla voit my\u00f6s ilmaista syv\u00e4n siteesi karvaiseen yst\u00e4v\u00e4\u00e4si. T\u00e4m\u00e4 tyylik\u00e4s huppari saa p\u00e4\u00e4t k\u00e4\u00e4ntym\u00e4\u00e4n ja her\u00e4tt\u00e4\u00e4 keskustelua muiden koiranyst\u00e4vien keskuudessa, olitpa sitten menossa k\u00e4velylle puistoon tai vain loikoilemassa kotona. Tilaa omasi jo t\u00e4n\u00e4\u00e4n ja anna maailman tiet\u00e4\u00e4, ett\u00e4 olet ylpe\u00e4 saksanpaimenkoiran \u00e4idist\u00e4!<\/p>\n<p>Esittelyss\u00e4 &#8217;Saksanpaimenkoiran \u00e4iti&#8217; -hupparimme, joka on t\u00e4ydellinen vaate koiraharrastajille. Huolella valmistetussa hupparissa on mukava ja kodikas istuvuus, joka takaa, ett\u00e4 pysyt l\u00e4mpim\u00e4n\u00e4 viileill\u00e4 k\u00e4velyretkill\u00e4 nelijalkaisen kumppanisi kanssa. Sen huomiota her\u00e4tt\u00e4v\u00e4 muotoilu osoittaa ylpe\u00e4n\u00e4 rakkautesi saksanpaimenkoiraa kohtaan, joten se on pakollinen hankinta ylpeille koira\u00e4ideille. T\u00e4m\u00e4 huppari sopii mihin tahansa rentoon tilaisuuteen, ja siin\u00e4 yhdistyv\u00e4t muoti ja toiminnallisuus, joten se on olennainen lis\u00e4 vaatekaappiisi.<\/p>\n<p>Korosta koira\u00e4idin tyyli\u00e4si eksklusiivisella &#8217;Saksanpaimenkoiran \u00e4iti&#8217; -hupparillamme. T\u00e4m\u00e4 huppari on tehty kaltaisillesi ylpeille omistajille, ja siin\u00e4 on moderni ja trendik\u00e4s ulkoasu, joka saa sinut erottumaan joukosta. Pehme\u00e4n ja hengitt\u00e4v\u00e4n kankaan ansiosta se takaa maksimaalisen mukavuuden ja osoittaa samalla ehdotonta rakkauttasi saksanpaimenkoiraasi kohtaan. T\u00e4t\u00e4 hupparia on saatavana useissa eri kooissa ja v\u00e4reiss\u00e4, ja se on monipuolinen kappale, joka t\u00e4ydent\u00e4\u00e4 vaivattomasti mit\u00e4 tahansa asua. Hanki omasi jo t\u00e4n\u00e4\u00e4n ja k\u00e4yt\u00e4 koiran \u00e4iti ylpeytt\u00e4 itsevarmasti!<\/p>\n","protected":false},"excerpt":{"rendered":"<p>Huomio kaikki ylpe\u00e4t koiranomistajat! N\u00e4yt\u00e4 rakkautesi uskollista saksanpaimenkoiraasi kohtaan yksinoikeudella valmistetulla &#8217;Saksanpaimenkoiran \u00e4iti&#8217; -hupparilla. Hienoimmista laatumateriaaleista valmistettu huppari pit\u00e4\u00e4 sinut l\u00e4mpim\u00e4n\u00e4, mutta sen avulla voit my\u00f6s ilmaista syv\u00e4n siteesi karvaiseen yst\u00e4v\u00e4\u00e4si. T\u00e4m\u00e4 tyylik\u00e4s huppari saa p\u00e4\u00e4t k\u00e4\u00e4ntym\u00e4\u00e4n ja her\u00e4tt\u00e4\u00e4 keskustelua muiden koiranyst\u00e4vien keskuudessa, olitpa sitten menossa k\u00e4velylle puistoon tai vain loikoilemassa kotona. Tilaa omasi jo &#8230; <a title=\"Onnellisen saksanpaimenkoiran \u00e4iti, huppari\" class=\"read-more\" href=\"https:\/\/dogfamily.shop\/fi\/product\/naisten-vaatteet-fi-3\/onnellisen-saksanpaimenkoiran-aiti\/\" aria-label=\"Lue lis\u00e4\u00e4 aiheesta Onnellisen saksanpaimenkoiran \u00e4iti, huppari\">Lue lis\u00e4\u00e4<\/a><\/p>\n","protected":false},"featured_media":2930,"comment_status":"open","ping_status":"closed","template":"","meta":{"_monsterinsights_skip_tracking":false,"_monsterinsights_sitenote_active":false,"_monsterinsights_sitenote_note":"","_monsterinsights_sitenote_category":0},"product_brand":[],"product_cat":[98,150],"product_tag":[50,70,66,151],"class_list":{"0":"post-2903","1":"product","2":"type-product","3":"status-publish","4":"has-post-thumbnail","6":"product_cat-naisten-vaatteet-fi-3","7":"product_cat-saksanpaimenkoira","8":"product_tag-koiran-aiti","9":"product_tag-koiranomistaja","10":"product_tag-koiranomistajan-lahja","11":"product_tag-saksanpaimenkoira","13":"first","14":"instock","15":"taxable","16":"shipping-taxable","17":"purchasable","18":"product-type-variable","19":"has-default-attributes"},"yoast_head":"<!-- This site is optimized with the Yoast SEO plugin v27.4 - https:\/\/yoast.com\/product\/yoast-seo-wordpress\/ -->\n<title>Onnellisen saksanpaimenkoiran \u00e4iti, huppari - Dog Family Shop<\/title>\n<meta name=\"robots\" content=\"index, follow, max-snippet:-1, max-image-preview:large, max-video-preview:-1\" \/>\n<link rel=\"canonical\" href=\"https:\/\/dogfamily.shop\/fi\/product\/naisten-vaatteet-fi-3\/onnellisen-saksanpaimenkoiran-aiti\/\" \/>\n<meta property=\"og:locale\" content=\"fi_FI\" \/>\n<meta property=\"og:type\" content=\"article\" \/>\n<meta property=\"og:title\" content=\"Onnellisen saksanpaimenkoiran \u00e4iti, huppari - Dog Family Shop\" \/>\n<meta property=\"og:description\" content=\"Huomio kaikki ylpe\u00e4t koiranomistajat! N\u00e4yt\u00e4 rakkautesi uskollista saksanpaimenkoiraasi kohtaan yksinoikeudella valmistetulla &#8217;Saksanpaimenkoiran \u00e4iti&#8217; -hupparilla. Hienoimmista laatumateriaaleista valmistettu huppari pit\u00e4\u00e4 sinut l\u00e4mpim\u00e4n\u00e4, mutta sen avulla voit my\u00f6s ilmaista syv\u00e4n siteesi karvaiseen yst\u00e4v\u00e4\u00e4si. T\u00e4m\u00e4 tyylik\u00e4s huppari saa p\u00e4\u00e4t k\u00e4\u00e4ntym\u00e4\u00e4n ja her\u00e4tt\u00e4\u00e4 keskustelua muiden koiranyst\u00e4vien keskuudessa, olitpa sitten menossa k\u00e4velylle puistoon tai vain loikoilemassa kotona. Tilaa omasi jo ... Lue lis\u00e4\u00e4\" \/>\n<meta property=\"og:url\" content=\"https:\/\/dogfamily.shop\/fi\/product\/naisten-vaatteet-fi-3\/onnellisen-saksanpaimenkoiran-aiti\/\" \/>\n<meta property=\"og:site_name\" content=\"Dog Family Shop\" \/>\n<meta property=\"article:modified_time\" content=\"2023-06-04T14:10:11+00:00\" \/>\n<meta property=\"og:image\" content=\"https:\/\/dogfamily.shop\/wp-content\/uploads\/2023\/06\/42148.jpg\" \/>\n\t<meta property=\"og:image:width\" content=\"1200\" \/>\n\t<meta property=\"og:image:height\" content=\"1200\" \/>\n\t<meta property=\"og:image:type\" content=\"image\/jpeg\" \/>\n<meta name=\"twitter:card\" content=\"summary_large_image\" \/>\n<meta name=\"twitter:label1\" content=\"Arvioitu lukuaika\" \/>\n\t<meta name=\"twitter:data1\" content=\"1 minuutti\" \/>\n<script type=\"application\/ld+json\" class=\"yoast-schema-graph\">{\"@context\":\"https:\\\/\\\/schema.org\",\"@graph\":[{\"@type\":\"WebPage\",\"@id\":\"https:\\\/\\\/dogfamily.shop\\\/fi\\\/product\\\/naisten-vaatteet-fi-3\\\/onnellisen-saksanpaimenkoiran-aiti\\\/\",\"url\":\"https:\\\/\\\/dogfamily.shop\\\/fi\\\/product\\\/naisten-vaatteet-fi-3\\\/onnellisen-saksanpaimenkoiran-aiti\\\/\",\"name\":\"Onnellisen saksanpaimenkoiran \u00e4iti, huppari - Dog Family Shop\",\"isPartOf\":{\"@id\":\"https:\\\/\\\/dogfamily.shop\\\/fi\\\/#website\"},\"primaryImageOfPage\":{\"@id\":\"https:\\\/\\\/dogfamily.shop\\\/fi\\\/product\\\/naisten-vaatteet-fi-3\\\/onnellisen-saksanpaimenkoiran-aiti\\\/#primaryimage\"},\"image\":{\"@id\":\"https:\\\/\\\/dogfamily.shop\\\/fi\\\/product\\\/naisten-vaatteet-fi-3\\\/onnellisen-saksanpaimenkoiran-aiti\\\/#primaryimage\"},\"thumbnailUrl\":\"https:\\\/\\\/dogfamily.shop\\\/wp-content\\\/uploads\\\/2023\\\/06\\\/42148.jpg\",\"datePublished\":\"2023-06-04T14:02:54+00:00\",\"dateModified\":\"2023-06-04T14:10:11+00:00\",\"breadcrumb\":{\"@id\":\"https:\\\/\\\/dogfamily.shop\\\/fi\\\/product\\\/naisten-vaatteet-fi-3\\\/onnellisen-saksanpaimenkoiran-aiti\\\/#breadcrumb\"},\"inLanguage\":\"fi\",\"potentialAction\":[{\"@type\":\"ReadAction\",\"target\":[\"https:\\\/\\\/dogfamily.shop\\\/fi\\\/product\\\/naisten-vaatteet-fi-3\\\/onnellisen-saksanpaimenkoiran-aiti\\\/\"]}]},{\"@type\":\"ImageObject\",\"inLanguage\":\"fi\",\"@id\":\"https:\\\/\\\/dogfamily.shop\\\/fi\\\/product\\\/naisten-vaatteet-fi-3\\\/onnellisen-saksanpaimenkoiran-aiti\\\/#primaryimage\",\"url\":\"https:\\\/\\\/dogfamily.shop\\\/wp-content\\\/uploads\\\/2023\\\/06\\\/42148.jpg\",\"contentUrl\":\"https:\\\/\\\/dogfamily.shop\\\/wp-content\\\/uploads\\\/2023\\\/06\\\/42148.jpg\",\"width\":1200,\"height\":1200},{\"@type\":\"BreadcrumbList\",\"@id\":\"https:\\\/\\\/dogfamily.shop\\\/fi\\\/product\\\/naisten-vaatteet-fi-3\\\/onnellisen-saksanpaimenkoiran-aiti\\\/#breadcrumb\",\"itemListElement\":[{\"@type\":\"ListItem\",\"position\":1,\"name\":\"Home\",\"item\":\"https:\\\/\\\/dogfamily.shop\\\/fi\\\/\"},{\"@type\":\"ListItem\",\"position\":2,\"name\":\"Kauppa\",\"item\":\"https:\\\/\\\/dogfamily.shop\\\/fi\\\/kauppa\\\/\"},{\"@type\":\"ListItem\",\"position\":3,\"name\":\"Onnellisen saksanpaimenkoiran \u00e4iti, huppari\"}]},{\"@type\":\"WebSite\",\"@id\":\"https:\\\/\\\/dogfamily.shop\\\/fi\\\/#website\",\"url\":\"https:\\\/\\\/dogfamily.shop\\\/fi\\\/\",\"name\":\"Dog Family Shop\",\"description\":\"Everything for dog family, clothes, accessories, bed linen and more\",\"publisher\":{\"@id\":\"https:\\\/\\\/dogfamily.shop\\\/fi\\\/#organization\"},\"potentialAction\":[{\"@type\":\"SearchAction\",\"target\":{\"@type\":\"EntryPoint\",\"urlTemplate\":\"https:\\\/\\\/dogfamily.shop\\\/fi\\\/?s={search_term_string}\"},\"query-input\":{\"@type\":\"PropertyValueSpecification\",\"valueRequired\":true,\"valueName\":\"search_term_string\"}}],\"inLanguage\":\"fi\"},{\"@type\":\"Organization\",\"@id\":\"https:\\\/\\\/dogfamily.shop\\\/fi\\\/#organization\",\"name\":\"Dog Family Shop\",\"url\":\"https:\\\/\\\/dogfamily.shop\\\/fi\\\/\",\"logo\":{\"@type\":\"ImageObject\",\"inLanguage\":\"fi\",\"@id\":\"https:\\\/\\\/dogfamily.shop\\\/fi\\\/#\\\/schema\\\/logo\\\/image\\\/\",\"url\":\"\\\/wp-content\\\/uploads\\\/2023\\\/05\\\/Logo1.png\",\"contentUrl\":\"\\\/wp-content\\\/uploads\\\/2023\\\/05\\\/Logo1.png\",\"width\":800,\"height\":582,\"caption\":\"Dog Family Shop\"},\"image\":{\"@id\":\"https:\\\/\\\/dogfamily.shop\\\/fi\\\/#\\\/schema\\\/logo\\\/image\\\/\"}}]}<\/script>\n<!-- \/ Yoast SEO plugin. -->","yoast_head_json":{"title":"Onnellisen saksanpaimenkoiran \u00e4iti, huppari - Dog Family Shop","robots":{"index":"index","follow":"follow","max-snippet":"max-snippet:-1","max-image-preview":"max-image-preview:large","max-video-preview":"max-video-preview:-1"},"canonical":"https:\/\/dogfamily.shop\/fi\/product\/naisten-vaatteet-fi-3\/onnellisen-saksanpaimenkoiran-aiti\/","og_locale":"fi_FI","og_type":"article","og_title":"Onnellisen saksanpaimenkoiran \u00e4iti, huppari - Dog Family Shop","og_description":"Huomio kaikki ylpe\u00e4t koiranomistajat! N\u00e4yt\u00e4 rakkautesi uskollista saksanpaimenkoiraasi kohtaan yksinoikeudella valmistetulla &#8217;Saksanpaimenkoiran \u00e4iti&#8217; -hupparilla. Hienoimmista laatumateriaaleista valmistettu huppari pit\u00e4\u00e4 sinut l\u00e4mpim\u00e4n\u00e4, mutta sen avulla voit my\u00f6s ilmaista syv\u00e4n siteesi karvaiseen yst\u00e4v\u00e4\u00e4si. T\u00e4m\u00e4 tyylik\u00e4s huppari saa p\u00e4\u00e4t k\u00e4\u00e4ntym\u00e4\u00e4n ja her\u00e4tt\u00e4\u00e4 keskustelua muiden koiranyst\u00e4vien keskuudessa, olitpa sitten menossa k\u00e4velylle puistoon tai vain loikoilemassa kotona. Tilaa omasi jo ... Lue lis\u00e4\u00e4","og_url":"https:\/\/dogfamily.shop\/fi\/product\/naisten-vaatteet-fi-3\/onnellisen-saksanpaimenkoiran-aiti\/","og_site_name":"Dog Family Shop","article_modified_time":"2023-06-04T14:10:11+00:00","og_image":[{"width":1200,"height":1200,"url":"https:\/\/dogfamily.shop\/wp-content\/uploads\/2023\/06\/42148.jpg","type":"image\/jpeg"}],"twitter_card":"summary_large_image","twitter_misc":{"Arvioitu lukuaika":"1 minuutti"},"schema":{"@context":"https:\/\/schema.org","@graph":[{"@type":"WebPage","@id":"https:\/\/dogfamily.shop\/fi\/product\/naisten-vaatteet-fi-3\/onnellisen-saksanpaimenkoiran-aiti\/","url":"https:\/\/dogfamily.shop\/fi\/product\/naisten-vaatteet-fi-3\/onnellisen-saksanpaimenkoiran-aiti\/","name":"Onnellisen saksanpaimenkoiran \u00e4iti, huppari - Dog Family Shop","isPartOf":{"@id":"https:\/\/dogfamily.shop\/fi\/#website"},"primaryImageOfPage":{"@id":"https:\/\/dogfamily.shop\/fi\/product\/naisten-vaatteet-fi-3\/onnellisen-saksanpaimenkoiran-aiti\/#primaryimage"},"image":{"@id":"https:\/\/dogfamily.shop\/fi\/product\/naisten-vaatteet-fi-3\/onnellisen-saksanpaimenkoiran-aiti\/#primaryimage"},"thumbnailUrl":"https:\/\/dogfamily.shop\/wp-content\/uploads\/2023\/06\/42148.jpg","datePublished":"2023-06-04T14:02:54+00:00","dateModified":"2023-06-04T14:10:11+00:00","breadcrumb":{"@id":"https:\/\/dogfamily.shop\/fi\/product\/naisten-vaatteet-fi-3\/onnellisen-saksanpaimenkoiran-aiti\/#breadcrumb"},"inLanguage":"fi","potentialAction":[{"@type":"ReadAction","target":["https:\/\/dogfamily.shop\/fi\/product\/naisten-vaatteet-fi-3\/onnellisen-saksanpaimenkoiran-aiti\/"]}]},{"@type":"ImageObject","inLanguage":"fi","@id":"https:\/\/dogfamily.shop\/fi\/product\/naisten-vaatteet-fi-3\/onnellisen-saksanpaimenkoiran-aiti\/#primaryimage","url":"https:\/\/dogfamily.shop\/wp-content\/uploads\/2023\/06\/42148.jpg","contentUrl":"https:\/\/dogfamily.shop\/wp-content\/uploads\/2023\/06\/42148.jpg","width":1200,"height":1200},{"@type":"BreadcrumbList","@id":"https:\/\/dogfamily.shop\/fi\/product\/naisten-vaatteet-fi-3\/onnellisen-saksanpaimenkoiran-aiti\/#breadcrumb","itemListElement":[{"@type":"ListItem","position":1,"name":"Home","item":"https:\/\/dogfamily.shop\/fi\/"},{"@type":"ListItem","position":2,"name":"Kauppa","item":"https:\/\/dogfamily.shop\/fi\/kauppa\/"},{"@type":"ListItem","position":3,"name":"Onnellisen saksanpaimenkoiran \u00e4iti, huppari"}]},{"@type":"WebSite","@id":"https:\/\/dogfamily.shop\/fi\/#website","url":"https:\/\/dogfamily.shop\/fi\/","name":"Dog Family Shop","description":"Everything for dog family, clothes, accessories, bed linen and more","publisher":{"@id":"https:\/\/dogfamily.shop\/fi\/#organization"},"potentialAction":[{"@type":"SearchAction","target":{"@type":"EntryPoint","urlTemplate":"https:\/\/dogfamily.shop\/fi\/?s={search_term_string}"},"query-input":{"@type":"PropertyValueSpecification","valueRequired":true,"valueName":"search_term_string"}}],"inLanguage":"fi"},{"@type":"Organization","@id":"https:\/\/dogfamily.shop\/fi\/#organization","name":"Dog Family Shop","url":"https:\/\/dogfamily.shop\/fi\/","logo":{"@type":"ImageObject","inLanguage":"fi","@id":"https:\/\/dogfamily.shop\/fi\/#\/schema\/logo\/image\/","url":"\/wp-content\/uploads\/2023\/05\/Logo1.png","contentUrl":"\/wp-content\/uploads\/2023\/05\/Logo1.png","width":800,"height":582,"caption":"Dog Family Shop"},"image":{"@id":"https:\/\/dogfamily.shop\/fi\/#\/schema\/logo\/image\/"}}]}},"jetpack_sharing_enabled":true,"_links":{"self":[{"href":"https:\/\/dogfamily.shop\/fi\/wp-json\/wp\/v2\/product\/2903","targetHints":{"allow":["GET"]}}],"collection":[{"href":"https:\/\/dogfamily.shop\/fi\/wp-json\/wp\/v2\/product"}],"about":[{"href":"https:\/\/dogfamily.shop\/fi\/wp-json\/wp\/v2\/types\/product"}],"replies":[{"embeddable":true,"href":"https:\/\/dogfamily.shop\/fi\/wp-json\/wp\/v2\/comments?post=2903"}],"wp:featuredmedia":[{"embeddable":true,"href":"https:\/\/dogfamily.shop\/fi\/wp-json\/wp\/v2\/media\/2930"}],"wp:attachment":[{"href":"https:\/\/dogfamily.shop\/fi\/wp-json\/wp\/v2\/media?parent=2903"}],"wp:term":[{"taxonomy":"product_brand","embeddable":true,"href":"https:\/\/dogfamily.shop\/fi\/wp-json\/wp\/v2\/product_brand?post=2903"},{"taxonomy":"product_cat","embeddable":true,"href":"https:\/\/dogfamily.shop\/fi\/wp-json\/wp\/v2\/product_cat?post=2903"},{"taxonomy":"product_tag","embeddable":true,"href":"https:\/\/dogfamily.shop\/fi\/wp-json\/wp\/v2\/product_tag?post=2903"}],"curies":[{"name":"wp","href":"https:\/\/api.w.org\/{rel}","templated":true}]}}