{"id":2814,"date":"2023-06-04T15:58:05","date_gmt":"2023-06-04T13:58:05","guid":{"rendered":"https:\/\/dogfamily.shop\/product\/Ei-luokiteltu\/onnellisen-saksanpaimenkoiran-isa-huppari\/"},"modified":"2023-06-04T16:06:17","modified_gmt":"2023-06-04T14:06:17","slug":"onnellisen-saksanpaimenkoiran-isa","status":"publish","type":"product","link":"https:\/\/dogfamily.shop\/fi\/product\/miesten-vaatteet-fi-3\/onnellisen-saksanpaimenkoiran-isa\/","title":{"rendered":"Onnellisen saksanpaimenkoiran is\u00e4, huppari"},"content":{"rendered":"<p><span style=\"color: #374151;\">Oletko ylpe\u00e4 koiranomistaja, joka haluaa osoittaa rakkautesi karvaista yst\u00e4v\u00e4\u00e4si kohtaan tyylill\u00e4? \u00c4l\u00e4 etsi kauempaa! Yksinomainen mallistomme tarjoaa t\u00e4ydellisen tilaisuuden juhlistaa sinun ja nelijalkaisen kumppanisi v\u00e4list\u00e4 sidett\u00e4. Huippuluokan vaatteillamme, kuten &#8221;Saksanpaimenkoiran is\u00e4&#8221; -hupparillamme, voit ylpe\u00e4n\u00e4 n\u00e4ytt\u00e4\u00e4 omistautumisesi ja pysy\u00e4 samalla viihtyis\u00e4n\u00e4 ja muodikkaana. Valmistaudu k\u00e4\u00e4nt\u00e4m\u00e4\u00e4n p\u00e4\u00e4t ja saamaan kohteliaisuuksia, kun ulkoilutat saksanpaimenkoiraasi ylpe\u00e4n\u00e4!<\/span><\/p>\n<p><span style=\"color: #374151;\">Me t\u00e4\u00e4ll\u00e4 https:\/\/DogFamily.shop ymm\u00e4rr\u00e4mme, ett\u00e4 ylpe\u00e4 koiranomistaja on enemm\u00e4n kuin pelkk\u00e4 titteli &#8211; se on el\u00e4m\u00e4ntapa. &#8221;Saksanpaimenkoiran is\u00e4&#8221; -hupparimme on suunniteltu huolellisesti vastaamaan mukavuustarpeisiisi ja antamaan samalla rohkean lausunnon. Se on valmistettu korkealaatuisesta kankaasta, joka tarjoaa t\u00e4ydellisen sekoituksen l\u00e4mp\u00f6\u00e4, pehmeytt\u00e4 ja kest\u00e4vyytt\u00e4. Hupparissa on tyylik\u00e4s ja moderni muotoilu, jota koristaa silm\u00e4\u00e4npist\u00e4v\u00e4 grafiikka, joka korostaa saksanpaimenkoirien majesteettista kauneutta ja uskollisuutta. Liity koiraharrastajien yhteis\u00f6\u00f6n ja anna hupparisi heijastaa sit\u00e4 suunnatonta iloa, jonka saksanpaimenkoirasi tuo el\u00e4m\u00e4\u00e4si.<\/span><\/p>\n<p><span style=\"color: #374151;\">&#8221;Saksanpaimenkoiran is\u00e4&#8221; -hupparimme ei ole pelkk\u00e4 vaatekappale, vaan se on osoitus rakkaudestasi ja ylpeydest\u00e4si koirakaveriasi kohtaan. T\u00e4ss\u00e4 hupparissa yhdistyv\u00e4t tyyli ja toiminnallisuus vaivattomasti, olitpa sitten rauhallisella k\u00e4velyretkell\u00e4 tai rennossa kokoontumisessa. Mukavan istuvuutensa, kengurutaskujensa ja viihtyis\u00e4n hupunsa ansiosta se sopii t\u00e4ydellisesti kaikkiin vuodenaikoihin. Lis\u00e4ksi sen konepest\u00e4v\u00e4 kangas takaa vaivattoman yll\u00e4pidon, joten voit keskitty\u00e4 tekem\u00e4\u00e4n muistoja uskollisen yst\u00e4v\u00e4si kanssa. \u00c4l\u00e4 missaa tilaisuutta n\u00e4ytt\u00e4\u00e4 rakkautesi saksanpaimenkoiraasi kohtaan &#8211; tilaa &#8221;saksanpaimenkoiran is\u00e4&#8221; -hupparisi jo t\u00e4n\u00e4\u00e4n ja anna ylpeytesi loistaa!<\/span><\/p>\n","protected":false},"excerpt":{"rendered":"<p><span style=\"color: #374151;\">Oletko ylpe\u00e4 koiranomistaja, joka haluaa osoittaa rakkautesi karvaista yst\u00e4v\u00e4\u00e4si kohtaan tyylill\u00e4? \u00c4l\u00e4 etsi kauempaa! Yksinomainen mallistomme tarjoaa t\u00e4ydellisen tilaisuuden juhlistaa sinun ja nelijalkaisen kumppanisi v\u00e4list\u00e4 sidett\u00e4. Huippuluokan vaatteillamme, kuten &#8221;Saksanpaimenkoiran is\u00e4&#8221; -hupparillamme, voit ylpe\u00e4n\u00e4 n\u00e4ytt\u00e4\u00e4 omistautumisesi ja pysy\u00e4 samalla viihtyis\u00e4n\u00e4 ja muodikkaana. Valmistaudu k\u00e4\u00e4nt\u00e4m\u00e4\u00e4n p\u00e4\u00e4t ja saamaan kohteliaisuuksia, kun ulkoilutat saksanpaimenkoiraasi ylpe\u00e4n\u00e4!<\/span><\/p>\n","protected":false},"featured_media":2812,"comment_status":"open","ping_status":"closed","template":"","meta":{"_monsterinsights_skip_tracking":false,"_monsterinsights_sitenote_active":false,"_monsterinsights_sitenote_note":"","_monsterinsights_sitenote_category":0},"product_brand":[],"product_cat":[99,150],"product_tag":[52,70,66,151],"class_list":{"0":"post-2814","1":"product","2":"type-product","3":"status-publish","4":"has-post-thumbnail","6":"product_cat-miesten-vaatteet-fi-3","7":"product_cat-saksanpaimenkoira","8":"product_tag-koiran-isa","9":"product_tag-koiranomistaja","10":"product_tag-koiranomistajan-lahja","11":"product_tag-saksanpaimenkoira","13":"first","14":"instock","15":"taxable","16":"shipping-taxable","17":"purchasable","18":"product-type-variable","19":"has-default-attributes"},"yoast_head":"<!-- This site is optimized with the Yoast SEO plugin v27.4 - https:\/\/yoast.com\/product\/yoast-seo-wordpress\/ -->\n<title>Onnellisen saksanpaimenkoiran is\u00e4, huppari - Dog Family Shop<\/title>\n<meta name=\"robots\" content=\"index, follow, max-snippet:-1, max-image-preview:large, max-video-preview:-1\" \/>\n<link rel=\"canonical\" href=\"https:\/\/dogfamily.shop\/fi\/product\/miesten-vaatteet-fi-3\/onnellisen-saksanpaimenkoiran-isa\/\" \/>\n<meta property=\"og:locale\" content=\"fi_FI\" \/>\n<meta property=\"og:type\" content=\"article\" \/>\n<meta property=\"og:title\" content=\"Onnellisen saksanpaimenkoiran is\u00e4, huppari - Dog Family Shop\" \/>\n<meta property=\"og:description\" content=\"Oletko ylpe\u00e4 koiranomistaja, joka haluaa osoittaa rakkautesi karvaista yst\u00e4v\u00e4\u00e4si kohtaan tyylill\u00e4? \u00c4l\u00e4 etsi kauempaa! Yksinomainen mallistomme tarjoaa t\u00e4ydellisen tilaisuuden juhlistaa sinun ja nelijalkaisen kumppanisi v\u00e4list\u00e4 sidett\u00e4. Huippuluokan vaatteillamme, kuten &quot;Saksanpaimenkoiran is\u00e4&quot; -hupparillamme, voit ylpe\u00e4n\u00e4 n\u00e4ytt\u00e4\u00e4 omistautumisesi ja pysy\u00e4 samalla viihtyis\u00e4n\u00e4 ja muodikkaana. Valmistaudu k\u00e4\u00e4nt\u00e4m\u00e4\u00e4n p\u00e4\u00e4t ja saamaan kohteliaisuuksia, kun ulkoilutat saksanpaimenkoiraasi ylpe\u00e4n\u00e4!\" \/>\n<meta property=\"og:url\" content=\"https:\/\/dogfamily.shop\/fi\/product\/miesten-vaatteet-fi-3\/onnellisen-saksanpaimenkoiran-isa\/\" \/>\n<meta property=\"og:site_name\" content=\"Dog Family Shop\" \/>\n<meta property=\"article:modified_time\" content=\"2023-06-04T14:06:17+00:00\" \/>\n<meta property=\"og:image\" content=\"https:\/\/dogfamily.shop\/wp-content\/uploads\/2023\/06\/32910.jpg\" \/>\n\t<meta property=\"og:image:width\" content=\"1200\" \/>\n\t<meta property=\"og:image:height\" content=\"1200\" \/>\n\t<meta property=\"og:image:type\" content=\"image\/jpeg\" \/>\n<meta name=\"twitter:card\" content=\"summary_large_image\" \/>\n<meta name=\"twitter:label1\" content=\"Arvioitu lukuaika\" \/>\n\t<meta name=\"twitter:data1\" content=\"1 minuutti\" \/>\n<script type=\"application\/ld+json\" class=\"yoast-schema-graph\">{\"@context\":\"https:\\\/\\\/schema.org\",\"@graph\":[{\"@type\":\"WebPage\",\"@id\":\"https:\\\/\\\/dogfamily.shop\\\/fi\\\/product\\\/miesten-vaatteet-fi-3\\\/onnellisen-saksanpaimenkoiran-isa\\\/\",\"url\":\"https:\\\/\\\/dogfamily.shop\\\/fi\\\/product\\\/miesten-vaatteet-fi-3\\\/onnellisen-saksanpaimenkoiran-isa\\\/\",\"name\":\"Onnellisen saksanpaimenkoiran is\u00e4, huppari - Dog Family Shop\",\"isPartOf\":{\"@id\":\"https:\\\/\\\/dogfamily.shop\\\/fi\\\/#website\"},\"primaryImageOfPage\":{\"@id\":\"https:\\\/\\\/dogfamily.shop\\\/fi\\\/product\\\/miesten-vaatteet-fi-3\\\/onnellisen-saksanpaimenkoiran-isa\\\/#primaryimage\"},\"image\":{\"@id\":\"https:\\\/\\\/dogfamily.shop\\\/fi\\\/product\\\/miesten-vaatteet-fi-3\\\/onnellisen-saksanpaimenkoiran-isa\\\/#primaryimage\"},\"thumbnailUrl\":\"https:\\\/\\\/dogfamily.shop\\\/wp-content\\\/uploads\\\/2023\\\/06\\\/32910.jpg\",\"datePublished\":\"2023-06-04T13:58:05+00:00\",\"dateModified\":\"2023-06-04T14:06:17+00:00\",\"breadcrumb\":{\"@id\":\"https:\\\/\\\/dogfamily.shop\\\/fi\\\/product\\\/miesten-vaatteet-fi-3\\\/onnellisen-saksanpaimenkoiran-isa\\\/#breadcrumb\"},\"inLanguage\":\"fi\",\"potentialAction\":[{\"@type\":\"ReadAction\",\"target\":[\"https:\\\/\\\/dogfamily.shop\\\/fi\\\/product\\\/miesten-vaatteet-fi-3\\\/onnellisen-saksanpaimenkoiran-isa\\\/\"]}]},{\"@type\":\"ImageObject\",\"inLanguage\":\"fi\",\"@id\":\"https:\\\/\\\/dogfamily.shop\\\/fi\\\/product\\\/miesten-vaatteet-fi-3\\\/onnellisen-saksanpaimenkoiran-isa\\\/#primaryimage\",\"url\":\"https:\\\/\\\/dogfamily.shop\\\/wp-content\\\/uploads\\\/2023\\\/06\\\/32910.jpg\",\"contentUrl\":\"https:\\\/\\\/dogfamily.shop\\\/wp-content\\\/uploads\\\/2023\\\/06\\\/32910.jpg\",\"width\":1200,\"height\":1200},{\"@type\":\"BreadcrumbList\",\"@id\":\"https:\\\/\\\/dogfamily.shop\\\/fi\\\/product\\\/miesten-vaatteet-fi-3\\\/onnellisen-saksanpaimenkoiran-isa\\\/#breadcrumb\",\"itemListElement\":[{\"@type\":\"ListItem\",\"position\":1,\"name\":\"Home\",\"item\":\"https:\\\/\\\/dogfamily.shop\\\/fi\\\/\"},{\"@type\":\"ListItem\",\"position\":2,\"name\":\"Kauppa\",\"item\":\"https:\\\/\\\/dogfamily.shop\\\/fi\\\/kauppa\\\/\"},{\"@type\":\"ListItem\",\"position\":3,\"name\":\"Onnellisen saksanpaimenkoiran is\u00e4, huppari\"}]},{\"@type\":\"WebSite\",\"@id\":\"https:\\\/\\\/dogfamily.shop\\\/fi\\\/#website\",\"url\":\"https:\\\/\\\/dogfamily.shop\\\/fi\\\/\",\"name\":\"Dog Family Shop\",\"description\":\"Everything for dog family, clothes, accessories, bed linen and more\",\"publisher\":{\"@id\":\"https:\\\/\\\/dogfamily.shop\\\/fi\\\/#organization\"},\"potentialAction\":[{\"@type\":\"SearchAction\",\"target\":{\"@type\":\"EntryPoint\",\"urlTemplate\":\"https:\\\/\\\/dogfamily.shop\\\/fi\\\/?s={search_term_string}\"},\"query-input\":{\"@type\":\"PropertyValueSpecification\",\"valueRequired\":true,\"valueName\":\"search_term_string\"}}],\"inLanguage\":\"fi\"},{\"@type\":\"Organization\",\"@id\":\"https:\\\/\\\/dogfamily.shop\\\/fi\\\/#organization\",\"name\":\"Dog Family Shop\",\"url\":\"https:\\\/\\\/dogfamily.shop\\\/fi\\\/\",\"logo\":{\"@type\":\"ImageObject\",\"inLanguage\":\"fi\",\"@id\":\"https:\\\/\\\/dogfamily.shop\\\/fi\\\/#\\\/schema\\\/logo\\\/image\\\/\",\"url\":\"\\\/wp-content\\\/uploads\\\/2023\\\/05\\\/Logo1.png\",\"contentUrl\":\"\\\/wp-content\\\/uploads\\\/2023\\\/05\\\/Logo1.png\",\"width\":800,\"height\":582,\"caption\":\"Dog Family Shop\"},\"image\":{\"@id\":\"https:\\\/\\\/dogfamily.shop\\\/fi\\\/#\\\/schema\\\/logo\\\/image\\\/\"}}]}<\/script>\n<!-- \/ Yoast SEO plugin. -->","yoast_head_json":{"title":"Onnellisen saksanpaimenkoiran is\u00e4, huppari - Dog Family Shop","robots":{"index":"index","follow":"follow","max-snippet":"max-snippet:-1","max-image-preview":"max-image-preview:large","max-video-preview":"max-video-preview:-1"},"canonical":"https:\/\/dogfamily.shop\/fi\/product\/miesten-vaatteet-fi-3\/onnellisen-saksanpaimenkoiran-isa\/","og_locale":"fi_FI","og_type":"article","og_title":"Onnellisen saksanpaimenkoiran is\u00e4, huppari - Dog Family Shop","og_description":"Oletko ylpe\u00e4 koiranomistaja, joka haluaa osoittaa rakkautesi karvaista yst\u00e4v\u00e4\u00e4si kohtaan tyylill\u00e4? \u00c4l\u00e4 etsi kauempaa! Yksinomainen mallistomme tarjoaa t\u00e4ydellisen tilaisuuden juhlistaa sinun ja nelijalkaisen kumppanisi v\u00e4list\u00e4 sidett\u00e4. Huippuluokan vaatteillamme, kuten \"Saksanpaimenkoiran is\u00e4\" -hupparillamme, voit ylpe\u00e4n\u00e4 n\u00e4ytt\u00e4\u00e4 omistautumisesi ja pysy\u00e4 samalla viihtyis\u00e4n\u00e4 ja muodikkaana. Valmistaudu k\u00e4\u00e4nt\u00e4m\u00e4\u00e4n p\u00e4\u00e4t ja saamaan kohteliaisuuksia, kun ulkoilutat saksanpaimenkoiraasi ylpe\u00e4n\u00e4!","og_url":"https:\/\/dogfamily.shop\/fi\/product\/miesten-vaatteet-fi-3\/onnellisen-saksanpaimenkoiran-isa\/","og_site_name":"Dog Family Shop","article_modified_time":"2023-06-04T14:06:17+00:00","og_image":[{"width":1200,"height":1200,"url":"https:\/\/dogfamily.shop\/wp-content\/uploads\/2023\/06\/32910.jpg","type":"image\/jpeg"}],"twitter_card":"summary_large_image","twitter_misc":{"Arvioitu lukuaika":"1 minuutti"},"schema":{"@context":"https:\/\/schema.org","@graph":[{"@type":"WebPage","@id":"https:\/\/dogfamily.shop\/fi\/product\/miesten-vaatteet-fi-3\/onnellisen-saksanpaimenkoiran-isa\/","url":"https:\/\/dogfamily.shop\/fi\/product\/miesten-vaatteet-fi-3\/onnellisen-saksanpaimenkoiran-isa\/","name":"Onnellisen saksanpaimenkoiran is\u00e4, huppari - Dog Family Shop","isPartOf":{"@id":"https:\/\/dogfamily.shop\/fi\/#website"},"primaryImageOfPage":{"@id":"https:\/\/dogfamily.shop\/fi\/product\/miesten-vaatteet-fi-3\/onnellisen-saksanpaimenkoiran-isa\/#primaryimage"},"image":{"@id":"https:\/\/dogfamily.shop\/fi\/product\/miesten-vaatteet-fi-3\/onnellisen-saksanpaimenkoiran-isa\/#primaryimage"},"thumbnailUrl":"https:\/\/dogfamily.shop\/wp-content\/uploads\/2023\/06\/32910.jpg","datePublished":"2023-06-04T13:58:05+00:00","dateModified":"2023-06-04T14:06:17+00:00","breadcrumb":{"@id":"https:\/\/dogfamily.shop\/fi\/product\/miesten-vaatteet-fi-3\/onnellisen-saksanpaimenkoiran-isa\/#breadcrumb"},"inLanguage":"fi","potentialAction":[{"@type":"ReadAction","target":["https:\/\/dogfamily.shop\/fi\/product\/miesten-vaatteet-fi-3\/onnellisen-saksanpaimenkoiran-isa\/"]}]},{"@type":"ImageObject","inLanguage":"fi","@id":"https:\/\/dogfamily.shop\/fi\/product\/miesten-vaatteet-fi-3\/onnellisen-saksanpaimenkoiran-isa\/#primaryimage","url":"https:\/\/dogfamily.shop\/wp-content\/uploads\/2023\/06\/32910.jpg","contentUrl":"https:\/\/dogfamily.shop\/wp-content\/uploads\/2023\/06\/32910.jpg","width":1200,"height":1200},{"@type":"BreadcrumbList","@id":"https:\/\/dogfamily.shop\/fi\/product\/miesten-vaatteet-fi-3\/onnellisen-saksanpaimenkoiran-isa\/#breadcrumb","itemListElement":[{"@type":"ListItem","position":1,"name":"Home","item":"https:\/\/dogfamily.shop\/fi\/"},{"@type":"ListItem","position":2,"name":"Kauppa","item":"https:\/\/dogfamily.shop\/fi\/kauppa\/"},{"@type":"ListItem","position":3,"name":"Onnellisen saksanpaimenkoiran is\u00e4, huppari"}]},{"@type":"WebSite","@id":"https:\/\/dogfamily.shop\/fi\/#website","url":"https:\/\/dogfamily.shop\/fi\/","name":"Dog Family Shop","description":"Everything for dog family, clothes, accessories, bed linen and more","publisher":{"@id":"https:\/\/dogfamily.shop\/fi\/#organization"},"potentialAction":[{"@type":"SearchAction","target":{"@type":"EntryPoint","urlTemplate":"https:\/\/dogfamily.shop\/fi\/?s={search_term_string}"},"query-input":{"@type":"PropertyValueSpecification","valueRequired":true,"valueName":"search_term_string"}}],"inLanguage":"fi"},{"@type":"Organization","@id":"https:\/\/dogfamily.shop\/fi\/#organization","name":"Dog Family Shop","url":"https:\/\/dogfamily.shop\/fi\/","logo":{"@type":"ImageObject","inLanguage":"fi","@id":"https:\/\/dogfamily.shop\/fi\/#\/schema\/logo\/image\/","url":"\/wp-content\/uploads\/2023\/05\/Logo1.png","contentUrl":"\/wp-content\/uploads\/2023\/05\/Logo1.png","width":800,"height":582,"caption":"Dog Family Shop"},"image":{"@id":"https:\/\/dogfamily.shop\/fi\/#\/schema\/logo\/image\/"}}]}},"jetpack_sharing_enabled":true,"_links":{"self":[{"href":"https:\/\/dogfamily.shop\/fi\/wp-json\/wp\/v2\/product\/2814","targetHints":{"allow":["GET"]}}],"collection":[{"href":"https:\/\/dogfamily.shop\/fi\/wp-json\/wp\/v2\/product"}],"about":[{"href":"https:\/\/dogfamily.shop\/fi\/wp-json\/wp\/v2\/types\/product"}],"replies":[{"embeddable":true,"href":"https:\/\/dogfamily.shop\/fi\/wp-json\/wp\/v2\/comments?post=2814"}],"wp:featuredmedia":[{"embeddable":true,"href":"https:\/\/dogfamily.shop\/fi\/wp-json\/wp\/v2\/media\/2812"}],"wp:attachment":[{"href":"https:\/\/dogfamily.shop\/fi\/wp-json\/wp\/v2\/media?parent=2814"}],"wp:term":[{"taxonomy":"product_brand","embeddable":true,"href":"https:\/\/dogfamily.shop\/fi\/wp-json\/wp\/v2\/product_brand?post=2814"},{"taxonomy":"product_cat","embeddable":true,"href":"https:\/\/dogfamily.shop\/fi\/wp-json\/wp\/v2\/product_cat?post=2814"},{"taxonomy":"product_tag","embeddable":true,"href":"https:\/\/dogfamily.shop\/fi\/wp-json\/wp\/v2\/product_tag?post=2814"}],"curies":[{"name":"wp","href":"https:\/\/api.w.org\/{rel}","templated":true}]}}