{"id":2522,"date":"2023-05-17T21:44:56","date_gmt":"2023-05-17T19:44:56","guid":{"rendered":"https:\/\/dogfamily.shop\/product\/Ei-luokiteltu\/kultaisen-noutajan-aiti-huppari\/"},"modified":"2025-05-26T12:42:31","modified_gmt":"2025-05-26T10:42:31","slug":"mom-of-a-golden-retriever-hoodie","status":"publish","type":"product","link":"https:\/\/dogfamily.shop\/fi\/product\/naisten-vaatteet-fi-3\/mom-of-a-golden-retriever-hoodie\/","title":{"rendered":"Kultaisen noutajan \u00e4iti huppari &#8211; Viihtyis\u00e4 koiran \u00e4iti huppari &#8211; Kultainen noutajalahja naisille &#8211; Kultainen noutaja lahja naisille"},"content":{"rendered":"<p class=\"\" data-start=\"577\" data-end=\"1031\">Juhli siteesi kultaista noutajaasi tyylill\u00e4 <em data-start=\"682\" data-end=\"716\">kultaisen noutajan \u00e4iti -hupparissa<\/em>. T\u00e4m\u00e4 huppari on suunniteltu erityisesti koira\u00e4ideille, ja se on t\u00e4ydellinen lahja jokaiselle kultaisen noutajan omistajalle, joka haluaa pysy\u00e4 l\u00e4mpim\u00e4n\u00e4, mukavana ja ylpe\u00e4n\u00e4. Pehme\u00e4st\u00e4, kest\u00e4v\u00e4st\u00e4 puuvillan ja polyesterin sekoitteesta valmistetussa hupparissa on klassinen istuvuus ja rohkea, huomiota her\u00e4tt\u00e4v\u00e4 muotoilu, jonka ansiosta kaikki tiet\u00e4v\u00e4t, ett\u00e4 olet omistautunut kultaisen noutajan \u00e4iti.  <\/p>\n<p class=\"\" data-start=\"1033\" data-end=\"1387\">Olitpa menossa koirapuistoon, hoitamassa asioita tai rentoutumassa kotona, t\u00e4m\u00e4 huppari pit\u00e4\u00e4 sinut l\u00e4mpim\u00e4n\u00e4 ja n\u00e4ytt\u00e4\u00e4 samalla ylpe\u00e4n\u00e4 lemmikkiel\u00e4inten vanhempien ylpeytt\u00e4. Tilava kengurutasku lis\u00e4\u00e4 arkip\u00e4iv\u00e4n mukavuutta, ja v\u00e4riin sopiva kiristysnauha hupussa parantaa modernia ulkoasua. Se on ihanteellinen Golden Retriever -vaatekappale, jonka voit lis\u00e4t\u00e4 koiran\u00e4idin vaatekaappiin.  <\/p>\n<p class=\"\" data-start=\"1389\" data-end=\"1406\"><strong data-start=\"1389\" data-end=\"1406\">T\u00e4rkeimm\u00e4t ominaisuudet:<\/strong><\/p>\n<ul data-start=\"1407\" data-end=\"1728\">\n<li class=\"\" data-start=\"1407\" data-end=\"1457\">\n<p class=\"\" data-start=\"1409\" data-end=\"1457\">Ihanteellinen kultaisennoutajan \u00e4ideille ja koirien yst\u00e4ville<\/p>\n<\/li>\n<li class=\"\" data-start=\"1458\" data-end=\"1515\">\n<p class=\"\" data-start=\"1460\" data-end=\"1515\">Pehme\u00e4, keskiraskas kangas: 50% puuvillaa \/ 50% polyesteri\u00e4<\/p>\n<\/li>\n<li class=\"\" data-start=\"1516\" data-end=\"1563\">\n<p class=\"\" data-start=\"1518\" data-end=\"1563\">L\u00e4mmin ja kodikas istuvuus &#8211; t\u00e4ydellinen koleisiin p\u00e4iviin.<\/p>\n<\/li>\n<li class=\"\" data-start=\"1564\" data-end=\"1610\">\n<p class=\"\" data-start=\"1566\" data-end=\"1610\">Tyylik\u00e4s unisex-malli, jossa on rep\u00e4ist\u00e4v\u00e4 etiketti.<\/p>\n<\/li>\n<li class=\"\" data-start=\"1611\" data-end=\"1660\">\n<p class=\"\" data-start=\"1613\" data-end=\"1660\">Mittatarkka, klassinen istuvuus takaa maksimaalisen mukavuuden.<\/p>\n<\/li>\n<li class=\"\" data-start=\"1661\" data-end=\"1728\">\n<p class=\"\" data-start=\"1663\" data-end=\"1728\">Suuri koira \u00e4iti lahjaidea syntym\u00e4p\u00e4iville, lomille tai vain siksi, ett\u00e4!<\/p>\n<\/li>\n<\/ul>\n<p class=\"\" data-start=\"1730\" data-end=\"1904\">Anna lausuntoa ja pysy mukavana t\u00e4m\u00e4n kultaisen noutajan villapaidan kanssa. Se on enemm\u00e4n kuin pelkk\u00e4 huppari &#8211; se on tapa jakaa rakkautesi nelijalkaista perheenj\u00e4sent\u00e4si kohtaan. <\/p>\n<p data-start=\"1730\" data-end=\"1904\"><strong data-start=\"1906\" data-end=\"1926\">Saatavilla olevat koot:<\/strong> <em data-start=\"1927\" data-end=\"1967\">Katso kokotaulukko t\u00e4ydellisen istuvuuden l\u00f6yt\u00e4miseksi<\/em><\/p>\n<table id=\"size-guide\" style=\"min-width: 360px;\">\n<thead>\n<tr>\n<th style=\"padding: 10px;\"><\/th>\n<th style=\"color: #000000; font-weight: 500; text-align: left; font-size: 15px; padding: 10px;\">S<\/th>\n<th style=\"color: #000000; font-weight: 500; text-align: left; font-size: 15px; padding: 10px;\">M<\/th>\n<th style=\"color: #000000; font-weight: 500; text-align: left; font-size: 15px; padding: 10px;\">L<\/th>\n<th style=\"color: #000000; font-weight: 500; text-align: left; font-size: 15px; padding: 10px;\">XL<\/th>\n<th style=\"color: #000000; font-weight: 500; text-align: left; font-size: 15px; padding: 10px;\">2XL<\/th>\n<\/tr>\n<\/thead>\n<tbody>\n<tr>\n<td style=\"padding: 10px; color: #525252; font-size: 15px; border-top: 1px solid #ededed;\">Leveys, cm<\/td>\n<td style=\"padding: 10px; color: #525252; font-size: 15px; border-top: 1px solid #ededed;\">51.00<\/td>\n<td style=\"padding: 10px; color: #525252; font-size: 15px; border-top: 1px solid #ededed;\">56.00<\/td>\n<td style=\"padding: 10px; color: #525252; font-size: 15px; border-top: 1px solid #ededed;\">61.00<\/td>\n<td style=\"padding: 10px; color: #525252; font-size: 15px; border-top: 1px solid #ededed;\">66.00<\/td>\n<td style=\"padding: 10px; color: #525252; font-size: 15px; border-top: 1px solid #ededed;\">71.10<\/td>\n<\/tr>\n<tr>\n<td style=\"padding: 10px; color: #525252; font-size: 15px; border-top: 1px solid #ededed;\">Pituus, cm<\/td>\n<td style=\"padding: 10px; color: #525252; font-size: 15px; border-top: 1px solid #ededed;\">69.00<\/td>\n<td style=\"padding: 10px; color: #525252; font-size: 15px; border-top: 1px solid #ededed;\">71.00<\/td>\n<td style=\"padding: 10px; color: #525252; font-size: 15px; border-top: 1px solid #ededed;\">74.00<\/td>\n<td style=\"padding: 10px; color: #525252; font-size: 15px; border-top: 1px solid #ededed;\">76.00<\/td>\n<td style=\"padding: 10px; color: #525252; font-size: 15px; border-top: 1px solid #ededed;\">79.00<\/td>\n<\/tr>\n<tr>\n<td style=\"padding: 10px; color: #525252; font-size: 15px; border-top: 1px solid #ededed;\">Hihan pituus keskelt\u00e4 selk\u00e4\u00e4, cm<\/td>\n<td style=\"padding: 10px; color: #525252; font-size: 15px; border-top: 1px solid #ededed;\">85.09<\/td>\n<td style=\"padding: 10px; color: #525252; font-size: 15px; border-top: 1px solid #ededed;\">87.63<\/td>\n<td style=\"padding: 10px; color: #525252; font-size: 15px; border-top: 1px solid #ededed;\">90.17<\/td>\n<td style=\"padding: 10px; color: #525252; font-size: 15px; border-top: 1px solid #ededed;\">92.71<\/td>\n<td style=\"padding: 10px; color: #525252; font-size: 15px; border-top: 1px solid #ededed;\">95.25<\/td>\n<\/tr>\n<\/tbody>\n<\/table>\n<p>&nbsp;<\/p>\n","protected":false},"excerpt":{"rendered":"<p>Mom of a Golden Retriever -huppari on tyylik\u00e4s ja mukava vaate, joka on suunniteltu ylpeille koiranomistajille. Se on valmistettu korkealaatuisista materiaaleista, ja siin\u00e4 on trendik\u00e4s muotoilu, joka osoittaa rakkautesi kultaisia noutajia kohtaan. Kodikkaan sisustuksensa ja huomiota her\u00e4tt\u00e4v\u00e4n estetiikkansa ansiosta t\u00e4m\u00e4 huppari on t\u00e4ydellinen tapa ilmaista omistautumisesi karvaiselle yst\u00e4v\u00e4llesi.<\/p>\n","protected":false},"featured_media":2691,"comment_status":"open","ping_status":"closed","template":"","meta":{"_monsterinsights_skip_tracking":false,"_monsterinsights_sitenote_active":false,"_monsterinsights_sitenote_note":"","_monsterinsights_sitenote_category":0},"product_brand":[],"product_cat":[131,98],"product_tag":[49,47,50,70,66,133,48],"class_list":{"0":"post-2522","1":"product","2":"type-product","3":"status-publish","4":"has-post-thumbnail","6":"product_cat-kultainennoutaja","7":"product_cat-naisten-vaatteet-fi-3","8":"product_tag-elainten-ystava","9":"product_tag-huppari","10":"product_tag-koiran-aiti","11":"product_tag-koiranomistaja","12":"product_tag-koiranomistajan-lahja","13":"product_tag-kultainennoutaja","14":"product_tag-onnellinen","16":"first","17":"instock","18":"taxable","19":"shipping-taxable","20":"purchasable","21":"product-type-variable","22":"has-default-attributes"},"yoast_head":"<!-- This site is optimized with the Yoast SEO plugin v27.4 - https:\/\/yoast.com\/product\/yoast-seo-wordpress\/ -->\n<title>Kultaisen noutajan \u00e4iti huppari - Viihtyis\u00e4 koiran \u00e4iti huppari - Kultainen noutajalahja naisille - Kultainen noutaja lahja naisille - Dog Family Shop<\/title>\n<meta name=\"description\" content=\"Mom of a Golden Retriever -huppari on tyylik\u00e4s ja mukava vaate, joka on suunniteltu ylpeille koiranomistajille. Valmistettu ensiluokkaisista materiaaleista.N\u00e4yt\u00e4 rakkautesi karvaista yst\u00e4v\u00e4\u00e4si kohtaan kultaisen noutajan \u00e4iti -hupparilla. T\u00e4m\u00e4 kodikas koira\u00e4idin huppari on t\u00e4ydellinen kultainennoutajalahja naisille. Pehme\u00e4, l\u00e4mmin ja tyylik\u00e4s - ihanteellinen ylpeille lemmikkiel\u00e4inten vanhemmille!\" \/>\n<meta name=\"robots\" content=\"index, follow, max-snippet:-1, max-image-preview:large, max-video-preview:-1\" \/>\n<link rel=\"canonical\" href=\"https:\/\/dogfamily.shop\/fi\/product\/naisten-vaatteet-fi-3\/mom-of-a-golden-retriever-hoodie\/\" \/>\n<meta property=\"og:locale\" content=\"fi_FI\" \/>\n<meta property=\"og:type\" content=\"article\" \/>\n<meta property=\"og:title\" content=\"Kultaisen noutajan \u00e4iti huppari - Viihtyis\u00e4 koiran \u00e4iti huppari - Kultainen noutajalahja naisille - Kultainen noutaja lahja naisille - Dog Family Shop\" \/>\n<meta property=\"og:description\" content=\"Mom of a Golden Retriever -huppari on tyylik\u00e4s ja mukava vaate, joka on suunniteltu ylpeille koiranomistajille. Valmistettu ensiluokkaisista materiaaleista.N\u00e4yt\u00e4 rakkautesi karvaista yst\u00e4v\u00e4\u00e4si kohtaan kultaisen noutajan \u00e4iti -hupparilla. T\u00e4m\u00e4 kodikas koira\u00e4idin huppari on t\u00e4ydellinen kultainennoutajalahja naisille. Pehme\u00e4, l\u00e4mmin ja tyylik\u00e4s - ihanteellinen ylpeille lemmikkiel\u00e4inten vanhemmille!\" \/>\n<meta property=\"og:url\" content=\"https:\/\/dogfamily.shop\/fi\/product\/naisten-vaatteet-fi-3\/mom-of-a-golden-retriever-hoodie\/\" \/>\n<meta property=\"og:site_name\" content=\"Dog Family Shop\" \/>\n<meta property=\"article:modified_time\" content=\"2025-05-26T10:42:31+00:00\" \/>\n<meta property=\"og:image\" content=\"https:\/\/dogfamily.shop\/wp-content\/uploads\/2023\/05\/42148-9.jpg\" \/>\n\t<meta property=\"og:image:width\" content=\"1200\" \/>\n\t<meta property=\"og:image:height\" content=\"1200\" \/>\n\t<meta property=\"og:image:type\" content=\"image\/jpeg\" \/>\n<meta name=\"twitter:card\" content=\"summary_large_image\" \/>\n<meta name=\"twitter:label1\" content=\"Arvioitu lukuaika\" \/>\n\t<meta name=\"twitter:data1\" content=\"1 minuutti\" \/>\n<script type=\"application\/ld+json\" class=\"yoast-schema-graph\">{\"@context\":\"https:\\\/\\\/schema.org\",\"@graph\":[{\"@type\":\"WebPage\",\"@id\":\"https:\\\/\\\/dogfamily.shop\\\/fi\\\/product\\\/naisten-vaatteet-fi-3\\\/mom-of-a-golden-retriever-hoodie\\\/\",\"url\":\"https:\\\/\\\/dogfamily.shop\\\/fi\\\/product\\\/naisten-vaatteet-fi-3\\\/mom-of-a-golden-retriever-hoodie\\\/\",\"name\":\"Kultaisen noutajan \u00e4iti huppari - Viihtyis\u00e4 koiran \u00e4iti huppari - Kultainen noutajalahja naisille - Kultainen noutaja lahja naisille - Dog Family Shop\",\"isPartOf\":{\"@id\":\"https:\\\/\\\/dogfamily.shop\\\/fi\\\/#website\"},\"primaryImageOfPage\":{\"@id\":\"https:\\\/\\\/dogfamily.shop\\\/fi\\\/product\\\/naisten-vaatteet-fi-3\\\/mom-of-a-golden-retriever-hoodie\\\/#primaryimage\"},\"image\":{\"@id\":\"https:\\\/\\\/dogfamily.shop\\\/fi\\\/product\\\/naisten-vaatteet-fi-3\\\/mom-of-a-golden-retriever-hoodie\\\/#primaryimage\"},\"thumbnailUrl\":\"https:\\\/\\\/dogfamily.shop\\\/wp-content\\\/uploads\\\/2023\\\/05\\\/42148-9.jpg\",\"datePublished\":\"2023-05-17T19:44:56+00:00\",\"dateModified\":\"2025-05-26T10:42:31+00:00\",\"description\":\"Mom of a Golden Retriever -huppari on tyylik\u00e4s ja mukava vaate, joka on suunniteltu ylpeille koiranomistajille. Valmistettu ensiluokkaisista materiaaleista.N\u00e4yt\u00e4 rakkautesi karvaista yst\u00e4v\u00e4\u00e4si kohtaan kultaisen noutajan \u00e4iti -hupparilla. T\u00e4m\u00e4 kodikas koira\u00e4idin huppari on t\u00e4ydellinen kultainennoutajalahja naisille. Pehme\u00e4, l\u00e4mmin ja tyylik\u00e4s - ihanteellinen ylpeille lemmikkiel\u00e4inten vanhemmille!\",\"breadcrumb\":{\"@id\":\"https:\\\/\\\/dogfamily.shop\\\/fi\\\/product\\\/naisten-vaatteet-fi-3\\\/mom-of-a-golden-retriever-hoodie\\\/#breadcrumb\"},\"inLanguage\":\"fi\",\"potentialAction\":[{\"@type\":\"ReadAction\",\"target\":[\"https:\\\/\\\/dogfamily.shop\\\/fi\\\/product\\\/naisten-vaatteet-fi-3\\\/mom-of-a-golden-retriever-hoodie\\\/\"]}]},{\"@type\":\"ImageObject\",\"inLanguage\":\"fi\",\"@id\":\"https:\\\/\\\/dogfamily.shop\\\/fi\\\/product\\\/naisten-vaatteet-fi-3\\\/mom-of-a-golden-retriever-hoodie\\\/#primaryimage\",\"url\":\"https:\\\/\\\/dogfamily.shop\\\/wp-content\\\/uploads\\\/2023\\\/05\\\/42148-9.jpg\",\"contentUrl\":\"https:\\\/\\\/dogfamily.shop\\\/wp-content\\\/uploads\\\/2023\\\/05\\\/42148-9.jpg\",\"width\":1200,\"height\":1200},{\"@type\":\"BreadcrumbList\",\"@id\":\"https:\\\/\\\/dogfamily.shop\\\/fi\\\/product\\\/naisten-vaatteet-fi-3\\\/mom-of-a-golden-retriever-hoodie\\\/#breadcrumb\",\"itemListElement\":[{\"@type\":\"ListItem\",\"position\":1,\"name\":\"Home\",\"item\":\"https:\\\/\\\/dogfamily.shop\\\/fi\\\/\"},{\"@type\":\"ListItem\",\"position\":2,\"name\":\"Kauppa\",\"item\":\"https:\\\/\\\/dogfamily.shop\\\/fi\\\/kauppa\\\/\"},{\"@type\":\"ListItem\",\"position\":3,\"name\":\"Kultaisen noutajan \u00e4iti huppari &#8211; Viihtyis\u00e4 koiran \u00e4iti huppari &#8211; Kultainen noutajalahja naisille &#8211; Kultainen noutaja lahja naisille\"}]},{\"@type\":\"WebSite\",\"@id\":\"https:\\\/\\\/dogfamily.shop\\\/fi\\\/#website\",\"url\":\"https:\\\/\\\/dogfamily.shop\\\/fi\\\/\",\"name\":\"Dog Family Shop\",\"description\":\"Everything for dog family, clothes, accessories, bed linen and more\",\"publisher\":{\"@id\":\"https:\\\/\\\/dogfamily.shop\\\/fi\\\/#organization\"},\"potentialAction\":[{\"@type\":\"SearchAction\",\"target\":{\"@type\":\"EntryPoint\",\"urlTemplate\":\"https:\\\/\\\/dogfamily.shop\\\/fi\\\/?s={search_term_string}\"},\"query-input\":{\"@type\":\"PropertyValueSpecification\",\"valueRequired\":true,\"valueName\":\"search_term_string\"}}],\"inLanguage\":\"fi\"},{\"@type\":\"Organization\",\"@id\":\"https:\\\/\\\/dogfamily.shop\\\/fi\\\/#organization\",\"name\":\"Dog Family Shop\",\"url\":\"https:\\\/\\\/dogfamily.shop\\\/fi\\\/\",\"logo\":{\"@type\":\"ImageObject\",\"inLanguage\":\"fi\",\"@id\":\"https:\\\/\\\/dogfamily.shop\\\/fi\\\/#\\\/schema\\\/logo\\\/image\\\/\",\"url\":\"\\\/wp-content\\\/uploads\\\/2023\\\/05\\\/Logo1.png\",\"contentUrl\":\"\\\/wp-content\\\/uploads\\\/2023\\\/05\\\/Logo1.png\",\"width\":800,\"height\":582,\"caption\":\"Dog Family Shop\"},\"image\":{\"@id\":\"https:\\\/\\\/dogfamily.shop\\\/fi\\\/#\\\/schema\\\/logo\\\/image\\\/\"}}]}<\/script>\n<!-- \/ Yoast SEO plugin. -->","yoast_head_json":{"title":"Kultaisen noutajan \u00e4iti huppari - Viihtyis\u00e4 koiran \u00e4iti huppari - Kultainen noutajalahja naisille - Kultainen noutaja lahja naisille - Dog Family Shop","description":"Mom of a Golden Retriever -huppari on tyylik\u00e4s ja mukava vaate, joka on suunniteltu ylpeille koiranomistajille. Valmistettu ensiluokkaisista materiaaleista.N\u00e4yt\u00e4 rakkautesi karvaista yst\u00e4v\u00e4\u00e4si kohtaan kultaisen noutajan \u00e4iti -hupparilla. T\u00e4m\u00e4 kodikas koira\u00e4idin huppari on t\u00e4ydellinen kultainennoutajalahja naisille. Pehme\u00e4, l\u00e4mmin ja tyylik\u00e4s - ihanteellinen ylpeille lemmikkiel\u00e4inten vanhemmille!","robots":{"index":"index","follow":"follow","max-snippet":"max-snippet:-1","max-image-preview":"max-image-preview:large","max-video-preview":"max-video-preview:-1"},"canonical":"https:\/\/dogfamily.shop\/fi\/product\/naisten-vaatteet-fi-3\/mom-of-a-golden-retriever-hoodie\/","og_locale":"fi_FI","og_type":"article","og_title":"Kultaisen noutajan \u00e4iti huppari - Viihtyis\u00e4 koiran \u00e4iti huppari - Kultainen noutajalahja naisille - Kultainen noutaja lahja naisille - Dog Family Shop","og_description":"Mom of a Golden Retriever -huppari on tyylik\u00e4s ja mukava vaate, joka on suunniteltu ylpeille koiranomistajille. Valmistettu ensiluokkaisista materiaaleista.N\u00e4yt\u00e4 rakkautesi karvaista yst\u00e4v\u00e4\u00e4si kohtaan kultaisen noutajan \u00e4iti -hupparilla. T\u00e4m\u00e4 kodikas koira\u00e4idin huppari on t\u00e4ydellinen kultainennoutajalahja naisille. Pehme\u00e4, l\u00e4mmin ja tyylik\u00e4s - ihanteellinen ylpeille lemmikkiel\u00e4inten vanhemmille!","og_url":"https:\/\/dogfamily.shop\/fi\/product\/naisten-vaatteet-fi-3\/mom-of-a-golden-retriever-hoodie\/","og_site_name":"Dog Family Shop","article_modified_time":"2025-05-26T10:42:31+00:00","og_image":[{"width":1200,"height":1200,"url":"https:\/\/dogfamily.shop\/wp-content\/uploads\/2023\/05\/42148-9.jpg","type":"image\/jpeg"}],"twitter_card":"summary_large_image","twitter_misc":{"Arvioitu lukuaika":"1 minuutti"},"schema":{"@context":"https:\/\/schema.org","@graph":[{"@type":"WebPage","@id":"https:\/\/dogfamily.shop\/fi\/product\/naisten-vaatteet-fi-3\/mom-of-a-golden-retriever-hoodie\/","url":"https:\/\/dogfamily.shop\/fi\/product\/naisten-vaatteet-fi-3\/mom-of-a-golden-retriever-hoodie\/","name":"Kultaisen noutajan \u00e4iti huppari - Viihtyis\u00e4 koiran \u00e4iti huppari - Kultainen noutajalahja naisille - Kultainen noutaja lahja naisille - Dog Family Shop","isPartOf":{"@id":"https:\/\/dogfamily.shop\/fi\/#website"},"primaryImageOfPage":{"@id":"https:\/\/dogfamily.shop\/fi\/product\/naisten-vaatteet-fi-3\/mom-of-a-golden-retriever-hoodie\/#primaryimage"},"image":{"@id":"https:\/\/dogfamily.shop\/fi\/product\/naisten-vaatteet-fi-3\/mom-of-a-golden-retriever-hoodie\/#primaryimage"},"thumbnailUrl":"https:\/\/dogfamily.shop\/wp-content\/uploads\/2023\/05\/42148-9.jpg","datePublished":"2023-05-17T19:44:56+00:00","dateModified":"2025-05-26T10:42:31+00:00","description":"Mom of a Golden Retriever -huppari on tyylik\u00e4s ja mukava vaate, joka on suunniteltu ylpeille koiranomistajille. Valmistettu ensiluokkaisista materiaaleista.N\u00e4yt\u00e4 rakkautesi karvaista yst\u00e4v\u00e4\u00e4si kohtaan kultaisen noutajan \u00e4iti -hupparilla. T\u00e4m\u00e4 kodikas koira\u00e4idin huppari on t\u00e4ydellinen kultainennoutajalahja naisille. Pehme\u00e4, l\u00e4mmin ja tyylik\u00e4s - ihanteellinen ylpeille lemmikkiel\u00e4inten vanhemmille!","breadcrumb":{"@id":"https:\/\/dogfamily.shop\/fi\/product\/naisten-vaatteet-fi-3\/mom-of-a-golden-retriever-hoodie\/#breadcrumb"},"inLanguage":"fi","potentialAction":[{"@type":"ReadAction","target":["https:\/\/dogfamily.shop\/fi\/product\/naisten-vaatteet-fi-3\/mom-of-a-golden-retriever-hoodie\/"]}]},{"@type":"ImageObject","inLanguage":"fi","@id":"https:\/\/dogfamily.shop\/fi\/product\/naisten-vaatteet-fi-3\/mom-of-a-golden-retriever-hoodie\/#primaryimage","url":"https:\/\/dogfamily.shop\/wp-content\/uploads\/2023\/05\/42148-9.jpg","contentUrl":"https:\/\/dogfamily.shop\/wp-content\/uploads\/2023\/05\/42148-9.jpg","width":1200,"height":1200},{"@type":"BreadcrumbList","@id":"https:\/\/dogfamily.shop\/fi\/product\/naisten-vaatteet-fi-3\/mom-of-a-golden-retriever-hoodie\/#breadcrumb","itemListElement":[{"@type":"ListItem","position":1,"name":"Home","item":"https:\/\/dogfamily.shop\/fi\/"},{"@type":"ListItem","position":2,"name":"Kauppa","item":"https:\/\/dogfamily.shop\/fi\/kauppa\/"},{"@type":"ListItem","position":3,"name":"Kultaisen noutajan \u00e4iti huppari &#8211; Viihtyis\u00e4 koiran \u00e4iti huppari &#8211; Kultainen noutajalahja naisille &#8211; Kultainen noutaja lahja naisille"}]},{"@type":"WebSite","@id":"https:\/\/dogfamily.shop\/fi\/#website","url":"https:\/\/dogfamily.shop\/fi\/","name":"Dog Family Shop","description":"Everything for dog family, clothes, accessories, bed linen and more","publisher":{"@id":"https:\/\/dogfamily.shop\/fi\/#organization"},"potentialAction":[{"@type":"SearchAction","target":{"@type":"EntryPoint","urlTemplate":"https:\/\/dogfamily.shop\/fi\/?s={search_term_string}"},"query-input":{"@type":"PropertyValueSpecification","valueRequired":true,"valueName":"search_term_string"}}],"inLanguage":"fi"},{"@type":"Organization","@id":"https:\/\/dogfamily.shop\/fi\/#organization","name":"Dog Family Shop","url":"https:\/\/dogfamily.shop\/fi\/","logo":{"@type":"ImageObject","inLanguage":"fi","@id":"https:\/\/dogfamily.shop\/fi\/#\/schema\/logo\/image\/","url":"\/wp-content\/uploads\/2023\/05\/Logo1.png","contentUrl":"\/wp-content\/uploads\/2023\/05\/Logo1.png","width":800,"height":582,"caption":"Dog Family Shop"},"image":{"@id":"https:\/\/dogfamily.shop\/fi\/#\/schema\/logo\/image\/"}}]}},"jetpack_sharing_enabled":true,"_links":{"self":[{"href":"https:\/\/dogfamily.shop\/fi\/wp-json\/wp\/v2\/product\/2522","targetHints":{"allow":["GET"]}}],"collection":[{"href":"https:\/\/dogfamily.shop\/fi\/wp-json\/wp\/v2\/product"}],"about":[{"href":"https:\/\/dogfamily.shop\/fi\/wp-json\/wp\/v2\/types\/product"}],"replies":[{"embeddable":true,"href":"https:\/\/dogfamily.shop\/fi\/wp-json\/wp\/v2\/comments?post=2522"}],"wp:featuredmedia":[{"embeddable":true,"href":"https:\/\/dogfamily.shop\/fi\/wp-json\/wp\/v2\/media\/2691"}],"wp:attachment":[{"href":"https:\/\/dogfamily.shop\/fi\/wp-json\/wp\/v2\/media?parent=2522"}],"wp:term":[{"taxonomy":"product_brand","embeddable":true,"href":"https:\/\/dogfamily.shop\/fi\/wp-json\/wp\/v2\/product_brand?post=2522"},{"taxonomy":"product_cat","embeddable":true,"href":"https:\/\/dogfamily.shop\/fi\/wp-json\/wp\/v2\/product_cat?post=2522"},{"taxonomy":"product_tag","embeddable":true,"href":"https:\/\/dogfamily.shop\/fi\/wp-json\/wp\/v2\/product_tag?post=2522"}],"curies":[{"name":"wp","href":"https:\/\/api.w.org\/{rel}","templated":true}]}}