{"id":2436,"date":"2023-05-17T21:40:32","date_gmt":"2023-05-17T19:40:32","guid":{"rendered":"https:\/\/dogfamily.shop\/product\/Ei-luokiteltu\/kultaisen-noutajan-isa-huppari\/"},"modified":"2023-05-17T21:53:49","modified_gmt":"2023-05-17T19:53:49","slug":"kultaisen-retrieverin-hupparin-isa","status":"publish","type":"product","link":"https:\/\/dogfamily.shop\/fi\/product\/miesten-vaatteet-fi-3\/kultaisen-retrieverin-hupparin-isa\/","title":{"rendered":"Onnellisen kultaisennoutajan is\u00e4, huppari"},"content":{"rendered":"<p>L\u00f6yd\u00e4 paras &#8217;kultaisen noutajan is\u00e4&#8217; huppari ylpeille koiranomistajille. N\u00e4yt\u00e4 rakkautesi t\u00e4n\u00e4\u00e4n! Korosta tyyli\u00e4si ja ilmaise omistautumistasi premium-luokan &#8217;kultaisen noutajan is\u00e4&#8217; -hupparilla. Se on valmistettu korkealaatuisista materiaaleista, ja siin\u00e4 yhdistyv\u00e4t muoti ja intohimo saumattomasti. Ole ylpe\u00e4 kultainen noutajais\u00e4 ja erotu joukosta!<\/p>\n<p>Osta uusin &#8217;Kultaisen noutajan is\u00e4&#8217; hupparimallisto. Laatua ja tyyli\u00e4 yhdess\u00e4! Astu valokeilaan yksinoikeudella valmistetun &#8217;kultaisen noutajan is\u00e4&#8217; -hupparin kanssa. Se on suunniteltu ylpeille koiranomistajille, ja se tarjoaa \u00e4\u00e4rimm\u00e4ist\u00e4 mukavuutta ja pitk\u00e4ik\u00e4ist\u00e4 laatua. Esittele joukkovelkakirjasi tyylill\u00e4. Osta nyt!<\/p>\n<table id=\"size-guide\" style=\"min-width: 360px;\">\n<thead>\n<tr>\n<th style=\"padding: 10px;\"><\/th>\n<th style=\"color: #000000; font-weight: 500; text-align: left; font-size: 15px; padding: 10px;\">S<\/th>\n<th style=\"color: #000000; font-weight: 500; text-align: left; font-size: 15px; padding: 10px;\">M<\/th>\n<th style=\"color: #000000; font-weight: 500; text-align: left; font-size: 15px; padding: 10px;\">L<\/th>\n<th style=\"color: #000000; font-weight: 500; text-align: left; font-size: 15px; padding: 10px;\">XL<\/th>\n<th style=\"color: #000000; font-weight: 500; text-align: left; font-size: 15px; padding: 10px;\">2XL<\/th>\n<\/tr>\n<\/thead>\n<tbody>\n<tr>\n<td style=\"padding: 10px; color: #525252; font-size: 15px; border-top: 1px solid #ededed;\">Leveys, cm<\/td>\n<td style=\"padding: 10px; color: #525252; font-size: 15px; border-top: 1px solid #ededed;\">51.00<\/td>\n<td style=\"padding: 10px; color: #525252; font-size: 15px; border-top: 1px solid #ededed;\">56.00<\/td>\n<td style=\"padding: 10px; color: #525252; font-size: 15px; border-top: 1px solid #ededed;\">61.00<\/td>\n<td style=\"padding: 10px; color: #525252; font-size: 15px; border-top: 1px solid #ededed;\">66.00<\/td>\n<td style=\"padding: 10px; color: #525252; font-size: 15px; border-top: 1px solid #ededed;\">71.10<\/td>\n<\/tr>\n<tr>\n<td style=\"padding: 10px; color: #525252; font-size: 15px; border-top: 1px solid #ededed;\">Pituus, cm<\/td>\n<td style=\"padding: 10px; color: #525252; font-size: 15px; border-top: 1px solid #ededed;\">69.00<\/td>\n<td style=\"padding: 10px; color: #525252; font-size: 15px; border-top: 1px solid #ededed;\">71.00<\/td>\n<td style=\"padding: 10px; color: #525252; font-size: 15px; border-top: 1px solid #ededed;\">74.00<\/td>\n<td style=\"padding: 10px; color: #525252; font-size: 15px; border-top: 1px solid #ededed;\">76.00<\/td>\n<td style=\"padding: 10px; color: #525252; font-size: 15px; border-top: 1px solid #ededed;\">79.00<\/td>\n<\/tr>\n<tr>\n<td style=\"padding: 10px; color: #525252; font-size: 15px; border-top: 1px solid #ededed;\">Hihan pituus keskelt\u00e4 selk\u00e4\u00e4, cm<\/td>\n<td style=\"padding: 10px; color: #525252; font-size: 15px; border-top: 1px solid #ededed;\">85.09<\/td>\n<td style=\"padding: 10px; color: #525252; font-size: 15px; border-top: 1px solid #ededed;\">87.63<\/td>\n<td style=\"padding: 10px; color: #525252; font-size: 15px; border-top: 1px solid #ededed;\">90.17<\/td>\n<td style=\"padding: 10px; color: #525252; font-size: 15px; border-top: 1px solid #ededed;\">92.71<\/td>\n<td style=\"padding: 10px; color: #525252; font-size: 15px; border-top: 1px solid #ededed;\">95.25<\/td>\n<\/tr>\n<\/tbody>\n<\/table>\n<p>Valmistettu paksusta puuvillan ja polyesterin sekoituksesta, joten se tuntuu muhkealta, pehme\u00e4lt\u00e4 ja l\u00e4mpim\u00e4lt\u00e4 ja on t\u00e4ydellinen valinta viileisiin p\u00e4iviin. Edess\u00e4 oleva tilava kengurutasku lis\u00e4\u00e4 k\u00e4yt\u00e4nn\u00f6llisyytt\u00e4, ja hupun kiristysnauha on samanv\u00e4rinen kuin peruspusero, mik\u00e4 tuo lis\u00e4\u00e4 tyylipisteit\u00e4.<\/p>\n<ul>\n<li>50% puuvillaa, 50% polyesteri\u00e4 (kuitupitoisuus voi vaihdella eri v\u00e4reiss\u00e4).<\/li>\n<li>Keskiraskas kangas (8,0 oz\/yd\u00b2 (271 g\/m\u00b2)).<\/li>\n<li>Klassinen istuvuus<\/li>\n<li>Irrotettava etiketti<\/li>\n<li>Pit\u00e4\u00e4 kokonsa<\/li>\n<\/ul>\n","protected":false},"excerpt":{"rendered":"<p>Kultaisen noutajan is\u00e4, huppari&#8217; on ylpeiden koiranomistajien ehdoton hankinta. T\u00e4m\u00e4n mukavan ja tyylikk\u00e4\u00e4n hupparin avulla voit osoittaa rakkautesi ja omistautumisesi kultaista noutajaasi kohtaan muodikkaalla tavalla.<\/p>\n","protected":false},"featured_media":2637,"comment_status":"open","ping_status":"closed","template":"","meta":{"_monsterinsights_skip_tracking":false,"_monsterinsights_sitenote_active":false,"_monsterinsights_sitenote_note":"","_monsterinsights_sitenote_category":0},"product_brand":[],"product_cat":[131,99],"product_tag":[49,47,52,70,66,133,48],"class_list":{"0":"post-2436","1":"product","2":"type-product","3":"status-publish","4":"has-post-thumbnail","6":"product_cat-kultainennoutaja","7":"product_cat-miesten-vaatteet-fi-3","8":"product_tag-elainten-ystava","9":"product_tag-huppari","10":"product_tag-koiran-isa","11":"product_tag-koiranomistaja","12":"product_tag-koiranomistajan-lahja","13":"product_tag-kultainennoutaja","14":"product_tag-onnellinen","16":"first","17":"instock","18":"taxable","19":"shipping-taxable","20":"purchasable","21":"product-type-variable","22":"has-default-attributes"},"yoast_head":"<!-- This site is optimized with the Yoast SEO plugin v27.4 - https:\/\/yoast.com\/product\/yoast-seo-wordpress\/ -->\n<title>Onnellisen kultaisennoutajan is\u00e4, huppari - Dog Family Shop<\/title>\n<meta name=\"description\" content=\"L\u00f6yd\u00e4 paras &#039;kultaisen noutajan is\u00e4&#039; huppari ylpeille koiranomistajille. N\u00e4yt\u00e4 rakkautesi t\u00e4n\u00e4\u00e4n!\" \/>\n<meta name=\"robots\" content=\"index, follow, max-snippet:-1, max-image-preview:large, max-video-preview:-1\" \/>\n<link rel=\"canonical\" href=\"https:\/\/dogfamily.shop\/fi\/product\/miesten-vaatteet-fi-3\/kultaisen-retrieverin-hupparin-isa\/\" \/>\n<meta property=\"og:locale\" content=\"fi_FI\" \/>\n<meta property=\"og:type\" content=\"article\" \/>\n<meta property=\"og:title\" content=\"Onnellisen kultaisennoutajan is\u00e4, huppari - Dog Family Shop\" \/>\n<meta property=\"og:description\" content=\"L\u00f6yd\u00e4 paras &#039;kultaisen noutajan is\u00e4&#039; huppari ylpeille koiranomistajille. N\u00e4yt\u00e4 rakkautesi t\u00e4n\u00e4\u00e4n!\" \/>\n<meta property=\"og:url\" content=\"https:\/\/dogfamily.shop\/fi\/product\/miesten-vaatteet-fi-3\/kultaisen-retrieverin-hupparin-isa\/\" \/>\n<meta property=\"og:site_name\" content=\"Dog Family Shop\" \/>\n<meta property=\"article:modified_time\" content=\"2023-05-17T19:53:49+00:00\" \/>\n<meta property=\"og:image\" content=\"https:\/\/dogfamily.shop\/wp-content\/uploads\/2023\/05\/32910-18.jpg\" \/>\n\t<meta property=\"og:image:width\" content=\"1200\" \/>\n\t<meta property=\"og:image:height\" content=\"1200\" \/>\n\t<meta property=\"og:image:type\" content=\"image\/jpeg\" \/>\n<meta name=\"twitter:card\" content=\"summary_large_image\" \/>\n<meta name=\"twitter:label1\" content=\"Arvioitu lukuaika\" \/>\n\t<meta name=\"twitter:data1\" content=\"1 minuutti\" \/>\n<script type=\"application\/ld+json\" class=\"yoast-schema-graph\">{\"@context\":\"https:\\\/\\\/schema.org\",\"@graph\":[{\"@type\":\"WebPage\",\"@id\":\"https:\\\/\\\/dogfamily.shop\\\/fi\\\/product\\\/miesten-vaatteet-fi-3\\\/kultaisen-retrieverin-hupparin-isa\\\/\",\"url\":\"https:\\\/\\\/dogfamily.shop\\\/fi\\\/product\\\/miesten-vaatteet-fi-3\\\/kultaisen-retrieverin-hupparin-isa\\\/\",\"name\":\"Onnellisen kultaisennoutajan is\u00e4, huppari - Dog Family Shop\",\"isPartOf\":{\"@id\":\"https:\\\/\\\/dogfamily.shop\\\/fi\\\/#website\"},\"primaryImageOfPage\":{\"@id\":\"https:\\\/\\\/dogfamily.shop\\\/fi\\\/product\\\/miesten-vaatteet-fi-3\\\/kultaisen-retrieverin-hupparin-isa\\\/#primaryimage\"},\"image\":{\"@id\":\"https:\\\/\\\/dogfamily.shop\\\/fi\\\/product\\\/miesten-vaatteet-fi-3\\\/kultaisen-retrieverin-hupparin-isa\\\/#primaryimage\"},\"thumbnailUrl\":\"https:\\\/\\\/dogfamily.shop\\\/wp-content\\\/uploads\\\/2023\\\/05\\\/32910-18.jpg\",\"datePublished\":\"2023-05-17T19:40:32+00:00\",\"dateModified\":\"2023-05-17T19:53:49+00:00\",\"description\":\"L\u00f6yd\u00e4 paras 'kultaisen noutajan is\u00e4' huppari ylpeille koiranomistajille. N\u00e4yt\u00e4 rakkautesi t\u00e4n\u00e4\u00e4n!\",\"breadcrumb\":{\"@id\":\"https:\\\/\\\/dogfamily.shop\\\/fi\\\/product\\\/miesten-vaatteet-fi-3\\\/kultaisen-retrieverin-hupparin-isa\\\/#breadcrumb\"},\"inLanguage\":\"fi\",\"potentialAction\":[{\"@type\":\"ReadAction\",\"target\":[\"https:\\\/\\\/dogfamily.shop\\\/fi\\\/product\\\/miesten-vaatteet-fi-3\\\/kultaisen-retrieverin-hupparin-isa\\\/\"]}]},{\"@type\":\"ImageObject\",\"inLanguage\":\"fi\",\"@id\":\"https:\\\/\\\/dogfamily.shop\\\/fi\\\/product\\\/miesten-vaatteet-fi-3\\\/kultaisen-retrieverin-hupparin-isa\\\/#primaryimage\",\"url\":\"https:\\\/\\\/dogfamily.shop\\\/wp-content\\\/uploads\\\/2023\\\/05\\\/32910-18.jpg\",\"contentUrl\":\"https:\\\/\\\/dogfamily.shop\\\/wp-content\\\/uploads\\\/2023\\\/05\\\/32910-18.jpg\",\"width\":1200,\"height\":1200},{\"@type\":\"BreadcrumbList\",\"@id\":\"https:\\\/\\\/dogfamily.shop\\\/fi\\\/product\\\/miesten-vaatteet-fi-3\\\/kultaisen-retrieverin-hupparin-isa\\\/#breadcrumb\",\"itemListElement\":[{\"@type\":\"ListItem\",\"position\":1,\"name\":\"Home\",\"item\":\"https:\\\/\\\/dogfamily.shop\\\/fi\\\/\"},{\"@type\":\"ListItem\",\"position\":2,\"name\":\"Kauppa\",\"item\":\"https:\\\/\\\/dogfamily.shop\\\/fi\\\/kauppa\\\/\"},{\"@type\":\"ListItem\",\"position\":3,\"name\":\"Onnellisen kultaisennoutajan is\u00e4, huppari\"}]},{\"@type\":\"WebSite\",\"@id\":\"https:\\\/\\\/dogfamily.shop\\\/fi\\\/#website\",\"url\":\"https:\\\/\\\/dogfamily.shop\\\/fi\\\/\",\"name\":\"Dog Family Shop\",\"description\":\"Everything for dog family, clothes, accessories, bed linen and more\",\"publisher\":{\"@id\":\"https:\\\/\\\/dogfamily.shop\\\/fi\\\/#organization\"},\"potentialAction\":[{\"@type\":\"SearchAction\",\"target\":{\"@type\":\"EntryPoint\",\"urlTemplate\":\"https:\\\/\\\/dogfamily.shop\\\/fi\\\/?s={search_term_string}\"},\"query-input\":{\"@type\":\"PropertyValueSpecification\",\"valueRequired\":true,\"valueName\":\"search_term_string\"}}],\"inLanguage\":\"fi\"},{\"@type\":\"Organization\",\"@id\":\"https:\\\/\\\/dogfamily.shop\\\/fi\\\/#organization\",\"name\":\"Dog Family Shop\",\"url\":\"https:\\\/\\\/dogfamily.shop\\\/fi\\\/\",\"logo\":{\"@type\":\"ImageObject\",\"inLanguage\":\"fi\",\"@id\":\"https:\\\/\\\/dogfamily.shop\\\/fi\\\/#\\\/schema\\\/logo\\\/image\\\/\",\"url\":\"\\\/wp-content\\\/uploads\\\/2023\\\/05\\\/Logo1.png\",\"contentUrl\":\"\\\/wp-content\\\/uploads\\\/2023\\\/05\\\/Logo1.png\",\"width\":800,\"height\":582,\"caption\":\"Dog Family Shop\"},\"image\":{\"@id\":\"https:\\\/\\\/dogfamily.shop\\\/fi\\\/#\\\/schema\\\/logo\\\/image\\\/\"}}]}<\/script>\n<!-- \/ Yoast SEO plugin. -->","yoast_head_json":{"title":"Onnellisen kultaisennoutajan is\u00e4, huppari - Dog Family Shop","description":"L\u00f6yd\u00e4 paras 'kultaisen noutajan is\u00e4' huppari ylpeille koiranomistajille. N\u00e4yt\u00e4 rakkautesi t\u00e4n\u00e4\u00e4n!","robots":{"index":"index","follow":"follow","max-snippet":"max-snippet:-1","max-image-preview":"max-image-preview:large","max-video-preview":"max-video-preview:-1"},"canonical":"https:\/\/dogfamily.shop\/fi\/product\/miesten-vaatteet-fi-3\/kultaisen-retrieverin-hupparin-isa\/","og_locale":"fi_FI","og_type":"article","og_title":"Onnellisen kultaisennoutajan is\u00e4, huppari - Dog Family Shop","og_description":"L\u00f6yd\u00e4 paras 'kultaisen noutajan is\u00e4' huppari ylpeille koiranomistajille. N\u00e4yt\u00e4 rakkautesi t\u00e4n\u00e4\u00e4n!","og_url":"https:\/\/dogfamily.shop\/fi\/product\/miesten-vaatteet-fi-3\/kultaisen-retrieverin-hupparin-isa\/","og_site_name":"Dog Family Shop","article_modified_time":"2023-05-17T19:53:49+00:00","og_image":[{"width":1200,"height":1200,"url":"https:\/\/dogfamily.shop\/wp-content\/uploads\/2023\/05\/32910-18.jpg","type":"image\/jpeg"}],"twitter_card":"summary_large_image","twitter_misc":{"Arvioitu lukuaika":"1 minuutti"},"schema":{"@context":"https:\/\/schema.org","@graph":[{"@type":"WebPage","@id":"https:\/\/dogfamily.shop\/fi\/product\/miesten-vaatteet-fi-3\/kultaisen-retrieverin-hupparin-isa\/","url":"https:\/\/dogfamily.shop\/fi\/product\/miesten-vaatteet-fi-3\/kultaisen-retrieverin-hupparin-isa\/","name":"Onnellisen kultaisennoutajan is\u00e4, huppari - Dog Family Shop","isPartOf":{"@id":"https:\/\/dogfamily.shop\/fi\/#website"},"primaryImageOfPage":{"@id":"https:\/\/dogfamily.shop\/fi\/product\/miesten-vaatteet-fi-3\/kultaisen-retrieverin-hupparin-isa\/#primaryimage"},"image":{"@id":"https:\/\/dogfamily.shop\/fi\/product\/miesten-vaatteet-fi-3\/kultaisen-retrieverin-hupparin-isa\/#primaryimage"},"thumbnailUrl":"https:\/\/dogfamily.shop\/wp-content\/uploads\/2023\/05\/32910-18.jpg","datePublished":"2023-05-17T19:40:32+00:00","dateModified":"2023-05-17T19:53:49+00:00","description":"L\u00f6yd\u00e4 paras 'kultaisen noutajan is\u00e4' huppari ylpeille koiranomistajille. N\u00e4yt\u00e4 rakkautesi t\u00e4n\u00e4\u00e4n!","breadcrumb":{"@id":"https:\/\/dogfamily.shop\/fi\/product\/miesten-vaatteet-fi-3\/kultaisen-retrieverin-hupparin-isa\/#breadcrumb"},"inLanguage":"fi","potentialAction":[{"@type":"ReadAction","target":["https:\/\/dogfamily.shop\/fi\/product\/miesten-vaatteet-fi-3\/kultaisen-retrieverin-hupparin-isa\/"]}]},{"@type":"ImageObject","inLanguage":"fi","@id":"https:\/\/dogfamily.shop\/fi\/product\/miesten-vaatteet-fi-3\/kultaisen-retrieverin-hupparin-isa\/#primaryimage","url":"https:\/\/dogfamily.shop\/wp-content\/uploads\/2023\/05\/32910-18.jpg","contentUrl":"https:\/\/dogfamily.shop\/wp-content\/uploads\/2023\/05\/32910-18.jpg","width":1200,"height":1200},{"@type":"BreadcrumbList","@id":"https:\/\/dogfamily.shop\/fi\/product\/miesten-vaatteet-fi-3\/kultaisen-retrieverin-hupparin-isa\/#breadcrumb","itemListElement":[{"@type":"ListItem","position":1,"name":"Home","item":"https:\/\/dogfamily.shop\/fi\/"},{"@type":"ListItem","position":2,"name":"Kauppa","item":"https:\/\/dogfamily.shop\/fi\/kauppa\/"},{"@type":"ListItem","position":3,"name":"Onnellisen kultaisennoutajan is\u00e4, huppari"}]},{"@type":"WebSite","@id":"https:\/\/dogfamily.shop\/fi\/#website","url":"https:\/\/dogfamily.shop\/fi\/","name":"Dog Family Shop","description":"Everything for dog family, clothes, accessories, bed linen and more","publisher":{"@id":"https:\/\/dogfamily.shop\/fi\/#organization"},"potentialAction":[{"@type":"SearchAction","target":{"@type":"EntryPoint","urlTemplate":"https:\/\/dogfamily.shop\/fi\/?s={search_term_string}"},"query-input":{"@type":"PropertyValueSpecification","valueRequired":true,"valueName":"search_term_string"}}],"inLanguage":"fi"},{"@type":"Organization","@id":"https:\/\/dogfamily.shop\/fi\/#organization","name":"Dog Family Shop","url":"https:\/\/dogfamily.shop\/fi\/","logo":{"@type":"ImageObject","inLanguage":"fi","@id":"https:\/\/dogfamily.shop\/fi\/#\/schema\/logo\/image\/","url":"\/wp-content\/uploads\/2023\/05\/Logo1.png","contentUrl":"\/wp-content\/uploads\/2023\/05\/Logo1.png","width":800,"height":582,"caption":"Dog Family Shop"},"image":{"@id":"https:\/\/dogfamily.shop\/fi\/#\/schema\/logo\/image\/"}}]}},"jetpack_sharing_enabled":true,"_links":{"self":[{"href":"https:\/\/dogfamily.shop\/fi\/wp-json\/wp\/v2\/product\/2436","targetHints":{"allow":["GET"]}}],"collection":[{"href":"https:\/\/dogfamily.shop\/fi\/wp-json\/wp\/v2\/product"}],"about":[{"href":"https:\/\/dogfamily.shop\/fi\/wp-json\/wp\/v2\/types\/product"}],"replies":[{"embeddable":true,"href":"https:\/\/dogfamily.shop\/fi\/wp-json\/wp\/v2\/comments?post=2436"}],"wp:featuredmedia":[{"embeddable":true,"href":"https:\/\/dogfamily.shop\/fi\/wp-json\/wp\/v2\/media\/2637"}],"wp:attachment":[{"href":"https:\/\/dogfamily.shop\/fi\/wp-json\/wp\/v2\/media?parent=2436"}],"wp:term":[{"taxonomy":"product_brand","embeddable":true,"href":"https:\/\/dogfamily.shop\/fi\/wp-json\/wp\/v2\/product_brand?post=2436"},{"taxonomy":"product_cat","embeddable":true,"href":"https:\/\/dogfamily.shop\/fi\/wp-json\/wp\/v2\/product_cat?post=2436"},{"taxonomy":"product_tag","embeddable":true,"href":"https:\/\/dogfamily.shop\/fi\/wp-json\/wp\/v2\/product_tag?post=2436"}],"curies":[{"name":"wp","href":"https:\/\/api.w.org\/{rel}","templated":true}]}}