{"id":1517,"date":"2023-05-10T20:55:04","date_gmt":"2023-05-10T18:55:04","guid":{"rendered":"https:\/\/dogfamily.shop\/product\/Ei-luokiteltu\/happy-swedish-vallhundin-aiti-huppari\/"},"modified":"2023-05-10T21:05:28","modified_gmt":"2023-05-10T19:05:28","slug":"onnellisen-ruotsinvallinkoiran-aiti","status":"publish","type":"product","link":"https:\/\/dogfamily.shop\/fi\/product\/naisten-vaatteet-fi-3\/onnellisen-ruotsinvallinkoiran-aiti\/","title":{"rendered":"Happy Swedish Vallhundin \u00e4iti, huppari"},"content":{"rendered":"<p>Kutsumme kaikki ruotsinkoirien ylpe\u00e4t \u00e4idit! Paranna koiranrakastajan muotipeli\u00e4 eksklusiivisella &#8221;Mom of a Happy Swedish Vallhund&#8221; -hupparillamme. T\u00e4m\u00e4 huppari on valmistettu rakkaudella ja yksityiskohtiin paneutuen, ja se tarjoaa t\u00e4ydellisen yhdistelm\u00e4n mukavuutta ja tyyli\u00e4.<\/p>\n<p>Se on valmistettu korkealaatuisista materiaaleista, joten se takaa viihtyis\u00e4n ja pitk\u00e4aikaisen istuvuuden jokap\u00e4iv\u00e4isiin seikkailuihisi. Silmiinpist\u00e4v\u00e4 muotoilu tuo ylpe\u00e4n\u00e4 esiin roolisi omistautuneena Vallhund-\u00e4itin\u00e4, mik\u00e4 tekee siit\u00e4 keskustelun her\u00e4tt\u00e4j\u00e4n miss\u00e4 tahansa liikutkin.<\/p>\n<p>Hyv\u00e4ksy rakkautesi ruotsalaista Vallhundia kohtaan ja tee muodikas kannanotto &#8221;Happy Swedish Vallhundin \u00e4iti&#8221; -hupparilla jo t\u00e4n\u00e4\u00e4n!<\/p>\n<table id=\"size-guide\" style=\"min-width: 360px;\">\n<thead>\n<tr>\n<th style=\"padding: 10px;\"><\/th>\n<th style=\"color: #000000; font-weight: 500; text-align: left; font-size: 15px; padding: 10px;\">S<\/th>\n<th style=\"color: #000000; font-weight: 500; text-align: left; font-size: 15px; padding: 10px;\">M<\/th>\n<th style=\"color: #000000; font-weight: 500; text-align: left; font-size: 15px; padding: 10px;\">L<\/th>\n<th style=\"color: #000000; font-weight: 500; text-align: left; font-size: 15px; padding: 10px;\">XL<\/th>\n<th style=\"color: #000000; font-weight: 500; text-align: left; font-size: 15px; padding: 10px;\">2XL<\/th>\n<\/tr>\n<\/thead>\n<tbody>\n<tr>\n<td style=\"padding: 10px; color: #525252; font-size: 15px; border-top: 1px solid #ededed;\">Leveys, cm<\/td>\n<td style=\"padding: 10px; color: #525252; font-size: 15px; border-top: 1px solid #ededed;\">51.00<\/td>\n<td style=\"padding: 10px; color: #525252; font-size: 15px; border-top: 1px solid #ededed;\">56.00<\/td>\n<td style=\"padding: 10px; color: #525252; font-size: 15px; border-top: 1px solid #ededed;\">61.00<\/td>\n<td style=\"padding: 10px; color: #525252; font-size: 15px; border-top: 1px solid #ededed;\">66.00<\/td>\n<td style=\"padding: 10px; color: #525252; font-size: 15px; border-top: 1px solid #ededed;\">71.10<\/td>\n<\/tr>\n<tr>\n<td style=\"padding: 10px; color: #525252; font-size: 15px; border-top: 1px solid #ededed;\">Pituus, cm<\/td>\n<td style=\"padding: 10px; color: #525252; font-size: 15px; border-top: 1px solid #ededed;\">69.00<\/td>\n<td style=\"padding: 10px; color: #525252; font-size: 15px; border-top: 1px solid #ededed;\">71.00<\/td>\n<td style=\"padding: 10px; color: #525252; font-size: 15px; border-top: 1px solid #ededed;\">74.00<\/td>\n<td style=\"padding: 10px; color: #525252; font-size: 15px; border-top: 1px solid #ededed;\">76.00<\/td>\n<td style=\"padding: 10px; color: #525252; font-size: 15px; border-top: 1px solid #ededed;\">79.00<\/td>\n<\/tr>\n<tr>\n<td style=\"padding: 10px; color: #525252; font-size: 15px; border-top: 1px solid #ededed;\">Hihan pituus keskelt\u00e4 selk\u00e4\u00e4, cm<\/td>\n<td style=\"padding: 10px; color: #525252; font-size: 15px; border-top: 1px solid #ededed;\">85.09<\/td>\n<td style=\"padding: 10px; color: #525252; font-size: 15px; border-top: 1px solid #ededed;\">87.63<\/td>\n<td style=\"padding: 10px; color: #525252; font-size: 15px; border-top: 1px solid #ededed;\">90.17<\/td>\n<td style=\"padding: 10px; color: #525252; font-size: 15px; border-top: 1px solid #ededed;\">92.71<\/td>\n<td style=\"padding: 10px; color: #525252; font-size: 15px; border-top: 1px solid #ededed;\">95.25<\/td>\n<\/tr>\n<\/tbody>\n<\/table>\n<p>&nbsp;<\/p>\n<p>Se on valmistettu paksusta puuvillan ja polyesterin sekoituksesta, joten se tuntuu muhkealta, pehme\u00e4lt\u00e4 ja l\u00e4mpim\u00e4lt\u00e4 ja on t\u00e4ydellinen valinta kylmiin p\u00e4iviin. Edess\u00e4 oleva tilava kengurutasku lis\u00e4\u00e4 p\u00e4ivitt\u00e4ist\u00e4 k\u00e4yt\u00e4nn\u00f6llisyytt\u00e4, ja hupun kiristysnauha on samanv\u00e4rinen kuin peruspusero, mik\u00e4 tuo lis\u00e4\u00e4 tyylipisteit\u00e4.<\/p>\n<ul>\n<li>50% puuvillaa, 50% polyesteri\u00e4 (kuitupitoisuus voi vaihdella eri v\u00e4reiss\u00e4).<\/li>\n<li>Keskiraskas kangas (8,0 oz\/yd\u00b2 (271 g\/m\u00b2)).<\/li>\n<li>Klassinen istuvuus<\/li>\n<li>Irrotettava etiketti<\/li>\n<li>Pit\u00e4\u00e4 kokonsa<\/li>\n<\/ul>\n","protected":false},"excerpt":{"rendered":"<p>Kutsumme kaikki ruotsinkoirien ylpe\u00e4t \u00e4idit! Paranna koiranrakastajan muotipeli\u00e4 eksklusiivisella &#8221;Mom of a Happy Swedish Vallhund&#8221; -hupparillamme. T\u00e4m\u00e4 huppari on valmistettu rakkaudella ja yksityiskohtiin paneutuen, ja se tarjoaa t\u00e4ydellisen yhdistelm\u00e4n mukavuutta ja tyyli\u00e4.<\/p>\n<p>Se on valmistettu korkealaatuisista materiaaleista, joten se takaa viihtyis\u00e4n ja pitk\u00e4aikaisen istuvuuden jokap\u00e4iv\u00e4isiin seikkailuihisi. Silmiinpist\u00e4v\u00e4 muotoilu tuo ylpe\u00e4n\u00e4 esiin roolisi omistautuneena Vallhund-\u00e4itin\u00e4, mik\u00e4 tekee siit\u00e4 keskustelun her\u00e4tt\u00e4j\u00e4n miss\u00e4 tahansa liikutkin.<\/p>\n","protected":false},"featured_media":1527,"comment_status":"open","ping_status":"closed","template":"","meta":{"_monsterinsights_skip_tracking":false,"_monsterinsights_sitenote_active":false,"_monsterinsights_sitenote_note":"","_monsterinsights_sitenote_category":0},"product_brand":[],"product_cat":[98,106],"product_tag":[49,89,50,70,66,48],"class_list":{"0":"post-1517","1":"product","2":"type-product","3":"status-publish","4":"has-post-thumbnail","6":"product_cat-naisten-vaatteet-fi-3","7":"product_cat-ruotsin-vallhund","8":"product_tag-elainten-ystava","9":"product_tag-espanjan-vinttikoira","10":"product_tag-koiran-aiti","11":"product_tag-koiranomistaja","12":"product_tag-koiranomistajan-lahja","13":"product_tag-onnellinen","15":"first","16":"instock","17":"taxable","18":"shipping-taxable","19":"purchasable","20":"product-type-variable","21":"has-default-attributes"},"yoast_head":"<!-- This site is optimized with the Yoast SEO plugin v27.4 - https:\/\/yoast.com\/product\/yoast-seo-wordpress\/ -->\n<title>Happy Swedish Vallhundin \u00e4iti, huppari - Dog Family Shop<\/title>\n<meta name=\"robots\" content=\"index, follow, max-snippet:-1, max-image-preview:large, max-video-preview:-1\" \/>\n<link rel=\"canonical\" href=\"https:\/\/dogfamily.shop\/fi\/product\/naisten-vaatteet-fi-3\/onnellisen-ruotsinvallinkoiran-aiti\/\" \/>\n<meta property=\"og:locale\" content=\"fi_FI\" \/>\n<meta property=\"og:type\" content=\"article\" \/>\n<meta property=\"og:title\" content=\"Happy Swedish Vallhundin \u00e4iti, huppari - Dog Family Shop\" \/>\n<meta property=\"og:description\" content=\"Kutsumme kaikki ruotsinkoirien ylpe\u00e4t \u00e4idit! Paranna koiranrakastajan muotipeli\u00e4 eksklusiivisella &quot;Mom of a Happy Swedish Vallhund&quot; -hupparillamme. T\u00e4m\u00e4 huppari on valmistettu rakkaudella ja yksityiskohtiin paneutuen, ja se tarjoaa t\u00e4ydellisen yhdistelm\u00e4n mukavuutta ja tyyli\u00e4. Se on valmistettu korkealaatuisista materiaaleista, joten se takaa viihtyis\u00e4n ja pitk\u00e4aikaisen istuvuuden jokap\u00e4iv\u00e4isiin seikkailuihisi. Silmiinpist\u00e4v\u00e4 muotoilu tuo ylpe\u00e4n\u00e4 esiin roolisi omistautuneena Vallhund-\u00e4itin\u00e4, mik\u00e4 tekee siit\u00e4 keskustelun her\u00e4tt\u00e4j\u00e4n miss\u00e4 tahansa liikutkin.\" \/>\n<meta property=\"og:url\" content=\"https:\/\/dogfamily.shop\/fi\/product\/naisten-vaatteet-fi-3\/onnellisen-ruotsinvallinkoiran-aiti\/\" \/>\n<meta property=\"og:site_name\" content=\"Dog Family Shop\" \/>\n<meta property=\"article:modified_time\" content=\"2023-05-10T19:05:28+00:00\" \/>\n<meta property=\"og:image\" content=\"https:\/\/dogfamily.shop\/wp-content\/uploads\/2023\/05\/Swedish-Vallhund-mom-hoodie.png\" \/>\n\t<meta property=\"og:image:width\" content=\"1024\" \/>\n\t<meta property=\"og:image:height\" content=\"1024\" \/>\n\t<meta property=\"og:image:type\" content=\"image\/png\" \/>\n<meta name=\"twitter:card\" content=\"summary_large_image\" \/>\n<meta name=\"twitter:label1\" content=\"Arvioitu lukuaika\" \/>\n\t<meta name=\"twitter:data1\" content=\"1 minuutti\" \/>\n<script type=\"application\/ld+json\" class=\"yoast-schema-graph\">{\"@context\":\"https:\\\/\\\/schema.org\",\"@graph\":[{\"@type\":\"WebPage\",\"@id\":\"https:\\\/\\\/dogfamily.shop\\\/fi\\\/product\\\/naisten-vaatteet-fi-3\\\/onnellisen-ruotsinvallinkoiran-aiti\\\/\",\"url\":\"https:\\\/\\\/dogfamily.shop\\\/fi\\\/product\\\/naisten-vaatteet-fi-3\\\/onnellisen-ruotsinvallinkoiran-aiti\\\/\",\"name\":\"Happy Swedish Vallhundin \u00e4iti, huppari - Dog Family Shop\",\"isPartOf\":{\"@id\":\"https:\\\/\\\/dogfamily.shop\\\/fi\\\/#website\"},\"primaryImageOfPage\":{\"@id\":\"https:\\\/\\\/dogfamily.shop\\\/fi\\\/product\\\/naisten-vaatteet-fi-3\\\/onnellisen-ruotsinvallinkoiran-aiti\\\/#primaryimage\"},\"image\":{\"@id\":\"https:\\\/\\\/dogfamily.shop\\\/fi\\\/product\\\/naisten-vaatteet-fi-3\\\/onnellisen-ruotsinvallinkoiran-aiti\\\/#primaryimage\"},\"thumbnailUrl\":\"https:\\\/\\\/dogfamily.shop\\\/wp-content\\\/uploads\\\/2023\\\/05\\\/42150-27.jpg\",\"datePublished\":\"2023-05-10T18:55:04+00:00\",\"dateModified\":\"2023-05-10T19:05:28+00:00\",\"breadcrumb\":{\"@id\":\"https:\\\/\\\/dogfamily.shop\\\/fi\\\/product\\\/naisten-vaatteet-fi-3\\\/onnellisen-ruotsinvallinkoiran-aiti\\\/#breadcrumb\"},\"inLanguage\":\"fi\",\"potentialAction\":[{\"@type\":\"ReadAction\",\"target\":[\"https:\\\/\\\/dogfamily.shop\\\/fi\\\/product\\\/naisten-vaatteet-fi-3\\\/onnellisen-ruotsinvallinkoiran-aiti\\\/\"]}]},{\"@type\":\"ImageObject\",\"inLanguage\":\"fi\",\"@id\":\"https:\\\/\\\/dogfamily.shop\\\/fi\\\/product\\\/naisten-vaatteet-fi-3\\\/onnellisen-ruotsinvallinkoiran-aiti\\\/#primaryimage\",\"url\":\"https:\\\/\\\/dogfamily.shop\\\/wp-content\\\/uploads\\\/2023\\\/05\\\/42150-27.jpg\",\"contentUrl\":\"https:\\\/\\\/dogfamily.shop\\\/wp-content\\\/uploads\\\/2023\\\/05\\\/42150-27.jpg\",\"width\":1200,\"height\":1200},{\"@type\":\"BreadcrumbList\",\"@id\":\"https:\\\/\\\/dogfamily.shop\\\/fi\\\/product\\\/naisten-vaatteet-fi-3\\\/onnellisen-ruotsinvallinkoiran-aiti\\\/#breadcrumb\",\"itemListElement\":[{\"@type\":\"ListItem\",\"position\":1,\"name\":\"Home\",\"item\":\"https:\\\/\\\/dogfamily.shop\\\/fi\\\/\"},{\"@type\":\"ListItem\",\"position\":2,\"name\":\"Kauppa\",\"item\":\"https:\\\/\\\/dogfamily.shop\\\/fi\\\/kauppa\\\/\"},{\"@type\":\"ListItem\",\"position\":3,\"name\":\"Happy Swedish Vallhundin \u00e4iti, huppari\"}]},{\"@type\":\"WebSite\",\"@id\":\"https:\\\/\\\/dogfamily.shop\\\/fi\\\/#website\",\"url\":\"https:\\\/\\\/dogfamily.shop\\\/fi\\\/\",\"name\":\"Dog Family Shop\",\"description\":\"Everything for dog family, clothes, accessories, bed linen and more\",\"publisher\":{\"@id\":\"https:\\\/\\\/dogfamily.shop\\\/fi\\\/#organization\"},\"potentialAction\":[{\"@type\":\"SearchAction\",\"target\":{\"@type\":\"EntryPoint\",\"urlTemplate\":\"https:\\\/\\\/dogfamily.shop\\\/fi\\\/?s={search_term_string}\"},\"query-input\":{\"@type\":\"PropertyValueSpecification\",\"valueRequired\":true,\"valueName\":\"search_term_string\"}}],\"inLanguage\":\"fi\"},{\"@type\":\"Organization\",\"@id\":\"https:\\\/\\\/dogfamily.shop\\\/fi\\\/#organization\",\"name\":\"Dog Family Shop\",\"url\":\"https:\\\/\\\/dogfamily.shop\\\/fi\\\/\",\"logo\":{\"@type\":\"ImageObject\",\"inLanguage\":\"fi\",\"@id\":\"https:\\\/\\\/dogfamily.shop\\\/fi\\\/#\\\/schema\\\/logo\\\/image\\\/\",\"url\":\"\\\/wp-content\\\/uploads\\\/2023\\\/05\\\/Logo1.png\",\"contentUrl\":\"\\\/wp-content\\\/uploads\\\/2023\\\/05\\\/Logo1.png\",\"width\":800,\"height\":582,\"caption\":\"Dog Family Shop\"},\"image\":{\"@id\":\"https:\\\/\\\/dogfamily.shop\\\/fi\\\/#\\\/schema\\\/logo\\\/image\\\/\"}}]}<\/script>\n<!-- \/ Yoast SEO plugin. -->","yoast_head_json":{"title":"Happy Swedish Vallhundin \u00e4iti, huppari - Dog Family Shop","robots":{"index":"index","follow":"follow","max-snippet":"max-snippet:-1","max-image-preview":"max-image-preview:large","max-video-preview":"max-video-preview:-1"},"canonical":"https:\/\/dogfamily.shop\/fi\/product\/naisten-vaatteet-fi-3\/onnellisen-ruotsinvallinkoiran-aiti\/","og_locale":"fi_FI","og_type":"article","og_title":"Happy Swedish Vallhundin \u00e4iti, huppari - Dog Family Shop","og_description":"Kutsumme kaikki ruotsinkoirien ylpe\u00e4t \u00e4idit! Paranna koiranrakastajan muotipeli\u00e4 eksklusiivisella \"Mom of a Happy Swedish Vallhund\" -hupparillamme. T\u00e4m\u00e4 huppari on valmistettu rakkaudella ja yksityiskohtiin paneutuen, ja se tarjoaa t\u00e4ydellisen yhdistelm\u00e4n mukavuutta ja tyyli\u00e4. Se on valmistettu korkealaatuisista materiaaleista, joten se takaa viihtyis\u00e4n ja pitk\u00e4aikaisen istuvuuden jokap\u00e4iv\u00e4isiin seikkailuihisi. Silmiinpist\u00e4v\u00e4 muotoilu tuo ylpe\u00e4n\u00e4 esiin roolisi omistautuneena Vallhund-\u00e4itin\u00e4, mik\u00e4 tekee siit\u00e4 keskustelun her\u00e4tt\u00e4j\u00e4n miss\u00e4 tahansa liikutkin.","og_url":"https:\/\/dogfamily.shop\/fi\/product\/naisten-vaatteet-fi-3\/onnellisen-ruotsinvallinkoiran-aiti\/","og_site_name":"Dog Family Shop","article_modified_time":"2023-05-10T19:05:28+00:00","og_image":[{"width":1024,"height":1024,"url":"https:\/\/dogfamily.shop\/wp-content\/uploads\/2023\/05\/Swedish-Vallhund-mom-hoodie.png","type":"image\/png"}],"twitter_card":"summary_large_image","twitter_misc":{"Arvioitu lukuaika":"1 minuutti"},"schema":{"@context":"https:\/\/schema.org","@graph":[{"@type":"WebPage","@id":"https:\/\/dogfamily.shop\/fi\/product\/naisten-vaatteet-fi-3\/onnellisen-ruotsinvallinkoiran-aiti\/","url":"https:\/\/dogfamily.shop\/fi\/product\/naisten-vaatteet-fi-3\/onnellisen-ruotsinvallinkoiran-aiti\/","name":"Happy Swedish Vallhundin \u00e4iti, huppari - Dog Family Shop","isPartOf":{"@id":"https:\/\/dogfamily.shop\/fi\/#website"},"primaryImageOfPage":{"@id":"https:\/\/dogfamily.shop\/fi\/product\/naisten-vaatteet-fi-3\/onnellisen-ruotsinvallinkoiran-aiti\/#primaryimage"},"image":{"@id":"https:\/\/dogfamily.shop\/fi\/product\/naisten-vaatteet-fi-3\/onnellisen-ruotsinvallinkoiran-aiti\/#primaryimage"},"thumbnailUrl":"https:\/\/dogfamily.shop\/wp-content\/uploads\/2023\/05\/42150-27.jpg","datePublished":"2023-05-10T18:55:04+00:00","dateModified":"2023-05-10T19:05:28+00:00","breadcrumb":{"@id":"https:\/\/dogfamily.shop\/fi\/product\/naisten-vaatteet-fi-3\/onnellisen-ruotsinvallinkoiran-aiti\/#breadcrumb"},"inLanguage":"fi","potentialAction":[{"@type":"ReadAction","target":["https:\/\/dogfamily.shop\/fi\/product\/naisten-vaatteet-fi-3\/onnellisen-ruotsinvallinkoiran-aiti\/"]}]},{"@type":"ImageObject","inLanguage":"fi","@id":"https:\/\/dogfamily.shop\/fi\/product\/naisten-vaatteet-fi-3\/onnellisen-ruotsinvallinkoiran-aiti\/#primaryimage","url":"https:\/\/dogfamily.shop\/wp-content\/uploads\/2023\/05\/42150-27.jpg","contentUrl":"https:\/\/dogfamily.shop\/wp-content\/uploads\/2023\/05\/42150-27.jpg","width":1200,"height":1200},{"@type":"BreadcrumbList","@id":"https:\/\/dogfamily.shop\/fi\/product\/naisten-vaatteet-fi-3\/onnellisen-ruotsinvallinkoiran-aiti\/#breadcrumb","itemListElement":[{"@type":"ListItem","position":1,"name":"Home","item":"https:\/\/dogfamily.shop\/fi\/"},{"@type":"ListItem","position":2,"name":"Kauppa","item":"https:\/\/dogfamily.shop\/fi\/kauppa\/"},{"@type":"ListItem","position":3,"name":"Happy Swedish Vallhundin \u00e4iti, huppari"}]},{"@type":"WebSite","@id":"https:\/\/dogfamily.shop\/fi\/#website","url":"https:\/\/dogfamily.shop\/fi\/","name":"Dog Family Shop","description":"Everything for dog family, clothes, accessories, bed linen and more","publisher":{"@id":"https:\/\/dogfamily.shop\/fi\/#organization"},"potentialAction":[{"@type":"SearchAction","target":{"@type":"EntryPoint","urlTemplate":"https:\/\/dogfamily.shop\/fi\/?s={search_term_string}"},"query-input":{"@type":"PropertyValueSpecification","valueRequired":true,"valueName":"search_term_string"}}],"inLanguage":"fi"},{"@type":"Organization","@id":"https:\/\/dogfamily.shop\/fi\/#organization","name":"Dog Family Shop","url":"https:\/\/dogfamily.shop\/fi\/","logo":{"@type":"ImageObject","inLanguage":"fi","@id":"https:\/\/dogfamily.shop\/fi\/#\/schema\/logo\/image\/","url":"\/wp-content\/uploads\/2023\/05\/Logo1.png","contentUrl":"\/wp-content\/uploads\/2023\/05\/Logo1.png","width":800,"height":582,"caption":"Dog Family Shop"},"image":{"@id":"https:\/\/dogfamily.shop\/fi\/#\/schema\/logo\/image\/"}}]}},"jetpack_sharing_enabled":true,"_links":{"self":[{"href":"https:\/\/dogfamily.shop\/fi\/wp-json\/wp\/v2\/product\/1517","targetHints":{"allow":["GET"]}}],"collection":[{"href":"https:\/\/dogfamily.shop\/fi\/wp-json\/wp\/v2\/product"}],"about":[{"href":"https:\/\/dogfamily.shop\/fi\/wp-json\/wp\/v2\/types\/product"}],"replies":[{"embeddable":true,"href":"https:\/\/dogfamily.shop\/fi\/wp-json\/wp\/v2\/comments?post=1517"}],"wp:featuredmedia":[{"embeddable":true,"href":"https:\/\/dogfamily.shop\/fi\/wp-json\/wp\/v2\/media\/1527"}],"wp:attachment":[{"href":"https:\/\/dogfamily.shop\/fi\/wp-json\/wp\/v2\/media?parent=1517"}],"wp:term":[{"taxonomy":"product_brand","embeddable":true,"href":"https:\/\/dogfamily.shop\/fi\/wp-json\/wp\/v2\/product_brand?post=1517"},{"taxonomy":"product_cat","embeddable":true,"href":"https:\/\/dogfamily.shop\/fi\/wp-json\/wp\/v2\/product_cat?post=1517"},{"taxonomy":"product_tag","embeddable":true,"href":"https:\/\/dogfamily.shop\/fi\/wp-json\/wp\/v2\/product_tag?post=1517"}],"curies":[{"name":"wp","href":"https:\/\/api.w.org\/{rel}","templated":true}]}}