{"id":1425,"date":"2023-05-10T20:53:47","date_gmt":"2023-05-10T18:53:47","guid":{"rendered":"https:\/\/dogfamily.shop\/product\/Ei-luokiteltu\/onnellisen-ruotsalaisen-valjakkokoiran-isa-huppari\/"},"modified":"2023-05-10T21:01:46","modified_gmt":"2023-05-10T19:01:46","slug":"dad-of-a-happy-swedish-vallhund-hoodie","status":"publish","type":"product","link":"https:\/\/dogfamily.shop\/fi\/product\/miesten-vaatteet-fi-3\/dad-of-a-happy-swedish-vallhund-hoodie\/","title":{"rendered":"Onnellisen ruotsalaisen valjakkokoiran is\u00e4, huppari"},"content":{"rendered":"<p>Huomio kaikki ruotsinkoirien ylpe\u00e4t is\u00e4t! Esittelemme eksklusiivisen &#8221;Dad of a Happy Swedish Vallhund&#8221; -hupparin, joka on suunniteltu osoittamaan rakkautesi t\u00e4t\u00e4 uskomatonta rotua kohtaan.<\/p>\n<p>T\u00e4m\u00e4 huolella valmistettu huppari tarjoaa t\u00e4ydellisen yhdistelm\u00e4n mukavuutta ja tyyli\u00e4. Se on valmistettu korkealaatuisista materiaaleista, mik\u00e4 takaa kest\u00e4vyyden ja mukavan istuvuuden jokap\u00e4iv\u00e4iseen k\u00e4ytt\u00f6\u00f6n. Silmiinpist\u00e4v\u00e4 muotoilu osoittaa ylpe\u00e4n\u00e4 rooliasi omistautuneena Vallhund-is\u00e4n\u00e4, joten se on loistava lis\u00e4 vaatekaappiisi.<\/p>\n<p>Erotu joukosta ja juhli suhdettasi ruotsalaiseen Vallhundiin tyylill\u00e4 &#8221;Iloisen ruotsalaisen Vallhundin is\u00e4&#8221; -hupparin kanssa jo t\u00e4n\u00e4\u00e4n!<\/p>\n<table id=\"size-guide\" style=\"min-width: 360px;\">\n<thead>\n<tr>\n<th style=\"padding: 10px;\"><\/th>\n<th style=\"color: #000000; font-weight: 500; text-align: left; font-size: 15px; padding: 10px;\">S<\/th>\n<th style=\"color: #000000; font-weight: 500; text-align: left; font-size: 15px; padding: 10px;\">M<\/th>\n<th style=\"color: #000000; font-weight: 500; text-align: left; font-size: 15px; padding: 10px;\">L<\/th>\n<th style=\"color: #000000; font-weight: 500; text-align: left; font-size: 15px; padding: 10px;\">XL<\/th>\n<th style=\"color: #000000; font-weight: 500; text-align: left; font-size: 15px; padding: 10px;\">2XL<\/th>\n<\/tr>\n<\/thead>\n<tbody>\n<tr>\n<td style=\"padding: 10px; color: #525252; font-size: 15px; border-top: 1px solid #ededed;\">Leveys, cm<\/td>\n<td style=\"padding: 10px; color: #525252; font-size: 15px; border-top: 1px solid #ededed;\">51.00<\/td>\n<td style=\"padding: 10px; color: #525252; font-size: 15px; border-top: 1px solid #ededed;\">56.00<\/td>\n<td style=\"padding: 10px; color: #525252; font-size: 15px; border-top: 1px solid #ededed;\">61.00<\/td>\n<td style=\"padding: 10px; color: #525252; font-size: 15px; border-top: 1px solid #ededed;\">66.00<\/td>\n<td style=\"padding: 10px; color: #525252; font-size: 15px; border-top: 1px solid #ededed;\">71.10<\/td>\n<\/tr>\n<tr>\n<td style=\"padding: 10px; color: #525252; font-size: 15px; border-top: 1px solid #ededed;\">Pituus, cm<\/td>\n<td style=\"padding: 10px; color: #525252; font-size: 15px; border-top: 1px solid #ededed;\">69.00<\/td>\n<td style=\"padding: 10px; color: #525252; font-size: 15px; border-top: 1px solid #ededed;\">71.00<\/td>\n<td style=\"padding: 10px; color: #525252; font-size: 15px; border-top: 1px solid #ededed;\">74.00<\/td>\n<td style=\"padding: 10px; color: #525252; font-size: 15px; border-top: 1px solid #ededed;\">76.00<\/td>\n<td style=\"padding: 10px; color: #525252; font-size: 15px; border-top: 1px solid #ededed;\">79.00<\/td>\n<\/tr>\n<tr>\n<td style=\"padding: 10px; color: #525252; font-size: 15px; border-top: 1px solid #ededed;\">Hihan pituus keskelt\u00e4 selk\u00e4\u00e4, cm<\/td>\n<td style=\"padding: 10px; color: #525252; font-size: 15px; border-top: 1px solid #ededed;\">85.09<\/td>\n<td style=\"padding: 10px; color: #525252; font-size: 15px; border-top: 1px solid #ededed;\">87.63<\/td>\n<td style=\"padding: 10px; color: #525252; font-size: 15px; border-top: 1px solid #ededed;\">90.17<\/td>\n<td style=\"padding: 10px; color: #525252; font-size: 15px; border-top: 1px solid #ededed;\">92.71<\/td>\n<td style=\"padding: 10px; color: #525252; font-size: 15px; border-top: 1px solid #ededed;\">95.25<\/td>\n<\/tr>\n<\/tbody>\n<\/table>\n<p>Se on valmistettu paksusta puuvillan ja polyesterin sekoituksesta, joten se tuntuu muhkealta, pehme\u00e4lt\u00e4 ja l\u00e4mpim\u00e4lt\u00e4 ja on t\u00e4ydellinen valinta kylmiin p\u00e4iviin. Edess\u00e4 oleva tilava kengurutasku lis\u00e4\u00e4 p\u00e4ivitt\u00e4ist\u00e4 k\u00e4yt\u00e4nn\u00f6llisyytt\u00e4, ja hupun kiristysnauha on samanv\u00e4rinen kuin peruspusero, mik\u00e4 tuo lis\u00e4\u00e4 tyylipisteit\u00e4.<\/p>\n<ul>\n<li>50% puuvillaa, 50% polyesteri\u00e4 (kuitupitoisuus voi vaihdella eri v\u00e4reiss\u00e4).<\/li>\n<li>Keskiraskas kangas (8,0 oz\/yd\u00b2 (271 g\/m\u00b2)).<\/li>\n<li>Klassinen istuvuus<\/li>\n<li>Irrotettava etiketti<\/li>\n<li>Pit\u00e4\u00e4 kokonsa<\/li>\n<\/ul>\n","protected":false},"excerpt":{"rendered":"<p>Huomio kaikki ruotsinkoirien ylpe\u00e4t is\u00e4t! Esittelemme eksklusiivisen &#8221;Dad of a Happy Swedish Vallhund&#8221; -hupparin, joka on suunniteltu osoittamaan rakkautesi t\u00e4t\u00e4 uskomatonta rotua kohtaan.<\/p>\n<p>T\u00e4m\u00e4 huolella valmistettu huppari tarjoaa t\u00e4ydellisen yhdistelm\u00e4n mukavuutta ja tyyli\u00e4. Se on valmistettu korkealaatuisista materiaaleista, mik\u00e4 takaa kest\u00e4vyyden ja mukavan istuvuuden jokap\u00e4iv\u00e4iseen k\u00e4ytt\u00f6\u00f6n. Silmiinpist\u00e4v\u00e4 muotoilu osoittaa ylpe\u00e4n\u00e4 rooliasi omistautuneena Vallhund-is\u00e4n\u00e4, joten se on loistava lis\u00e4 vaatekaappiisi.<\/p>\n","protected":false},"featured_media":1475,"comment_status":"open","ping_status":"closed","template":"","meta":{"_monsterinsights_skip_tracking":false,"_monsterinsights_sitenote_active":false,"_monsterinsights_sitenote_note":"","_monsterinsights_sitenote_category":0},"product_brand":[],"product_cat":[99,106],"product_tag":[49,52,70,66,48,108],"class_list":{"0":"post-1425","1":"product","2":"type-product","3":"status-publish","4":"has-post-thumbnail","6":"product_cat-miesten-vaatteet-fi-3","7":"product_cat-ruotsin-vallhund","8":"product_tag-elainten-ystava","9":"product_tag-koiran-isa","10":"product_tag-koiranomistaja","11":"product_tag-koiranomistajan-lahja","12":"product_tag-onnellinen","13":"product_tag-ruotsin-vallhund","15":"first","16":"instock","17":"taxable","18":"shipping-taxable","19":"purchasable","20":"product-type-variable","21":"has-default-attributes"},"yoast_head":"<!-- This site is optimized with the Yoast SEO plugin v27.4 - https:\/\/yoast.com\/product\/yoast-seo-wordpress\/ -->\n<title>Onnellisen ruotsalaisen valjakkokoiran is\u00e4, huppari - Dog Family Shop<\/title>\n<meta name=\"robots\" content=\"index, follow, max-snippet:-1, max-image-preview:large, max-video-preview:-1\" \/>\n<link rel=\"canonical\" href=\"https:\/\/dogfamily.shop\/fi\/product\/miesten-vaatteet-fi-3\/dad-of-a-happy-swedish-vallhund-hoodie\/\" \/>\n<meta property=\"og:locale\" content=\"fi_FI\" \/>\n<meta property=\"og:type\" content=\"article\" \/>\n<meta property=\"og:title\" content=\"Onnellisen ruotsalaisen valjakkokoiran is\u00e4, huppari - Dog Family Shop\" \/>\n<meta property=\"og:description\" content=\"Huomio kaikki ruotsinkoirien ylpe\u00e4t is\u00e4t! Esittelemme eksklusiivisen &quot;Dad of a Happy Swedish Vallhund&quot; -hupparin, joka on suunniteltu osoittamaan rakkautesi t\u00e4t\u00e4 uskomatonta rotua kohtaan. T\u00e4m\u00e4 huolella valmistettu huppari tarjoaa t\u00e4ydellisen yhdistelm\u00e4n mukavuutta ja tyyli\u00e4. Se on valmistettu korkealaatuisista materiaaleista, mik\u00e4 takaa kest\u00e4vyyden ja mukavan istuvuuden jokap\u00e4iv\u00e4iseen k\u00e4ytt\u00f6\u00f6n. Silmiinpist\u00e4v\u00e4 muotoilu osoittaa ylpe\u00e4n\u00e4 rooliasi omistautuneena Vallhund-is\u00e4n\u00e4, joten se on loistava lis\u00e4 vaatekaappiisi.\" \/>\n<meta property=\"og:url\" content=\"https:\/\/dogfamily.shop\/fi\/product\/miesten-vaatteet-fi-3\/dad-of-a-happy-swedish-vallhund-hoodie\/\" \/>\n<meta property=\"og:site_name\" content=\"Dog Family Shop\" \/>\n<meta property=\"article:modified_time\" content=\"2023-05-10T19:01:46+00:00\" \/>\n<meta property=\"og:image\" content=\"https:\/\/dogfamily.shop\/wp-content\/uploads\/2023\/05\/Swedish-Vallhund-dad-hoodie.png\" \/>\n\t<meta property=\"og:image:width\" content=\"1024\" \/>\n\t<meta property=\"og:image:height\" content=\"1024\" \/>\n\t<meta property=\"og:image:type\" content=\"image\/png\" \/>\n<meta name=\"twitter:card\" content=\"summary_large_image\" \/>\n<meta name=\"twitter:label1\" content=\"Arvioitu lukuaika\" \/>\n\t<meta name=\"twitter:data1\" content=\"1 minuutti\" \/>\n<script type=\"application\/ld+json\" class=\"yoast-schema-graph\">{\"@context\":\"https:\\\/\\\/schema.org\",\"@graph\":[{\"@type\":\"WebPage\",\"@id\":\"https:\\\/\\\/dogfamily.shop\\\/fi\\\/product\\\/miesten-vaatteet-fi-3\\\/dad-of-a-happy-swedish-vallhund-hoodie\\\/\",\"url\":\"https:\\\/\\\/dogfamily.shop\\\/fi\\\/product\\\/miesten-vaatteet-fi-3\\\/dad-of-a-happy-swedish-vallhund-hoodie\\\/\",\"name\":\"Onnellisen ruotsalaisen valjakkokoiran is\u00e4, huppari - Dog Family Shop\",\"isPartOf\":{\"@id\":\"https:\\\/\\\/dogfamily.shop\\\/fi\\\/#website\"},\"primaryImageOfPage\":{\"@id\":\"https:\\\/\\\/dogfamily.shop\\\/fi\\\/product\\\/miesten-vaatteet-fi-3\\\/dad-of-a-happy-swedish-vallhund-hoodie\\\/#primaryimage\"},\"image\":{\"@id\":\"https:\\\/\\\/dogfamily.shop\\\/fi\\\/product\\\/miesten-vaatteet-fi-3\\\/dad-of-a-happy-swedish-vallhund-hoodie\\\/#primaryimage\"},\"thumbnailUrl\":\"https:\\\/\\\/dogfamily.shop\\\/wp-content\\\/uploads\\\/2023\\\/05\\\/42237-90.jpg\",\"datePublished\":\"2023-05-10T18:53:47+00:00\",\"dateModified\":\"2023-05-10T19:01:46+00:00\",\"breadcrumb\":{\"@id\":\"https:\\\/\\\/dogfamily.shop\\\/fi\\\/product\\\/miesten-vaatteet-fi-3\\\/dad-of-a-happy-swedish-vallhund-hoodie\\\/#breadcrumb\"},\"inLanguage\":\"fi\",\"potentialAction\":[{\"@type\":\"ReadAction\",\"target\":[\"https:\\\/\\\/dogfamily.shop\\\/fi\\\/product\\\/miesten-vaatteet-fi-3\\\/dad-of-a-happy-swedish-vallhund-hoodie\\\/\"]}]},{\"@type\":\"ImageObject\",\"inLanguage\":\"fi\",\"@id\":\"https:\\\/\\\/dogfamily.shop\\\/fi\\\/product\\\/miesten-vaatteet-fi-3\\\/dad-of-a-happy-swedish-vallhund-hoodie\\\/#primaryimage\",\"url\":\"https:\\\/\\\/dogfamily.shop\\\/wp-content\\\/uploads\\\/2023\\\/05\\\/42237-90.jpg\",\"contentUrl\":\"https:\\\/\\\/dogfamily.shop\\\/wp-content\\\/uploads\\\/2023\\\/05\\\/42237-90.jpg\",\"width\":1200,\"height\":1200},{\"@type\":\"BreadcrumbList\",\"@id\":\"https:\\\/\\\/dogfamily.shop\\\/fi\\\/product\\\/miesten-vaatteet-fi-3\\\/dad-of-a-happy-swedish-vallhund-hoodie\\\/#breadcrumb\",\"itemListElement\":[{\"@type\":\"ListItem\",\"position\":1,\"name\":\"Home\",\"item\":\"https:\\\/\\\/dogfamily.shop\\\/fi\\\/\"},{\"@type\":\"ListItem\",\"position\":2,\"name\":\"Kauppa\",\"item\":\"https:\\\/\\\/dogfamily.shop\\\/fi\\\/kauppa\\\/\"},{\"@type\":\"ListItem\",\"position\":3,\"name\":\"Onnellisen ruotsalaisen valjakkokoiran is\u00e4, huppari\"}]},{\"@type\":\"WebSite\",\"@id\":\"https:\\\/\\\/dogfamily.shop\\\/fi\\\/#website\",\"url\":\"https:\\\/\\\/dogfamily.shop\\\/fi\\\/\",\"name\":\"Dog Family Shop\",\"description\":\"Everything for dog family, clothes, accessories, bed linen and more\",\"publisher\":{\"@id\":\"https:\\\/\\\/dogfamily.shop\\\/fi\\\/#organization\"},\"potentialAction\":[{\"@type\":\"SearchAction\",\"target\":{\"@type\":\"EntryPoint\",\"urlTemplate\":\"https:\\\/\\\/dogfamily.shop\\\/fi\\\/?s={search_term_string}\"},\"query-input\":{\"@type\":\"PropertyValueSpecification\",\"valueRequired\":true,\"valueName\":\"search_term_string\"}}],\"inLanguage\":\"fi\"},{\"@type\":\"Organization\",\"@id\":\"https:\\\/\\\/dogfamily.shop\\\/fi\\\/#organization\",\"name\":\"Dog Family Shop\",\"url\":\"https:\\\/\\\/dogfamily.shop\\\/fi\\\/\",\"logo\":{\"@type\":\"ImageObject\",\"inLanguage\":\"fi\",\"@id\":\"https:\\\/\\\/dogfamily.shop\\\/fi\\\/#\\\/schema\\\/logo\\\/image\\\/\",\"url\":\"\\\/wp-content\\\/uploads\\\/2023\\\/05\\\/Logo1.png\",\"contentUrl\":\"\\\/wp-content\\\/uploads\\\/2023\\\/05\\\/Logo1.png\",\"width\":800,\"height\":582,\"caption\":\"Dog Family Shop\"},\"image\":{\"@id\":\"https:\\\/\\\/dogfamily.shop\\\/fi\\\/#\\\/schema\\\/logo\\\/image\\\/\"}}]}<\/script>\n<!-- \/ Yoast SEO plugin. -->","yoast_head_json":{"title":"Onnellisen ruotsalaisen valjakkokoiran is\u00e4, huppari - Dog Family Shop","robots":{"index":"index","follow":"follow","max-snippet":"max-snippet:-1","max-image-preview":"max-image-preview:large","max-video-preview":"max-video-preview:-1"},"canonical":"https:\/\/dogfamily.shop\/fi\/product\/miesten-vaatteet-fi-3\/dad-of-a-happy-swedish-vallhund-hoodie\/","og_locale":"fi_FI","og_type":"article","og_title":"Onnellisen ruotsalaisen valjakkokoiran is\u00e4, huppari - Dog Family Shop","og_description":"Huomio kaikki ruotsinkoirien ylpe\u00e4t is\u00e4t! Esittelemme eksklusiivisen \"Dad of a Happy Swedish Vallhund\" -hupparin, joka on suunniteltu osoittamaan rakkautesi t\u00e4t\u00e4 uskomatonta rotua kohtaan. T\u00e4m\u00e4 huolella valmistettu huppari tarjoaa t\u00e4ydellisen yhdistelm\u00e4n mukavuutta ja tyyli\u00e4. Se on valmistettu korkealaatuisista materiaaleista, mik\u00e4 takaa kest\u00e4vyyden ja mukavan istuvuuden jokap\u00e4iv\u00e4iseen k\u00e4ytt\u00f6\u00f6n. Silmiinpist\u00e4v\u00e4 muotoilu osoittaa ylpe\u00e4n\u00e4 rooliasi omistautuneena Vallhund-is\u00e4n\u00e4, joten se on loistava lis\u00e4 vaatekaappiisi.","og_url":"https:\/\/dogfamily.shop\/fi\/product\/miesten-vaatteet-fi-3\/dad-of-a-happy-swedish-vallhund-hoodie\/","og_site_name":"Dog Family Shop","article_modified_time":"2023-05-10T19:01:46+00:00","og_image":[{"width":1024,"height":1024,"url":"https:\/\/dogfamily.shop\/wp-content\/uploads\/2023\/05\/Swedish-Vallhund-dad-hoodie.png","type":"image\/png"}],"twitter_card":"summary_large_image","twitter_misc":{"Arvioitu lukuaika":"1 minuutti"},"schema":{"@context":"https:\/\/schema.org","@graph":[{"@type":"WebPage","@id":"https:\/\/dogfamily.shop\/fi\/product\/miesten-vaatteet-fi-3\/dad-of-a-happy-swedish-vallhund-hoodie\/","url":"https:\/\/dogfamily.shop\/fi\/product\/miesten-vaatteet-fi-3\/dad-of-a-happy-swedish-vallhund-hoodie\/","name":"Onnellisen ruotsalaisen valjakkokoiran is\u00e4, huppari - Dog Family Shop","isPartOf":{"@id":"https:\/\/dogfamily.shop\/fi\/#website"},"primaryImageOfPage":{"@id":"https:\/\/dogfamily.shop\/fi\/product\/miesten-vaatteet-fi-3\/dad-of-a-happy-swedish-vallhund-hoodie\/#primaryimage"},"image":{"@id":"https:\/\/dogfamily.shop\/fi\/product\/miesten-vaatteet-fi-3\/dad-of-a-happy-swedish-vallhund-hoodie\/#primaryimage"},"thumbnailUrl":"https:\/\/dogfamily.shop\/wp-content\/uploads\/2023\/05\/42237-90.jpg","datePublished":"2023-05-10T18:53:47+00:00","dateModified":"2023-05-10T19:01:46+00:00","breadcrumb":{"@id":"https:\/\/dogfamily.shop\/fi\/product\/miesten-vaatteet-fi-3\/dad-of-a-happy-swedish-vallhund-hoodie\/#breadcrumb"},"inLanguage":"fi","potentialAction":[{"@type":"ReadAction","target":["https:\/\/dogfamily.shop\/fi\/product\/miesten-vaatteet-fi-3\/dad-of-a-happy-swedish-vallhund-hoodie\/"]}]},{"@type":"ImageObject","inLanguage":"fi","@id":"https:\/\/dogfamily.shop\/fi\/product\/miesten-vaatteet-fi-3\/dad-of-a-happy-swedish-vallhund-hoodie\/#primaryimage","url":"https:\/\/dogfamily.shop\/wp-content\/uploads\/2023\/05\/42237-90.jpg","contentUrl":"https:\/\/dogfamily.shop\/wp-content\/uploads\/2023\/05\/42237-90.jpg","width":1200,"height":1200},{"@type":"BreadcrumbList","@id":"https:\/\/dogfamily.shop\/fi\/product\/miesten-vaatteet-fi-3\/dad-of-a-happy-swedish-vallhund-hoodie\/#breadcrumb","itemListElement":[{"@type":"ListItem","position":1,"name":"Home","item":"https:\/\/dogfamily.shop\/fi\/"},{"@type":"ListItem","position":2,"name":"Kauppa","item":"https:\/\/dogfamily.shop\/fi\/kauppa\/"},{"@type":"ListItem","position":3,"name":"Onnellisen ruotsalaisen valjakkokoiran is\u00e4, huppari"}]},{"@type":"WebSite","@id":"https:\/\/dogfamily.shop\/fi\/#website","url":"https:\/\/dogfamily.shop\/fi\/","name":"Dog Family Shop","description":"Everything for dog family, clothes, accessories, bed linen and more","publisher":{"@id":"https:\/\/dogfamily.shop\/fi\/#organization"},"potentialAction":[{"@type":"SearchAction","target":{"@type":"EntryPoint","urlTemplate":"https:\/\/dogfamily.shop\/fi\/?s={search_term_string}"},"query-input":{"@type":"PropertyValueSpecification","valueRequired":true,"valueName":"search_term_string"}}],"inLanguage":"fi"},{"@type":"Organization","@id":"https:\/\/dogfamily.shop\/fi\/#organization","name":"Dog Family Shop","url":"https:\/\/dogfamily.shop\/fi\/","logo":{"@type":"ImageObject","inLanguage":"fi","@id":"https:\/\/dogfamily.shop\/fi\/#\/schema\/logo\/image\/","url":"\/wp-content\/uploads\/2023\/05\/Logo1.png","contentUrl":"\/wp-content\/uploads\/2023\/05\/Logo1.png","width":800,"height":582,"caption":"Dog Family Shop"},"image":{"@id":"https:\/\/dogfamily.shop\/fi\/#\/schema\/logo\/image\/"}}]}},"jetpack_sharing_enabled":true,"_links":{"self":[{"href":"https:\/\/dogfamily.shop\/fi\/wp-json\/wp\/v2\/product\/1425","targetHints":{"allow":["GET"]}}],"collection":[{"href":"https:\/\/dogfamily.shop\/fi\/wp-json\/wp\/v2\/product"}],"about":[{"href":"https:\/\/dogfamily.shop\/fi\/wp-json\/wp\/v2\/types\/product"}],"replies":[{"embeddable":true,"href":"https:\/\/dogfamily.shop\/fi\/wp-json\/wp\/v2\/comments?post=1425"}],"wp:featuredmedia":[{"embeddable":true,"href":"https:\/\/dogfamily.shop\/fi\/wp-json\/wp\/v2\/media\/1475"}],"wp:attachment":[{"href":"https:\/\/dogfamily.shop\/fi\/wp-json\/wp\/v2\/media?parent=1425"}],"wp:term":[{"taxonomy":"product_brand","embeddable":true,"href":"https:\/\/dogfamily.shop\/fi\/wp-json\/wp\/v2\/product_brand?post=1425"},{"taxonomy":"product_cat","embeddable":true,"href":"https:\/\/dogfamily.shop\/fi\/wp-json\/wp\/v2\/product_cat?post=1425"},{"taxonomy":"product_tag","embeddable":true,"href":"https:\/\/dogfamily.shop\/fi\/wp-json\/wp\/v2\/product_tag?post=1425"}],"curies":[{"name":"wp","href":"https:\/\/api.w.org\/{rel}","templated":true}]}}