{"id":1177,"date":"2023-05-10T17:18:21","date_gmt":"2023-05-10T15:18:21","guid":{"rendered":"https:\/\/dogfamily.shop\/product\/Ei-luokiteltu\/iloisen-huskyn-isa-muki\/"},"modified":"2023-05-10T17:22:14","modified_gmt":"2023-05-10T15:22:14","slug":"daddy-of-a-happy-husky-mug","status":"publish","type":"product","link":"https:\/\/dogfamily.shop\/fi\/product\/uncategorized-fi\/daddy-of-a-happy-husky-mug\/","title":{"rendered":"Iloisen Huskyn is\u00e4, muki"},"content":{"rendered":"<p>Esittelyss\u00e4 &#8221;Iloisen Huskyn is\u00e4&#8221; kahvi-\/teemuki, t\u00e4ydellinen tapa esitell\u00e4 rakkauttasi karvaista yst\u00e4v\u00e4\u00e4si kohtaan!<\/p>\n<p>T\u00e4ss\u00e4 korkealaatuisessa keraamisessa mukissa on vieh\u00e4tt\u00e4v\u00e4 muotoilu, joka tekee aamuistasi entist\u00e4kin valoisampia. Runsaan 12 unssin tilavuuden ansiosta se on ihanteellinen kuumien suosikkijuomiesi nauttimiseen.<\/p>\n<p>Kest\u00e4v\u00e4 rakenne takaa pitk\u00e4aikaisen k\u00e4yt\u00f6n, ja mukava kahva tarjoaa turvallisen otteen. Hemmottele itse\u00e4si tai yll\u00e4t\u00e4 el\u00e4m\u00e4si huskyj\u00e4 rakastava is\u00e4 t\u00e4ll\u00e4 ihanalla mukilla ja aloita jokainen p\u00e4iv\u00e4 hymyillen!<\/p>\n<p>Tuloste s\u00e4ilytt\u00e4\u00e4 laatunsa ja kiiltonsa, kun sit\u00e4 k\u00e4ytet\u00e4\u00e4n sek\u00e4 mikroaaltouunissa ett\u00e4 astianpesukoneessa.<\/p>\n<ul>\n<li>&#8211; Keraaminen 11oz muki<\/li>\n<li>&#8211; Astianpesukoneen ja mikroaaltouunin kest\u00e4v\u00e4<\/li>\n<li>&#8211; Riippumattomien ulkopuolisten laboratorioiden suorittamat tuoteturvallisuustestit.<\/li>\n<\/ul>\n","protected":false},"excerpt":{"rendered":"<p>Esittelyss\u00e4 &#8221;Iloisen Huskyn is\u00e4&#8221; kahvi-\/teemuki, t\u00e4ydellinen tapa esitell\u00e4 rakkauttasi karvaista yst\u00e4v\u00e4\u00e4si kohtaan! T\u00e4ss\u00e4 korkealaatuisessa keraamisessa mukissa on vieh\u00e4tt\u00e4v\u00e4 muotoilu, joka tekee aamuistasi entist\u00e4kin valoisampia. Runsaan 12 unssin tilavuuden ansiosta se on ihanteellinen kuumien suosikkijuomiesi nauttimiseen. Kest\u00e4v\u00e4 rakenne takaa pitk\u00e4aikaisen k\u00e4yt\u00f6n, ja mukava kahva tarjoaa turvallisen otteen. Hemmottele itse\u00e4si tai yll\u00e4t\u00e4 el\u00e4m\u00e4si huskyj\u00e4 rakastava is\u00e4 t\u00e4ll\u00e4 &#8230; <a title=\"Iloisen Huskyn is\u00e4, muki\" class=\"read-more\" href=\"https:\/\/dogfamily.shop\/fi\/product\/uncategorized-fi\/daddy-of-a-happy-husky-mug\/\" aria-label=\"Lue lis\u00e4\u00e4 aiheesta Iloisen Huskyn is\u00e4, muki\">Lue lis\u00e4\u00e4<\/a><\/p>\n","protected":false},"featured_media":1174,"comment_status":"open","ping_status":"closed","template":"","meta":{"_monsterinsights_skip_tracking":false,"_monsterinsights_sitenote_active":false,"_monsterinsights_sitenote_note":"","_monsterinsights_sitenote_category":0},"product_brand":[],"product_cat":[56],"product_tag":[49,46,77,79],"class_list":{"0":"post-1177","1":"product","2":"type-product","3":"status-publish","4":"has-post-thumbnail","6":"product_cat-uncategorized-fi","7":"product_tag-elainten-ystava","8":"product_tag-husky-fi","9":"product_tag-husky-isa","10":"product_tag-lahja-husky-isalle","11":"product_shipping_class-ilmainen-toimitus","13":"first","14":"instock","15":"taxable","16":"shipping-taxable","17":"purchasable","18":"product-type-simple"},"yoast_head":"<!-- This site is optimized with the Yoast SEO plugin v27.4 - https:\/\/yoast.com\/product\/yoast-seo-wordpress\/ -->\n<title>Iloisen Huskyn is\u00e4, muki - Dog Family Shop<\/title>\n<meta name=\"description\" content=\"Esittelyss\u00e4 &quot;Iloisen Huskyn is\u00e4&quot; kahvi-\/teemuki, t\u00e4ydellinen tapa esitell\u00e4 rakkauttasi karvaista yst\u00e4v\u00e4\u00e4si kohtaan!\" \/>\n<meta name=\"robots\" content=\"index, follow, max-snippet:-1, max-image-preview:large, max-video-preview:-1\" \/>\n<link rel=\"canonical\" href=\"https:\/\/dogfamily.shop\/fi\/product\/uncategorized-fi\/daddy-of-a-happy-husky-mug\/\" \/>\n<meta property=\"og:locale\" content=\"fi_FI\" \/>\n<meta property=\"og:type\" content=\"article\" \/>\n<meta property=\"og:title\" content=\"Iloisen Huskyn is\u00e4, muki - Dog Family Shop\" \/>\n<meta property=\"og:description\" content=\"Esittelyss\u00e4 &quot;Iloisen Huskyn is\u00e4&quot; kahvi-\/teemuki, t\u00e4ydellinen tapa esitell\u00e4 rakkauttasi karvaista yst\u00e4v\u00e4\u00e4si kohtaan!\" \/>\n<meta property=\"og:url\" content=\"https:\/\/dogfamily.shop\/fi\/product\/uncategorized-fi\/daddy-of-a-happy-husky-mug\/\" \/>\n<meta property=\"og:site_name\" content=\"Dog Family Shop\" \/>\n<meta property=\"article:modified_time\" content=\"2023-05-10T15:22:14+00:00\" \/>\n<meta property=\"og:image\" content=\"https:\/\/dogfamily.shop\/wp-content\/uploads\/2023\/05\/2418c26b-12ef-4adc-b4cb-6d0b7922dd53.jpg\" \/>\n\t<meta property=\"og:image:width\" content=\"2048\" \/>\n\t<meta property=\"og:image:height\" content=\"2048\" \/>\n\t<meta property=\"og:image:type\" content=\"image\/jpeg\" \/>\n<meta name=\"twitter:card\" content=\"summary_large_image\" \/>\n<meta name=\"twitter:label1\" content=\"Arvioitu lukuaika\" \/>\n\t<meta name=\"twitter:data1\" content=\"1 minuutti\" \/>\n<script type=\"application\/ld+json\" class=\"yoast-schema-graph\">{\"@context\":\"https:\\\/\\\/schema.org\",\"@graph\":[{\"@type\":\"WebPage\",\"@id\":\"https:\\\/\\\/dogfamily.shop\\\/fi\\\/product\\\/uncategorized-fi\\\/daddy-of-a-happy-husky-mug\\\/\",\"url\":\"https:\\\/\\\/dogfamily.shop\\\/fi\\\/product\\\/uncategorized-fi\\\/daddy-of-a-happy-husky-mug\\\/\",\"name\":\"Iloisen Huskyn is\u00e4, muki - Dog Family Shop\",\"isPartOf\":{\"@id\":\"https:\\\/\\\/dogfamily.shop\\\/fi\\\/#website\"},\"primaryImageOfPage\":{\"@id\":\"https:\\\/\\\/dogfamily.shop\\\/fi\\\/product\\\/uncategorized-fi\\\/daddy-of-a-happy-husky-mug\\\/#primaryimage\"},\"image\":{\"@id\":\"https:\\\/\\\/dogfamily.shop\\\/fi\\\/product\\\/uncategorized-fi\\\/daddy-of-a-happy-husky-mug\\\/#primaryimage\"},\"thumbnailUrl\":\"https:\\\/\\\/dogfamily.shop\\\/wp-content\\\/uploads\\\/2023\\\/05\\\/2418c26b-12ef-4adc-b4cb-6d0b7922dd53.jpg\",\"datePublished\":\"2023-05-10T15:18:21+00:00\",\"dateModified\":\"2023-05-10T15:22:14+00:00\",\"description\":\"Esittelyss\u00e4 \\\"Iloisen Huskyn is\u00e4\\\" kahvi-\\\/teemuki, t\u00e4ydellinen tapa esitell\u00e4 rakkauttasi karvaista yst\u00e4v\u00e4\u00e4si kohtaan!\",\"breadcrumb\":{\"@id\":\"https:\\\/\\\/dogfamily.shop\\\/fi\\\/product\\\/uncategorized-fi\\\/daddy-of-a-happy-husky-mug\\\/#breadcrumb\"},\"inLanguage\":\"fi\",\"potentialAction\":[{\"@type\":\"ReadAction\",\"target\":[\"https:\\\/\\\/dogfamily.shop\\\/fi\\\/product\\\/uncategorized-fi\\\/daddy-of-a-happy-husky-mug\\\/\"]}]},{\"@type\":\"ImageObject\",\"inLanguage\":\"fi\",\"@id\":\"https:\\\/\\\/dogfamily.shop\\\/fi\\\/product\\\/uncategorized-fi\\\/daddy-of-a-happy-husky-mug\\\/#primaryimage\",\"url\":\"https:\\\/\\\/dogfamily.shop\\\/wp-content\\\/uploads\\\/2023\\\/05\\\/2418c26b-12ef-4adc-b4cb-6d0b7922dd53.jpg\",\"contentUrl\":\"https:\\\/\\\/dogfamily.shop\\\/wp-content\\\/uploads\\\/2023\\\/05\\\/2418c26b-12ef-4adc-b4cb-6d0b7922dd53.jpg\",\"width\":2048,\"height\":2048},{\"@type\":\"BreadcrumbList\",\"@id\":\"https:\\\/\\\/dogfamily.shop\\\/fi\\\/product\\\/uncategorized-fi\\\/daddy-of-a-happy-husky-mug\\\/#breadcrumb\",\"itemListElement\":[{\"@type\":\"ListItem\",\"position\":1,\"name\":\"Home\",\"item\":\"https:\\\/\\\/dogfamily.shop\\\/fi\\\/\"},{\"@type\":\"ListItem\",\"position\":2,\"name\":\"Kauppa\",\"item\":\"https:\\\/\\\/dogfamily.shop\\\/fi\\\/kauppa\\\/\"},{\"@type\":\"ListItem\",\"position\":3,\"name\":\"Iloisen Huskyn is\u00e4, muki\"}]},{\"@type\":\"WebSite\",\"@id\":\"https:\\\/\\\/dogfamily.shop\\\/fi\\\/#website\",\"url\":\"https:\\\/\\\/dogfamily.shop\\\/fi\\\/\",\"name\":\"Dog Family Shop\",\"description\":\"Everything for dog family, clothes, accessories, bed linen and more\",\"publisher\":{\"@id\":\"https:\\\/\\\/dogfamily.shop\\\/fi\\\/#organization\"},\"potentialAction\":[{\"@type\":\"SearchAction\",\"target\":{\"@type\":\"EntryPoint\",\"urlTemplate\":\"https:\\\/\\\/dogfamily.shop\\\/fi\\\/?s={search_term_string}\"},\"query-input\":{\"@type\":\"PropertyValueSpecification\",\"valueRequired\":true,\"valueName\":\"search_term_string\"}}],\"inLanguage\":\"fi\"},{\"@type\":\"Organization\",\"@id\":\"https:\\\/\\\/dogfamily.shop\\\/fi\\\/#organization\",\"name\":\"Dog Family Shop\",\"url\":\"https:\\\/\\\/dogfamily.shop\\\/fi\\\/\",\"logo\":{\"@type\":\"ImageObject\",\"inLanguage\":\"fi\",\"@id\":\"https:\\\/\\\/dogfamily.shop\\\/fi\\\/#\\\/schema\\\/logo\\\/image\\\/\",\"url\":\"\\\/wp-content\\\/uploads\\\/2023\\\/05\\\/Logo1.png\",\"contentUrl\":\"\\\/wp-content\\\/uploads\\\/2023\\\/05\\\/Logo1.png\",\"width\":800,\"height\":582,\"caption\":\"Dog Family Shop\"},\"image\":{\"@id\":\"https:\\\/\\\/dogfamily.shop\\\/fi\\\/#\\\/schema\\\/logo\\\/image\\\/\"}}]}<\/script>\n<!-- \/ Yoast SEO plugin. -->","yoast_head_json":{"title":"Iloisen Huskyn is\u00e4, muki - Dog Family Shop","description":"Esittelyss\u00e4 \"Iloisen Huskyn is\u00e4\" kahvi-\/teemuki, t\u00e4ydellinen tapa esitell\u00e4 rakkauttasi karvaista yst\u00e4v\u00e4\u00e4si kohtaan!","robots":{"index":"index","follow":"follow","max-snippet":"max-snippet:-1","max-image-preview":"max-image-preview:large","max-video-preview":"max-video-preview:-1"},"canonical":"https:\/\/dogfamily.shop\/fi\/product\/uncategorized-fi\/daddy-of-a-happy-husky-mug\/","og_locale":"fi_FI","og_type":"article","og_title":"Iloisen Huskyn is\u00e4, muki - Dog Family Shop","og_description":"Esittelyss\u00e4 \"Iloisen Huskyn is\u00e4\" kahvi-\/teemuki, t\u00e4ydellinen tapa esitell\u00e4 rakkauttasi karvaista yst\u00e4v\u00e4\u00e4si kohtaan!","og_url":"https:\/\/dogfamily.shop\/fi\/product\/uncategorized-fi\/daddy-of-a-happy-husky-mug\/","og_site_name":"Dog Family Shop","article_modified_time":"2023-05-10T15:22:14+00:00","og_image":[{"width":2048,"height":2048,"url":"https:\/\/dogfamily.shop\/wp-content\/uploads\/2023\/05\/2418c26b-12ef-4adc-b4cb-6d0b7922dd53.jpg","type":"image\/jpeg"}],"twitter_card":"summary_large_image","twitter_misc":{"Arvioitu lukuaika":"1 minuutti"},"schema":{"@context":"https:\/\/schema.org","@graph":[{"@type":"WebPage","@id":"https:\/\/dogfamily.shop\/fi\/product\/uncategorized-fi\/daddy-of-a-happy-husky-mug\/","url":"https:\/\/dogfamily.shop\/fi\/product\/uncategorized-fi\/daddy-of-a-happy-husky-mug\/","name":"Iloisen Huskyn is\u00e4, muki - Dog Family Shop","isPartOf":{"@id":"https:\/\/dogfamily.shop\/fi\/#website"},"primaryImageOfPage":{"@id":"https:\/\/dogfamily.shop\/fi\/product\/uncategorized-fi\/daddy-of-a-happy-husky-mug\/#primaryimage"},"image":{"@id":"https:\/\/dogfamily.shop\/fi\/product\/uncategorized-fi\/daddy-of-a-happy-husky-mug\/#primaryimage"},"thumbnailUrl":"https:\/\/dogfamily.shop\/wp-content\/uploads\/2023\/05\/2418c26b-12ef-4adc-b4cb-6d0b7922dd53.jpg","datePublished":"2023-05-10T15:18:21+00:00","dateModified":"2023-05-10T15:22:14+00:00","description":"Esittelyss\u00e4 \"Iloisen Huskyn is\u00e4\" kahvi-\/teemuki, t\u00e4ydellinen tapa esitell\u00e4 rakkauttasi karvaista yst\u00e4v\u00e4\u00e4si kohtaan!","breadcrumb":{"@id":"https:\/\/dogfamily.shop\/fi\/product\/uncategorized-fi\/daddy-of-a-happy-husky-mug\/#breadcrumb"},"inLanguage":"fi","potentialAction":[{"@type":"ReadAction","target":["https:\/\/dogfamily.shop\/fi\/product\/uncategorized-fi\/daddy-of-a-happy-husky-mug\/"]}]},{"@type":"ImageObject","inLanguage":"fi","@id":"https:\/\/dogfamily.shop\/fi\/product\/uncategorized-fi\/daddy-of-a-happy-husky-mug\/#primaryimage","url":"https:\/\/dogfamily.shop\/wp-content\/uploads\/2023\/05\/2418c26b-12ef-4adc-b4cb-6d0b7922dd53.jpg","contentUrl":"https:\/\/dogfamily.shop\/wp-content\/uploads\/2023\/05\/2418c26b-12ef-4adc-b4cb-6d0b7922dd53.jpg","width":2048,"height":2048},{"@type":"BreadcrumbList","@id":"https:\/\/dogfamily.shop\/fi\/product\/uncategorized-fi\/daddy-of-a-happy-husky-mug\/#breadcrumb","itemListElement":[{"@type":"ListItem","position":1,"name":"Home","item":"https:\/\/dogfamily.shop\/fi\/"},{"@type":"ListItem","position":2,"name":"Kauppa","item":"https:\/\/dogfamily.shop\/fi\/kauppa\/"},{"@type":"ListItem","position":3,"name":"Iloisen Huskyn is\u00e4, muki"}]},{"@type":"WebSite","@id":"https:\/\/dogfamily.shop\/fi\/#website","url":"https:\/\/dogfamily.shop\/fi\/","name":"Dog Family Shop","description":"Everything for dog family, clothes, accessories, bed linen and more","publisher":{"@id":"https:\/\/dogfamily.shop\/fi\/#organization"},"potentialAction":[{"@type":"SearchAction","target":{"@type":"EntryPoint","urlTemplate":"https:\/\/dogfamily.shop\/fi\/?s={search_term_string}"},"query-input":{"@type":"PropertyValueSpecification","valueRequired":true,"valueName":"search_term_string"}}],"inLanguage":"fi"},{"@type":"Organization","@id":"https:\/\/dogfamily.shop\/fi\/#organization","name":"Dog Family Shop","url":"https:\/\/dogfamily.shop\/fi\/","logo":{"@type":"ImageObject","inLanguage":"fi","@id":"https:\/\/dogfamily.shop\/fi\/#\/schema\/logo\/image\/","url":"\/wp-content\/uploads\/2023\/05\/Logo1.png","contentUrl":"\/wp-content\/uploads\/2023\/05\/Logo1.png","width":800,"height":582,"caption":"Dog Family Shop"},"image":{"@id":"https:\/\/dogfamily.shop\/fi\/#\/schema\/logo\/image\/"}}]}},"jetpack_sharing_enabled":true,"_links":{"self":[{"href":"https:\/\/dogfamily.shop\/fi\/wp-json\/wp\/v2\/product\/1177","targetHints":{"allow":["GET"]}}],"collection":[{"href":"https:\/\/dogfamily.shop\/fi\/wp-json\/wp\/v2\/product"}],"about":[{"href":"https:\/\/dogfamily.shop\/fi\/wp-json\/wp\/v2\/types\/product"}],"replies":[{"embeddable":true,"href":"https:\/\/dogfamily.shop\/fi\/wp-json\/wp\/v2\/comments?post=1177"}],"wp:featuredmedia":[{"embeddable":true,"href":"https:\/\/dogfamily.shop\/fi\/wp-json\/wp\/v2\/media\/1174"}],"wp:attachment":[{"href":"https:\/\/dogfamily.shop\/fi\/wp-json\/wp\/v2\/media?parent=1177"}],"wp:term":[{"taxonomy":"product_brand","embeddable":true,"href":"https:\/\/dogfamily.shop\/fi\/wp-json\/wp\/v2\/product_brand?post=1177"},{"taxonomy":"product_cat","embeddable":true,"href":"https:\/\/dogfamily.shop\/fi\/wp-json\/wp\/v2\/product_cat?post=1177"},{"taxonomy":"product_tag","embeddable":true,"href":"https:\/\/dogfamily.shop\/fi\/wp-json\/wp\/v2\/product_tag?post=1177"}],"curies":[{"name":"wp","href":"https:\/\/api.w.org\/{rel}","templated":true}]}}