{"id":3797,"date":"2024-04-24T13:58:56","date_gmt":"2024-04-24T11:58:56","guid":{"rendered":"https:\/\/dogfamily.shop\/tietoa-meista\/"},"modified":"2024-04-24T13:59:06","modified_gmt":"2024-04-24T11:59:06","slug":"tietoa-meista","status":"publish","type":"page","link":"https:\/\/dogfamily.shop\/fi\/tietoa-meista\/","title":{"rendered":"Tietoa meist\u00e4"},"content":{"rendered":"\n<p>T\u00e4\u00e4lt\u00e4 l\u00f6yd\u00e4t kaiken, mit\u00e4 tarvitset hemmotellaksesi ja hemmotellaksesi rakkaita karvaisia yst\u00e4vi\u00e4si ja itse\u00e4si! Tarjoamme laajan valikoiman korkealaatuisia tuotteita, kuten tyylikk\u00e4it\u00e4 vaatteita, tyylikk\u00e4it\u00e4 asusteita, viihtyisi\u00e4 vuodevaatteita ja paljon muuta. Olipa sinulla sitten pieni pentu tai massiivinen mastiffi, meill\u00e4 on vaihtoehtoja, jotka sopivat jokaiseen kokoon, tyyliin ja persoonallisuuteen. Tiimimme, joka koostuu omistautuneista koirien yst\u00e4vist\u00e4, on sitoutunut tarjoamaan sinulle parhaan mahdollisen ostokokemuksen ja varmistamaan, ett\u00e4 sin\u00e4 ja nelijalkaiset perheenj\u00e4senesi olette t\u00e4ysin tyytyv\u00e4isi\u00e4 jokaiseen ostokseen. Tule mukaan ja laadukkaisiin tuotteisiimme!<\/p>\n\n<p>Koska kaikki kuviot ovat ainutlaatuisia, eik\u00e4 niit\u00e4 ole saatavilla muualta, kokonaistoimitusaika on noin 8 arkip\u00e4iv\u00e4\u00e4 sijainnistasi riippuen. Kaikki tuotteet painetaan\/valmistetaan tilauksen tekemisen j\u00e4lkeen.<br\/>Valmistusaika on 3-4 arkip\u00e4iv\u00e4\u00e4.<br\/>Toimitus, sijainnista riippuen, 2-4 arkip\u00e4iv\u00e4\u00e4<\/p>\n","protected":false},"excerpt":{"rendered":"<p>T\u00e4\u00e4lt\u00e4 l\u00f6yd\u00e4t kaiken, mit\u00e4 tarvitset hemmotellaksesi ja hemmotellaksesi rakkaita karvaisia yst\u00e4vi\u00e4si ja itse\u00e4si! Tarjoamme laajan valikoiman korkealaatuisia tuotteita, kuten tyylikk\u00e4it\u00e4 vaatteita, tyylikk\u00e4it\u00e4 asusteita, viihtyisi\u00e4 vuodevaatteita ja paljon muuta. Olipa sinulla sitten pieni pentu tai massiivinen mastiffi, meill\u00e4 on vaihtoehtoja, jotka sopivat jokaiseen kokoon, tyyliin ja persoonallisuuteen. Tiimimme, joka koostuu omistautuneista koirien yst\u00e4vist\u00e4, on sitoutunut tarjoamaan &#8230; <a title=\"Tietoa meist\u00e4\" class=\"read-more\" href=\"https:\/\/dogfamily.shop\/fi\/tietoa-meista\/\" aria-label=\"Lue lis\u00e4\u00e4 aiheesta Tietoa meist\u00e4\">Lue lis\u00e4\u00e4<\/a><\/p>\n","protected":false},"author":1,"featured_media":248,"parent":0,"menu_order":0,"comment_status":"closed","ping_status":"closed","template":"","meta":{"_monsterinsights_skip_tracking":false,"_monsterinsights_sitenote_active":false,"_monsterinsights_sitenote_note":"","_monsterinsights_sitenote_category":0,"footnotes":""},"class_list":["post-3797","page","type-page","status-publish","has-post-thumbnail"],"yoast_head":"<!-- This site is optimized with the Yoast SEO plugin v27.4 - https:\/\/yoast.com\/product\/yoast-seo-wordpress\/ -->\n<title>Tietoa meist\u00e4 - Dog Family Shop<\/title>\n<meta name=\"description\" content=\"T\u00e4\u00e4lt\u00e4 l\u00f6yd\u00e4t kaiken, mit\u00e4 tarvitset hemmotellaksesi ja hemmotellaksesi rakkaita karvaisia yst\u00e4vi\u00e4si ja itse\u00e4si! Tarjoamme laajan valikoiman korkealaatuisia tuotteita!\" \/>\n<meta name=\"robots\" content=\"index, follow, max-snippet:-1, max-image-preview:large, max-video-preview:-1\" \/>\n<link rel=\"canonical\" href=\"https:\/\/dogfamily.shop\/fi\/tietoa-meista\/\" \/>\n<meta property=\"og:locale\" content=\"fi_FI\" \/>\n<meta property=\"og:type\" content=\"article\" \/>\n<meta property=\"og:title\" content=\"Tietoa meist\u00e4 - Dog Family Shop\" \/>\n<meta property=\"og:description\" content=\"T\u00e4\u00e4lt\u00e4 l\u00f6yd\u00e4t kaiken, mit\u00e4 tarvitset hemmotellaksesi ja hemmotellaksesi rakkaita karvaisia yst\u00e4vi\u00e4si ja itse\u00e4si! Tarjoamme laajan valikoiman korkealaatuisia tuotteita!\" \/>\n<meta property=\"og:url\" content=\"https:\/\/dogfamily.shop\/fi\/tietoa-meista\/\" \/>\n<meta property=\"og:site_name\" content=\"Dog Family Shop\" \/>\n<meta property=\"article:modified_time\" content=\"2024-04-24T11:59:06+00:00\" \/>\n<meta property=\"og:image\" content=\"https:\/\/dogfamily.shop\/wp-content\/uploads\/2023\/05\/Logo-512-512-1.png\" \/>\n\t<meta property=\"og:image:width\" content=\"512\" \/>\n\t<meta property=\"og:image:height\" content=\"512\" \/>\n\t<meta property=\"og:image:type\" content=\"image\/png\" \/>\n<meta name=\"twitter:card\" content=\"summary_large_image\" \/>\n<meta name=\"twitter:label1\" content=\"Arvioitu lukuaika\" \/>\n\t<meta name=\"twitter:data1\" content=\"1 minuutti\" \/>\n<script type=\"application\/ld+json\" class=\"yoast-schema-graph\">{\"@context\":\"https:\\\/\\\/schema.org\",\"@graph\":[{\"@type\":\"WebPage\",\"@id\":\"https:\\\/\\\/dogfamily.shop\\\/fi\\\/tietoa-meista\\\/\",\"url\":\"https:\\\/\\\/dogfamily.shop\\\/fi\\\/tietoa-meista\\\/\",\"name\":\"Tietoa meist\u00e4 - Dog Family Shop\",\"isPartOf\":{\"@id\":\"https:\\\/\\\/dogfamily.shop\\\/fi\\\/#website\"},\"primaryImageOfPage\":{\"@id\":\"https:\\\/\\\/dogfamily.shop\\\/fi\\\/tietoa-meista\\\/#primaryimage\"},\"image\":{\"@id\":\"https:\\\/\\\/dogfamily.shop\\\/fi\\\/tietoa-meista\\\/#primaryimage\"},\"thumbnailUrl\":\"https:\\\/\\\/dogfamily.shop\\\/wp-content\\\/uploads\\\/2023\\\/05\\\/Logo-512-512-1.png\",\"datePublished\":\"2024-04-24T11:58:56+00:00\",\"dateModified\":\"2024-04-24T11:59:06+00:00\",\"description\":\"T\u00e4\u00e4lt\u00e4 l\u00f6yd\u00e4t kaiken, mit\u00e4 tarvitset hemmotellaksesi ja hemmotellaksesi rakkaita karvaisia yst\u00e4vi\u00e4si ja itse\u00e4si! Tarjoamme laajan valikoiman korkealaatuisia tuotteita!\",\"breadcrumb\":{\"@id\":\"https:\\\/\\\/dogfamily.shop\\\/fi\\\/tietoa-meista\\\/#breadcrumb\"},\"inLanguage\":\"fi\",\"potentialAction\":[{\"@type\":\"ReadAction\",\"target\":[\"https:\\\/\\\/dogfamily.shop\\\/fi\\\/tietoa-meista\\\/\"]}]},{\"@type\":\"ImageObject\",\"inLanguage\":\"fi\",\"@id\":\"https:\\\/\\\/dogfamily.shop\\\/fi\\\/tietoa-meista\\\/#primaryimage\",\"url\":\"https:\\\/\\\/dogfamily.shop\\\/wp-content\\\/uploads\\\/2023\\\/05\\\/Logo-512-512-1.png\",\"contentUrl\":\"https:\\\/\\\/dogfamily.shop\\\/wp-content\\\/uploads\\\/2023\\\/05\\\/Logo-512-512-1.png\",\"width\":512,\"height\":512},{\"@type\":\"BreadcrumbList\",\"@id\":\"https:\\\/\\\/dogfamily.shop\\\/fi\\\/tietoa-meista\\\/#breadcrumb\",\"itemListElement\":[{\"@type\":\"ListItem\",\"position\":1,\"name\":\"Home\",\"item\":\"https:\\\/\\\/dogfamily.shop\\\/fi\\\/\"},{\"@type\":\"ListItem\",\"position\":2,\"name\":\"Tietoa meist\u00e4\"}]},{\"@type\":\"WebSite\",\"@id\":\"https:\\\/\\\/dogfamily.shop\\\/fi\\\/#website\",\"url\":\"https:\\\/\\\/dogfamily.shop\\\/fi\\\/\",\"name\":\"Dog Family Shop\",\"description\":\"Everything for dog family, clothes, accessories, bed linen and more\",\"publisher\":{\"@id\":\"https:\\\/\\\/dogfamily.shop\\\/fi\\\/#organization\"},\"potentialAction\":[{\"@type\":\"SearchAction\",\"target\":{\"@type\":\"EntryPoint\",\"urlTemplate\":\"https:\\\/\\\/dogfamily.shop\\\/fi\\\/?s={search_term_string}\"},\"query-input\":{\"@type\":\"PropertyValueSpecification\",\"valueRequired\":true,\"valueName\":\"search_term_string\"}}],\"inLanguage\":\"fi\"},{\"@type\":\"Organization\",\"@id\":\"https:\\\/\\\/dogfamily.shop\\\/fi\\\/#organization\",\"name\":\"Dog Family Shop\",\"url\":\"https:\\\/\\\/dogfamily.shop\\\/fi\\\/\",\"logo\":{\"@type\":\"ImageObject\",\"inLanguage\":\"fi\",\"@id\":\"https:\\\/\\\/dogfamily.shop\\\/fi\\\/#\\\/schema\\\/logo\\\/image\\\/\",\"url\":\"\\\/wp-content\\\/uploads\\\/2023\\\/05\\\/Logo1.png\",\"contentUrl\":\"\\\/wp-content\\\/uploads\\\/2023\\\/05\\\/Logo1.png\",\"width\":800,\"height\":582,\"caption\":\"Dog Family Shop\"},\"image\":{\"@id\":\"https:\\\/\\\/dogfamily.shop\\\/fi\\\/#\\\/schema\\\/logo\\\/image\\\/\"}}]}<\/script>\n<!-- \/ Yoast SEO plugin. -->","yoast_head_json":{"title":"Tietoa meist\u00e4 - Dog Family Shop","description":"T\u00e4\u00e4lt\u00e4 l\u00f6yd\u00e4t kaiken, mit\u00e4 tarvitset hemmotellaksesi ja hemmotellaksesi rakkaita karvaisia yst\u00e4vi\u00e4si ja itse\u00e4si! Tarjoamme laajan valikoiman korkealaatuisia tuotteita!","robots":{"index":"index","follow":"follow","max-snippet":"max-snippet:-1","max-image-preview":"max-image-preview:large","max-video-preview":"max-video-preview:-1"},"canonical":"https:\/\/dogfamily.shop\/fi\/tietoa-meista\/","og_locale":"fi_FI","og_type":"article","og_title":"Tietoa meist\u00e4 - Dog Family Shop","og_description":"T\u00e4\u00e4lt\u00e4 l\u00f6yd\u00e4t kaiken, mit\u00e4 tarvitset hemmotellaksesi ja hemmotellaksesi rakkaita karvaisia yst\u00e4vi\u00e4si ja itse\u00e4si! Tarjoamme laajan valikoiman korkealaatuisia tuotteita!","og_url":"https:\/\/dogfamily.shop\/fi\/tietoa-meista\/","og_site_name":"Dog Family Shop","article_modified_time":"2024-04-24T11:59:06+00:00","og_image":[{"width":512,"height":512,"url":"https:\/\/dogfamily.shop\/wp-content\/uploads\/2023\/05\/Logo-512-512-1.png","type":"image\/png"}],"twitter_card":"summary_large_image","twitter_misc":{"Arvioitu lukuaika":"1 minuutti"},"schema":{"@context":"https:\/\/schema.org","@graph":[{"@type":"WebPage","@id":"https:\/\/dogfamily.shop\/fi\/tietoa-meista\/","url":"https:\/\/dogfamily.shop\/fi\/tietoa-meista\/","name":"Tietoa meist\u00e4 - Dog Family Shop","isPartOf":{"@id":"https:\/\/dogfamily.shop\/fi\/#website"},"primaryImageOfPage":{"@id":"https:\/\/dogfamily.shop\/fi\/tietoa-meista\/#primaryimage"},"image":{"@id":"https:\/\/dogfamily.shop\/fi\/tietoa-meista\/#primaryimage"},"thumbnailUrl":"https:\/\/dogfamily.shop\/wp-content\/uploads\/2023\/05\/Logo-512-512-1.png","datePublished":"2024-04-24T11:58:56+00:00","dateModified":"2024-04-24T11:59:06+00:00","description":"T\u00e4\u00e4lt\u00e4 l\u00f6yd\u00e4t kaiken, mit\u00e4 tarvitset hemmotellaksesi ja hemmotellaksesi rakkaita karvaisia yst\u00e4vi\u00e4si ja itse\u00e4si! Tarjoamme laajan valikoiman korkealaatuisia tuotteita!","breadcrumb":{"@id":"https:\/\/dogfamily.shop\/fi\/tietoa-meista\/#breadcrumb"},"inLanguage":"fi","potentialAction":[{"@type":"ReadAction","target":["https:\/\/dogfamily.shop\/fi\/tietoa-meista\/"]}]},{"@type":"ImageObject","inLanguage":"fi","@id":"https:\/\/dogfamily.shop\/fi\/tietoa-meista\/#primaryimage","url":"https:\/\/dogfamily.shop\/wp-content\/uploads\/2023\/05\/Logo-512-512-1.png","contentUrl":"https:\/\/dogfamily.shop\/wp-content\/uploads\/2023\/05\/Logo-512-512-1.png","width":512,"height":512},{"@type":"BreadcrumbList","@id":"https:\/\/dogfamily.shop\/fi\/tietoa-meista\/#breadcrumb","itemListElement":[{"@type":"ListItem","position":1,"name":"Home","item":"https:\/\/dogfamily.shop\/fi\/"},{"@type":"ListItem","position":2,"name":"Tietoa meist\u00e4"}]},{"@type":"WebSite","@id":"https:\/\/dogfamily.shop\/fi\/#website","url":"https:\/\/dogfamily.shop\/fi\/","name":"Dog Family Shop","description":"Everything for dog family, clothes, accessories, bed linen and more","publisher":{"@id":"https:\/\/dogfamily.shop\/fi\/#organization"},"potentialAction":[{"@type":"SearchAction","target":{"@type":"EntryPoint","urlTemplate":"https:\/\/dogfamily.shop\/fi\/?s={search_term_string}"},"query-input":{"@type":"PropertyValueSpecification","valueRequired":true,"valueName":"search_term_string"}}],"inLanguage":"fi"},{"@type":"Organization","@id":"https:\/\/dogfamily.shop\/fi\/#organization","name":"Dog Family Shop","url":"https:\/\/dogfamily.shop\/fi\/","logo":{"@type":"ImageObject","inLanguage":"fi","@id":"https:\/\/dogfamily.shop\/fi\/#\/schema\/logo\/image\/","url":"\/wp-content\/uploads\/2023\/05\/Logo1.png","contentUrl":"\/wp-content\/uploads\/2023\/05\/Logo1.png","width":800,"height":582,"caption":"Dog Family Shop"},"image":{"@id":"https:\/\/dogfamily.shop\/fi\/#\/schema\/logo\/image\/"}}]}},"jetpack_sharing_enabled":true,"_links":{"self":[{"href":"https:\/\/dogfamily.shop\/fi\/wp-json\/wp\/v2\/pages\/3797","targetHints":{"allow":["GET"]}}],"collection":[{"href":"https:\/\/dogfamily.shop\/fi\/wp-json\/wp\/v2\/pages"}],"about":[{"href":"https:\/\/dogfamily.shop\/fi\/wp-json\/wp\/v2\/types\/page"}],"author":[{"embeddable":true,"href":"https:\/\/dogfamily.shop\/fi\/wp-json\/wp\/v2\/users\/1"}],"replies":[{"embeddable":true,"href":"https:\/\/dogfamily.shop\/fi\/wp-json\/wp\/v2\/comments?post=3797"}],"version-history":[{"count":3,"href":"https:\/\/dogfamily.shop\/fi\/wp-json\/wp\/v2\/pages\/3797\/revisions"}],"predecessor-version":[{"id":3802,"href":"https:\/\/dogfamily.shop\/fi\/wp-json\/wp\/v2\/pages\/3797\/revisions\/3802"}],"wp:featuredmedia":[{"embeddable":true,"href":"https:\/\/dogfamily.shop\/fi\/wp-json\/wp\/v2\/media\/248"}],"wp:attachment":[{"href":"https:\/\/dogfamily.shop\/fi\/wp-json\/wp\/v2\/media?parent=3797"}],"curies":[{"name":"wp","href":"https:\/\/api.w.org\/{rel}","templated":true}]}}